{"id":5344,"date":"2025-12-04T17:49:50","date_gmt":"2025-12-04T09:49:50","guid":{"rendered":"https:\/\/www.yongjianceramic.com\/?post_type=product&#038;p=5344"},"modified":"2025-12-04T23:54:12","modified_gmt":"2025-12-04T15:54:12","slug":"ceramic-tableware-wholesale","status":"publish","type":"product","link":"https:\/\/www.yongjianceramic.com\/es\/producto\/ceramic-tableware-wholesale\/","title":{"rendered":"Venta al por mayor de vajillas de cer\u00e1mica r\u00fasticas, suministro de juegos de vajilla"},"content":{"rendered":"<div class=\"wp-block-columns is-layout-flex wp-container-core-columns-is-layout-9d6595d7 wp-block-columns-is-layout-flex\">\n<div class=\"wp-block-column is-layout-flow wp-block-column-is-layout-flow\">\n<h2 class=\"wp-block-heading\">Caracter\u00edsticas de la vajilla rural de cer\u00e1mica de primera calidad al por mayor:<\/h2>\n\n\n\n<ul class=\"wp-block-list\">\n<li><strong>Dise\u00f1o fresco y unificado: <\/strong>Esta vajilla rural de cer\u00e1mica al por mayor presenta un estilo fresco y buc\u00f3lico, con una base de color blanco cremoso y un delicado dise\u00f1o de flores amarillas y follaje verde. Todos los art\u00edculos comparten un mismo lenguaje de dise\u00f1o, lo que crea una armon\u00eda visual que realza sin esfuerzo el aspecto de su mesa.<\/li>\n\n\n\n<li><strong>Artesan\u00eda cer\u00e1mica de alta calidad:<\/strong> Nuestro juego de vajilla personalizado est\u00e1 fabricado con un material cer\u00e1mico duradero con una excelente dureza y resistencia al desgaste. El esmalte liso es f\u00e1cil de lavar, resistente a la decoloraci\u00f3n y no se mancha.<\/li>\n\n\n\n<li><strong>Varias formas y tama\u00f1os:<\/strong> Estos art\u00edculos de vajilla de cer\u00e1mica rural al por mayor incluyen una variedad de formas, desde platos de 10 cm hasta cuencos de 24 cm, como cuencos para sopa, cuencos para arroz, platos hondos y cuencos con dos asas. La gama completa de tama\u00f1os satisface diversas necesidades para las comidas familiares diarias, sopas y para servir platos principales y guisos.<\/li>\n\n\n\n<li><strong>Adecuado para electrodom\u00e9sticos de cocina:<\/strong> Todos los art\u00edculos de nuestro juego de vajilla personalizado son aptos para su uso en el horno, la vaporera, el microondas, el esterilizador y la freidora sin aceite. Esto es muy importante para las cocinas profesionales, como las de restaurantes, hoteles, panader\u00edas, etc., ya que simplifica el trabajo en la cocina.<\/li>\n\n\n\n<li><strong>Ideal para venta al por mayor y personalizaci\u00f3n:<\/strong> Esta amplia gama de productos cer\u00e1micos r\u00fasticos para mesa al por mayor es ideal para distribuidores, supermercados, marcas de muebles para el hogar y proveedores del sector hotelero. Se ofrece suministro a gran volumen, con un control de calidad constante y una capacidad de producci\u00f3n fiable.<\/li>\n<\/ul>\n<\/div>\n\n\n\n<div class=\"wp-block-column is-layout-flow wp-block-column-is-layout-flow\">\n<figure class=\"wp-block-image size-full\"><img fetchpriority=\"high\" decoding=\"async\" width=\"800\" height=\"800\" src=\"https:\/\/www.yongjianceramic.com\/wp-content\/uploads\/2025\/12\/rural-ceramic-tableware-wholesale-dinnerware-sets-supply-9.webp\" alt=\"vajillas-de-cer\u00e1mica-rural-al por mayor-juegos-de-vajilla-suministro-9\" class=\"wp-image-5354\" srcset=\"https:\/\/www.yongjianceramic.com\/wp-content\/uploads\/2025\/12\/rural-ceramic-tableware-wholesale-dinnerware-sets-supply-9.webp 800w, https:\/\/www.yongjianceramic.com\/wp-content\/uploads\/2025\/12\/rural-ceramic-tableware-wholesale-dinnerware-sets-supply-9-300x300.webp 300w, https:\/\/www.yongjianceramic.com\/wp-content\/uploads\/2025\/12\/rural-ceramic-tableware-wholesale-dinnerware-sets-supply-9-150x150.webp 150w, https:\/\/www.yongjianceramic.com\/wp-content\/uploads\/2025\/12\/rural-ceramic-tableware-wholesale-dinnerware-sets-supply-9-768x768.webp 768w, https:\/\/www.yongjianceramic.com\/wp-content\/uploads\/2025\/12\/rural-ceramic-tableware-wholesale-dinnerware-sets-supply-9-12x12.webp 12w, https:\/\/www.yongjianceramic.com\/wp-content\/uploads\/2025\/12\/rural-ceramic-tableware-wholesale-dinnerware-sets-supply-9-285x285.webp 285w, https:\/\/www.yongjianceramic.com\/wp-content\/uploads\/2025\/12\/rural-ceramic-tableware-wholesale-dinnerware-sets-supply-9-270x270.webp 270w, https:\/\/www.yongjianceramic.com\/wp-content\/uploads\/2025\/12\/rural-ceramic-tableware-wholesale-dinnerware-sets-supply-9-540x540.webp 540w, https:\/\/www.yongjianceramic.com\/wp-content\/uploads\/2025\/12\/rural-ceramic-tableware-wholesale-dinnerware-sets-supply-9-660x660.webp 660w\" sizes=\"(max-width: 800px) 100vw, 800px\" \/><\/figure>\n<\/div>\n<\/div>\n\n\n\n<p><\/p>","protected":false},"excerpt":{"rendered":"<p>Bienvenido a comprar nuestra vajilla r\u00fastica de cer\u00e1mica al por mayor. Ofrecemos una selecci\u00f3n completa de formas y tama\u00f1os, desde platos de 10 cm hasta cuencos de 24 cm, incluyendo cuencos para sopa, cuencos para arroz, platos hondos y cuencos con dos asas. Esta colecci\u00f3n de vajilla es ideal para mayoristas, minoristas y proyectos hoteleros, ya que ofrece una soluci\u00f3n de vajilla a juego y de alta calidad para uso dom\u00e9stico y comercial.<\/p>\n<table width=\"309\">\n<tbody>\n<tr>\n<td width=\"120\">Fabricante<\/td>\n<td width=\"189\">Yongjian<\/td>\n<\/tr>\n<tr>\n<td>N\u00ba de modelo<\/td>\n<td width=\"189\">YJ-204<\/td>\n<\/tr>\n<tr>\n<td width=\"120\">Tipo de vajilla<\/td>\n<td width=\"189\">Bandejas, Platos, Cuencos<\/td>\n<\/tr>\n<tr>\n<td>T\u00e9cnica<\/td>\n<td>Esmaltes de colores,  Apliques<\/td>\n<\/tr>\n<tr>\n<td>Material<\/td>\n<td>Gres<\/td>\n<\/tr>\n<tr>\n<td>Aplicable<\/td>\n<td width=\"189\">Esterilizador, Lavavajillas, Horno, Microondas<\/td>\n<\/tr>\n<tr>\n<td>Dimensi\u00f3n<\/td>\n<td>Como imagen<\/td>\n<\/tr>\n<tr>\n<td>MOQ<\/td>\n<td>500 unidades<\/td>\n<\/tr>\n<tr>\n<td>A medida<\/td>\n<td>Color\/Tama\u00f1o\/Logotipo\/Embalaje<\/td>\n<\/tr>\n<\/tbody>\n<\/table>","protected":false},"featured_media":5346,"comment_status":"closed","ping_status":"closed","template":"","meta":{"_acf_changed":false},"product_brand":[],"product_cat":[64,82,85],"product_tag":[81,86],"class_list":{"0":"post-5344","1":"product","2":"type-product","3":"status-publish","4":"has-post-thumbnail","6":"product_cat-dinnerware-sets","7":"product_cat-bulk-dinnerware-sets","8":"product_cat-wholesale-dinnerware-sets","9":"product_tag-modern-design-dinnerware-set-wholesale","10":"product_tag-oriental-style-dinnerware-wholesale","12":"first","13":"instock","14":"shipping-taxable","15":"product-type-simple"},"acf":[],"_links":{"self":[{"href":"https:\/\/www.yongjianceramic.com\/es\/wp-json\/wp\/v2\/product\/5344","targetHints":{"allow":["GET"]}}],"collection":[{"href":"https:\/\/www.yongjianceramic.com\/es\/wp-json\/wp\/v2\/product"}],"about":[{"href":"https:\/\/www.yongjianceramic.com\/es\/wp-json\/wp\/v2\/types\/product"}],"replies":[{"embeddable":true,"href":"https:\/\/www.yongjianceramic.com\/es\/wp-json\/wp\/v2\/comments?post=5344"}],"wp:featuredmedia":[{"embeddable":true,"href":"https:\/\/www.yongjianceramic.com\/es\/wp-json\/wp\/v2\/media\/5346"}],"wp:attachment":[{"href":"https:\/\/www.yongjianceramic.com\/es\/wp-json\/wp\/v2\/media?parent=5344"}],"wp:term":[{"taxonomy":"product_brand","embeddable":true,"href":"https:\/\/www.yongjianceramic.com\/es\/wp-json\/wp\/v2\/product_brand?post=5344"},{"taxonomy":"product_cat","embeddable":true,"href":"https:\/\/www.yongjianceramic.com\/es\/wp-json\/wp\/v2\/product_cat?post=5344"},{"taxonomy":"product_tag","embeddable":true,"href":"https:\/\/www.yongjianceramic.com\/es\/wp-json\/wp\/v2\/product_tag?post=5344"}],"curies":[{"name":"wp","href":"https:\/\/api.w.org\/{rel}","templated":true}]}}