{"id":5357,"date":"2025-12-05T00:13:44","date_gmt":"2025-12-04T16:13:44","guid":{"rendered":"https:\/\/www.yongjianceramic.com\/?post_type=product&#038;p=5357"},"modified":"2025-12-05T09:09:09","modified_gmt":"2025-12-05T01:09:09","slug":"custom-porcelain-dinnerware","status":"publish","type":"product","link":"https:\/\/www.yongjianceramic.com\/es\/producto\/custom-porcelain-dinnerware\/","title":{"rendered":"Vajillas de porcelana personalizadas, suministros de vajillas para catering"},"content":{"rendered":"<div class=\"wp-block-columns is-layout-flex wp-container-core-columns-is-layout-9d6595d7 wp-block-columns-is-layout-flex\">\n<div class=\"wp-block-column is-layout-flow wp-block-column-is-layout-flow\">\n<h2 class=\"wp-block-heading\">Caracter\u00edsticas de la vajilla de porcelana personalizada de primera calidad:<\/h2>\n\n\n\n<ul class=\"wp-block-list\">\n<li><strong>Material de porcelana de alta calidad: <\/strong>Esta vajilla de porcelana personalizada est\u00e1 fabricada con arcilla de porcelana de alta calidad, lo que le confiere una textura fina y una gran durabilidad. Es resistente al calor y a los ara\u00f1azos, y apta para uso en hoteles.<\/li>\n\n\n\n<li><strong>Dise\u00f1o floral colorido:<\/strong> Este juego de vajilla de porcelana personalizado adopta el mismo dise\u00f1o floral en rojo, amarillo y azul (colorido) que a\u00f1ade un toque tradicional vibrante y aporta belleza cl\u00e1sica a la vida moderna. Ideal para banquetes de hotel, restaurantes chinos, platos tem\u00e1ticos y reuniones en casa.<\/li>\n\n\n\n<li><strong>Gran variedad y tama\u00f1os completos:<\/strong> Nuestra vajilla para catering ofrece m\u00e1s de diez formas diferentes, incluyendo cuencos de sopa con dos asas, platos hondos con borde curvado, platos para pescado, platos octogonales, platos cuadrados y mucho m\u00e1s, en m\u00faltiples tama\u00f1os, desde 4 a 14 pulgadas, satisfaciendo la demanda de platos chinos y occidentales, sopas, alimentos b\u00e1sicos y postres para diferentes situaciones de catering.<\/li>\n\n\n\n<li><strong>Artesan\u00eda exquisita y dise\u00f1o pr\u00e1ctico:<\/strong> Nuestros art\u00edculos de vajilla para catering est\u00e1n dise\u00f1ados con detalles cuidadosamente pensados, como bordes curvos ondulados, asas dobles y un patr\u00f3n de borde similar a la piedra, que no solo les dan un aspecto agradable, sino que tambi\u00e9n los hacen m\u00e1s f\u00e1ciles de usar y m\u00e1s estables al sujetarlos. Cada pieza de la vajilla est\u00e1 finamente pintada a mano con delicados bordes azules, lo que hace que toda la vajilla sea m\u00e1s elegante y tenga m\u00e1s textura.<\/li>\n<\/ul>\n<\/div>\n\n\n\n<div class=\"wp-block-column is-layout-flow wp-block-column-is-layout-flow\">\n<figure class=\"wp-block-image size-full\"><img fetchpriority=\"high\" decoding=\"async\" width=\"800\" height=\"800\" src=\"https:\/\/www.yongjianceramic.com\/wp-content\/uploads\/2025\/12\/custom-porcelain-dinnerware-catering-tableware-supplies-5.webp\" alt=\"vajilla-de-porcelana-personalizada-catering-menaje-de-mesa-suministros-5\" class=\"wp-image-5362\" srcset=\"https:\/\/www.yongjianceramic.com\/wp-content\/uploads\/2025\/12\/custom-porcelain-dinnerware-catering-tableware-supplies-5.webp 800w, https:\/\/www.yongjianceramic.com\/wp-content\/uploads\/2025\/12\/custom-porcelain-dinnerware-catering-tableware-supplies-5-300x300.webp 300w, https:\/\/www.yongjianceramic.com\/wp-content\/uploads\/2025\/12\/custom-porcelain-dinnerware-catering-tableware-supplies-5-150x150.webp 150w, https:\/\/www.yongjianceramic.com\/wp-content\/uploads\/2025\/12\/custom-porcelain-dinnerware-catering-tableware-supplies-5-768x768.webp 768w, https:\/\/www.yongjianceramic.com\/wp-content\/uploads\/2025\/12\/custom-porcelain-dinnerware-catering-tableware-supplies-5-12x12.webp 12w, https:\/\/www.yongjianceramic.com\/wp-content\/uploads\/2025\/12\/custom-porcelain-dinnerware-catering-tableware-supplies-5-285x285.webp 285w, https:\/\/www.yongjianceramic.com\/wp-content\/uploads\/2025\/12\/custom-porcelain-dinnerware-catering-tableware-supplies-5-270x270.webp 270w, https:\/\/www.yongjianceramic.com\/wp-content\/uploads\/2025\/12\/custom-porcelain-dinnerware-catering-tableware-supplies-5-540x540.webp 540w, https:\/\/www.yongjianceramic.com\/wp-content\/uploads\/2025\/12\/custom-porcelain-dinnerware-catering-tableware-supplies-5-660x660.webp 660w\" sizes=\"(max-width: 800px) 100vw, 800px\" \/><\/figure>\n<\/div>\n<\/div>\n\n\n\n<p><\/p>","protected":false},"excerpt":{"rendered":"<p>Bienvenido a comprar nuestra vajilla de porcelana personalizada, con dise\u00f1os vibrantes, refinados y de inspiraci\u00f3n oriental, con un patr\u00f3n floral unificado y bordes azules. Ofrecemos una amplia selecci\u00f3n de cuencos, platos y fuentes, adecuados para diversos usos en hoteles, restaurantes y la cadena de suministro de servicios alimentarios. Ideal para la venta al por mayor profesional y la personalizaci\u00f3n de marcas de vajillas.<\/p>\n<table width=\"309\">\n<tbody>\n<tr>\n<td width=\"120\">Fabricante<\/td>\n<td width=\"189\">Yongjian<\/td>\n<\/tr>\n<tr>\n<td>N\u00ba de modelo<\/td>\n<td width=\"189\">YJ-214<\/td>\n<\/tr>\n<tr>\n<td width=\"120\">Tipo de vajilla<\/td>\n<td width=\"189\">Bandejas, Platos, Cuencos<\/td>\n<\/tr>\n<tr>\n<td>T\u00e9cnica<\/td>\n<td>Esmaltes de colores,  Apliques<\/td>\n<\/tr>\n<tr>\n<td>Material<\/td>\n<td>Porcelana<\/td>\n<\/tr>\n<tr>\n<td>Aplicable<\/td>\n<td width=\"189\">Esterilizador, Lavavajillas, Horno, Microondas<\/td>\n<\/tr>\n<tr>\n<td>Dimensi\u00f3n<\/td>\n<td>Como imagen<\/td>\n<\/tr>\n<tr>\n<td>MOQ<\/td>\n<td>500 unidades<\/td>\n<\/tr>\n<tr>\n<td>A medida<\/td>\n<td>Color\/Tama\u00f1o\/Logotipo\/Embalaje<\/td>\n<\/tr>\n<\/tbody>\n<\/table>","protected":false},"featured_media":5358,"comment_status":"closed","ping_status":"closed","template":"","meta":{"_acf_changed":false},"product_brand":[],"product_cat":[64,85],"product_tag":[86],"class_list":{"0":"post-5357","1":"product","2":"type-product","3":"status-publish","4":"has-post-thumbnail","6":"product_cat-dinnerware-sets","7":"product_cat-wholesale-dinnerware-sets","8":"product_tag-oriental-style-dinnerware-wholesale","10":"first","11":"instock","12":"shipping-taxable","13":"product-type-simple"},"acf":[],"_links":{"self":[{"href":"https:\/\/www.yongjianceramic.com\/es\/wp-json\/wp\/v2\/product\/5357","targetHints":{"allow":["GET"]}}],"collection":[{"href":"https:\/\/www.yongjianceramic.com\/es\/wp-json\/wp\/v2\/product"}],"about":[{"href":"https:\/\/www.yongjianceramic.com\/es\/wp-json\/wp\/v2\/types\/product"}],"replies":[{"embeddable":true,"href":"https:\/\/www.yongjianceramic.com\/es\/wp-json\/wp\/v2\/comments?post=5357"}],"wp:featuredmedia":[{"embeddable":true,"href":"https:\/\/www.yongjianceramic.com\/es\/wp-json\/wp\/v2\/media\/5358"}],"wp:attachment":[{"href":"https:\/\/www.yongjianceramic.com\/es\/wp-json\/wp\/v2\/media?parent=5357"}],"wp:term":[{"taxonomy":"product_brand","embeddable":true,"href":"https:\/\/www.yongjianceramic.com\/es\/wp-json\/wp\/v2\/product_brand?post=5357"},{"taxonomy":"product_cat","embeddable":true,"href":"https:\/\/www.yongjianceramic.com\/es\/wp-json\/wp\/v2\/product_cat?post=5357"},{"taxonomy":"product_tag","embeddable":true,"href":"https:\/\/www.yongjianceramic.com\/es\/wp-json\/wp\/v2\/product_tag?post=5357"}],"curies":[{"name":"wp","href":"https:\/\/api.w.org\/{rel}","templated":true}]}}