{"id":5488,"date":"2026-04-21T17:15:05","date_gmt":"2026-04-21T08:01:06","guid":{"rendered":"https:\/\/www.yongjianceramic.com\/?post_type=product&#038;p=5488"},"modified":"2026-04-21T19:51:14","modified_gmt":"2026-04-21T11:51:14","slug":"custom-baking-pans","status":"publish","type":"product","link":"https:\/\/www.yongjianceramic.com\/es\/producto\/custom-baking-pans\/","title":{"rendered":"Bandejas de cer\u00e1mica para hornear, Juego de bandejas de cer\u00e1mica para hornear al por mayor"},"content":{"rendered":"<div class=\"wp-block-columns is-layout-flex wp-container-core-columns-is-layout-9d6595d7 wp-block-columns-is-layout-flex\">\n<div class=\"wp-block-column is-layout-flow wp-block-column-is-layout-flow\">\n<h2 class=\"wp-block-heading\">Premium Custom Baking Pans Caracter\u00edsticas:<\/h2>\n\n\n\n<ul class=\"wp-block-list\">\n<li><strong>Juego vers\u00e1til de 3 piezas para hornear:<\/strong> Nuestros moldes para hornear personalizados incluyen un molde para pan, un molde para hornear de 8\u00d78 y una cazuela de gran tama\u00f1o de 13\u00d79, perfectos para hornear pan, brownies, lasa\u00f1a y mucho m\u00e1s. Ideales tanto para uso dom\u00e9stico como comercial.<\/li>\n\n\n\n<li><strong>Material cer\u00e1mico de primera calidad apto para el horno:<\/strong> Nuestros moldes para hornear personalizados est\u00e1n hechos de cer\u00e1mica de alta cocci\u00f3n. Este juego de fuentes de cer\u00e1mica para hornear al por mayor ofrece una excelente retenci\u00f3n del calor y unos resultados de horneado uniformes. Apto para horno, microondas y lavavajillas.<\/li>\n\n\n\n<li><strong>Soluciones OEM y ODM personalizadas: <\/strong>Este juego de fuentes de cer\u00e1mica para hornear al por mayor admite personalizaci\u00f3n completa, incluido el tama\u00f1o, el color, el esmalte (mate\/reactivo), el logotipo y el embalaje. Perfecto para marcas, mayoristas y vendedores de marca blanca.<\/li>\n\n\n\n<li><strong>Acabado duradero y resistente a las astillas:<\/strong> Nuestro molde para hornear personalizado tiene una superficie esmaltada lisa que resiste ara\u00f1azos y manchas, lo que lo hace lo suficientemente resistente para un uso frecuente sin decolorarse y le proporciona un molde para hornear con un aspecto de primera calidad durante mucho tiempo.<\/li>\n\n\n\n<li><strong>Suministro directo de f\u00e1brica al por mayor:<\/strong> Como fabricante profesional de utensilios de cer\u00e1mica para hornear, Yongjian le proporcionar\u00e1 el mejor precio, una buena capacidad de producci\u00f3n y un env\u00edo global fiable para su pedido al por mayor.<\/li>\n<\/ul>\n<\/div>\n\n\n\n<div class=\"wp-block-column is-layout-flow wp-block-column-is-layout-flow\">\n<figure class=\"wp-block-image size-full\"><img fetchpriority=\"high\" decoding=\"async\" width=\"1250\" height=\"1500\" src=\"https:\/\/www.yongjianceramic.com\/wp-content\/uploads\/2026\/04\/custom-baking-pans-wholesale-ceramic-baking-dish-set-5.webp\" alt=\"juegos de bandejas de cer\u00e1mica para hornear al por mayor - custom-baking-pans-5\" class=\"wp-image-5493\" srcset=\"https:\/\/www.yongjianceramic.com\/wp-content\/uploads\/2026\/04\/custom-baking-pans-wholesale-ceramic-baking-dish-set-5.webp 1250w, https:\/\/www.yongjianceramic.com\/wp-content\/uploads\/2026\/04\/custom-baking-pans-wholesale-ceramic-baking-dish-set-5-250x300.webp 250w, https:\/\/www.yongjianceramic.com\/wp-content\/uploads\/2026\/04\/custom-baking-pans-wholesale-ceramic-baking-dish-set-5-768x922.webp 768w, https:\/\/www.yongjianceramic.com\/wp-content\/uploads\/2026\/04\/custom-baking-pans-wholesale-ceramic-baking-dish-set-5-10x12.webp 10w, https:\/\/www.yongjianceramic.com\/wp-content\/uploads\/2026\/04\/custom-baking-pans-wholesale-ceramic-baking-dish-set-5-285x342.webp 285w, https:\/\/www.yongjianceramic.com\/wp-content\/uploads\/2026\/04\/custom-baking-pans-wholesale-ceramic-baking-dish-set-5-550x660.webp 550w, https:\/\/www.yongjianceramic.com\/wp-content\/uploads\/2026\/04\/custom-baking-pans-wholesale-ceramic-baking-dish-set-5-125x150.webp 125w\" sizes=\"(max-width: 1250px) 100vw, 1250px\" \/><\/figure>\n<\/div>\n<\/div>\n\n\n\n<div class=\"wp-block-columns is-layout-flex wp-container-core-columns-is-layout-9d6595d7 wp-block-columns-is-layout-flex\">\n<div class=\"wp-block-column is-layout-flow wp-block-column-is-layout-flow\">\n<figure class=\"wp-block-image size-full is-style-default\"><img decoding=\"async\" width=\"800\" height=\"800\" src=\"https:\/\/www.yongjianceramic.com\/wp-content\/uploads\/2026\/04\/custom-baking-pans-wholesale-ceramic-baking-dish-set-1.webp\" alt=\"juego de bandejas de cer\u00e1mica para hornear al por mayor - custom-baking-pans-1\" class=\"wp-image-5489\" style=\"object-fit:cover\" srcset=\"https:\/\/www.yongjianceramic.com\/wp-content\/uploads\/2026\/04\/custom-baking-pans-wholesale-ceramic-baking-dish-set-1.webp 800w, https:\/\/www.yongjianceramic.com\/wp-content\/uploads\/2026\/04\/custom-baking-pans-wholesale-ceramic-baking-dish-set-1-300x300.webp 300w, https:\/\/www.yongjianceramic.com\/wp-content\/uploads\/2026\/04\/custom-baking-pans-wholesale-ceramic-baking-dish-set-1-150x150.webp 150w, https:\/\/www.yongjianceramic.com\/wp-content\/uploads\/2026\/04\/custom-baking-pans-wholesale-ceramic-baking-dish-set-1-768x768.webp 768w, https:\/\/www.yongjianceramic.com\/wp-content\/uploads\/2026\/04\/custom-baking-pans-wholesale-ceramic-baking-dish-set-1-12x12.webp 12w, https:\/\/www.yongjianceramic.com\/wp-content\/uploads\/2026\/04\/custom-baking-pans-wholesale-ceramic-baking-dish-set-1-285x285.webp 285w, https:\/\/www.yongjianceramic.com\/wp-content\/uploads\/2026\/04\/custom-baking-pans-wholesale-ceramic-baking-dish-set-1-270x270.webp 270w, https:\/\/www.yongjianceramic.com\/wp-content\/uploads\/2026\/04\/custom-baking-pans-wholesale-ceramic-baking-dish-set-1-540x540.webp 540w, https:\/\/www.yongjianceramic.com\/wp-content\/uploads\/2026\/04\/custom-baking-pans-wholesale-ceramic-baking-dish-set-1-660x660.webp 660w\" sizes=\"(max-width: 800px) 100vw, 800px\" \/><\/figure>\n<\/div>\n\n\n\n<div class=\"wp-block-column is-layout-flow wp-block-column-is-layout-flow\">\n<figure class=\"wp-block-image size-full is-style-default\"><img decoding=\"async\" width=\"800\" height=\"800\" src=\"https:\/\/www.yongjianceramic.com\/wp-content\/uploads\/2026\/04\/custom-baking-pans-wholesale-ceramic-baking-dish-set-2.webp\" alt=\"juegos de bandejas de cer\u00e1mica para hornear al por mayor - custom-baking-pans-2\" class=\"wp-image-5490\" srcset=\"https:\/\/www.yongjianceramic.com\/wp-content\/uploads\/2026\/04\/custom-baking-pans-wholesale-ceramic-baking-dish-set-2.webp 800w, https:\/\/www.yongjianceramic.com\/wp-content\/uploads\/2026\/04\/custom-baking-pans-wholesale-ceramic-baking-dish-set-2-300x300.webp 300w, https:\/\/www.yongjianceramic.com\/wp-content\/uploads\/2026\/04\/custom-baking-pans-wholesale-ceramic-baking-dish-set-2-150x150.webp 150w, https:\/\/www.yongjianceramic.com\/wp-content\/uploads\/2026\/04\/custom-baking-pans-wholesale-ceramic-baking-dish-set-2-768x768.webp 768w, https:\/\/www.yongjianceramic.com\/wp-content\/uploads\/2026\/04\/custom-baking-pans-wholesale-ceramic-baking-dish-set-2-12x12.webp 12w, https:\/\/www.yongjianceramic.com\/wp-content\/uploads\/2026\/04\/custom-baking-pans-wholesale-ceramic-baking-dish-set-2-285x285.webp 285w, https:\/\/www.yongjianceramic.com\/wp-content\/uploads\/2026\/04\/custom-baking-pans-wholesale-ceramic-baking-dish-set-2-270x270.webp 270w, https:\/\/www.yongjianceramic.com\/wp-content\/uploads\/2026\/04\/custom-baking-pans-wholesale-ceramic-baking-dish-set-2-540x540.webp 540w, https:\/\/www.yongjianceramic.com\/wp-content\/uploads\/2026\/04\/custom-baking-pans-wholesale-ceramic-baking-dish-set-2-660x660.webp 660w\" sizes=\"(max-width: 800px) 100vw, 800px\" \/><\/figure>\n<\/div>\n\n\n\n<div class=\"wp-block-column is-layout-flow wp-block-column-is-layout-flow\">\n<figure class=\"wp-block-image size-full is-style-default\"><img loading=\"lazy\" decoding=\"async\" width=\"800\" height=\"800\" src=\"https:\/\/www.yongjianceramic.com\/wp-content\/uploads\/2026\/04\/custom-baking-pans-wholesale-ceramic-baking-dish-set-9.webp\" alt=\"bandejas de cer\u00e1mica para hornear al por mayor-set-9\" class=\"wp-image-5497\" srcset=\"https:\/\/www.yongjianceramic.com\/wp-content\/uploads\/2026\/04\/custom-baking-pans-wholesale-ceramic-baking-dish-set-9.webp 800w, https:\/\/www.yongjianceramic.com\/wp-content\/uploads\/2026\/04\/custom-baking-pans-wholesale-ceramic-baking-dish-set-9-300x300.webp 300w, https:\/\/www.yongjianceramic.com\/wp-content\/uploads\/2026\/04\/custom-baking-pans-wholesale-ceramic-baking-dish-set-9-150x150.webp 150w, https:\/\/www.yongjianceramic.com\/wp-content\/uploads\/2026\/04\/custom-baking-pans-wholesale-ceramic-baking-dish-set-9-768x768.webp 768w, https:\/\/www.yongjianceramic.com\/wp-content\/uploads\/2026\/04\/custom-baking-pans-wholesale-ceramic-baking-dish-set-9-12x12.webp 12w, https:\/\/www.yongjianceramic.com\/wp-content\/uploads\/2026\/04\/custom-baking-pans-wholesale-ceramic-baking-dish-set-9-285x285.webp 285w, https:\/\/www.yongjianceramic.com\/wp-content\/uploads\/2026\/04\/custom-baking-pans-wholesale-ceramic-baking-dish-set-9-270x270.webp 270w, https:\/\/www.yongjianceramic.com\/wp-content\/uploads\/2026\/04\/custom-baking-pans-wholesale-ceramic-baking-dish-set-9-540x540.webp 540w, https:\/\/www.yongjianceramic.com\/wp-content\/uploads\/2026\/04\/custom-baking-pans-wholesale-ceramic-baking-dish-set-9-660x660.webp 660w\" sizes=\"(max-width: 800px) 100vw, 800px\" \/><\/figure>\n<\/div>\n<\/div>","protected":false},"excerpt":{"rendered":"<p>Le invitamos a adquirir nuestros moldes personalizados, fabricados con cer\u00e1mica de primera calidad apta para el horno. Cada pieza tiene una magn\u00edfica retenci\u00f3n del calor y durabilidad para un uso a largo plazo. Son aptas para horno, microondas y lavavajillas para uso dom\u00e9stico y comercial. Como fabricante de confianza, ofrecemos soluciones personalizadas OEM\/ODM para mayoristas, marcas de utensilios de cocina y vendedores de comercio electr\u00f3nico que desean crear su propia l\u00ednea de utensilios de cer\u00e1mica para hornear con el mejor precio y entrega.<\/p>\n<table border=\"0\" width=\"309\" cellspacing=\"0\" cellpadding=\"0\">\n<tbody>\n<tr>\n<td width=\"120\" height=\"17\">Fabricante<\/td>\n<td width=\"189\">Yongjian<\/td>\n<\/tr>\n<tr>\n<td height=\"18\">N\u00ba de modelo<\/td>\n<td width=\"189\">YJ1, YJ2, YJ3<\/td>\n<\/tr>\n<tr>\n<td height=\"17\">Tipo de producto<\/td>\n<td>Molde para hornear<\/td>\n<\/tr>\n<tr>\n<td height=\"17\">Material<\/td>\n<td>Porcelana<\/td>\n<\/tr>\n<tr>\n<td height=\"17\">Forma<\/td>\n<td>Rectangular<\/td>\n<\/tr>\n<tr>\n<td height=\"17\">Color<\/td>\n<td>Negro, blanco, verde, colores personalizados disponibles<\/td>\n<\/tr>\n<tr>\n<td height=\"53\">Dimensi\u00f3n<\/td>\n<td width=\"189\">19,8*12,4*6,1 cm<br \/>19,8*20,3*6,1 cm<br \/>36,6*26,7*7,1 cm<\/td>\n<\/tr>\n<tr>\n<td height=\"17\">MOQ<\/td>\n<td>500 unidades<\/td>\n<\/tr>\n<tr>\n<td height=\"17\">A medida<\/td>\n<td>Color\/Tama\u00f1o\/Logotipo\/Embalaje<\/td>\n<\/tr>\n<\/tbody>\n<\/table>","protected":false},"featured_media":5492,"comment_status":"closed","ping_status":"closed","template":"","meta":{"_acf_changed":false},"product_brand":[],"product_cat":[62,99],"product_tag":[81],"class_list":{"0":"post-5488","1":"product","2":"type-product","3":"status-publish","4":"has-post-thumbnail","6":"product_cat-ceramic-plates-wholesale","7":"product_cat-baking-dishes-wholesale","8":"product_tag-modern-design-dinnerware-set-wholesale","10":"first","11":"instock","12":"shipping-taxable","13":"product-type-simple"},"acf":[],"_links":{"self":[{"href":"https:\/\/www.yongjianceramic.com\/es\/wp-json\/wp\/v2\/product\/5488","targetHints":{"allow":["GET"]}}],"collection":[{"href":"https:\/\/www.yongjianceramic.com\/es\/wp-json\/wp\/v2\/product"}],"about":[{"href":"https:\/\/www.yongjianceramic.com\/es\/wp-json\/wp\/v2\/types\/product"}],"replies":[{"embeddable":true,"href":"https:\/\/www.yongjianceramic.com\/es\/wp-json\/wp\/v2\/comments?post=5488"}],"wp:featuredmedia":[{"embeddable":true,"href":"https:\/\/www.yongjianceramic.com\/es\/wp-json\/wp\/v2\/media\/5492"}],"wp:attachment":[{"href":"https:\/\/www.yongjianceramic.com\/es\/wp-json\/wp\/v2\/media?parent=5488"}],"wp:term":[{"taxonomy":"product_brand","embeddable":true,"href":"https:\/\/www.yongjianceramic.com\/es\/wp-json\/wp\/v2\/product_brand?post=5488"},{"taxonomy":"product_cat","embeddable":true,"href":"https:\/\/www.yongjianceramic.com\/es\/wp-json\/wp\/v2\/product_cat?post=5488"},{"taxonomy":"product_tag","embeddable":true,"href":"https:\/\/www.yongjianceramic.com\/es\/wp-json\/wp\/v2\/product_tag?post=5488"}],"curies":[{"name":"wp","href":"https:\/\/api.w.org\/{rel}","templated":true}]}}