{"id":5501,"date":"2026-04-21T18:13:00","date_gmt":"2026-04-21T09:27:20","guid":{"rendered":"https:\/\/www.yongjianceramic.com\/?post_type=product&#038;p=5501"},"modified":"2026-04-21T18:14:02","modified_gmt":"2026-04-21T10:14:02","slug":"ceramic-ramekins-wholesale","status":"publish","type":"product","link":"https:\/\/www.yongjianceramic.com\/es\/producto\/ceramic-ramekins-wholesale\/","title":{"rendered":"Ramequines de Cer\u00e1mica de 3.6 pulgadas al por mayor, Tazas para Souffl\u00e9 para Horno Suministro"},"content":{"rendered":"<div class=\"wp-block-columns is-layout-flex wp-container-core-columns-is-layout-9d6595d7 wp-block-columns-is-layout-flex\">\n<div class=\"wp-block-column is-layout-flow wp-block-column-is-layout-flow\">\n<h2 class=\"wp-block-heading\">Premium Ramekins de cer\u00e1mica al por mayor Caracter\u00edsticas:<\/h2>\n\n\n\n<ul class=\"wp-block-list\">\n<li><strong>Dise\u00f1o mate artesanal: <\/strong>Estos ramequines de cer\u00e1mica al por mayor presentan un exclusivo esmalte blanco roto mate con motas negras naturales y un c\u00e1lido borde en tono arcilla que aporta una est\u00e9tica artesanal. Perfectas para l\u00edneas de vajilla n\u00f3rdicas, modernas y r\u00fasticas.<\/li>\n\n\n\n<li><strong>Cer\u00e1mica apta para horno:<\/strong> Fabricados en cer\u00e1mica de alta cocci\u00f3n, estos moldes de cer\u00e1mica resisten al por mayor cambios extremos de temperatura. Aptos para hornear, calentar en microondas y guardar en el congelador, ideales para souffl\u00e9s, postres y guarniciones.<\/li>\n\n\n\n<li><strong>Dise\u00f1o apilable:<\/strong> Nuestras tazas para souffl\u00e9 al por mayor est\u00e1n dise\u00f1adas con una base lisa y estable para facilitar el apilamiento. Ayuda a restaurantes, empresas de catering y mayoristas a ahorrar espacio de almacenamiento mientras gestionan grandes inventarios de forma eficiente.<\/li>\n\n\n\n<li><strong>Sin plomo y con seguridad alimentaria para los mercados mundiales:<\/strong> Estos ramequines de cer\u00e1mica 100% al por mayor no contienen plomo ni cadmio, y cumplen las normas internacionales de seguridad alimentaria. Seguros para el uso diario y aptos para la exportaci\u00f3n a Europa, EE.UU. y otros mercados regulados.<\/li>\n\n\n\n<li><strong>Venta al por mayor directa de f\u00e1brica con soporte de personalizaci\u00f3n:<\/strong> Fabricante profesional de vajillas de cer\u00e1mica que ofrece precios de f\u00e1brica competitivos. Admite servicios OEM\/ODM, incluida la impresi\u00f3n de logotipos, colores de esmalte personalizados y soluciones de envasado para propietarios de marcas y distribuidores.<\/li>\n<\/ul>\n<\/div>\n\n\n\n<div class=\"wp-block-column is-layout-flow wp-block-column-is-layout-flow\">\n<figure class=\"wp-block-image size-full\"><img fetchpriority=\"high\" decoding=\"async\" width=\"1250\" height=\"1500\" src=\"https:\/\/www.yongjianceramic.com\/wp-content\/uploads\/2026\/04\/ceramic-ramekins-wholesale-oven-safe-souffle-cups-supply-6.webp\" alt=\"cer\u00e1mica-ramekins-mayor-seguro-para-horno-tazas-de-gofres-suministro-6\" class=\"wp-image-5507\" srcset=\"https:\/\/www.yongjianceramic.com\/wp-content\/uploads\/2026\/04\/ceramic-ramekins-wholesale-oven-safe-souffle-cups-supply-6.webp 1250w, https:\/\/www.yongjianceramic.com\/wp-content\/uploads\/2026\/04\/ceramic-ramekins-wholesale-oven-safe-souffle-cups-supply-6-250x300.webp 250w, https:\/\/www.yongjianceramic.com\/wp-content\/uploads\/2026\/04\/ceramic-ramekins-wholesale-oven-safe-souffle-cups-supply-6-768x922.webp 768w, https:\/\/www.yongjianceramic.com\/wp-content\/uploads\/2026\/04\/ceramic-ramekins-wholesale-oven-safe-souffle-cups-supply-6-10x12.webp 10w, https:\/\/www.yongjianceramic.com\/wp-content\/uploads\/2026\/04\/ceramic-ramekins-wholesale-oven-safe-souffle-cups-supply-6-285x342.webp 285w, https:\/\/www.yongjianceramic.com\/wp-content\/uploads\/2026\/04\/ceramic-ramekins-wholesale-oven-safe-souffle-cups-supply-6-550x660.webp 550w, https:\/\/www.yongjianceramic.com\/wp-content\/uploads\/2026\/04\/ceramic-ramekins-wholesale-oven-safe-souffle-cups-supply-6-125x150.webp 125w\" sizes=\"(max-width: 1250px) 100vw, 1250px\" \/><\/figure>\n<\/div>\n<\/div>","protected":false},"excerpt":{"rendered":"<p>Bienvenido a comprar nuestro suministro al por mayor de ramequines de cer\u00e1mica de alta calidad para restaurantes, minoristas y propietarios de marcas. Estas tazas para souffl\u00e9 de 3,6 pulgadas aptas para el horno presentan una resistente cer\u00e1mica de alta cocci\u00f3n, un dise\u00f1o apilable y un exclusivo acabado mate artesanal. Los precios directos de f\u00e1brica con personalizaci\u00f3n OEM flexible garantizan un suministro fiable al por mayor y una fuerte diferenciaci\u00f3n de marca.<\/p>\n<table border=\"0\" width=\"346\" cellspacing=\"0\" cellpadding=\"0\">\n<tbody>\n<tr>\n<td width=\"120\" height=\"17\">Fabricante<\/td>\n<td width=\"225\">Yongjian<\/td>\n<\/tr>\n<tr>\n<td height=\"18\">N\u00ba de modelo<\/td>\n<td width=\"225\">YJ4<\/td>\n<\/tr>\n<tr>\n<td height=\"17\">Tipo de producto<\/td>\n<td>Molde para hornear<\/td>\n<\/tr>\n<tr>\n<td height=\"17\">Material<\/td>\n<td>Porcelana<\/td>\n<\/tr>\n<tr>\n<td height=\"17\">Forma<\/td>\n<td>Redondo<\/td>\n<\/tr>\n<tr>\n<td height=\"17\">Color<\/td>\n<td>Blanco, colores personalizados disponibles<\/td>\n<\/tr>\n<tr>\n<td height=\"18\">Dimensi\u00f3n<\/td>\n<td width=\"225\">9,1*9,1*5,6 cm<\/td>\n<\/tr>\n<tr>\n<td height=\"17\">MOQ<\/td>\n<td>500 unidades<\/td>\n<\/tr>\n<tr>\n<td height=\"17\">A medida<\/td>\n<td>Color\/Tama\u00f1o\/Logotipo\/Embalaje<\/td>\n<\/tr>\n<tr>\n<td height=\"17\">Paquete<\/td>\n<td>Bulk Pack\/ Caja de espuma\/ Caja marr\u00f3n<\/td>\n<\/tr>\n<\/tbody>\n<\/table>","protected":false},"featured_media":5502,"comment_status":"closed","ping_status":"closed","template":"","meta":{"_acf_changed":false},"product_brand":[],"product_cat":[62,99],"product_tag":[81],"class_list":{"0":"post-5501","1":"product","2":"type-product","3":"status-publish","4":"has-post-thumbnail","6":"product_cat-ceramic-plates-wholesale","7":"product_cat-baking-dishes-wholesale","8":"product_tag-modern-design-dinnerware-set-wholesale","10":"first","11":"instock","12":"shipping-taxable","13":"product-type-simple"},"acf":[],"_links":{"self":[{"href":"https:\/\/www.yongjianceramic.com\/es\/wp-json\/wp\/v2\/product\/5501","targetHints":{"allow":["GET"]}}],"collection":[{"href":"https:\/\/www.yongjianceramic.com\/es\/wp-json\/wp\/v2\/product"}],"about":[{"href":"https:\/\/www.yongjianceramic.com\/es\/wp-json\/wp\/v2\/types\/product"}],"replies":[{"embeddable":true,"href":"https:\/\/www.yongjianceramic.com\/es\/wp-json\/wp\/v2\/comments?post=5501"}],"wp:featuredmedia":[{"embeddable":true,"href":"https:\/\/www.yongjianceramic.com\/es\/wp-json\/wp\/v2\/media\/5502"}],"wp:attachment":[{"href":"https:\/\/www.yongjianceramic.com\/es\/wp-json\/wp\/v2\/media?parent=5501"}],"wp:term":[{"taxonomy":"product_brand","embeddable":true,"href":"https:\/\/www.yongjianceramic.com\/es\/wp-json\/wp\/v2\/product_brand?post=5501"},{"taxonomy":"product_cat","embeddable":true,"href":"https:\/\/www.yongjianceramic.com\/es\/wp-json\/wp\/v2\/product_cat?post=5501"},{"taxonomy":"product_tag","embeddable":true,"href":"https:\/\/www.yongjianceramic.com\/es\/wp-json\/wp\/v2\/product_tag?post=5501"}],"curies":[{"name":"wp","href":"https:\/\/api.w.org\/{rel}","templated":true}]}}