{"id":5512,"date":"2026-04-22T09:23:50","date_gmt":"2026-04-22T01:23:50","guid":{"rendered":"https:\/\/www.yongjianceramic.com\/?post_type=product&#038;p=5512"},"modified":"2026-04-22T10:56:57","modified_gmt":"2026-04-22T02:56:57","slug":"wholesale-ceramic-baking-dish-set","status":"publish","type":"product","link":"https:\/\/www.yongjianceramic.com\/es\/producto\/wholesale-ceramic-baking-dish-set\/","title":{"rendered":"Mayorista Juego de Platos de Cer\u00e1mica para Hornear, Platos para Hornear Comerciales al por Mayor"},"content":{"rendered":"<div class=\"wp-block-columns is-layout-flex wp-container-core-columns-is-layout-9d6595d7 wp-block-columns-is-layout-flex\">\n<div class=\"wp-block-column is-layout-flow wp-block-column-is-layout-flow\">\n<h2 class=\"wp-block-heading\">Premium al por mayor de cer\u00e1mica para hornear plato Set Caracter\u00edsticas:<\/h2>\n\n\n\n<ul class=\"wp-block-list\">\n<li><strong>Dise\u00f1o nido que ahorra espacio:<\/strong> Este juego de fuentes de cer\u00e1mica para hornear al por mayor presenta un dise\u00f1o de anidamiento inteligente con tres tama\u00f1os perfectamente adaptados. Reduce el espacio de almacenamiento para los usuarios finales al tiempo que minimiza el volumen de env\u00edo y los riesgos de rotura, ideal para compradores al por mayor y vendedores de comercio electr\u00f3nico.<\/li>\n\n\n\n<li><strong>Tama\u00f1os vers\u00e1tiles para uso comercial y minorista:<\/strong> Dise\u00f1ado para m\u00faltiples necesidades culinarias, este juego de fuentes de cer\u00e1mica al por mayor incluye fuentes grandes, medianas y peque\u00f1as. Perfecto para asar, hornear y servir, satisfaciendo las demandas de restaurantes y minoristas.<\/li>\n\n\n\n<li><strong>Retenci\u00f3n del calor superior para resultados de horneado uniformes: <\/strong>Fabricadas con cer\u00e1mica gruesa de alta calidad, estas bandejas de horno comerciales garantizan una distribuci\u00f3n uniforme del calor, evitando que se queme y mejorando el rendimiento de la cocci\u00f3n. Mantienen la comida caliente durante m\u00e1s tiempo despu\u00e9s de servirla, ideal para hosteler\u00eda.<\/li>\n\n\n\n<li><strong>Esmalte duradero para un uso prolongado: <\/strong>Las bandejas de hornear comerciales a granel est\u00e1n recubiertas con un esmalte de alta densidad resistente a los ara\u00f1azos. Es antiadherente, f\u00e1cil de limpiar y mantiene un color vibrante incluso bajo el uso frecuente del lavavajillas comercial.<\/li>\n\n\n\n<li><strong>Suministro a granel OEM con embalaje seguro:<\/strong> Ofrecemos el MOQ para la venta al por mayor conjunto plato de cer\u00e1mica para hornear a su solicitud. Somos capaces de producir para todo el conjunto o por tama\u00f1o individual en cantidad. El embalaje protector personalizado cumple con las normas de comercio electr\u00f3nico para reducir el da\u00f1o en tr\u00e1nsito.<\/li>\n<\/ul>\n<\/div>\n\n\n\n<div class=\"wp-block-column is-layout-flow wp-block-column-is-layout-flow\">\n<figure class=\"wp-block-image size-full\"><img fetchpriority=\"high\" decoding=\"async\" width=\"1000\" height=\"1037\" src=\"https:\/\/www.yongjianceramic.com\/wp-content\/uploads\/2026\/04\/wholesale-ceramic-baking-dish-set-commercial-baking-pans-bulk-5.webp\" alt=\"mayorista-cocina-ceramica-set-cocina-comercial-sartenes-granel-5\" class=\"wp-image-5520\" srcset=\"https:\/\/www.yongjianceramic.com\/wp-content\/uploads\/2026\/04\/wholesale-ceramic-baking-dish-set-commercial-baking-pans-bulk-5.webp 1000w, https:\/\/www.yongjianceramic.com\/wp-content\/uploads\/2026\/04\/wholesale-ceramic-baking-dish-set-commercial-baking-pans-bulk-5-289x300.webp 289w, https:\/\/www.yongjianceramic.com\/wp-content\/uploads\/2026\/04\/wholesale-ceramic-baking-dish-set-commercial-baking-pans-bulk-5-768x796.webp 768w, https:\/\/www.yongjianceramic.com\/wp-content\/uploads\/2026\/04\/wholesale-ceramic-baking-dish-set-commercial-baking-pans-bulk-5-12x12.webp 12w, https:\/\/www.yongjianceramic.com\/wp-content\/uploads\/2026\/04\/wholesale-ceramic-baking-dish-set-commercial-baking-pans-bulk-5-285x296.webp 285w, https:\/\/www.yongjianceramic.com\/wp-content\/uploads\/2026\/04\/wholesale-ceramic-baking-dish-set-commercial-baking-pans-bulk-5-636x660.webp 636w, https:\/\/www.yongjianceramic.com\/wp-content\/uploads\/2026\/04\/wholesale-ceramic-baking-dish-set-commercial-baking-pans-bulk-5-145x150.webp 145w\" sizes=\"(max-width: 1000px) 100vw, 1000px\" \/><\/figure>\n<\/div>\n<\/div>\n\n\n\n<div class=\"wp-block-columns is-layout-flex wp-container-core-columns-is-layout-9d6595d7 wp-block-columns-is-layout-flex\">\n<div class=\"wp-block-column is-layout-flow wp-block-column-is-layout-flow\">\n<figure class=\"wp-block-image size-full is-style-default\"><img decoding=\"async\" width=\"800\" height=\"800\" src=\"https:\/\/www.yongjianceramic.com\/wp-content\/uploads\/2026\/04\/wholesale-ceramic-baking-dish-set-commercial-baking-pans-1.webp\" alt=\"mayorista-ceramica-set-de-platos para hornear-sartenes-comerciales-1\" class=\"wp-image-5513\" style=\"object-fit:cover\" srcset=\"https:\/\/www.yongjianceramic.com\/wp-content\/uploads\/2026\/04\/wholesale-ceramic-baking-dish-set-commercial-baking-pans-1.webp 800w, https:\/\/www.yongjianceramic.com\/wp-content\/uploads\/2026\/04\/wholesale-ceramic-baking-dish-set-commercial-baking-pans-1-300x300.webp 300w, https:\/\/www.yongjianceramic.com\/wp-content\/uploads\/2026\/04\/wholesale-ceramic-baking-dish-set-commercial-baking-pans-1-150x150.webp 150w, https:\/\/www.yongjianceramic.com\/wp-content\/uploads\/2026\/04\/wholesale-ceramic-baking-dish-set-commercial-baking-pans-1-768x768.webp 768w, https:\/\/www.yongjianceramic.com\/wp-content\/uploads\/2026\/04\/wholesale-ceramic-baking-dish-set-commercial-baking-pans-1-12x12.webp 12w, https:\/\/www.yongjianceramic.com\/wp-content\/uploads\/2026\/04\/wholesale-ceramic-baking-dish-set-commercial-baking-pans-1-285x285.webp 285w, https:\/\/www.yongjianceramic.com\/wp-content\/uploads\/2026\/04\/wholesale-ceramic-baking-dish-set-commercial-baking-pans-1-270x270.webp 270w, https:\/\/www.yongjianceramic.com\/wp-content\/uploads\/2026\/04\/wholesale-ceramic-baking-dish-set-commercial-baking-pans-1-540x540.webp 540w, https:\/\/www.yongjianceramic.com\/wp-content\/uploads\/2026\/04\/wholesale-ceramic-baking-dish-set-commercial-baking-pans-1-660x660.webp 660w\" sizes=\"(max-width: 800px) 100vw, 800px\" \/><\/figure>\n<\/div>\n\n\n\n<div class=\"wp-block-column is-layout-flow wp-block-column-is-layout-flow\">\n<figure class=\"wp-block-image size-full is-style-default\"><img decoding=\"async\" width=\"800\" height=\"800\" src=\"https:\/\/www.yongjianceramic.com\/wp-content\/uploads\/2026\/04\/wholesale-ceramic-baking-dish-set-commercial-baking-pans-2.webp\" alt=\"mayorista-ceramica-set-de-platos-de-hornear-comercial-sartenes-2\" class=\"wp-image-5514\" srcset=\"https:\/\/www.yongjianceramic.com\/wp-content\/uploads\/2026\/04\/wholesale-ceramic-baking-dish-set-commercial-baking-pans-2.webp 800w, https:\/\/www.yongjianceramic.com\/wp-content\/uploads\/2026\/04\/wholesale-ceramic-baking-dish-set-commercial-baking-pans-2-300x300.webp 300w, https:\/\/www.yongjianceramic.com\/wp-content\/uploads\/2026\/04\/wholesale-ceramic-baking-dish-set-commercial-baking-pans-2-150x150.webp 150w, https:\/\/www.yongjianceramic.com\/wp-content\/uploads\/2026\/04\/wholesale-ceramic-baking-dish-set-commercial-baking-pans-2-768x768.webp 768w, https:\/\/www.yongjianceramic.com\/wp-content\/uploads\/2026\/04\/wholesale-ceramic-baking-dish-set-commercial-baking-pans-2-12x12.webp 12w, https:\/\/www.yongjianceramic.com\/wp-content\/uploads\/2026\/04\/wholesale-ceramic-baking-dish-set-commercial-baking-pans-2-285x285.webp 285w, https:\/\/www.yongjianceramic.com\/wp-content\/uploads\/2026\/04\/wholesale-ceramic-baking-dish-set-commercial-baking-pans-2-270x270.webp 270w, https:\/\/www.yongjianceramic.com\/wp-content\/uploads\/2026\/04\/wholesale-ceramic-baking-dish-set-commercial-baking-pans-2-540x540.webp 540w, https:\/\/www.yongjianceramic.com\/wp-content\/uploads\/2026\/04\/wholesale-ceramic-baking-dish-set-commercial-baking-pans-2-660x660.webp 660w\" sizes=\"(max-width: 800px) 100vw, 800px\" \/><\/figure>\n<\/div>\n\n\n\n<div class=\"wp-block-column is-layout-flow wp-block-column-is-layout-flow\">\n<figure class=\"wp-block-image size-full is-style-default\"><img loading=\"lazy\" decoding=\"async\" width=\"800\" height=\"800\" src=\"https:\/\/www.yongjianceramic.com\/wp-content\/uploads\/2026\/04\/wholesale-ceramic-baking-dish-set-commercial-baking-pans-3.webp\" alt=\"mayorista-ceramica-set-de-platos-de-hornear-comercial-sartenes-3\" class=\"wp-image-5515\" srcset=\"https:\/\/www.yongjianceramic.com\/wp-content\/uploads\/2026\/04\/wholesale-ceramic-baking-dish-set-commercial-baking-pans-3.webp 800w, https:\/\/www.yongjianceramic.com\/wp-content\/uploads\/2026\/04\/wholesale-ceramic-baking-dish-set-commercial-baking-pans-3-300x300.webp 300w, https:\/\/www.yongjianceramic.com\/wp-content\/uploads\/2026\/04\/wholesale-ceramic-baking-dish-set-commercial-baking-pans-3-150x150.webp 150w, https:\/\/www.yongjianceramic.com\/wp-content\/uploads\/2026\/04\/wholesale-ceramic-baking-dish-set-commercial-baking-pans-3-768x768.webp 768w, https:\/\/www.yongjianceramic.com\/wp-content\/uploads\/2026\/04\/wholesale-ceramic-baking-dish-set-commercial-baking-pans-3-12x12.webp 12w, https:\/\/www.yongjianceramic.com\/wp-content\/uploads\/2026\/04\/wholesale-ceramic-baking-dish-set-commercial-baking-pans-3-285x285.webp 285w, https:\/\/www.yongjianceramic.com\/wp-content\/uploads\/2026\/04\/wholesale-ceramic-baking-dish-set-commercial-baking-pans-3-270x270.webp 270w, https:\/\/www.yongjianceramic.com\/wp-content\/uploads\/2026\/04\/wholesale-ceramic-baking-dish-set-commercial-baking-pans-3-540x540.webp 540w, https:\/\/www.yongjianceramic.com\/wp-content\/uploads\/2026\/04\/wholesale-ceramic-baking-dish-set-commercial-baking-pans-3-660x660.webp 660w\" sizes=\"(max-width: 800px) 100vw, 800px\" \/><\/figure>\n<\/div>\n<\/div>","protected":false},"excerpt":{"rendered":"<p>Bienvenido a comprar nuestro conjunto de plato de hornear de cer\u00e1mica al por mayor, que est\u00e1 dise\u00f1ado para los compradores B2B que buscan soluciones duraderas, ahorro de espacio y vers\u00e1tiles para hornear. Con un dise\u00f1o de anidaci\u00f3n, la retenci\u00f3n de calor superior, y el esmalte de calidad comercial, es ideal para la distribuci\u00f3n al por mayor, al por menor, y el comercio electr\u00f3nico. Con opciones flexibles de compra al por mayor y embalaje seguro para la exportaci\u00f3n, este juego de fuentes de cer\u00e1mica para hornear es perfecto para hacer crecer su negocio de utensilios de cocina.<\/p>\n<table border=\"0\" width=\"346\" cellspacing=\"0\" cellpadding=\"0\">\n<tbody>\n<tr>\n<td width=\"120\" height=\"17\">Fabricante<\/td>\n<td width=\"225\">Yongjian<\/td>\n<\/tr>\n<tr>\n<td height=\"18\">N\u00ba de modelo<\/td>\n<td width=\"225\">YJ5\uff0cYJ6, YJ7<\/td>\n<\/tr>\n<tr>\n<td height=\"17\">Tipo de producto<\/td>\n<td>Molde para hornear<\/td>\n<\/tr>\n<tr>\n<td height=\"17\">Material<\/td>\n<td>Porcelana<\/td>\n<\/tr>\n<tr>\n<td height=\"17\">Forma<\/td>\n<td>Rectangular<\/td>\n<\/tr>\n<tr>\n<td height=\"17\">Color<\/td>\n<td>Rojo y blanco, colores personalizados disponibles<\/td>\n<\/tr>\n<tr>\n<td height=\"53\">Dimensi\u00f3n<\/td>\n<td width=\"225\">17,8*11,4*5,1 cm<br \/>17,8*17,8*5,1 cm<br \/>34,3*23,9*6,9 cm<\/td>\n<\/tr>\n<tr>\n<td height=\"17\">MOQ<\/td>\n<td>500 unidades<\/td>\n<\/tr>\n<tr>\n<td height=\"17\">A medida<\/td>\n<td>Color\/Tama\u00f1o\/Logotipo\/Embalaje<\/td>\n<\/tr>\n<tr>\n<td height=\"17\">Paquete<\/td>\n<td>Bulk Pack\/ Caja de espuma\/ Caja marr\u00f3n<\/td>\n<\/tr>\n<\/tbody>\n<\/table>","protected":false},"featured_media":5518,"comment_status":"closed","ping_status":"closed","template":"","meta":{"_acf_changed":false},"product_brand":[],"product_cat":[62,99],"product_tag":[81],"class_list":{"0":"post-5512","1":"product","2":"type-product","3":"status-publish","4":"has-post-thumbnail","6":"product_cat-ceramic-plates-wholesale","7":"product_cat-baking-dishes-wholesale","8":"product_tag-modern-design-dinnerware-set-wholesale","10":"first","11":"instock","12":"shipping-taxable","13":"product-type-simple"},"acf":[],"_links":{"self":[{"href":"https:\/\/www.yongjianceramic.com\/es\/wp-json\/wp\/v2\/product\/5512","targetHints":{"allow":["GET"]}}],"collection":[{"href":"https:\/\/www.yongjianceramic.com\/es\/wp-json\/wp\/v2\/product"}],"about":[{"href":"https:\/\/www.yongjianceramic.com\/es\/wp-json\/wp\/v2\/types\/product"}],"replies":[{"embeddable":true,"href":"https:\/\/www.yongjianceramic.com\/es\/wp-json\/wp\/v2\/comments?post=5512"}],"wp:featuredmedia":[{"embeddable":true,"href":"https:\/\/www.yongjianceramic.com\/es\/wp-json\/wp\/v2\/media\/5518"}],"wp:attachment":[{"href":"https:\/\/www.yongjianceramic.com\/es\/wp-json\/wp\/v2\/media?parent=5512"}],"wp:term":[{"taxonomy":"product_brand","embeddable":true,"href":"https:\/\/www.yongjianceramic.com\/es\/wp-json\/wp\/v2\/product_brand?post=5512"},{"taxonomy":"product_cat","embeddable":true,"href":"https:\/\/www.yongjianceramic.com\/es\/wp-json\/wp\/v2\/product_cat?post=5512"},{"taxonomy":"product_tag","embeddable":true,"href":"https:\/\/www.yongjianceramic.com\/es\/wp-json\/wp\/v2\/product_tag?post=5512"}],"curies":[{"name":"wp","href":"https:\/\/api.w.org\/{rel}","templated":true}]}}