{"id":5523,"date":"2026-04-22T14:48:46","date_gmt":"2026-04-22T06:48:46","guid":{"rendered":"https:\/\/www.yongjianceramic.com\/?post_type=product&#038;p=5523"},"modified":"2026-04-22T16:14:04","modified_gmt":"2026-04-22T08:14:04","slug":"wholesale-ceramic-bakeware-set","status":"publish","type":"product","link":"https:\/\/www.yongjianceramic.com\/es\/producto\/wholesale-ceramic-bakeware-set\/","title":{"rendered":"Mayorista Bater\u00eda de Cer\u00e1mica para Hornear, Platos para Hornear a Granel"},"content":{"rendered":"<div class=\"wp-block-columns is-layout-flex wp-container-core-columns-is-layout-9d6595d7 wp-block-columns-is-layout-flex\">\n<div class=\"wp-block-column is-layout-flow wp-block-column-is-layout-flow\">\n<h2 class=\"wp-block-heading\">Premium al por mayor de cer\u00e1mica Bakeware Set Caracter\u00edsticas:<\/h2>\n\n\n\n<ul class=\"wp-block-list\">\n<li><strong>Empu\u00f1adura ergon\u00f3mica:<\/strong> Nuestro juego de utensilios de cer\u00e1mica para hornear al por mayor cuenta con asas anchas de una sola pieza que proporcionan un agarre seguro, incluso cuando se usan guantes de cocina pesados, garantizando un movimiento seguro y f\u00e1cil del horno a la mesa.<\/li>\n\n\n\n<li><strong>Esmalte antiadherente de f\u00e1cil limpieza: <\/strong>Estos platos para hornear al por mayor est\u00e1n recubiertos de un esmalte denso de alta calidad que resiste la absorci\u00f3n de los olores y la grasa de los alimentos. Tanto si se lavan a mano como en el lavavajillas, se mantienen impecables.<\/li>\n\n\n\n<li><strong>Pedidos flexibles:<\/strong> Como fabricante directo de vajillas de cer\u00e1mica, admitimos pedidos completos o fraccionados en funci\u00f3n de la demanda del mercado, lo que permite a los clientes comprobar la respuesta del mercado con flexibilidad.<\/li>\n\n\n\n<li><strong>Personalizaci\u00f3n OEM\/ODM para compradores de marca: <\/strong>Nuestro juego de utensilios de cer\u00e1mica para hornear al por mayor permite personalizar el tama\u00f1o, el color, el logotipo y el embalaje para satisfacer las diversas necesidades de las empresas de comercio electr\u00f3nico transfronterizo, los propietarios de marcas y los mayoristas, ayud\u00e1ndoles a crear l\u00edneas de productos de marcas independientes.<\/li>\n<\/ul>\n<\/div>\n\n\n\n<div class=\"wp-block-column is-layout-flow wp-block-column-is-layout-flow\">\n<figure class=\"wp-block-image size-full\"><img fetchpriority=\"high\" decoding=\"async\" width=\"1500\" height=\"1500\" src=\"https:\/\/www.yongjianceramic.com\/wp-content\/uploads\/2026\/04\/wholesale-ceramic-bakeware-set-nesting-baking-dishes-bulk-6.webp\" alt=\"venta al por mayor de utensilios de ceramica para hornear - juego de platos para hornear - granel-6\" class=\"wp-image-5532\" srcset=\"https:\/\/www.yongjianceramic.com\/wp-content\/uploads\/2026\/04\/wholesale-ceramic-bakeware-set-nesting-baking-dishes-bulk-6.webp 1500w, https:\/\/www.yongjianceramic.com\/wp-content\/uploads\/2026\/04\/wholesale-ceramic-bakeware-set-nesting-baking-dishes-bulk-6-300x300.webp 300w, https:\/\/www.yongjianceramic.com\/wp-content\/uploads\/2026\/04\/wholesale-ceramic-bakeware-set-nesting-baking-dishes-bulk-6-150x150.webp 150w, https:\/\/www.yongjianceramic.com\/wp-content\/uploads\/2026\/04\/wholesale-ceramic-bakeware-set-nesting-baking-dishes-bulk-6-768x768.webp 768w, https:\/\/www.yongjianceramic.com\/wp-content\/uploads\/2026\/04\/wholesale-ceramic-bakeware-set-nesting-baking-dishes-bulk-6-12x12.webp 12w, https:\/\/www.yongjianceramic.com\/wp-content\/uploads\/2026\/04\/wholesale-ceramic-bakeware-set-nesting-baking-dishes-bulk-6-285x285.webp 285w, https:\/\/www.yongjianceramic.com\/wp-content\/uploads\/2026\/04\/wholesale-ceramic-bakeware-set-nesting-baking-dishes-bulk-6-270x270.webp 270w, https:\/\/www.yongjianceramic.com\/wp-content\/uploads\/2026\/04\/wholesale-ceramic-bakeware-set-nesting-baking-dishes-bulk-6-540x540.webp 540w, https:\/\/www.yongjianceramic.com\/wp-content\/uploads\/2026\/04\/wholesale-ceramic-bakeware-set-nesting-baking-dishes-bulk-6-660x660.webp 660w\" sizes=\"(max-width: 1500px) 100vw, 1500px\" \/><\/figure>\n<\/div>\n<\/div>\n\n\n\n<div class=\"wp-block-columns is-layout-flex wp-container-core-columns-is-layout-9d6595d7 wp-block-columns-is-layout-flex\">\n<div class=\"wp-block-column is-layout-flow wp-block-column-is-layout-flow\">\n<figure class=\"wp-block-image size-full is-style-default\"><img decoding=\"async\" width=\"800\" height=\"800\" src=\"https:\/\/www.yongjianceramic.com\/wp-content\/uploads\/2026\/04\/two-tone-wholesale-ceramic-bakeware-set-nesting-baking-dishes-with-handles-1.webp\" alt=\"juego de utensilios para hornear de cer\u00e1mica al por mayor de dos tonos-platos para hornear con asas-1\" class=\"wp-image-5524\" style=\"object-fit:cover\" srcset=\"https:\/\/www.yongjianceramic.com\/wp-content\/uploads\/2026\/04\/two-tone-wholesale-ceramic-bakeware-set-nesting-baking-dishes-with-handles-1.webp 800w, https:\/\/www.yongjianceramic.com\/wp-content\/uploads\/2026\/04\/two-tone-wholesale-ceramic-bakeware-set-nesting-baking-dishes-with-handles-1-300x300.webp 300w, https:\/\/www.yongjianceramic.com\/wp-content\/uploads\/2026\/04\/two-tone-wholesale-ceramic-bakeware-set-nesting-baking-dishes-with-handles-1-150x150.webp 150w, https:\/\/www.yongjianceramic.com\/wp-content\/uploads\/2026\/04\/two-tone-wholesale-ceramic-bakeware-set-nesting-baking-dishes-with-handles-1-768x768.webp 768w, https:\/\/www.yongjianceramic.com\/wp-content\/uploads\/2026\/04\/two-tone-wholesale-ceramic-bakeware-set-nesting-baking-dishes-with-handles-1-12x12.webp 12w, https:\/\/www.yongjianceramic.com\/wp-content\/uploads\/2026\/04\/two-tone-wholesale-ceramic-bakeware-set-nesting-baking-dishes-with-handles-1-285x285.webp 285w, https:\/\/www.yongjianceramic.com\/wp-content\/uploads\/2026\/04\/two-tone-wholesale-ceramic-bakeware-set-nesting-baking-dishes-with-handles-1-270x270.webp 270w, https:\/\/www.yongjianceramic.com\/wp-content\/uploads\/2026\/04\/two-tone-wholesale-ceramic-bakeware-set-nesting-baking-dishes-with-handles-1-540x540.webp 540w, https:\/\/www.yongjianceramic.com\/wp-content\/uploads\/2026\/04\/two-tone-wholesale-ceramic-bakeware-set-nesting-baking-dishes-with-handles-1-660x660.webp 660w\" sizes=\"(max-width: 800px) 100vw, 800px\" \/><\/figure>\n<\/div>\n\n\n\n<div class=\"wp-block-column is-layout-flow wp-block-column-is-layout-flow\">\n<figure class=\"wp-block-image size-full is-style-default\"><img decoding=\"async\" width=\"800\" height=\"800\" src=\"https:\/\/www.yongjianceramic.com\/wp-content\/uploads\/2026\/04\/two-tone-wholesale-ceramic-bakeware-set-nesting-baking-dishes-with-handles-2.webp\" alt=\"juego de utensilios para hornear de cer\u00e1mica al por mayor de dos tonos-platos para hornear con asas-2\" class=\"wp-image-5525\" srcset=\"https:\/\/www.yongjianceramic.com\/wp-content\/uploads\/2026\/04\/two-tone-wholesale-ceramic-bakeware-set-nesting-baking-dishes-with-handles-2.webp 800w, https:\/\/www.yongjianceramic.com\/wp-content\/uploads\/2026\/04\/two-tone-wholesale-ceramic-bakeware-set-nesting-baking-dishes-with-handles-2-300x300.webp 300w, https:\/\/www.yongjianceramic.com\/wp-content\/uploads\/2026\/04\/two-tone-wholesale-ceramic-bakeware-set-nesting-baking-dishes-with-handles-2-150x150.webp 150w, https:\/\/www.yongjianceramic.com\/wp-content\/uploads\/2026\/04\/two-tone-wholesale-ceramic-bakeware-set-nesting-baking-dishes-with-handles-2-768x768.webp 768w, https:\/\/www.yongjianceramic.com\/wp-content\/uploads\/2026\/04\/two-tone-wholesale-ceramic-bakeware-set-nesting-baking-dishes-with-handles-2-12x12.webp 12w, https:\/\/www.yongjianceramic.com\/wp-content\/uploads\/2026\/04\/two-tone-wholesale-ceramic-bakeware-set-nesting-baking-dishes-with-handles-2-285x285.webp 285w, https:\/\/www.yongjianceramic.com\/wp-content\/uploads\/2026\/04\/two-tone-wholesale-ceramic-bakeware-set-nesting-baking-dishes-with-handles-2-270x270.webp 270w, https:\/\/www.yongjianceramic.com\/wp-content\/uploads\/2026\/04\/two-tone-wholesale-ceramic-bakeware-set-nesting-baking-dishes-with-handles-2-540x540.webp 540w, https:\/\/www.yongjianceramic.com\/wp-content\/uploads\/2026\/04\/two-tone-wholesale-ceramic-bakeware-set-nesting-baking-dishes-with-handles-2-660x660.webp 660w\" sizes=\"(max-width: 800px) 100vw, 800px\" \/><\/figure>\n<\/div>\n\n\n\n<div class=\"wp-block-column is-layout-flow wp-block-column-is-layout-flow\">\n<figure class=\"wp-block-image size-full is-style-default\"><img loading=\"lazy\" decoding=\"async\" width=\"800\" height=\"800\" src=\"https:\/\/www.yongjianceramic.com\/wp-content\/uploads\/2026\/04\/two-tone-wholesale-ceramic-bakeware-set-nesting-baking-dishes-with-handles-3.webp\" alt=\"juego de utensilios para hornear de cer\u00e1mica al por mayor de dos tonos-platos para hornear con asas-3\" class=\"wp-image-5526\" srcset=\"https:\/\/www.yongjianceramic.com\/wp-content\/uploads\/2026\/04\/two-tone-wholesale-ceramic-bakeware-set-nesting-baking-dishes-with-handles-3.webp 800w, https:\/\/www.yongjianceramic.com\/wp-content\/uploads\/2026\/04\/two-tone-wholesale-ceramic-bakeware-set-nesting-baking-dishes-with-handles-3-300x300.webp 300w, https:\/\/www.yongjianceramic.com\/wp-content\/uploads\/2026\/04\/two-tone-wholesale-ceramic-bakeware-set-nesting-baking-dishes-with-handles-3-150x150.webp 150w, https:\/\/www.yongjianceramic.com\/wp-content\/uploads\/2026\/04\/two-tone-wholesale-ceramic-bakeware-set-nesting-baking-dishes-with-handles-3-768x768.webp 768w, https:\/\/www.yongjianceramic.com\/wp-content\/uploads\/2026\/04\/two-tone-wholesale-ceramic-bakeware-set-nesting-baking-dishes-with-handles-3-12x12.webp 12w, https:\/\/www.yongjianceramic.com\/wp-content\/uploads\/2026\/04\/two-tone-wholesale-ceramic-bakeware-set-nesting-baking-dishes-with-handles-3-285x285.webp 285w, https:\/\/www.yongjianceramic.com\/wp-content\/uploads\/2026\/04\/two-tone-wholesale-ceramic-bakeware-set-nesting-baking-dishes-with-handles-3-270x270.webp 270w, https:\/\/www.yongjianceramic.com\/wp-content\/uploads\/2026\/04\/two-tone-wholesale-ceramic-bakeware-set-nesting-baking-dishes-with-handles-3-540x540.webp 540w, https:\/\/www.yongjianceramic.com\/wp-content\/uploads\/2026\/04\/two-tone-wholesale-ceramic-bakeware-set-nesting-baking-dishes-with-handles-3-660x660.webp 660w\" sizes=\"(max-width: 800px) 100vw, 800px\" \/><\/figure>\n<\/div>\n<\/div>","protected":false},"excerpt":{"rendered":"<p>Bienvenido a comprar nuestro set de cer\u00e1mica para hornear en dos tonos al por mayor con dise\u00f1o apilable y asas de f\u00e1cil agarre, ideal para compradores al por mayor y marcas de utensilios de cocina. Hecho a mano de gres duradero, lo que garantiza una distribuci\u00f3n uniforme del calor, este juego de utensilios para hornear apilables tambi\u00e9n es ahorro de espacio en la cocina y ayuda a entregar resultados uniformes de cocci\u00f3n. Personalizaci\u00f3n OEM\/ODM disponible para proyectos al por mayor y de marca blanca.<\/p>\n<table border=\"0\" width=\"346\" cellspacing=\"0\" cellpadding=\"0\">\n<tbody>\n<tr>\n<td width=\"120\" height=\"17\">Fabricante<\/td>\n<td width=\"225\">Yongjian<\/td>\n<\/tr>\n<tr>\n<td height=\"18\">N\u00ba de modelo<\/td>\n<td width=\"225\">YJ8\uff0cYJ9, YJ10<\/td>\n<\/tr>\n<tr>\n<td height=\"17\">Tipo de producto<\/td>\n<td>Molde para hornear<\/td>\n<\/tr>\n<tr>\n<td height=\"17\">Material<\/td>\n<td>Porcelana<\/td>\n<\/tr>\n<tr>\n<td height=\"17\">Forma<\/td>\n<td>Rectangular<\/td>\n<\/tr>\n<tr>\n<td height=\"17\">Color<\/td>\n<td>Azul oscuro y blanco, colores personalizados disponibles<\/td>\n<\/tr>\n<tr>\n<td height=\"53\">Dimensi\u00f3n<\/td>\n<td width=\"225\">17,8*11,4*5,1 cm<br \/>17,8*17,8*5,1 cm<br \/>34,3*23,9*6,9 cm<\/td>\n<\/tr>\n<tr>\n<td height=\"17\">MOQ<\/td>\n<td>500 unidades<\/td>\n<\/tr>\n<tr>\n<td height=\"17\">A medida<\/td>\n<td>Color\/Tama\u00f1o\/Logotipo\/Embalaje<\/td>\n<\/tr>\n<tr>\n<td height=\"17\">Paquete<\/td>\n<td>Bulk Pack\/ Caja de espuma\/ Caja marr\u00f3n<\/td>\n<\/tr>\n<\/tbody>\n<\/table>","protected":false},"featured_media":5530,"comment_status":"closed","ping_status":"closed","template":"","meta":{"_acf_changed":false},"product_brand":[],"product_cat":[62,99],"product_tag":[81],"class_list":{"0":"post-5523","1":"product","2":"type-product","3":"status-publish","4":"has-post-thumbnail","6":"product_cat-ceramic-plates-wholesale","7":"product_cat-baking-dishes-wholesale","8":"product_tag-modern-design-dinnerware-set-wholesale","10":"first","11":"instock","12":"shipping-taxable","13":"product-type-simple"},"acf":[],"_links":{"self":[{"href":"https:\/\/www.yongjianceramic.com\/es\/wp-json\/wp\/v2\/product\/5523","targetHints":{"allow":["GET"]}}],"collection":[{"href":"https:\/\/www.yongjianceramic.com\/es\/wp-json\/wp\/v2\/product"}],"about":[{"href":"https:\/\/www.yongjianceramic.com\/es\/wp-json\/wp\/v2\/types\/product"}],"replies":[{"embeddable":true,"href":"https:\/\/www.yongjianceramic.com\/es\/wp-json\/wp\/v2\/comments?post=5523"}],"wp:featuredmedia":[{"embeddable":true,"href":"https:\/\/www.yongjianceramic.com\/es\/wp-json\/wp\/v2\/media\/5530"}],"wp:attachment":[{"href":"https:\/\/www.yongjianceramic.com\/es\/wp-json\/wp\/v2\/media?parent=5523"}],"wp:term":[{"taxonomy":"product_brand","embeddable":true,"href":"https:\/\/www.yongjianceramic.com\/es\/wp-json\/wp\/v2\/product_brand?post=5523"},{"taxonomy":"product_cat","embeddable":true,"href":"https:\/\/www.yongjianceramic.com\/es\/wp-json\/wp\/v2\/product_cat?post=5523"},{"taxonomy":"product_tag","embeddable":true,"href":"https:\/\/www.yongjianceramic.com\/es\/wp-json\/wp\/v2\/product_tag?post=5523"}],"curies":[{"name":"wp","href":"https:\/\/api.w.org\/{rel}","templated":true}]}}