{"id":5533,"date":"2026-04-22T16:25:46","date_gmt":"2026-04-22T08:25:46","guid":{"rendered":"https:\/\/www.yongjianceramic.com\/?post_type=product&#038;p=5533"},"modified":"2026-04-22T18:09:39","modified_gmt":"2026-04-22T10:09:39","slug":"wholesale-baking-dishes","status":"publish","type":"product","link":"https:\/\/www.yongjianceramic.com\/es\/producto\/wholesale-baking-dishes\/","title":{"rendered":"Platos para hornear al por mayor de 5,5 pulgadas, Molde de cer\u00e1mica para tarta para restaurantes"},"content":{"rendered":"<div class=\"wp-block-columns is-layout-flex wp-container-core-columns-is-layout-9d6595d7 wp-block-columns-is-layout-flex\">\n<div class=\"wp-block-column is-layout-flow wp-block-column-is-layout-flow\">\n<h2 class=\"wp-block-heading\">Platos para hornear al por mayor de primera calidad Caracter\u00edsticas:<\/h2>\n\n\n\n<ul class=\"wp-block-list\">\n<li><strong>Elegante borde estriado: <\/strong>El dise\u00f1o cl\u00e1sico de bordes estriados realza el atractivo visual de los platos para hornear al por mayor, ayudando a panader\u00edas y restaurantes a crear tartas y pasteles de formas hermosas con resultados uniformes y profesionales.<\/li>\n\n\n\n<li><strong>Dise\u00f1o de llanta elegante que ahorra espacio: <\/strong>Estos platos para hornear al por mayor presentan una estructura de borde liso sin asas que permite un apilamiento compacto y un almacenamiento eficaz, ideal para cocinas comerciales con espacio limitado.<\/li>\n\n\n\n<li><strong>Moderno acabado mate para un aspecto de primera calidad: <\/strong>Dise\u00f1ada con un esmalte mate inspirado en Morandi, nuestra tartera de cer\u00e1mica personalizada mejora la presentaci\u00f3n de los alimentos y se adapta a las tendencias gastron\u00f3micas modernas y de las redes sociales, lo que hace que los platos resulten m\u00e1s atractivos para los clientes.<\/li>\n\n\n\n<li><strong>Material cer\u00e1mico duradero y resistente al calor:<\/strong> Fabricados en cer\u00e1mica de alta calidad, estos platos para hornear al por mayor ofrecen una excelente estabilidad t\u00e9rmica, resistiendo las grietas durante repetidos ciclos de horneado y congelaci\u00f3n, perfectos para el uso frecuente en restaurantes.<\/li>\n\n\n\n<li><strong>Personalizaci\u00f3n OEM y capacidad de producci\u00f3n:<\/strong> Como f\u00e1brica profesional de cer\u00e1mica, podemos ofrecer un servicio OEM\/ODM flexible, colores, tama\u00f1os y embalajes personalizados con una s\u00f3lida producci\u00f3n en masa y una entrega r\u00e1pida.<\/li>\n<\/ul>\n<\/div>\n\n\n\n<div class=\"wp-block-column is-layout-flow wp-block-column-is-layout-flow\">\n<figure class=\"wp-block-image size-full\"><img fetchpriority=\"high\" decoding=\"async\" width=\"1286\" height=\"1500\" src=\"https:\/\/www.yongjianceramic.com\/wp-content\/uploads\/2026\/04\/wholesale-baking-dishes-custom-ceramic-tart-pan-4.webp\" alt=\"mayorista-platos-de-hornear-tarta-de-ceramica-personalizada-4\" class=\"wp-image-5537\" srcset=\"https:\/\/www.yongjianceramic.com\/wp-content\/uploads\/2026\/04\/wholesale-baking-dishes-custom-ceramic-tart-pan-4.webp 1286w, https:\/\/www.yongjianceramic.com\/wp-content\/uploads\/2026\/04\/wholesale-baking-dishes-custom-ceramic-tart-pan-4-257x300.webp 257w, https:\/\/www.yongjianceramic.com\/wp-content\/uploads\/2026\/04\/wholesale-baking-dishes-custom-ceramic-tart-pan-4-768x896.webp 768w, https:\/\/www.yongjianceramic.com\/wp-content\/uploads\/2026\/04\/wholesale-baking-dishes-custom-ceramic-tart-pan-4-10x12.webp 10w, https:\/\/www.yongjianceramic.com\/wp-content\/uploads\/2026\/04\/wholesale-baking-dishes-custom-ceramic-tart-pan-4-285x332.webp 285w, https:\/\/www.yongjianceramic.com\/wp-content\/uploads\/2026\/04\/wholesale-baking-dishes-custom-ceramic-tart-pan-4-566x660.webp 566w, https:\/\/www.yongjianceramic.com\/wp-content\/uploads\/2026\/04\/wholesale-baking-dishes-custom-ceramic-tart-pan-4-129x150.webp 129w\" sizes=\"(max-width: 1286px) 100vw, 1286px\" \/><\/figure>\n<\/div>\n<\/div>","protected":false},"excerpt":{"rendered":"<p>Bienvenido a comprar estos platos para hornear al por mayor de 5,5 pulgadas, que est\u00e1n dise\u00f1ados para marcas de restaurantes, panader\u00edas y servicios de alimentos que buscan utensilios para hornear de cer\u00e1mica de calidad comercial y con estilo. Mini fuentes de cer\u00e1mica para hornear con superficie esmaltada de f\u00e1cil limpieza, ideales para compras al por mayor con personalizaci\u00f3n OEM\/ODM, perfectas para hoteles, catering y marcas minoristas que buscan soluciones de cer\u00e1mica para hornear de alta calidad.<\/p>\n<table border=\"0\" width=\"346\" cellspacing=\"0\" cellpadding=\"0\">\n<tbody>\n<tr>\n<td width=\"120\" height=\"17\">Fabricante<\/td>\n<td width=\"225\">Yongjian<\/td>\n<\/tr>\n<tr>\n<td height=\"18\">N\u00ba de modelo<\/td>\n<td width=\"225\">YJ11<\/td>\n<\/tr>\n<tr>\n<td height=\"17\">Tipo de producto<\/td>\n<td>Molde para hornear<\/td>\n<\/tr>\n<tr>\n<td height=\"17\">Material<\/td>\n<td>Porcelana<\/td>\n<\/tr>\n<tr>\n<td height=\"17\">Forma<\/td>\n<td>Redondo<\/td>\n<\/tr>\n<tr>\n<td height=\"17\">Color<\/td>\n<td>Azul y blanco, colores personalizados disponibles<\/td>\n<\/tr>\n<tr>\n<td height=\"18\">Dimensi\u00f3n<\/td>\n<td width=\"225\">17*17*4,6 cm<\/td>\n<\/tr>\n<tr>\n<td height=\"17\">MOQ<\/td>\n<td>500 unidades<\/td>\n<\/tr>\n<tr>\n<td height=\"17\">A medida<\/td>\n<td>Color\/Tama\u00f1o\/Logotipo\/Embalaje<\/td>\n<\/tr>\n<tr>\n<td height=\"17\">Paquete<\/td>\n<td>Bulk Pack\/ Caja de espuma\/ Caja marr\u00f3n<\/td>\n<\/tr>\n<\/tbody>\n<\/table>","protected":false},"featured_media":5534,"comment_status":"closed","ping_status":"closed","template":"","meta":{"_acf_changed":false},"product_brand":[],"product_cat":[62,99],"product_tag":[81],"class_list":{"0":"post-5533","1":"product","2":"type-product","3":"status-publish","4":"has-post-thumbnail","6":"product_cat-ceramic-plates-wholesale","7":"product_cat-baking-dishes-wholesale","8":"product_tag-modern-design-dinnerware-set-wholesale","10":"first","11":"instock","12":"shipping-taxable","13":"product-type-simple"},"acf":[],"_links":{"self":[{"href":"https:\/\/www.yongjianceramic.com\/es\/wp-json\/wp\/v2\/product\/5533","targetHints":{"allow":["GET"]}}],"collection":[{"href":"https:\/\/www.yongjianceramic.com\/es\/wp-json\/wp\/v2\/product"}],"about":[{"href":"https:\/\/www.yongjianceramic.com\/es\/wp-json\/wp\/v2\/types\/product"}],"replies":[{"embeddable":true,"href":"https:\/\/www.yongjianceramic.com\/es\/wp-json\/wp\/v2\/comments?post=5533"}],"wp:featuredmedia":[{"embeddable":true,"href":"https:\/\/www.yongjianceramic.com\/es\/wp-json\/wp\/v2\/media\/5534"}],"wp:attachment":[{"href":"https:\/\/www.yongjianceramic.com\/es\/wp-json\/wp\/v2\/media?parent=5533"}],"wp:term":[{"taxonomy":"product_brand","embeddable":true,"href":"https:\/\/www.yongjianceramic.com\/es\/wp-json\/wp\/v2\/product_brand?post=5533"},{"taxonomy":"product_cat","embeddable":true,"href":"https:\/\/www.yongjianceramic.com\/es\/wp-json\/wp\/v2\/product_cat?post=5533"},{"taxonomy":"product_tag","embeddable":true,"href":"https:\/\/www.yongjianceramic.com\/es\/wp-json\/wp\/v2\/product_tag?post=5533"}],"curies":[{"name":"wp","href":"https:\/\/api.w.org\/{rel}","templated":true}]}}