{"id":5557,"date":"2026-05-07T14:17:16","date_gmt":"2026-05-07T06:17:16","guid":{"rendered":"https:\/\/www.yongjianceramic.com\/?post_type=product&#038;p=5557"},"modified":"2026-05-07T16:18:06","modified_gmt":"2026-05-07T08:18:06","slug":"wholesale-ceramic-baking-pan-set","status":"publish","type":"product","link":"https:\/\/www.yongjianceramic.com\/es\/producto\/wholesale-ceramic-baking-pan-set\/","title":{"rendered":"Mayorista Juego de Platos de Cer\u00e1mica para Hornear, Suministro de Platos de Cer\u00e1mica Mate para Hornear"},"content":{"rendered":"<div class=\"wp-block-columns is-layout-flex wp-container-core-columns-is-layout-9d6595d7 wp-block-columns-is-layout-flex\">\n<div class=\"wp-block-column is-layout-flow wp-block-column-is-layout-flow\">\n<h2 class=\"wp-block-heading\">Juego de sartenes de cer\u00e1mica al por mayor de primera calidad Caracter\u00edsticas:<\/h2>\n\n\n\n<ul class=\"wp-block-list\">\n<li><strong>Esmalte mate Morandi:<\/strong> El juego de bandejas de cer\u00e1mica para hornear al por mayor presenta un esmalte mate de baja saturaci\u00f3n, que crea una textura suave y un aspecto elegante, haci\u00e9ndolas muy atractivas para marcas de venta al por menor, hosteler\u00eda y menaje del hogar.<\/li>\n\n\n\n<li><strong>Dise\u00f1o nido que ahorra espacio: <\/strong>El juego de utensilios de cer\u00e1mica para hornear de 3 piezas est\u00e1 dise\u00f1ado con tama\u00f1os apilables para un almacenamiento y envasado eficientes, y para mejorar la eficiencia de carga de los contenedores.<\/li>\n\n\n\n<li><strong>Grado comercial:<\/strong> Fabricado en cer\u00e1mica gruesa de alta cocci\u00f3n, este juego de cacerolas de cer\u00e1mica para hornear al por mayor proporciona una distribuci\u00f3n uniforme del calor, manteniendo las comidas calientes durante m\u00e1s tiempo y haci\u00e9ndolo ideal para restaurantes, servicios de catering y cocinas comerciales.<\/li>\n\n\n\n<li><strong>Asas antideslizantes integradas: <\/strong>El juego de sartenes de cer\u00e1mica para hornear al por mayor tiene asas ergon\u00f3micas integradas, reforzadas para mayor durabilidad y con un agarre seguro. Esta pr\u00e1ctica caracter\u00edstica mejora la seguridad y la comodidad de uso en la cocina profesional.<\/li>\n\n\n\n<li><strong>Personalizaci\u00f3n y suministro flexible al por mayor: <\/strong>Como fabricante directo de cer\u00e1mica, Yongjian admite opciones flexibles de MOQ y pedidos al por mayor. Estos sets de cer\u00e1mica para hornear de 3 piezas son ideales para las marcas que buscan probar nuevas tendencias de mercado con una menor presi\u00f3n de inventario y lanzamientos de productos m\u00e1s r\u00e1pidos.<\/li>\n<\/ul>\n<\/div>\n\n\n\n<div class=\"wp-block-column is-layout-flow wp-block-column-is-layout-flow\">\n<figure class=\"wp-block-image size-full\"><img fetchpriority=\"high\" decoding=\"async\" width=\"1000\" height=\"1000\" src=\"https:\/\/www.yongjianceramic.com\/wp-content\/uploads\/2026\/05\/wholesale-ceramic-baking-pan-set-matte-baking-dishes-supply-7.webp\" alt=\"mayorista-sartenes-ceramica-mate-platos-de-hornear-suministro-7\" class=\"wp-image-5564\" srcset=\"https:\/\/www.yongjianceramic.com\/wp-content\/uploads\/2026\/05\/wholesale-ceramic-baking-pan-set-matte-baking-dishes-supply-7.webp 1000w, https:\/\/www.yongjianceramic.com\/wp-content\/uploads\/2026\/05\/wholesale-ceramic-baking-pan-set-matte-baking-dishes-supply-7-300x300.webp 300w, https:\/\/www.yongjianceramic.com\/wp-content\/uploads\/2026\/05\/wholesale-ceramic-baking-pan-set-matte-baking-dishes-supply-7-150x150.webp 150w, https:\/\/www.yongjianceramic.com\/wp-content\/uploads\/2026\/05\/wholesale-ceramic-baking-pan-set-matte-baking-dishes-supply-7-768x768.webp 768w, https:\/\/www.yongjianceramic.com\/wp-content\/uploads\/2026\/05\/wholesale-ceramic-baking-pan-set-matte-baking-dishes-supply-7-12x12.webp 12w, https:\/\/www.yongjianceramic.com\/wp-content\/uploads\/2026\/05\/wholesale-ceramic-baking-pan-set-matte-baking-dishes-supply-7-285x285.webp 285w, https:\/\/www.yongjianceramic.com\/wp-content\/uploads\/2026\/05\/wholesale-ceramic-baking-pan-set-matte-baking-dishes-supply-7-270x270.webp 270w, https:\/\/www.yongjianceramic.com\/wp-content\/uploads\/2026\/05\/wholesale-ceramic-baking-pan-set-matte-baking-dishes-supply-7-540x540.webp 540w, https:\/\/www.yongjianceramic.com\/wp-content\/uploads\/2026\/05\/wholesale-ceramic-baking-pan-set-matte-baking-dishes-supply-7-660x660.webp 660w\" sizes=\"(max-width: 1000px) 100vw, 1000px\" \/><\/figure>\n<\/div>\n<\/div>\n\n\n\n<div class=\"wp-block-columns is-layout-flex wp-container-core-columns-is-layout-9d6595d7 wp-block-columns-is-layout-flex\">\n<div class=\"wp-block-column is-layout-flow wp-block-column-is-layout-flow\">\n<figure class=\"wp-block-image size-full is-style-default\"><img decoding=\"async\" width=\"800\" height=\"800\" src=\"https:\/\/www.yongjianceramic.com\/wp-content\/uploads\/2026\/05\/wholesale-ceramic-baking-pan-set-matte-baking-dishes-supply-1.webp\" alt=\"mayorista-sartenes-ceramica-mate-platos-de-hornear-suministro-1\" class=\"wp-image-5558\" style=\"object-fit:cover\" srcset=\"https:\/\/www.yongjianceramic.com\/wp-content\/uploads\/2026\/05\/wholesale-ceramic-baking-pan-set-matte-baking-dishes-supply-1.webp 800w, https:\/\/www.yongjianceramic.com\/wp-content\/uploads\/2026\/05\/wholesale-ceramic-baking-pan-set-matte-baking-dishes-supply-1-300x300.webp 300w, https:\/\/www.yongjianceramic.com\/wp-content\/uploads\/2026\/05\/wholesale-ceramic-baking-pan-set-matte-baking-dishes-supply-1-150x150.webp 150w, https:\/\/www.yongjianceramic.com\/wp-content\/uploads\/2026\/05\/wholesale-ceramic-baking-pan-set-matte-baking-dishes-supply-1-768x768.webp 768w, https:\/\/www.yongjianceramic.com\/wp-content\/uploads\/2026\/05\/wholesale-ceramic-baking-pan-set-matte-baking-dishes-supply-1-12x12.webp 12w, https:\/\/www.yongjianceramic.com\/wp-content\/uploads\/2026\/05\/wholesale-ceramic-baking-pan-set-matte-baking-dishes-supply-1-285x285.webp 285w, https:\/\/www.yongjianceramic.com\/wp-content\/uploads\/2026\/05\/wholesale-ceramic-baking-pan-set-matte-baking-dishes-supply-1-270x270.webp 270w, https:\/\/www.yongjianceramic.com\/wp-content\/uploads\/2026\/05\/wholesale-ceramic-baking-pan-set-matte-baking-dishes-supply-1-540x540.webp 540w, https:\/\/www.yongjianceramic.com\/wp-content\/uploads\/2026\/05\/wholesale-ceramic-baking-pan-set-matte-baking-dishes-supply-1-660x660.webp 660w\" sizes=\"(max-width: 800px) 100vw, 800px\" \/><\/figure>\n<\/div>\n\n\n\n<div class=\"wp-block-column is-layout-flow wp-block-column-is-layout-flow\">\n<figure class=\"wp-block-image size-full is-style-default\"><img decoding=\"async\" width=\"800\" height=\"800\" src=\"https:\/\/www.yongjianceramic.com\/wp-content\/uploads\/2026\/05\/wholesale-ceramic-baking-pan-set-matte-baking-dishes-supply-2.webp\" alt=\"mayorista-sartenes-ceramica-mate-platos-de-hornear-suministro-2\" class=\"wp-image-5559\" srcset=\"https:\/\/www.yongjianceramic.com\/wp-content\/uploads\/2026\/05\/wholesale-ceramic-baking-pan-set-matte-baking-dishes-supply-2.webp 800w, https:\/\/www.yongjianceramic.com\/wp-content\/uploads\/2026\/05\/wholesale-ceramic-baking-pan-set-matte-baking-dishes-supply-2-300x300.webp 300w, https:\/\/www.yongjianceramic.com\/wp-content\/uploads\/2026\/05\/wholesale-ceramic-baking-pan-set-matte-baking-dishes-supply-2-150x150.webp 150w, https:\/\/www.yongjianceramic.com\/wp-content\/uploads\/2026\/05\/wholesale-ceramic-baking-pan-set-matte-baking-dishes-supply-2-768x768.webp 768w, https:\/\/www.yongjianceramic.com\/wp-content\/uploads\/2026\/05\/wholesale-ceramic-baking-pan-set-matte-baking-dishes-supply-2-12x12.webp 12w, https:\/\/www.yongjianceramic.com\/wp-content\/uploads\/2026\/05\/wholesale-ceramic-baking-pan-set-matte-baking-dishes-supply-2-285x285.webp 285w, https:\/\/www.yongjianceramic.com\/wp-content\/uploads\/2026\/05\/wholesale-ceramic-baking-pan-set-matte-baking-dishes-supply-2-270x270.webp 270w, https:\/\/www.yongjianceramic.com\/wp-content\/uploads\/2026\/05\/wholesale-ceramic-baking-pan-set-matte-baking-dishes-supply-2-540x540.webp 540w, https:\/\/www.yongjianceramic.com\/wp-content\/uploads\/2026\/05\/wholesale-ceramic-baking-pan-set-matte-baking-dishes-supply-2-660x660.webp 660w\" sizes=\"(max-width: 800px) 100vw, 800px\" \/><\/figure>\n<\/div>\n\n\n\n<div class=\"wp-block-column is-layout-flow wp-block-column-is-layout-flow\">\n<figure class=\"wp-block-image size-full is-style-default\"><img loading=\"lazy\" decoding=\"async\" width=\"800\" height=\"800\" src=\"https:\/\/www.yongjianceramic.com\/wp-content\/uploads\/2026\/05\/wholesale-ceramic-baking-pan-set-matte-baking-dishes-supply-3.webp\" alt=\"mayorista-sartenes-ceramica-mate-platos-de-hornear-suministro-3\" class=\"wp-image-5560\" srcset=\"https:\/\/www.yongjianceramic.com\/wp-content\/uploads\/2026\/05\/wholesale-ceramic-baking-pan-set-matte-baking-dishes-supply-3.webp 800w, https:\/\/www.yongjianceramic.com\/wp-content\/uploads\/2026\/05\/wholesale-ceramic-baking-pan-set-matte-baking-dishes-supply-3-300x300.webp 300w, https:\/\/www.yongjianceramic.com\/wp-content\/uploads\/2026\/05\/wholesale-ceramic-baking-pan-set-matte-baking-dishes-supply-3-150x150.webp 150w, https:\/\/www.yongjianceramic.com\/wp-content\/uploads\/2026\/05\/wholesale-ceramic-baking-pan-set-matte-baking-dishes-supply-3-768x768.webp 768w, https:\/\/www.yongjianceramic.com\/wp-content\/uploads\/2026\/05\/wholesale-ceramic-baking-pan-set-matte-baking-dishes-supply-3-12x12.webp 12w, https:\/\/www.yongjianceramic.com\/wp-content\/uploads\/2026\/05\/wholesale-ceramic-baking-pan-set-matte-baking-dishes-supply-3-285x285.webp 285w, https:\/\/www.yongjianceramic.com\/wp-content\/uploads\/2026\/05\/wholesale-ceramic-baking-pan-set-matte-baking-dishes-supply-3-270x270.webp 270w, https:\/\/www.yongjianceramic.com\/wp-content\/uploads\/2026\/05\/wholesale-ceramic-baking-pan-set-matte-baking-dishes-supply-3-540x540.webp 540w, https:\/\/www.yongjianceramic.com\/wp-content\/uploads\/2026\/05\/wholesale-ceramic-baking-pan-set-matte-baking-dishes-supply-3-660x660.webp 660w\" sizes=\"(max-width: 800px) 100vw, 800px\" \/><\/figure>\n<\/div>\n<\/div>","protected":false},"excerpt":{"rendered":"<p>Bienvenido a comprar al por mayor nuestro juego de bandejas de cer\u00e1mica para hornear, con un moderno acabado en esmalte mate, dise\u00f1o apilable y fabricaci\u00f3n en cer\u00e1mica de calidad comercial. Dise\u00f1ado para la conveniencia de horno a la mesa, estas sartenes rectangulares combinan una est\u00e9tica elegante con un rendimiento duradero para restaurantes, minoristas, proveedores de catering, y las marcas de art\u00edculos para el hogar.<\/p>\n<table border=\"0\" width=\"346\" cellspacing=\"0\" cellpadding=\"0\">\n<tbody>\n<tr>\n<td width=\"120\" height=\"17\">Fabricante<\/td>\n<td width=\"225\">Yongjian<\/td>\n<\/tr>\n<tr>\n<td height=\"18\">N\u00ba de modelo<\/td>\n<td width=\"225\">YJ12\uff0cYJ13, YJ14<\/td>\n<\/tr>\n<tr>\n<td height=\"17\">Tipo de producto<\/td>\n<td>Molde para hornear<\/td>\n<\/tr>\n<tr>\n<td height=\"17\">Material<\/td>\n<td>Porcelana<\/td>\n<\/tr>\n<tr>\n<td height=\"17\">Forma<\/td>\n<td>Rectangular<\/td>\n<\/tr>\n<tr>\n<td height=\"17\">Color<\/td>\n<td>Azul oscuro, colores personalizados disponibles<\/td>\n<\/tr>\n<tr>\n<td height=\"53\">Dimensi\u00f3n<\/td>\n<td width=\"225\">20,3*15,2*6,4 cm<br \/>29,2*19,1*6,9 cm<br \/>35,1*22,9*7,6 cm<\/td>\n<\/tr>\n<tr>\n<td height=\"17\">MOQ<\/td>\n<td>500 unidades<\/td>\n<\/tr>\n<tr>\n<td height=\"17\">A medida<\/td>\n<td>Color\/Tama\u00f1o\/Logotipo\/Embalaje<\/td>\n<\/tr>\n<tr>\n<td height=\"17\">Paquete<\/td>\n<td>Bulk Pack\/ Caja de espuma\/ Caja marr\u00f3n<\/td>\n<\/tr>\n<\/tbody>\n<\/table>","protected":false},"featured_media":5562,"comment_status":"closed","ping_status":"closed","template":"","meta":{"_acf_changed":false},"product_brand":[],"product_cat":[62,99],"product_tag":[81],"class_list":{"0":"post-5557","1":"product","2":"type-product","3":"status-publish","4":"has-post-thumbnail","6":"product_cat-ceramic-plates-wholesale","7":"product_cat-baking-dishes-wholesale","8":"product_tag-modern-design-dinnerware-set-wholesale","10":"first","11":"instock","12":"shipping-taxable","13":"product-type-simple"},"acf":[],"_links":{"self":[{"href":"https:\/\/www.yongjianceramic.com\/es\/wp-json\/wp\/v2\/product\/5557","targetHints":{"allow":["GET"]}}],"collection":[{"href":"https:\/\/www.yongjianceramic.com\/es\/wp-json\/wp\/v2\/product"}],"about":[{"href":"https:\/\/www.yongjianceramic.com\/es\/wp-json\/wp\/v2\/types\/product"}],"replies":[{"embeddable":true,"href":"https:\/\/www.yongjianceramic.com\/es\/wp-json\/wp\/v2\/comments?post=5557"}],"wp:featuredmedia":[{"embeddable":true,"href":"https:\/\/www.yongjianceramic.com\/es\/wp-json\/wp\/v2\/media\/5562"}],"wp:attachment":[{"href":"https:\/\/www.yongjianceramic.com\/es\/wp-json\/wp\/v2\/media?parent=5557"}],"wp:term":[{"taxonomy":"product_brand","embeddable":true,"href":"https:\/\/www.yongjianceramic.com\/es\/wp-json\/wp\/v2\/product_brand?post=5557"},{"taxonomy":"product_cat","embeddable":true,"href":"https:\/\/www.yongjianceramic.com\/es\/wp-json\/wp\/v2\/product_cat?post=5557"},{"taxonomy":"product_tag","embeddable":true,"href":"https:\/\/www.yongjianceramic.com\/es\/wp-json\/wp\/v2\/product_tag?post=5557"}],"curies":[{"name":"wp","href":"https:\/\/api.w.org\/{rel}","templated":true}]}}