{"id":5569,"date":"2026-05-07T16:21:14","date_gmt":"2026-05-07T08:21:14","guid":{"rendered":"https:\/\/www.yongjianceramic.com\/?post_type=product&#038;p=5569"},"modified":"2026-05-07T17:56:05","modified_gmt":"2026-05-07T09:56:05","slug":"ceramic-pie-pan-wholesale","status":"publish","type":"product","link":"https:\/\/www.yongjianceramic.com\/es\/producto\/ceramic-pie-pan-wholesale\/","title":{"rendered":"Molde Cer\u00e1mico Redondo de 10 Pulgadas al por Mayor con Borde Acanalado"},"content":{"rendered":"<div class=\"wp-block-columns is-layout-flex wp-container-core-columns-is-layout-9d6595d7 wp-block-columns-is-layout-flex\">\n<div class=\"wp-block-column is-layout-flow wp-block-column-is-layout-flow\">\n<h2 class=\"wp-block-heading\">Sart\u00e9n de cer\u00e1mica de primera calidad al por mayor Caracter\u00edsticas:<\/h2>\n\n\n\n<ul class=\"wp-block-list\">\n<li><strong>Material cer\u00e1mico de primera calidad: <\/strong>Fabricado en cer\u00e1mica de alta cocci\u00f3n, este molde de cer\u00e1mica de 10 pulgadas para tartas al por mayor proporciona una retenci\u00f3n uniforme del calor para tartas, quiches y pasteles perfectamente horneados.<\/li>\n\n\n\n<li><strong>Elegante dise\u00f1o de bordes estriados:<\/strong> El molde para tartas de cer\u00e1mica al por mayor tiene un borde estriado cl\u00e1sico que da forma a la corteza y mejora la presentaci\u00f3n del producto en panader\u00edas, restaurantes y tiendas de utensilios de cocina. Los moldes acanalados son los preferidos para obtener productos horneados de aspecto profesional.<\/li>\n\n\n\n<li><strong>Apto para uso comercial:<\/strong> Dise\u00f1ado para la venta al por mayor y la restauraci\u00f3n, el plato de cer\u00e1mica para tartas es resistente a las altas temperaturas, los ara\u00f1azos y el uso diario en la cocina.<\/li>\n\n\n\n<li><strong>Tama\u00f1o ideal para m\u00faltiples aplicaciones de horneado: <\/strong>El molde redondo de cer\u00e1mica para tartas de 10 pulgadas es perfecto para tartas de frutas, tartas de calabaza, quiches, tartas de queso, tartas de olla y postres, lo que lo convierte en una opci\u00f3n vers\u00e1til para supermercados, marcas de reposter\u00eda y compradores de hosteler\u00eda.<\/li>\n\n\n\n<li><strong>Producci\u00f3n eficiente y flexible: <\/strong>Como fabricante, ofrecemos una r\u00e1pida capacidad de respuesta en la producci\u00f3n de nuestro molde para tartas de cer\u00e1mica de 10 pulgadas al por mayor y le ayudamos a personalizar esquemas de colores exclusivos de la marca.<\/li>\n<\/ul>\n<\/div>\n\n\n\n<div class=\"wp-block-column is-layout-flow wp-block-column-is-layout-flow\">\n<figure class=\"wp-block-image size-full\"><img fetchpriority=\"high\" decoding=\"async\" width=\"1500\" height=\"1000\" src=\"https:\/\/www.yongjianceramic.com\/wp-content\/uploads\/2026\/05\/10-inch-round-ceramic-pie-pan-wholesale-with-fluted-edge-14.webp\" alt=\"sart\u00e9n de cer\u00e1mica redonda de 10 pulgadas con borde estriado-14\" class=\"wp-image-5583\" srcset=\"https:\/\/www.yongjianceramic.com\/wp-content\/uploads\/2026\/05\/10-inch-round-ceramic-pie-pan-wholesale-with-fluted-edge-14.webp 1500w, https:\/\/www.yongjianceramic.com\/wp-content\/uploads\/2026\/05\/10-inch-round-ceramic-pie-pan-wholesale-with-fluted-edge-14-300x200.webp 300w, https:\/\/www.yongjianceramic.com\/wp-content\/uploads\/2026\/05\/10-inch-round-ceramic-pie-pan-wholesale-with-fluted-edge-14-768x512.webp 768w, https:\/\/www.yongjianceramic.com\/wp-content\/uploads\/2026\/05\/10-inch-round-ceramic-pie-pan-wholesale-with-fluted-edge-14-18x12.webp 18w, https:\/\/www.yongjianceramic.com\/wp-content\/uploads\/2026\/05\/10-inch-round-ceramic-pie-pan-wholesale-with-fluted-edge-14-285x190.webp 285w, https:\/\/www.yongjianceramic.com\/wp-content\/uploads\/2026\/05\/10-inch-round-ceramic-pie-pan-wholesale-with-fluted-edge-14-660x440.webp 660w, https:\/\/www.yongjianceramic.com\/wp-content\/uploads\/2026\/05\/10-inch-round-ceramic-pie-pan-wholesale-with-fluted-edge-14-150x100.webp 150w\" sizes=\"(max-width: 1500px) 100vw, 1500px\" \/><\/figure>\n<\/div>\n<\/div>\n\n\n\n<div class=\"wp-block-columns is-layout-flex wp-container-core-columns-is-layout-9d6595d7 wp-block-columns-is-layout-flex\">\n<div class=\"wp-block-column is-layout-flow wp-block-column-is-layout-flow\">\n<figure class=\"wp-block-image size-full\"><img decoding=\"async\" width=\"694\" height=\"640\" src=\"https:\/\/www.yongjianceramic.com\/wp-content\/uploads\/2026\/05\/10-inch-round-ceramic-pie-pan-wholesale-with-fluted-edge-11.webp\" alt=\"sart\u00e9n redonda de cer\u00e1mica de 10 pulgadas con borde estriado-11\" class=\"wp-image-5580\" srcset=\"https:\/\/www.yongjianceramic.com\/wp-content\/uploads\/2026\/05\/10-inch-round-ceramic-pie-pan-wholesale-with-fluted-edge-11.webp 694w, https:\/\/www.yongjianceramic.com\/wp-content\/uploads\/2026\/05\/10-inch-round-ceramic-pie-pan-wholesale-with-fluted-edge-11-300x277.webp 300w, https:\/\/www.yongjianceramic.com\/wp-content\/uploads\/2026\/05\/10-inch-round-ceramic-pie-pan-wholesale-with-fluted-edge-11-13x12.webp 13w, https:\/\/www.yongjianceramic.com\/wp-content\/uploads\/2026\/05\/10-inch-round-ceramic-pie-pan-wholesale-with-fluted-edge-11-285x263.webp 285w, https:\/\/www.yongjianceramic.com\/wp-content\/uploads\/2026\/05\/10-inch-round-ceramic-pie-pan-wholesale-with-fluted-edge-11-660x609.webp 660w, https:\/\/www.yongjianceramic.com\/wp-content\/uploads\/2026\/05\/10-inch-round-ceramic-pie-pan-wholesale-with-fluted-edge-11-150x138.webp 150w\" sizes=\"(max-width: 694px) 100vw, 694px\" \/><\/figure>\n<\/div>\n\n\n\n<div class=\"wp-block-column is-layout-flow wp-block-column-is-layout-flow\">\n<figure class=\"wp-block-image size-full\"><img decoding=\"async\" width=\"694\" height=\"640\" src=\"https:\/\/www.yongjianceramic.com\/wp-content\/uploads\/2026\/05\/10-inch-round-ceramic-pie-pan-wholesale-with-fluted-edge-10.webp\" alt=\"sart\u00e9n de cer\u00e1mica redonda de 10 pulgadas con borde estriado al por mayor-10\" class=\"wp-image-5579\" srcset=\"https:\/\/www.yongjianceramic.com\/wp-content\/uploads\/2026\/05\/10-inch-round-ceramic-pie-pan-wholesale-with-fluted-edge-10.webp 694w, https:\/\/www.yongjianceramic.com\/wp-content\/uploads\/2026\/05\/10-inch-round-ceramic-pie-pan-wholesale-with-fluted-edge-10-300x277.webp 300w, https:\/\/www.yongjianceramic.com\/wp-content\/uploads\/2026\/05\/10-inch-round-ceramic-pie-pan-wholesale-with-fluted-edge-10-13x12.webp 13w, https:\/\/www.yongjianceramic.com\/wp-content\/uploads\/2026\/05\/10-inch-round-ceramic-pie-pan-wholesale-with-fluted-edge-10-285x263.webp 285w, https:\/\/www.yongjianceramic.com\/wp-content\/uploads\/2026\/05\/10-inch-round-ceramic-pie-pan-wholesale-with-fluted-edge-10-660x609.webp 660w, https:\/\/www.yongjianceramic.com\/wp-content\/uploads\/2026\/05\/10-inch-round-ceramic-pie-pan-wholesale-with-fluted-edge-10-150x138.webp 150w\" sizes=\"(max-width: 694px) 100vw, 694px\" \/><\/figure>\n<\/div>\n<\/div>","protected":false},"excerpt":{"rendered":"<p>Bienvenido a comprar estos platos para hornear al por mayor de 5,5 pulgadas, que est\u00e1n dise\u00f1ados para marcas de restaurantes, panader\u00edas y servicios de alimentos que buscan utensilios para hornear de cer\u00e1mica de calidad comercial y con estilo. Mini fuentes de cer\u00e1mica para hornear con superficie esmaltada de f\u00e1cil limpieza, ideales para compras al por mayor con personalizaci\u00f3n OEM\/ODM, perfectas para hoteles, catering y marcas minoristas que buscan soluciones de cer\u00e1mica para hornear de alta calidad.<\/p>\n<table border=\"0\" width=\"346\" cellspacing=\"0\" cellpadding=\"0\">\n<tbody>\n<tr>\n<td width=\"120\" height=\"17\">Fabricante<\/td>\n<td width=\"225\">Yongjian<\/td>\n<\/tr>\n<tr>\n<td height=\"18\">N\u00ba de modelo<\/td>\n<td width=\"225\">YJ11<\/td>\n<\/tr>\n<tr>\n<td height=\"17\">Tipo de producto<\/td>\n<td>Molde para hornear<\/td>\n<\/tr>\n<tr>\n<td height=\"17\">Material<\/td>\n<td>Porcelana<\/td>\n<\/tr>\n<tr>\n<td height=\"17\">Forma<\/td>\n<td>Redondo<\/td>\n<\/tr>\n<tr>\n<td height=\"17\">Color<\/td>\n<td>Azul y blanco, colores personalizados disponibles<\/td>\n<\/tr>\n<tr>\n<td height=\"18\">Dimensi\u00f3n<\/td>\n<td width=\"225\">17*17*4,6 cm<\/td>\n<\/tr>\n<tr>\n<td height=\"17\">MOQ<\/td>\n<td>500 unidades<\/td>\n<\/tr>\n<tr>\n<td height=\"17\">A medida<\/td>\n<td>Color\/Tama\u00f1o\/Logotipo\/Embalaje<\/td>\n<\/tr>\n<tr>\n<td height=\"17\">Paquete<\/td>\n<td>Bulk Pack\/ Caja de espuma\/ Caja marr\u00f3n<\/td>\n<\/tr>\n<\/tbody>\n<\/table>","protected":false},"featured_media":5575,"comment_status":"closed","ping_status":"closed","template":"","meta":{"_acf_changed":false},"product_brand":[],"product_cat":[62,99],"product_tag":[81],"class_list":{"0":"post-5569","1":"product","2":"type-product","3":"status-publish","4":"has-post-thumbnail","6":"product_cat-ceramic-plates-wholesale","7":"product_cat-baking-dishes-wholesale","8":"product_tag-modern-design-dinnerware-set-wholesale","10":"first","11":"instock","12":"shipping-taxable","13":"product-type-simple"},"acf":[],"_links":{"self":[{"href":"https:\/\/www.yongjianceramic.com\/es\/wp-json\/wp\/v2\/product\/5569","targetHints":{"allow":["GET"]}}],"collection":[{"href":"https:\/\/www.yongjianceramic.com\/es\/wp-json\/wp\/v2\/product"}],"about":[{"href":"https:\/\/www.yongjianceramic.com\/es\/wp-json\/wp\/v2\/types\/product"}],"replies":[{"embeddable":true,"href":"https:\/\/www.yongjianceramic.com\/es\/wp-json\/wp\/v2\/comments?post=5569"}],"wp:featuredmedia":[{"embeddable":true,"href":"https:\/\/www.yongjianceramic.com\/es\/wp-json\/wp\/v2\/media\/5575"}],"wp:attachment":[{"href":"https:\/\/www.yongjianceramic.com\/es\/wp-json\/wp\/v2\/media?parent=5569"}],"wp:term":[{"taxonomy":"product_brand","embeddable":true,"href":"https:\/\/www.yongjianceramic.com\/es\/wp-json\/wp\/v2\/product_brand?post=5569"},{"taxonomy":"product_cat","embeddable":true,"href":"https:\/\/www.yongjianceramic.com\/es\/wp-json\/wp\/v2\/product_cat?post=5569"},{"taxonomy":"product_tag","embeddable":true,"href":"https:\/\/www.yongjianceramic.com\/es\/wp-json\/wp\/v2\/product_tag?post=5569"}],"curies":[{"name":"wp","href":"https:\/\/api.w.org\/{rel}","templated":true}]}}