{"id":2412,"date":"2024-08-28T07:21:14","date_gmt":"2024-08-28T07:21:14","guid":{"rendered":"https:\/\/www.yongjianceramic.com\/?post_type=product&#038;p=2412"},"modified":"2025-11-04T15:29:38","modified_gmt":"2025-11-04T07:29:38","slug":"chinese-rice-bowls-bulk","status":"publish","type":"product","link":"https:\/\/www.yongjianceramic.com\/fr\/produit\/chinese-rice-bowls-bulk\/","title":{"rendered":"4.5-Inch Chinese Rice Bowls Bulk, Custom Ceramic Bowls (bols \u00e0 riz chinois en vrac, bols en c\u00e9ramique personnalis\u00e9s)"},"content":{"rendered":"<div class=\"wp-block-columns is-layout-flex wp-container-core-columns-is-layout-9d6595d7 wp-block-columns-is-layout-flex\">\n<div class=\"wp-block-column is-layout-flow wp-block-column-is-layout-flow\">\n<h2 class=\"wp-block-heading\">Bols \u00e0 riz chinois de premi\u00e8re qualit\u00e9 en vrac Caract\u00e9ristiques :<\/h2>\n\n\n\n<ul class=\"wp-block-list\">\n<li><strong>Porcelaine de haute qualit\u00e9 : <\/strong>La porcelaine de haute qualit\u00e9 s\u00e9lectionn\u00e9e assure la durabilit\u00e9 et la s\u00e9curit\u00e9 de nos bols \u00e0 riz chinois en vrac, sans plomb ni cadmium, garantissant la s\u00e9curit\u00e9 alimentaire et la sant\u00e9, adapt\u00e9s \u00e0 une utilisation \u00e0 long terme dans les foyers et les industries de la restauration.<\/li>\n\n\n\n<li><strong>Design exquis : <\/strong>Nos bols en c\u00e9ramique en vrac adoptent un design en dentelle optimis\u00e9, d\u00e9coratif et \u00e9l\u00e9gant. Les couleurs blanc et noir pur ajoutent une touche de mode moderne et des d\u00e9tails exquis \u00e0 la table \u00e0 manger.<\/li>\n\n\n\n<li><strong>Pratique : <\/strong>Ces bols \u00e0 riz chinois en vrac conviennent non seulement pour contenir du riz, mais aussi de la soupe, des nouilles, du yaourt et d'autres aliments, et ils peuvent \u00eatre utilis\u00e9s au micro-ondes et au four pour r\u00e9pondre \u00e0 divers besoins alimentaires quotidiens.<\/li>\n\n\n\n<li><strong>Facile \u00e0 nettoyer : <\/strong>La surface lisse de nos bols en c\u00e9ramique en vrac les rend faciles \u00e0 nettoyer, ce qui permet de les laver \u00e0 la main ou au lave-vaisselle, d'\u00e9conomiser du temps et de l'\u00e9nergie, et de les garder propres et brillants pendant longtemps.<\/li>\n<\/ul>\n<\/div>\n\n\n\n<div class=\"wp-block-column is-vertically-aligned-center is-layout-flow wp-block-column-is-layout-flow\"><div class=\"wp-block-image\">\n<figure class=\"aligncenter size-full\"><img fetchpriority=\"high\" decoding=\"async\" width=\"750\" height=\"750\" src=\"https:\/\/www.yongjianceramic.com\/wp-content\/uploads\/2024\/08\/4.5-Inch-Chinese-Rice-Bowls-Bulk-Wholesale-Ceramic-Bowls-3.webp\" alt=\"4.5-Inch Chinese Rice Bowls Bulk, Wholesale Ceramic Bowls-3\" class=\"wp-image-2994\" srcset=\"https:\/\/www.yongjianceramic.com\/wp-content\/uploads\/2024\/08\/4.5-Inch-Chinese-Rice-Bowls-Bulk-Wholesale-Ceramic-Bowls-3.webp 750w, https:\/\/www.yongjianceramic.com\/wp-content\/uploads\/2024\/08\/4.5-Inch-Chinese-Rice-Bowls-Bulk-Wholesale-Ceramic-Bowls-3-300x300.webp 300w, https:\/\/www.yongjianceramic.com\/wp-content\/uploads\/2024\/08\/4.5-Inch-Chinese-Rice-Bowls-Bulk-Wholesale-Ceramic-Bowls-3-150x150.webp 150w, https:\/\/www.yongjianceramic.com\/wp-content\/uploads\/2024\/08\/4.5-Inch-Chinese-Rice-Bowls-Bulk-Wholesale-Ceramic-Bowls-3-12x12.webp 12w, https:\/\/www.yongjianceramic.com\/wp-content\/uploads\/2024\/08\/4.5-Inch-Chinese-Rice-Bowls-Bulk-Wholesale-Ceramic-Bowls-3-285x285.webp 285w, https:\/\/www.yongjianceramic.com\/wp-content\/uploads\/2024\/08\/4.5-Inch-Chinese-Rice-Bowls-Bulk-Wholesale-Ceramic-Bowls-3-270x270.webp 270w, https:\/\/www.yongjianceramic.com\/wp-content\/uploads\/2024\/08\/4.5-Inch-Chinese-Rice-Bowls-Bulk-Wholesale-Ceramic-Bowls-3-540x540.webp 540w, https:\/\/www.yongjianceramic.com\/wp-content\/uploads\/2024\/08\/4.5-Inch-Chinese-Rice-Bowls-Bulk-Wholesale-Ceramic-Bowls-3-660x660.webp 660w\" sizes=\"(max-width: 750px) 100vw, 750px\" \/><\/figure>\n<\/div><\/div>\n<\/div>","protected":false},"excerpt":{"rendered":"<p>Nous vous invitons \u00e0 acheter en gros des bols en c\u00e9ramique. Nos bols \u00e0 riz chinois en vrac sont r\u00e9put\u00e9s pour leur haute qualit\u00e9 et leur praticit\u00e9. Non seulement ces bols en c\u00e9ramique magnifiquement con\u00e7us sont durables et faciles \u00e0 nettoyer, mais ils peuvent r\u00e9pondre \u00e0 une grande vari\u00e9t\u00e9 de besoins en mati\u00e8re de restauration, ce qui les rend id\u00e9aux pour la maison et l'industrie de la restauration.<\/p>\n<table style=\"border-collapse: collapse; width: 275.02pt;\" border=\"0\" width=\"275\" cellspacing=\"0\" cellpadding=\"0\">\n<tbody>\n<tr style=\"height: 17.60pt;\">\n<td class=\"et3\" style=\"height: 17.60pt; width: 108.35pt;\" width=\"108\" height=\"17\">Fabricant<\/td>\n<td class=\"et3\" style=\"width: 167.10pt;\" width=\"167\">Yongjian<\/td>\n<\/tr>\n<tr style=\"height: 17.60pt;\">\n<td class=\"et3\" style=\"height: 17.60pt;\" height=\"17\">Num\u00e9ro de mod\u00e8le<\/td>\n<td class=\"et4\">YJ-015<\/td>\n<\/tr>\n<tr style=\"height: 17.60pt;\">\n<td class=\"et3\" style=\"height: 17.60pt;\" height=\"17\">Type de produit<\/td>\n<td class=\"et3\">Bol de riz<\/td>\n<\/tr>\n<tr style=\"height: 17.60pt;\">\n<td class=\"et3\" style=\"height: 17.60pt;\" height=\"17\">Mat\u00e9riau<\/td>\n<td class=\"et3\">Porcelaine<\/td>\n<\/tr>\n<tr style=\"height: 17.60pt;\">\n<td class=\"et4\" style=\"height: 17.60pt;\" height=\"17\">Couleur<\/td>\n<td class=\"et3\">Blanc\/ Noir<\/td>\n<\/tr>\n<tr style=\"height: 18.00pt;\">\n<td class=\"et3\" style=\"height: 18.00pt;\" height=\"18\">Dimension<\/td>\n<td class=\"et5\" style=\"width: 167.10pt;\" width=\"167\">Bol de 4,5 pouces, 12*12*6<\/td>\n<\/tr>\n<tr style=\"height: 17.60pt;\">\n<td class=\"et3\" style=\"height: 17.60pt;\" height=\"17\">MOQ<\/td>\n<td class=\"et3\">500pcs<\/td>\n<\/tr>\n<tr style=\"height: 17.60pt;\">\n<td class=\"et3\" style=\"height: 17.60pt;\" height=\"17\">Sur mesure<\/td>\n<td class=\"et3\">Couleur\/Taille\/Logo\/Emballage<\/td>\n<\/tr>\n<\/tbody>\n<\/table>","protected":false},"featured_media":2992,"comment_status":"closed","ping_status":"closed","template":"","meta":{"_acf_changed":false},"product_brand":[],"product_cat":[72,63],"product_tag":[96],"class_list":{"0":"post-2412","1":"product","2":"type-product","3":"status-publish","4":"has-post-thumbnail","6":"product_cat-rice-bowls-bulk","7":"product_cat-wholesale-bowls","8":"product_tag-black-white-dinnerware-wholesale","10":"first","11":"instock","12":"shipping-taxable","13":"product-type-simple"},"acf":[],"_links":{"self":[{"href":"https:\/\/www.yongjianceramic.com\/fr\/wp-json\/wp\/v2\/product\/2412","targetHints":{"allow":["GET"]}}],"collection":[{"href":"https:\/\/www.yongjianceramic.com\/fr\/wp-json\/wp\/v2\/product"}],"about":[{"href":"https:\/\/www.yongjianceramic.com\/fr\/wp-json\/wp\/v2\/types\/product"}],"replies":[{"embeddable":true,"href":"https:\/\/www.yongjianceramic.com\/fr\/wp-json\/wp\/v2\/comments?post=2412"}],"wp:featuredmedia":[{"embeddable":true,"href":"https:\/\/www.yongjianceramic.com\/fr\/wp-json\/wp\/v2\/media\/2992"}],"wp:attachment":[{"href":"https:\/\/www.yongjianceramic.com\/fr\/wp-json\/wp\/v2\/media?parent=2412"}],"wp:term":[{"taxonomy":"product_brand","embeddable":true,"href":"https:\/\/www.yongjianceramic.com\/fr\/wp-json\/wp\/v2\/product_brand?post=2412"},{"taxonomy":"product_cat","embeddable":true,"href":"https:\/\/www.yongjianceramic.com\/fr\/wp-json\/wp\/v2\/product_cat?post=2412"},{"taxonomy":"product_tag","embeddable":true,"href":"https:\/\/www.yongjianceramic.com\/fr\/wp-json\/wp\/v2\/product_tag?post=2412"}],"curies":[{"name":"wp","href":"https:\/\/api.w.org\/{rel}","templated":true}]}}