{"id":2421,"date":"2024-08-28T07:24:34","date_gmt":"2024-08-28T07:24:34","guid":{"rendered":"https:\/\/www.yongjianceramic.com\/?post_type=product&#038;p=2421"},"modified":"2025-11-04T15:35:34","modified_gmt":"2025-11-04T07:35:34","slug":"porcelain-soup-bowls-wholesale","status":"publish","type":"product","link":"https:\/\/www.yongjianceramic.com\/fr\/produit\/porcelain-soup-bowls-wholesale\/","title":{"rendered":"8-Inch Porcelain Soup Bowls Wholesale, Noodle Bowls Supply"},"content":{"rendered":"<div class=\"wp-block-columns is-layout-flex wp-container-core-columns-is-layout-9d6595d7 wp-block-columns-is-layout-flex\">\n<div class=\"wp-block-column is-layout-flow wp-block-column-is-layout-flow\">\n<h2 class=\"wp-block-heading\">Bols \u00e0 soupe en porcelaine de qualit\u00e9 sup\u00e9rieure Caract\u00e9ristiques :<\/h2>\n\n\n\n<ul class=\"wp-block-list\">\n<li><strong>Conception unique : <\/strong>Ces bols \u00e0 soupe en porcelaine adoptent un design en dentelle de feuille de lotus, avec une forme unique et originale, qui convient parfaitement \u00e0 la restauration haut de gamme et aux repas en famille.<\/li>\n\n\n\n<li><strong>Choisissez des c\u00e9ramiques s\u00fbres et de qualit\u00e9 :<\/strong> Nos bols en c\u00e9ramique en vrac sont fabriqu\u00e9s en porcelaine durable et de qualit\u00e9, et pr\u00e9sentent une excellente r\u00e9sistance \u00e0 la chaleur. Ils ne se cassent pas facilement, ne s'usent pas et ne perdent pas leur couleur en cas d'utilisation prolong\u00e9e, tout en conservant l'\u00e9clat du bol.<\/li>\n\n\n\n<li><strong>Vaisselle fonctionnelle :<\/strong> Ces bols \u00e0 soupe en porcelaine ne conviennent pas seulement aux soupes, mais aussi au riz, aux salades, aux nouilles et \u00e0 d'autres aliments. Ce sont des bols id\u00e9aux pour satisfaire les diverses options de repas au restaurant et\/ou \u00e0 la maison.<\/li>\n\n\n\n<li><strong>Lisse\/d\u00e9licat :<\/strong> Nos bols en c\u00e9ramique en vrac ont une surface lisse et d\u00e9licate et se lavent facilement ; ils peuvent \u00eatre lav\u00e9s \u00e0 la main ou au lave-vaisselle. Pour gagner du temps et de l'\u00e9nergie tout en les gardant propres et hygi\u00e9niques.<\/li>\n<\/ul>\n<\/div>\n\n\n\n<div class=\"wp-block-column is-vertically-aligned-center is-layout-flow wp-block-column-is-layout-flow\"><div class=\"wp-block-image\">\n<figure class=\"aligncenter size-full\"><img fetchpriority=\"high\" decoding=\"async\" width=\"750\" height=\"750\" src=\"https:\/\/www.yongjianceramic.com\/wp-content\/uploads\/2024\/08\/8-Inch-Porcelain-Soup-Bowls-Wholesale-Bulk-Noodle-Bowls-6.webp\" alt=\"8-Inch Porcelain Soup Bowls Wholesale, Bulk Noodle Bowls-6\" class=\"wp-image-3005\" srcset=\"https:\/\/www.yongjianceramic.com\/wp-content\/uploads\/2024\/08\/8-Inch-Porcelain-Soup-Bowls-Wholesale-Bulk-Noodle-Bowls-6.webp 750w, https:\/\/www.yongjianceramic.com\/wp-content\/uploads\/2024\/08\/8-Inch-Porcelain-Soup-Bowls-Wholesale-Bulk-Noodle-Bowls-6-300x300.webp 300w, https:\/\/www.yongjianceramic.com\/wp-content\/uploads\/2024\/08\/8-Inch-Porcelain-Soup-Bowls-Wholesale-Bulk-Noodle-Bowls-6-150x150.webp 150w, https:\/\/www.yongjianceramic.com\/wp-content\/uploads\/2024\/08\/8-Inch-Porcelain-Soup-Bowls-Wholesale-Bulk-Noodle-Bowls-6-12x12.webp 12w, https:\/\/www.yongjianceramic.com\/wp-content\/uploads\/2024\/08\/8-Inch-Porcelain-Soup-Bowls-Wholesale-Bulk-Noodle-Bowls-6-285x285.webp 285w, https:\/\/www.yongjianceramic.com\/wp-content\/uploads\/2024\/08\/8-Inch-Porcelain-Soup-Bowls-Wholesale-Bulk-Noodle-Bowls-6-270x270.webp 270w, https:\/\/www.yongjianceramic.com\/wp-content\/uploads\/2024\/08\/8-Inch-Porcelain-Soup-Bowls-Wholesale-Bulk-Noodle-Bowls-6-540x540.webp 540w, https:\/\/www.yongjianceramic.com\/wp-content\/uploads\/2024\/08\/8-Inch-Porcelain-Soup-Bowls-Wholesale-Bulk-Noodle-Bowls-6-660x660.webp 660w\" sizes=\"(max-width: 750px) 100vw, 750px\" \/><\/figure>\n<\/div><\/div>\n<\/div>","protected":false},"excerpt":{"rendered":"<p>Bienvenue pour acheter des bols en porcelaine en gros. Nos bols \u00e0 soupe en porcelaine en gros offrent un design unique et une durabilit\u00e9 qui am\u00e9liorent votre exp\u00e9rience culinaire, que ce soit au restaurant ou \u00e0 la maison. Facile \u00e0 laver, \u00e0 nettoyer et \u00e0 entretenir, la vaisselle de tous les jours est conquise et efficace.<\/p>\n<table style=\"border-collapse: collapse; width: 275.02pt;\" border=\"0\" width=\"275\" cellspacing=\"0\" cellpadding=\"0\">\n<tbody>\n<tr style=\"height: 17.60pt;\">\n<td class=\"et3\" style=\"height: 17.60pt; width: 108.35pt;\" width=\"108\" height=\"17\">Fabricant<\/td>\n<td class=\"et3\" style=\"width: 167.10pt;\" width=\"167\">Yongjian<\/td>\n<\/tr>\n<tr style=\"height: 17.60pt;\">\n<td class=\"et3\" style=\"height: 17.60pt;\" height=\"17\">Num\u00e9ro de mod\u00e8le<\/td>\n<td class=\"et4\">YJ-001<\/td>\n<\/tr>\n<tr style=\"height: 17.60pt;\">\n<td class=\"et3\" style=\"height: 17.60pt;\" height=\"17\">Type de produit<\/td>\n<td class=\"et4\">Bol \u00e0 soupe<\/td>\n<\/tr>\n<tr style=\"height: 17.60pt;\">\n<td class=\"et3\" style=\"height: 17.60pt;\" height=\"17\">Mat\u00e9riau<\/td>\n<td class=\"et3\">Porcelaine<\/td>\n<\/tr>\n<tr style=\"height: 17.60pt;\">\n<td class=\"et4\" style=\"height: 17.60pt;\" height=\"17\">Couleur<\/td>\n<td class=\"et3\">Blanc\/ Noir<\/td>\n<\/tr>\n<tr style=\"height: 36.00pt;\">\n<td class=\"et3\" style=\"height: 36.00pt;\" height=\"36\">Dimension<\/td>\n<td class=\"et5\" style=\"width: 167.10pt;\" width=\"167\">Bol \u00e0 soupe de 8 pouces, 20.2*20.2*6<\/td>\n<\/tr>\n<tr style=\"height: 17.60pt;\">\n<td class=\"et3\" style=\"height: 17.60pt;\" height=\"17\">MOQ<\/td>\n<td class=\"et3\">500pcs<\/td>\n<\/tr>\n<tr style=\"height: 17.60pt;\">\n<td class=\"et3\" style=\"height: 17.60pt;\" height=\"17\">Sur mesure<\/td>\n<td class=\"et3\">Couleur\/Taille\/Logo\/Emballage<\/td>\n<\/tr>\n<\/tbody>\n<\/table>","protected":false},"featured_media":3002,"comment_status":"closed","ping_status":"closed","template":"","meta":{"_acf_changed":false},"product_brand":[],"product_cat":[73,63],"product_tag":[96],"class_list":{"0":"post-2421","1":"product","2":"type-product","3":"status-publish","4":"has-post-thumbnail","6":"product_cat-bulk-soup-bowls","7":"product_cat-wholesale-bowls","8":"product_tag-black-white-dinnerware-wholesale","10":"first","11":"instock","12":"shipping-taxable","13":"product-type-simple"},"acf":[],"_links":{"self":[{"href":"https:\/\/www.yongjianceramic.com\/fr\/wp-json\/wp\/v2\/product\/2421","targetHints":{"allow":["GET"]}}],"collection":[{"href":"https:\/\/www.yongjianceramic.com\/fr\/wp-json\/wp\/v2\/product"}],"about":[{"href":"https:\/\/www.yongjianceramic.com\/fr\/wp-json\/wp\/v2\/types\/product"}],"replies":[{"embeddable":true,"href":"https:\/\/www.yongjianceramic.com\/fr\/wp-json\/wp\/v2\/comments?post=2421"}],"wp:featuredmedia":[{"embeddable":true,"href":"https:\/\/www.yongjianceramic.com\/fr\/wp-json\/wp\/v2\/media\/3002"}],"wp:attachment":[{"href":"https:\/\/www.yongjianceramic.com\/fr\/wp-json\/wp\/v2\/media?parent=2421"}],"wp:term":[{"taxonomy":"product_brand","embeddable":true,"href":"https:\/\/www.yongjianceramic.com\/fr\/wp-json\/wp\/v2\/product_brand?post=2421"},{"taxonomy":"product_cat","embeddable":true,"href":"https:\/\/www.yongjianceramic.com\/fr\/wp-json\/wp\/v2\/product_cat?post=2421"},{"taxonomy":"product_tag","embeddable":true,"href":"https:\/\/www.yongjianceramic.com\/fr\/wp-json\/wp\/v2\/product_tag?post=2421"}],"curies":[{"name":"wp","href":"https:\/\/api.w.org\/{rel}","templated":true}]}}