{"id":2443,"date":"2024-08-28T08:54:02","date_gmt":"2024-08-28T08:54:02","guid":{"rendered":"https:\/\/www.yongjianceramic.com\/?post_type=product&#038;p=2443"},"modified":"2024-12-04T11:19:21","modified_gmt":"2024-12-04T03:19:21","slug":"soup-bowls-with-handles-bulk","status":"publish","type":"product","link":"https:\/\/www.yongjianceramic.com\/fr\/produit\/soup-bowls-with-handles-bulk\/","title":{"rendered":"10-Inch Soup Bowls With Handles Bulk, Wholesale Serving Bowls (bols \u00e0 soupe avec poign\u00e9es en vrac)"},"content":{"rendered":"<div class=\"wp-block-columns is-layout-flex wp-container-core-columns-is-layout-9d6595d7 wp-block-columns-is-layout-flex\">\n<div class=\"wp-block-column is-layout-flow wp-block-column-is-layout-flow\">\n<h2 class=\"wp-block-heading\">Bols \u00e0 soupe de qualit\u00e9 sup\u00e9rieure avec poign\u00e9es Caract\u00e9ristiques en vrac :<\/h2>\n\n\n\n<ul class=\"wp-block-list\">\n<li><strong>Conception de la poign\u00e9e : <\/strong>Ces bols \u00e0 soupe avec poign\u00e9es en vrac sont faciles \u00e0 transporter et \u00e0 d\u00e9placer, r\u00e9duisant ainsi le risque de renversement de la soupe chaude et de br\u00fblure. Ils conviennent parfaitement au service d'aliments chauds tels que les soupes et les rago\u00fbts.<\/li>\n\n\n\n<li><strong>Robuste et durable : <\/strong>Le corps de nos bols de service en gros est fabriqu\u00e9 en c\u00e9ramique de haute qualit\u00e9, qui est robuste et durable, r\u00e9sistante aux temp\u00e9ratures \u00e9lev\u00e9es et \u00e0 la fissuration, ce qui garantit qu'elle conserve un aspect brillant et une int\u00e9grit\u00e9 structurelle apr\u00e8s une utilisation \u00e0 long terme.<\/li>\n\n\n\n<li><strong>Grande capacit\u00e9 :<\/strong> Ces bols \u00e0 soupe avec poign\u00e9es de grande capacit\u00e9 conviennent \u00e0 une grande vari\u00e9t\u00e9 d'aliments, tels que les soupes, les rago\u00fbts, le porridge, etc. C'est un choix id\u00e9al pour les tables familiales, les restaurants et les caf\u00e9s, et il peut r\u00e9pondre aux besoins des repas en diff\u00e9rentes occasions.<\/li>\n\n\n\n<li><strong>Conception facile \u00e0 nettoyer : <\/strong>La surface lisse de la c\u00e9ramique rend nos bols de service faciles \u00e0 nettoyer. Ils peuvent \u00eatre lav\u00e9s \u00e0 la main ou au lave-vaisselle, ce qui permet d'\u00e9conomiser du temps et de l'\u00e9nergie tout en gardant les bols hygi\u00e9niques et propres.<\/li>\n<\/ul>\n<\/div>\n\n\n\n<div class=\"wp-block-column is-vertically-aligned-center is-layout-flow wp-block-column-is-layout-flow\"><div class=\"wp-block-image\">\n<figure class=\"aligncenter size-full\"><img fetchpriority=\"high\" decoding=\"async\" width=\"750\" height=\"750\" src=\"https:\/\/www.yongjianceramic.com\/wp-content\/uploads\/2024\/08\/Soup-Bowls-With-Handles-Bulk-Wholesale-Serving-Bowls-5.webp\" alt=\"Bols \u00e0 soupe avec poign\u00e9es Bulk, Wholesale Serving Bowls-5\" class=\"wp-image-3016\" srcset=\"https:\/\/www.yongjianceramic.com\/wp-content\/uploads\/2024\/08\/Soup-Bowls-With-Handles-Bulk-Wholesale-Serving-Bowls-5.webp 750w, https:\/\/www.yongjianceramic.com\/wp-content\/uploads\/2024\/08\/Soup-Bowls-With-Handles-Bulk-Wholesale-Serving-Bowls-5-300x300.webp 300w, https:\/\/www.yongjianceramic.com\/wp-content\/uploads\/2024\/08\/Soup-Bowls-With-Handles-Bulk-Wholesale-Serving-Bowls-5-150x150.webp 150w, https:\/\/www.yongjianceramic.com\/wp-content\/uploads\/2024\/08\/Soup-Bowls-With-Handles-Bulk-Wholesale-Serving-Bowls-5-12x12.webp 12w, https:\/\/www.yongjianceramic.com\/wp-content\/uploads\/2024\/08\/Soup-Bowls-With-Handles-Bulk-Wholesale-Serving-Bowls-5-285x285.webp 285w, https:\/\/www.yongjianceramic.com\/wp-content\/uploads\/2024\/08\/Soup-Bowls-With-Handles-Bulk-Wholesale-Serving-Bowls-5-270x270.webp 270w, https:\/\/www.yongjianceramic.com\/wp-content\/uploads\/2024\/08\/Soup-Bowls-With-Handles-Bulk-Wholesale-Serving-Bowls-5-540x540.webp 540w, https:\/\/www.yongjianceramic.com\/wp-content\/uploads\/2024\/08\/Soup-Bowls-With-Handles-Bulk-Wholesale-Serving-Bowls-5-660x660.webp 660w\" sizes=\"(max-width: 750px) 100vw, 750px\" \/><\/figure>\n<\/div><\/div>\n<\/div>","protected":false},"excerpt":{"rendered":"<p>Nous vous invitons \u00e0 acheter des bols \u00e0 anses en vrac. Alliant praticit\u00e9 et \u00e9l\u00e9gance, ces bols \u00e0 soupe en c\u00e9ramique de 10 pouces avec poign\u00e9es en vrac sont un choix id\u00e9al pour servir une vari\u00e9t\u00e9 de soupes et de rago\u00fbts, pratiques \u00e0 utiliser et faciles \u00e0 nettoyer.<\/p>\n<table style=\"border-collapse: collapse; width: 365.02pt;\" border=\"0\" width=\"365\" cellspacing=\"0\" cellpadding=\"0\">\n<tbody>\n<tr style=\"height: 17.60pt;\">\n<td class=\"et3\" style=\"height: 17.60pt; width: 120.25pt;\" width=\"120\" height=\"17\">Fabricant<\/td>\n<td class=\"et3\" style=\"width: 245.25pt;\" width=\"245\">Yongjian<\/td>\n<\/tr>\n<tr style=\"height: 18.00pt;\">\n<td class=\"et3\" style=\"height: 18.00pt;\" height=\"18\">Num\u00e9ro de mod\u00e8le<\/td>\n<td class=\"et4\" style=\"width: 245.25pt;\" width=\"245\">YJ-002<\/td>\n<\/tr>\n<tr style=\"height: 18.00pt;\">\n<td class=\"et3\" style=\"height: 18.00pt;\" height=\"18\">Type de produit<\/td>\n<td class=\"et4\" style=\"width: 245.25pt;\" width=\"245\">Bols \u00e0 poign\u00e9e, bols \u00e0 servir et saladiers<\/td>\n<\/tr>\n<tr style=\"height: 17.60pt;\">\n<td class=\"et3\" style=\"height: 17.60pt;\" height=\"17\">Mat\u00e9riau<\/td>\n<td class=\"et3\">Porcelaine<\/td>\n<\/tr>\n<tr style=\"height: 17.60pt;\">\n<td class=\"et5\" style=\"height: 17.60pt;\" height=\"17\">Couleur<\/td>\n<td class=\"et3\">Blanc\/ Noir<\/td>\n<\/tr>\n<tr style=\"height: 18.00pt;\">\n<td class=\"et3\" style=\"height: 18.00pt;\" height=\"18\">Dimension<\/td>\n<td class=\"et4\" style=\"width: 245.25pt;\" width=\"245\">24.7*21*6.5<\/td>\n<\/tr>\n<tr style=\"height: 17.60pt;\">\n<td class=\"et3\" style=\"height: 17.60pt;\" height=\"17\">MOQ<\/td>\n<td class=\"et3\">500pcs<\/td>\n<\/tr>\n<tr style=\"height: 17.60pt;\">\n<td class=\"et3\" style=\"height: 17.60pt;\" height=\"17\">Sur mesure<\/td>\n<td class=\"et3\">Couleur\/Taille\/Logo\/Emballage<\/td>\n<\/tr>\n<\/tbody>\n<\/table>","protected":false},"featured_media":3017,"comment_status":"closed","ping_status":"closed","template":"","meta":{"_acf_changed":false},"product_brand":[],"product_cat":[75,63,74],"product_tag":[96],"class_list":{"0":"post-2443","1":"product","2":"type-product","3":"status-publish","4":"has-post-thumbnail","6":"product_cat-handled-bowls-wholesale","7":"product_cat-wholesale-bowls","8":"product_cat-bulk-serving-bowls","9":"product_tag-black-white-dinnerware-wholesale","11":"first","12":"instock","13":"shipping-taxable","14":"product-type-simple"},"acf":[],"_links":{"self":[{"href":"https:\/\/www.yongjianceramic.com\/fr\/wp-json\/wp\/v2\/product\/2443","targetHints":{"allow":["GET"]}}],"collection":[{"href":"https:\/\/www.yongjianceramic.com\/fr\/wp-json\/wp\/v2\/product"}],"about":[{"href":"https:\/\/www.yongjianceramic.com\/fr\/wp-json\/wp\/v2\/types\/product"}],"replies":[{"embeddable":true,"href":"https:\/\/www.yongjianceramic.com\/fr\/wp-json\/wp\/v2\/comments?post=2443"}],"wp:featuredmedia":[{"embeddable":true,"href":"https:\/\/www.yongjianceramic.com\/fr\/wp-json\/wp\/v2\/media\/3017"}],"wp:attachment":[{"href":"https:\/\/www.yongjianceramic.com\/fr\/wp-json\/wp\/v2\/media?parent=2443"}],"wp:term":[{"taxonomy":"product_brand","embeddable":true,"href":"https:\/\/www.yongjianceramic.com\/fr\/wp-json\/wp\/v2\/product_brand?post=2443"},{"taxonomy":"product_cat","embeddable":true,"href":"https:\/\/www.yongjianceramic.com\/fr\/wp-json\/wp\/v2\/product_cat?post=2443"},{"taxonomy":"product_tag","embeddable":true,"href":"https:\/\/www.yongjianceramic.com\/fr\/wp-json\/wp\/v2\/product_tag?post=2443"}],"curies":[{"name":"wp","href":"https:\/\/api.w.org\/{rel}","templated":true}]}}