{"id":2453,"date":"2024-08-28T09:32:15","date_gmt":"2024-08-28T09:32:15","guid":{"rendered":"https:\/\/www.yongjianceramic.com\/?post_type=product&#038;p=2453"},"modified":"2024-12-04T10:09:51","modified_gmt":"2024-12-04T02:09:51","slug":"bulk-serving-platters","status":"publish","type":"product","link":"https:\/\/www.yongjianceramic.com\/fr\/produit\/bulk-serving-platters\/","title":{"rendered":"Plateaux de service en vrac, Plateaux en c\u00e9ramique de grande taille fournis par l'usine, vente en gros"},"content":{"rendered":"<div class=\"wp-block-columns is-layout-flex wp-container-core-columns-is-layout-9d6595d7 wp-block-columns-is-layout-flex\">\n<div class=\"wp-block-column is-layout-flow wp-block-column-is-layout-flow\">\n<h2 class=\"wp-block-heading\">Plateaux de service en vrac de qualit\u00e9 sup\u00e9rieure Caract\u00e9ristiques :<\/h2>\n\n\n\n<ul class=\"wp-block-list\">\n<li><strong>Conception de grande taille :<\/strong> Ces plats de service en vrac sont de grande taille et conviennent pour servir des plats principaux, des plateaux, des salades et d'autres plats. Ils offrent suffisamment d'espace sur la table \u00e0 manger pour r\u00e9pondre aux diff\u00e9rents besoins des convives.<\/li>\n\n\n\n<li><strong>R\u00e9sistant \u00e0 la chaleur et durable : <\/strong>Nos assiettes en c\u00e9ramique sont fabriqu\u00e9es en porcelaine de haute qualit\u00e9, avec une excellente r\u00e9sistance \u00e0 la chaleur et une grande durabilit\u00e9, ce qui permet \u00e0 la surface de l'assiette de rester lisse et belle pendant longtemps. Elles conviennent \u00e0 un usage quotidien et \u00e0 des occasions de restauration professionnelle.<\/li>\n\n\n\n<li><strong>Convient \u00e0 diverses tables de salle \u00e0 manger :<\/strong> Ces plateaux de service en vrac ont un design simple et \u00e9l\u00e9gant, avec des surfaces lisses et d\u00e9licates. Ils conviennent \u00e0 diff\u00e9rents styles de tables, des r\u00e9unions familiales aux restaurants haut de gamme, ce qui peut am\u00e9liorer l'exp\u00e9rience gastronomique et apporter aux clients un double plaisir visuel et gustatif.<\/li>\n\n\n\n<li><strong>Passe au lave-vaisselle : <\/strong>La surface de nos assiettes en c\u00e9ramique de gros est facile \u00e0 nettoyer, ne laisse pas facilement de taches d'huile ou de r\u00e9sidus alimentaires, et peut \u00eatre lav\u00e9e \u00e0 la main ou au lave-vaisselle, ce qui garantit un nettoyage rapide apr\u00e8s chaque utilisation et la s\u00e9curit\u00e9 hygi\u00e9nique des assiettes.<\/li>\n<\/ul>\n<\/div>\n\n\n\n<div class=\"wp-block-column is-vertically-aligned-center is-layout-flow wp-block-column-is-layout-flow\"><div class=\"wp-block-image\">\n<figure class=\"aligncenter size-full\"><img fetchpriority=\"high\" decoding=\"async\" width=\"750\" height=\"750\" src=\"https:\/\/www.yongjianceramic.com\/wp-content\/uploads\/2024\/08\/Bulk-Serving-Platters-Factory-Wholesale-Ceramic-Plates-1.webp\" alt=\"Plateaux de service en vrac, Plateaux en c\u00e9ramique en gros-1\" class=\"wp-image-3022\" srcset=\"https:\/\/www.yongjianceramic.com\/wp-content\/uploads\/2024\/08\/Bulk-Serving-Platters-Factory-Wholesale-Ceramic-Plates-1.webp 750w, https:\/\/www.yongjianceramic.com\/wp-content\/uploads\/2024\/08\/Bulk-Serving-Platters-Factory-Wholesale-Ceramic-Plates-1-300x300.webp 300w, https:\/\/www.yongjianceramic.com\/wp-content\/uploads\/2024\/08\/Bulk-Serving-Platters-Factory-Wholesale-Ceramic-Plates-1-150x150.webp 150w, https:\/\/www.yongjianceramic.com\/wp-content\/uploads\/2024\/08\/Bulk-Serving-Platters-Factory-Wholesale-Ceramic-Plates-1-12x12.webp 12w, https:\/\/www.yongjianceramic.com\/wp-content\/uploads\/2024\/08\/Bulk-Serving-Platters-Factory-Wholesale-Ceramic-Plates-1-285x285.webp 285w, https:\/\/www.yongjianceramic.com\/wp-content\/uploads\/2024\/08\/Bulk-Serving-Platters-Factory-Wholesale-Ceramic-Plates-1-270x270.webp 270w, https:\/\/www.yongjianceramic.com\/wp-content\/uploads\/2024\/08\/Bulk-Serving-Platters-Factory-Wholesale-Ceramic-Plates-1-540x540.webp 540w, https:\/\/www.yongjianceramic.com\/wp-content\/uploads\/2024\/08\/Bulk-Serving-Platters-Factory-Wholesale-Ceramic-Plates-1-660x660.webp 660w\" sizes=\"(max-width: 750px) 100vw, 750px\" \/><\/figure>\n<\/div><\/div>\n<\/div>","protected":false},"excerpt":{"rendered":"<p>Nous vous invitons \u00e0 acheter des assiettes en c\u00e9ramique en vrac. Ces grandes assiettes de service en vrac sont un choix id\u00e9al pour leur c\u00f4t\u00e9 pratique, leur haute qualit\u00e9 et leur design simple et \u00e9l\u00e9gant. Qu'il s'agisse d'une utilisation quotidienne \u00e0 la maison ou d'achats en gros par les restaurants et les h\u00f4tels, ces assiettes peuvent apporter une excellente exp\u00e9rience culinaire et un effet d\u00e9coratif.<\/p>\n<table style=\"border-collapse: collapse; width: 275.02pt;\" border=\"0\" width=\"275\" cellspacing=\"0\" cellpadding=\"0\">\n<tbody>\n<tr style=\"height: 17.60pt;\">\n<td class=\"et3\" style=\"height: 17.60pt; width: 108.35pt;\" width=\"108\" height=\"17\">Fabricant<\/td>\n<td class=\"et3\" style=\"width: 167.10pt;\" width=\"167\">Yongjian<\/td>\n<\/tr>\n<tr style=\"height: 18.00pt;\">\n<td class=\"et3\" style=\"height: 18.00pt;\" height=\"18\">Num\u00e9ro de mod\u00e8le<\/td>\n<td class=\"et4\" style=\"width: 167.10pt;\" width=\"167\">YJ-004<\/td>\n<\/tr>\n<tr style=\"height: 18.00pt;\">\n<td class=\"et3\" style=\"height: 18.00pt;\" height=\"18\">Type de produit<\/td>\n<td class=\"et4\" style=\"width: 167.10pt;\" width=\"167\">Plat de service<\/td>\n<\/tr>\n<tr style=\"height: 17.60pt;\">\n<td class=\"et3\" style=\"height: 17.60pt;\" height=\"17\">Mat\u00e9riau<\/td>\n<td class=\"et3\">Porcelaine<\/td>\n<\/tr>\n<tr style=\"height: 17.60pt;\">\n<td class=\"et5\" style=\"height: 17.60pt;\" height=\"17\">Couleur<\/td>\n<td class=\"et3\">Blanc\/ Noir<\/td>\n<\/tr>\n<tr style=\"height: 36.00pt;\">\n<td class=\"et3\" style=\"height: 36.00pt;\" height=\"36\">Dimension<\/td>\n<td class=\"et6\" style=\"width: 167.10pt;\" width=\"167\">Plaque ovale de 11 pouces, 27,5*17,7*3,2<\/td>\n<\/tr>\n<tr style=\"height: 17.60pt;\">\n<td class=\"et3\" style=\"height: 17.60pt;\" height=\"17\">MOQ<\/td>\n<td class=\"et3\">500pcs<\/td>\n<\/tr>\n<tr style=\"height: 17.60pt;\">\n<td class=\"et3\" style=\"height: 17.60pt;\" height=\"17\">Sur mesure<\/td>\n<td class=\"et3\">Couleur\/Taille\/Logo\/Emballage<\/td>\n<\/tr>\n<\/tbody>\n<\/table>","protected":false},"featured_media":3027,"comment_status":"closed","ping_status":"closed","template":"","meta":{"_acf_changed":false},"product_brand":[],"product_cat":[76,62],"product_tag":[96],"class_list":{"0":"post-2453","1":"product","2":"type-product","3":"status-publish","4":"has-post-thumbnail","6":"product_cat-wholesale-serving-platters","7":"product_cat-ceramic-plates-wholesale","8":"product_tag-black-white-dinnerware-wholesale","10":"first","11":"instock","12":"shipping-taxable","13":"product-type-simple"},"acf":[],"_links":{"self":[{"href":"https:\/\/www.yongjianceramic.com\/fr\/wp-json\/wp\/v2\/product\/2453","targetHints":{"allow":["GET"]}}],"collection":[{"href":"https:\/\/www.yongjianceramic.com\/fr\/wp-json\/wp\/v2\/product"}],"about":[{"href":"https:\/\/www.yongjianceramic.com\/fr\/wp-json\/wp\/v2\/types\/product"}],"replies":[{"embeddable":true,"href":"https:\/\/www.yongjianceramic.com\/fr\/wp-json\/wp\/v2\/comments?post=2453"}],"wp:featuredmedia":[{"embeddable":true,"href":"https:\/\/www.yongjianceramic.com\/fr\/wp-json\/wp\/v2\/media\/3027"}],"wp:attachment":[{"href":"https:\/\/www.yongjianceramic.com\/fr\/wp-json\/wp\/v2\/media?parent=2453"}],"wp:term":[{"taxonomy":"product_brand","embeddable":true,"href":"https:\/\/www.yongjianceramic.com\/fr\/wp-json\/wp\/v2\/product_brand?post=2453"},{"taxonomy":"product_cat","embeddable":true,"href":"https:\/\/www.yongjianceramic.com\/fr\/wp-json\/wp\/v2\/product_cat?post=2453"},{"taxonomy":"product_tag","embeddable":true,"href":"https:\/\/www.yongjianceramic.com\/fr\/wp-json\/wp\/v2\/product_tag?post=2453"}],"curies":[{"name":"wp","href":"https:\/\/api.w.org\/{rel}","templated":true}]}}