{"id":2464,"date":"2024-08-28T09:57:30","date_gmt":"2024-08-28T09:57:30","guid":{"rendered":"https:\/\/www.yongjianceramic.com\/?post_type=product&#038;p=2464"},"modified":"2025-11-04T16:02:56","modified_gmt":"2025-11-04T08:02:56","slug":"deep-serving-platters-wholesale","status":"publish","type":"product","link":"https:\/\/www.yongjianceramic.com\/fr\/produit\/deep-serving-platters-wholesale\/","title":{"rendered":"8 Inch Deep Serving Platters Wholesale, Ceramic Plates Bulk (Assiettes en c\u00e9ramique en vrac)"},"content":{"rendered":"<div class=\"wp-block-columns is-layout-flex wp-container-core-columns-is-layout-9d6595d7 wp-block-columns-is-layout-flex\">\n<div class=\"wp-block-column is-layout-flow wp-block-column-is-layout-flow\">\n<h2 class=\"wp-block-heading\">Plateaux de service de qualit\u00e9 sup\u00e9rieure Caract\u00e9ristiques de la vente en gros :<\/h2>\n\n\n\n<ul class=\"wp-block-list\">\n<li><strong>Convient \u00e0 une grande vari\u00e9t\u00e9 de plats : <\/strong>Nos plats de service en gros offrent suffisamment d'espace pour accueillir une s\u00e9rie de plats souples, tels que des rago\u00fbts, des p\u00e2tes, des soupes, etc., afin de r\u00e9pondre aux besoins vari\u00e9s des restaurants et de la consommation domestique.<\/li>\n\n\n\n<li><strong>Aspect simple et \u00e9l\u00e9gant :<\/strong> Aspect simple et raffin\u00e9 : Le design classique de ces assiettes en c\u00e9ramique en vrac convient \u00e0 un certain nombre d'autres formes de tables, des repas familiaux aux restaurants, et peut contribuer au plaisir de manger et \u00e0 cr\u00e9er de la beaut\u00e9.<\/li>\n\n\n\n<li><strong>Facile \u00e0 nettoyer : <\/strong>Nos plateaux de service en gros ont une finition en c\u00e9ramique lisse, facile \u00e0 laver \u00e0 la main et au lave-vaisselle, ce qui permet de gagner du temps et de passer les tests d'hygi\u00e8ne les plus stricts.<\/li>\n\n\n\n<li><strong>R\u00e9sistant \u00e0 la chaleur et \u00e0 l'usure : <\/strong>Ces plaques c\u00e9ramiques en vrac utilisent une c\u00e9ramique de haute qualit\u00e9 qui offre une r\u00e9sistance \u00e0 l'usure, \u00e0 la chaleur et \u00e0 la fissuration. Elles peuvent \u00eatre utilis\u00e9es pendant une longue p\u00e9riode avec une belle apparence et conviennent \u00e0 un usage intensif dans les restaurants commerciaux.<\/li>\n<\/ul>\n<\/div>\n\n\n\n<div class=\"wp-block-column is-vertically-aligned-center is-layout-flow wp-block-column-is-layout-flow\"><div class=\"wp-block-image\">\n<figure class=\"aligncenter size-full\"><img fetchpriority=\"high\" decoding=\"async\" width=\"750\" height=\"750\" src=\"https:\/\/www.yongjianceramic.com\/wp-content\/uploads\/2024\/08\/Catering-Deep-Serving-Platters-Wholesale-Bulk-Ceramic-Plates-6.webp\" alt=\"Plateaux de service profonds pour la restauration Wholesale, Bulk Ceramic Plates-6\" class=\"wp-image-3048\" srcset=\"https:\/\/www.yongjianceramic.com\/wp-content\/uploads\/2024\/08\/Catering-Deep-Serving-Platters-Wholesale-Bulk-Ceramic-Plates-6.webp 750w, https:\/\/www.yongjianceramic.com\/wp-content\/uploads\/2024\/08\/Catering-Deep-Serving-Platters-Wholesale-Bulk-Ceramic-Plates-6-300x300.webp 300w, https:\/\/www.yongjianceramic.com\/wp-content\/uploads\/2024\/08\/Catering-Deep-Serving-Platters-Wholesale-Bulk-Ceramic-Plates-6-150x150.webp 150w, https:\/\/www.yongjianceramic.com\/wp-content\/uploads\/2024\/08\/Catering-Deep-Serving-Platters-Wholesale-Bulk-Ceramic-Plates-6-12x12.webp 12w, https:\/\/www.yongjianceramic.com\/wp-content\/uploads\/2024\/08\/Catering-Deep-Serving-Platters-Wholesale-Bulk-Ceramic-Plates-6-285x285.webp 285w, https:\/\/www.yongjianceramic.com\/wp-content\/uploads\/2024\/08\/Catering-Deep-Serving-Platters-Wholesale-Bulk-Ceramic-Plates-6-270x270.webp 270w, https:\/\/www.yongjianceramic.com\/wp-content\/uploads\/2024\/08\/Catering-Deep-Serving-Platters-Wholesale-Bulk-Ceramic-Plates-6-540x540.webp 540w, https:\/\/www.yongjianceramic.com\/wp-content\/uploads\/2024\/08\/Catering-Deep-Serving-Platters-Wholesale-Bulk-Ceramic-Plates-6-660x660.webp 660w\" sizes=\"(max-width: 750px) 100vw, 750px\" \/><\/figure>\n<\/div><\/div>\n<\/div>","protected":false},"excerpt":{"rendered":"<p>Nous vous invitons \u00e0 acheter des assiettes en c\u00e9ramique en vrac. Nos plats de service en gros sont un choix id\u00e9al pour la vaisselle des m\u00e9nages ou des entreprises, ils sont capables de servir divers types d'aliments souples. Leur facilit\u00e9 d'entretien et leur style \u00e9l\u00e9gant et simple leur conf\u00e8rent fonctionnalit\u00e9 et glamour.<\/p>\n<table style=\"border-collapse: collapse; width: 365.02pt;\" border=\"0\" width=\"365\" cellspacing=\"0\" cellpadding=\"0\">\n<tbody>\n<tr style=\"height: 17.60pt;\">\n<td class=\"et3\" style=\"height: 17.60pt; width: 120.25pt;\" width=\"120\" height=\"17\">Fabricant<\/td>\n<td class=\"et3\" style=\"width: 245.25pt;\" width=\"245\">Yongjian<\/td>\n<\/tr>\n<tr style=\"height: 18.00pt;\">\n<td class=\"et3\" style=\"height: 18.00pt;\" height=\"18\">Num\u00e9ro de mod\u00e8le<\/td>\n<td class=\"et4\" style=\"width: 245.25pt;\" width=\"245\">YJ-005<\/td>\n<\/tr>\n<tr style=\"height: 18.00pt;\">\n<td class=\"et3\" style=\"height: 18.00pt;\" height=\"18\">Type de produit<\/td>\n<td class=\"et4\" style=\"width: 245.25pt;\" width=\"245\">Plat de service, assiette creuse<\/td>\n<\/tr>\n<tr style=\"height: 17.60pt;\">\n<td class=\"et3\" style=\"height: 17.60pt;\" height=\"17\">Mat\u00e9riau<\/td>\n<td class=\"et3\">Porcelaine<\/td>\n<\/tr>\n<tr style=\"height: 17.60pt;\">\n<td class=\"et5\" style=\"height: 17.60pt;\" height=\"17\">Couleur<\/td>\n<td class=\"et3\">Blanc\/ Noir<\/td>\n<\/tr>\n<tr style=\"height: 18.00pt;\">\n<td class=\"et3\" style=\"height: 18.00pt;\" height=\"18\">Dimension<\/td>\n<td class=\"et4\" style=\"width: 245.25pt;\" width=\"245\">20*20*3.8<\/td>\n<\/tr>\n<tr style=\"height: 17.60pt;\">\n<td class=\"et3\" style=\"height: 17.60pt;\" height=\"17\">MOQ<\/td>\n<td class=\"et3\">500pcs<\/td>\n<\/tr>\n<tr style=\"height: 17.60pt;\">\n<td class=\"et3\" style=\"height: 17.60pt;\" height=\"17\">Sur mesure<\/td>\n<td class=\"et3\">Couleur\/Taille\/Logo\/Emballage<\/td>\n<\/tr>\n<\/tbody>\n<\/table>","protected":false},"featured_media":3051,"comment_status":"closed","ping_status":"closed","template":"","meta":{"_acf_changed":false},"product_brand":[],"product_cat":[77,62,76],"product_tag":[96],"class_list":{"0":"post-2464","1":"product","2":"type-product","3":"status-publish","4":"has-post-thumbnail","6":"product_cat-deep-plates-wholesale","7":"product_cat-ceramic-plates-wholesale","8":"product_cat-wholesale-serving-platters","9":"product_tag-black-white-dinnerware-wholesale","11":"first","12":"instock","13":"shipping-taxable","14":"product-type-simple"},"acf":[],"_links":{"self":[{"href":"https:\/\/www.yongjianceramic.com\/fr\/wp-json\/wp\/v2\/product\/2464","targetHints":{"allow":["GET"]}}],"collection":[{"href":"https:\/\/www.yongjianceramic.com\/fr\/wp-json\/wp\/v2\/product"}],"about":[{"href":"https:\/\/www.yongjianceramic.com\/fr\/wp-json\/wp\/v2\/types\/product"}],"replies":[{"embeddable":true,"href":"https:\/\/www.yongjianceramic.com\/fr\/wp-json\/wp\/v2\/comments?post=2464"}],"wp:featuredmedia":[{"embeddable":true,"href":"https:\/\/www.yongjianceramic.com\/fr\/wp-json\/wp\/v2\/media\/3051"}],"wp:attachment":[{"href":"https:\/\/www.yongjianceramic.com\/fr\/wp-json\/wp\/v2\/media?parent=2464"}],"wp:term":[{"taxonomy":"product_brand","embeddable":true,"href":"https:\/\/www.yongjianceramic.com\/fr\/wp-json\/wp\/v2\/product_brand?post=2464"},{"taxonomy":"product_cat","embeddable":true,"href":"https:\/\/www.yongjianceramic.com\/fr\/wp-json\/wp\/v2\/product_cat?post=2464"},{"taxonomy":"product_tag","embeddable":true,"href":"https:\/\/www.yongjianceramic.com\/fr\/wp-json\/wp\/v2\/product_tag?post=2464"}],"curies":[{"name":"wp","href":"https:\/\/api.w.org\/{rel}","templated":true}]}}