{"id":2518,"date":"2024-08-28T12:39:05","date_gmt":"2024-08-28T12:39:05","guid":{"rendered":"https:\/\/www.yongjianceramic.com\/?post_type=product&#038;p=2518"},"modified":"2025-11-04T16:15:56","modified_gmt":"2025-11-04T08:15:56","slug":"tea-cups-with-saucers-wholesale","status":"publish","type":"product","link":"https:\/\/www.yongjianceramic.com\/fr\/produit\/tea-cups-with-saucers-wholesale\/","title":{"rendered":"Tasses \u00e0 th\u00e9 en porcelaine avec soucoupes Wholesale en gla\u00e7ure color\u00e9e"},"content":{"rendered":"<div class=\"wp-block-columns is-layout-flex wp-container-core-columns-is-layout-9d6595d7 wp-block-columns-is-layout-flex\">\n<div class=\"wp-block-column is-layout-flow wp-block-column-is-layout-flow\">\n<h2 class=\"wp-block-heading\">Tasses \u00e0 th\u00e9 et soucoupes de qualit\u00e9 sup\u00e9rieure Caract\u00e9ristiques de la vente en gros :<\/h2>\n\n\n\n<ul class=\"wp-block-list\">\n<li><strong>Diverses options de couleurs : <\/strong>Nos tasses \u00e0 th\u00e9 avec soucoupes en gros offrent 10 options de couleurs diff\u00e9rentes pour s'adapter \u00e0 diff\u00e9rents types de clients et ajouter de la couleur et de la personnalit\u00e9 \u00e0 la table du d\u00eener avec n'importe quel nombre de d\u00e9corations et de f\u00eates \u00e0 th\u00e8me.<\/li>\n\n\n\n<li><strong>Excellente durabilit\u00e9 : <\/strong>Ces tasses \u00e0 caf\u00e9 en gros sont fabriqu\u00e9es en c\u00e9ramique fine, avec une grande r\u00e9sistance \u00e0 la chaleur et une grande durabilit\u00e9, une surface douce et lisse, qui n'est pas facile \u00e0 rayer ou \u00e0 d\u00e9colorer, ce qui garantit qu'elles resteront aussi neuves qu'avant apr\u00e8s des ann\u00e9es d'utilisation.<\/li>\n\n\n\n<li><strong>Design exquis : <\/strong>Nos tasses \u00e0 th\u00e9 et soucoupes en gros pr\u00e9sentent des motifs magnifiques et des formes \u00e9lanc\u00e9es. Elles r\u00e9pondent aux besoins des banquets formels et des caf\u00e9s, tout en convenant \u00e0 l'heure du th\u00e9 en famille et au caf\u00e9 du matin \u00e0 la maison, afin de faire de l'heure du repas une habitude.<\/li>\n\n\n\n<li><strong>Facile \u00e0 nettoyer et \u00e0 entretenir : <\/strong>La surface de ces tasses \u00e0 caf\u00e9 en gros ne colle pas facilement aux taches, elle est facile \u00e0 nettoyer, peut \u00eatre lav\u00e9e \u00e0 la main ou mise au lave-vaisselle, et l'entretien est simple et permet de gagner du temps.<\/li>\n<\/ul>\n<\/div>\n\n\n\n<div class=\"wp-block-column is-vertically-aligned-center is-layout-flow wp-block-column-is-layout-flow\"><div class=\"wp-block-image\">\n<figure class=\"aligncenter size-full\"><img fetchpriority=\"high\" decoding=\"async\" width=\"800\" height=\"800\" src=\"https:\/\/www.yongjianceramic.com\/wp-content\/uploads\/2024\/08\/Porcelain-Tea-Cups-With-Saucers-Wholesale-Coffee-Cups-Bulk-4.webp\" alt=\"Tasses \u00e0 th\u00e9 en porcelaine avec soucoupes Wholesale, Tasses \u00e0 caf\u00e9 Bulk-4\" class=\"wp-image-3063\" srcset=\"https:\/\/www.yongjianceramic.com\/wp-content\/uploads\/2024\/08\/Porcelain-Tea-Cups-With-Saucers-Wholesale-Coffee-Cups-Bulk-4.webp 800w, https:\/\/www.yongjianceramic.com\/wp-content\/uploads\/2024\/08\/Porcelain-Tea-Cups-With-Saucers-Wholesale-Coffee-Cups-Bulk-4-300x300.webp 300w, https:\/\/www.yongjianceramic.com\/wp-content\/uploads\/2024\/08\/Porcelain-Tea-Cups-With-Saucers-Wholesale-Coffee-Cups-Bulk-4-150x150.webp 150w, https:\/\/www.yongjianceramic.com\/wp-content\/uploads\/2024\/08\/Porcelain-Tea-Cups-With-Saucers-Wholesale-Coffee-Cups-Bulk-4-768x768.webp 768w, https:\/\/www.yongjianceramic.com\/wp-content\/uploads\/2024\/08\/Porcelain-Tea-Cups-With-Saucers-Wholesale-Coffee-Cups-Bulk-4-12x12.webp 12w, https:\/\/www.yongjianceramic.com\/wp-content\/uploads\/2024\/08\/Porcelain-Tea-Cups-With-Saucers-Wholesale-Coffee-Cups-Bulk-4-285x285.webp 285w, https:\/\/www.yongjianceramic.com\/wp-content\/uploads\/2024\/08\/Porcelain-Tea-Cups-With-Saucers-Wholesale-Coffee-Cups-Bulk-4-270x270.webp 270w, https:\/\/www.yongjianceramic.com\/wp-content\/uploads\/2024\/08\/Porcelain-Tea-Cups-With-Saucers-Wholesale-Coffee-Cups-Bulk-4-540x540.webp 540w, https:\/\/www.yongjianceramic.com\/wp-content\/uploads\/2024\/08\/Porcelain-Tea-Cups-With-Saucers-Wholesale-Coffee-Cups-Bulk-4-660x660.webp 660w\" sizes=\"(max-width: 800px) 100vw, 800px\" \/><\/figure>\n<\/div><\/div>\n<\/div>","protected":false},"excerpt":{"rendered":"<p>Nous vous invitons \u00e0 acheter des tasses \u00e0 caf\u00e9 en c\u00e9ramique en gros. Nos tasses \u00e0 th\u00e9 et soucoupes en gros sont color\u00e9es et leur design \u00e9l\u00e9gant donne \u00e0 la salle \u00e0 manger un aspect glamour et sophistiqu\u00e9. Que ce soit pour un usage quotidien ou professionnel, les tasses \u00e0 th\u00e9 et les soucoupes peuvent \u00eatre une exp\u00e9rience merveilleuse.<\/p>\n<table style=\"border-collapse: collapse; width: 275.02pt;\" border=\"0\" width=\"275\" cellspacing=\"0\" cellpadding=\"0\">\n<tbody>\n<tr style=\"height: 17.60pt;\">\n<td class=\"et3\" style=\"height: 17.60pt; width: 108.35pt;\" width=\"108\" height=\"17\">Fabricant<\/td>\n<td class=\"et3\" style=\"width: 167.10pt;\" width=\"167\">Yongjian<\/td>\n<\/tr>\n<tr style=\"height: 18.00pt;\">\n<td class=\"et3\" style=\"height: 18.00pt;\" height=\"18\">Num\u00e9ro de mod\u00e8le<\/td>\n<td class=\"et4\" style=\"width: 167.10pt;\" width=\"167\">YJ-048<\/td>\n<\/tr>\n<tr style=\"height: 17.60pt;\">\n<td class=\"et3\" style=\"height: 17.60pt;\" height=\"17\">Type de produit<\/td>\n<td class=\"et3\">Tasses et soucoupes<\/td>\n<\/tr>\n<tr style=\"height: 17.60pt;\">\n<td class=\"et3\" style=\"height: 17.60pt;\" height=\"17\">Mat\u00e9riau<\/td>\n<td class=\"et3\">Porcelaine<\/td>\n<\/tr>\n<tr style=\"height: 17.60pt;\">\n<td class=\"et6\" style=\"height: 17.60pt;\" height=\"17\">Couleur<\/td>\n<td class=\"et3\">En tant qu'image<\/td>\n<\/tr>\n<tr style=\"height: 36.00pt;\">\n<td class=\"et3\" style=\"height: 36.00pt;\" height=\"36\">Dimension<\/td>\n<td class=\"et7\" style=\"width: 167.10pt;\" width=\"167\">Coupe:10.3*7<br \/>Soucoupe : 15*15<\/td>\n<\/tr>\n<tr style=\"height: 17.60pt;\">\n<td class=\"et3\" style=\"height: 17.60pt;\" height=\"17\">MOQ<\/td>\n<td class=\"et3\">500pcs<\/td>\n<\/tr>\n<tr style=\"height: 17.60pt;\">\n<td class=\"et3\" style=\"height: 17.60pt;\" height=\"17\">Sur mesure<\/td>\n<td class=\"et3\">Couleur\/Taille\/Logo\/Emballage<\/td>\n<\/tr>\n<\/tbody>\n<\/table>","protected":false},"featured_media":3062,"comment_status":"closed","ping_status":"closed","template":"","meta":{"_acf_changed":false},"product_brand":[],"product_cat":[78,65],"product_tag":[81],"class_list":{"0":"post-2518","1":"product","2":"type-product","3":"status-publish","4":"has-post-thumbnail","6":"product_cat-tea-cups-with-saucers-wholesale","7":"product_cat-wholesale-cups-and-mugs","8":"product_tag-modern-design-dinnerware-set-wholesale","10":"first","11":"instock","12":"shipping-taxable","13":"product-type-simple"},"acf":[],"_links":{"self":[{"href":"https:\/\/www.yongjianceramic.com\/fr\/wp-json\/wp\/v2\/product\/2518","targetHints":{"allow":["GET"]}}],"collection":[{"href":"https:\/\/www.yongjianceramic.com\/fr\/wp-json\/wp\/v2\/product"}],"about":[{"href":"https:\/\/www.yongjianceramic.com\/fr\/wp-json\/wp\/v2\/types\/product"}],"replies":[{"embeddable":true,"href":"https:\/\/www.yongjianceramic.com\/fr\/wp-json\/wp\/v2\/comments?post=2518"}],"wp:featuredmedia":[{"embeddable":true,"href":"https:\/\/www.yongjianceramic.com\/fr\/wp-json\/wp\/v2\/media\/3062"}],"wp:attachment":[{"href":"https:\/\/www.yongjianceramic.com\/fr\/wp-json\/wp\/v2\/media?parent=2518"}],"wp:term":[{"taxonomy":"product_brand","embeddable":true,"href":"https:\/\/www.yongjianceramic.com\/fr\/wp-json\/wp\/v2\/product_brand?post=2518"},{"taxonomy":"product_cat","embeddable":true,"href":"https:\/\/www.yongjianceramic.com\/fr\/wp-json\/wp\/v2\/product_cat?post=2518"},{"taxonomy":"product_tag","embeddable":true,"href":"https:\/\/www.yongjianceramic.com\/fr\/wp-json\/wp\/v2\/product_tag?post=2518"}],"curies":[{"name":"wp","href":"https:\/\/api.w.org\/{rel}","templated":true}]}}