{"id":2525,"date":"2024-08-28T13:03:30","date_gmt":"2024-08-28T13:03:30","guid":{"rendered":"https:\/\/www.yongjianceramic.com\/?post_type=product&#038;p=2525"},"modified":"2024-11-01T11:43:57","modified_gmt":"2024-11-01T03:43:57","slug":"beautiful-bulk-spoons","status":"publish","type":"product","link":"https:\/\/www.yongjianceramic.com\/fr\/produit\/beautiful-bulk-spoons\/","title":{"rendered":"Acheter de belles cuill\u00e8res en vrac, cuill\u00e8res de service en c\u00e9ramique Wholesale"},"content":{"rendered":"<div class=\"wp-block-columns is-layout-flex wp-container-core-columns-is-layout-9d6595d7 wp-block-columns-is-layout-flex\">\n<div class=\"wp-block-column is-layout-flow wp-block-column-is-layout-flow\">\n<h2 class=\"wp-block-heading\">Cuill\u00e8res en vrac de qualit\u00e9 sup\u00e9rieure Caract\u00e9ristiques :<\/h2>\n\n\n\n<ul class=\"wp-block-list\">\n<li><strong>Design exquis : <\/strong>Nos cuill\u00e8res en vrac sont d'une conception exquise et d'une forme \u00e9l\u00e9gante. Elles conviennent \u00e0 tous les types de tables, des repas familiaux quotidiens aux services de restauration haut de gamme, ce qui permet d'am\u00e9liorer l'exp\u00e9rience culinaire et d'ajouter de la beaut\u00e9 visuelle.<\/li>\n\n\n\n<li><strong>Utilisation multifonctionnelle :<\/strong> Ces cuill\u00e8res de service en c\u00e9ramique conviennent non seulement \u00e0 un usage quotidien, mais peuvent \u00e9galement \u00eatre utilis\u00e9es pour contenir des soupes, du riz, des salades, des vinaigrettes, etc.<\/li>\n\n\n\n<li><strong>Mat\u00e9riau c\u00e9ramique de premi\u00e8re qualit\u00e9 :<\/strong> Nos cuill\u00e8res en vrac sont fabriqu\u00e9es en c\u00e9ramique de haute qualit\u00e9, r\u00e9sistante aux temp\u00e9ratures \u00e9lev\u00e9es et \u00e0 l'usure. La surface est lisse et ne se raye ni ne se d\u00e9colore facilement, ce qui garantit la durabilit\u00e9 et la beaut\u00e9 de l'utilisation.<\/li>\n\n\n\n<li><strong>Facile \u00e0 nettoyer : <\/strong>La surface de ces cuill\u00e8res de service en c\u00e9ramique est r\u00e9sistante aux taches et facile \u00e0 nettoyer. Elle peut \u00eatre lav\u00e9e \u00e0 la main ou mise au lave-vaisselle. Elle est simple \u00e0 entretenir et garantit la propret\u00e9 et l'hygi\u00e8ne apr\u00e8s chaque utilisation.<\/li>\n<\/ul>\n<\/div>\n\n\n\n<div class=\"wp-block-column is-vertically-aligned-center is-layout-flow wp-block-column-is-layout-flow\"><div class=\"wp-block-image\">\n<figure class=\"aligncenter size-full\"><img fetchpriority=\"high\" decoding=\"async\" width=\"800\" height=\"800\" src=\"https:\/\/www.yongjianceramic.com\/wp-content\/uploads\/2024\/08\/Buy-Beautiful-Bulk-Spoons-Ceramic-Serving-Spoons-Wholesale-5.webp\" alt=\"Acheter de belles cuill\u00e8res en vrac, cuill\u00e8res de service en c\u00e9ramique Wholesale-5\" class=\"wp-image-3070\" srcset=\"https:\/\/www.yongjianceramic.com\/wp-content\/uploads\/2024\/08\/Buy-Beautiful-Bulk-Spoons-Ceramic-Serving-Spoons-Wholesale-5.webp 800w, https:\/\/www.yongjianceramic.com\/wp-content\/uploads\/2024\/08\/Buy-Beautiful-Bulk-Spoons-Ceramic-Serving-Spoons-Wholesale-5-300x300.webp 300w, https:\/\/www.yongjianceramic.com\/wp-content\/uploads\/2024\/08\/Buy-Beautiful-Bulk-Spoons-Ceramic-Serving-Spoons-Wholesale-5-150x150.webp 150w, https:\/\/www.yongjianceramic.com\/wp-content\/uploads\/2024\/08\/Buy-Beautiful-Bulk-Spoons-Ceramic-Serving-Spoons-Wholesale-5-768x768.webp 768w, https:\/\/www.yongjianceramic.com\/wp-content\/uploads\/2024\/08\/Buy-Beautiful-Bulk-Spoons-Ceramic-Serving-Spoons-Wholesale-5-12x12.webp 12w, https:\/\/www.yongjianceramic.com\/wp-content\/uploads\/2024\/08\/Buy-Beautiful-Bulk-Spoons-Ceramic-Serving-Spoons-Wholesale-5-285x285.webp 285w, https:\/\/www.yongjianceramic.com\/wp-content\/uploads\/2024\/08\/Buy-Beautiful-Bulk-Spoons-Ceramic-Serving-Spoons-Wholesale-5-270x270.webp 270w, https:\/\/www.yongjianceramic.com\/wp-content\/uploads\/2024\/08\/Buy-Beautiful-Bulk-Spoons-Ceramic-Serving-Spoons-Wholesale-5-540x540.webp 540w, https:\/\/www.yongjianceramic.com\/wp-content\/uploads\/2024\/08\/Buy-Beautiful-Bulk-Spoons-Ceramic-Serving-Spoons-Wholesale-5-660x660.webp 660w\" sizes=\"(max-width: 800px) 100vw, 800px\" \/><\/figure>\n<\/div><\/div>\n<\/div>","protected":false},"excerpt":{"rendered":"<p>Bienvenue dans l'achat de cuill\u00e8res en vrac. Ces cuill\u00e8res de service en c\u00e9ramique combinent les caract\u00e9ristiques de mat\u00e9riaux de haute qualit\u00e9, d'un design exquis, d'une utilisation multifonctionnelle et d'un nettoyage facile, ce qui en fait un choix id\u00e9al pour les familles et les entreprises de restauration.<\/p>\n<table style=\"border-collapse: collapse; width: 275.02pt;\" border=\"0\" width=\"275\" cellspacing=\"0\" cellpadding=\"0\">\n<tbody>\n<tr style=\"height: 17.60pt;\">\n<td class=\"et3\" style=\"height: 17.60pt; width: 108.35pt;\" width=\"108\" height=\"17\">Fabricant<\/td>\n<td class=\"et3\" style=\"width: 167.10pt;\" width=\"167\">Yongjian<\/td>\n<\/tr>\n<tr style=\"height: 18.00pt;\">\n<td class=\"et3\" style=\"height: 18.00pt;\" height=\"18\">Num\u00e9ro de mod\u00e8le<\/td>\n<td class=\"et4\" style=\"width: 167.10pt;\" width=\"167\">YJ-049<\/td>\n<\/tr>\n<tr style=\"height: 17.60pt;\">\n<td class=\"et3\" style=\"height: 17.60pt;\" height=\"17\">Type de produit<\/td>\n<td class=\"et3\">Cuill\u00e8res de service<\/td>\n<\/tr>\n<tr style=\"height: 17.60pt;\">\n<td class=\"et3\" style=\"height: 17.60pt;\" height=\"17\">Mat\u00e9riau<\/td>\n<td class=\"et3\">Porcelaine<\/td>\n<\/tr>\n<tr style=\"height: 17.60pt;\">\n<td class=\"et6\" style=\"height: 17.60pt;\" height=\"17\">Couleur<\/td>\n<td class=\"et3\">Blanc\/ Noir<\/td>\n<\/tr>\n<tr style=\"height: 17.60pt;\">\n<td class=\"et3\" style=\"height: 17.60pt;\" height=\"17\">Dimension<\/td>\n<td class=\"et3\">22*8.5<\/td>\n<\/tr>\n<tr style=\"height: 17.60pt;\">\n<td class=\"et3\" style=\"height: 17.60pt;\" height=\"17\">MOQ<\/td>\n<td class=\"et3\">500pcs<\/td>\n<\/tr>\n<tr style=\"height: 17.60pt;\">\n<td class=\"et3\" style=\"height: 17.60pt;\" height=\"17\">Sur mesure<\/td>\n<td class=\"et3\">Couleur\/Taille\/Logo\/Emballage<\/td>\n<\/tr>\n<\/tbody>\n<\/table>","protected":false},"featured_media":3066,"comment_status":"closed","ping_status":"closed","template":"","meta":{"_acf_changed":false},"product_brand":[],"product_cat":[80,89],"product_tag":[96],"class_list":{"0":"post-2525","1":"product","2":"type-product","3":"status-publish","4":"has-post-thumbnail","6":"product_cat-wholesale-ceramic-cutlery","7":"product_cat-ceramic-bulk-spoons","8":"product_tag-black-white-dinnerware-wholesale","10":"first","11":"instock","12":"shipping-taxable","13":"product-type-simple"},"acf":[],"_links":{"self":[{"href":"https:\/\/www.yongjianceramic.com\/fr\/wp-json\/wp\/v2\/product\/2525","targetHints":{"allow":["GET"]}}],"collection":[{"href":"https:\/\/www.yongjianceramic.com\/fr\/wp-json\/wp\/v2\/product"}],"about":[{"href":"https:\/\/www.yongjianceramic.com\/fr\/wp-json\/wp\/v2\/types\/product"}],"replies":[{"embeddable":true,"href":"https:\/\/www.yongjianceramic.com\/fr\/wp-json\/wp\/v2\/comments?post=2525"}],"wp:featuredmedia":[{"embeddable":true,"href":"https:\/\/www.yongjianceramic.com\/fr\/wp-json\/wp\/v2\/media\/3066"}],"wp:attachment":[{"href":"https:\/\/www.yongjianceramic.com\/fr\/wp-json\/wp\/v2\/media?parent=2525"}],"wp:term":[{"taxonomy":"product_brand","embeddable":true,"href":"https:\/\/www.yongjianceramic.com\/fr\/wp-json\/wp\/v2\/product_brand?post=2525"},{"taxonomy":"product_cat","embeddable":true,"href":"https:\/\/www.yongjianceramic.com\/fr\/wp-json\/wp\/v2\/product_cat?post=2525"},{"taxonomy":"product_tag","embeddable":true,"href":"https:\/\/www.yongjianceramic.com\/fr\/wp-json\/wp\/v2\/product_tag?post=2525"}],"curies":[{"name":"wp","href":"https:\/\/api.w.org\/{rel}","templated":true}]}}