{"id":2653,"date":"2024-08-29T02:36:26","date_gmt":"2024-08-29T02:36:26","guid":{"rendered":"https:\/\/www.yongjianceramic.com\/?post_type=product&#038;p=2653"},"modified":"2025-03-01T17:45:10","modified_gmt":"2025-03-01T09:45:10","slug":"retro-dinnerware-plates-wholesale","status":"publish","type":"product","link":"https:\/\/www.yongjianceramic.com\/fr\/produit\/retro-dinnerware-plates-wholesale\/","title":{"rendered":"Retro Dinnerware Plates Wholesale, Bols et assiettes en c\u00e9ramique bleue"},"content":{"rendered":"<div class=\"wp-block-columns is-layout-flex wp-container-core-columns-is-layout-9d6595d7 wp-block-columns-is-layout-flex\">\n<div class=\"wp-block-column is-layout-flow wp-block-column-is-layout-flow\">\n<h2 class=\"wp-block-heading\">Premium Retro Dinnerware Plates Wholesale Caract\u00e9ristiques :<\/h2>\n\n\n\n<ul class=\"wp-block-list\">\n<li><strong>Style r\u00e9tro :<\/strong> Ces assiettes r\u00e9tro ont un motif d\u00e9licat avec des couleurs classiques bleu et blanc et des motifs vintage, produisant une ambiance traditionnelle et luxueuse sur la table, ce qui les rend tout \u00e0 fait appropri\u00e9es pour les d\u00eeners en de nombreuses occasions.<\/li>\n\n\n\n<li><strong>Longue dur\u00e9e de vie : <\/strong>Notre vaisselle en gros est fabriqu\u00e9e \u00e0 partir de c\u00e9ramiques de haute qualit\u00e9 qui poss\u00e8dent une certaine r\u00e9sistance \u00e0 la chaleur et une certaine duret\u00e9, de sorte que la vaisselle est difficile \u00e0 rayer et \u00e0 briser en cas d'utilisation r\u00e9guli\u00e8re et qu'elle a une longue dur\u00e9e de vie, en particulier si elle est utilis\u00e9e \u00e0 de nombreuses reprises dans le secteur de la restauration.<\/li>\n\n\n\n<li><strong>Cat\u00e9gories compl\u00e8tes de vaisselle : <\/strong>Dans cette collection de vaisselle en gros, les assiettes et les bols ont \u00e9t\u00e9 inclus dans cette collection de vaisselle en gros, qui peut \u00eatre utilis\u00e9e pour mettre et servir divers aliments.<\/li>\n\n\n\n<li><strong>Facile \u00e0 nettoyer :<\/strong> La surface lisse en c\u00e9ramique de nos assiettes r\u00e9tro rend la vaisselle facile \u00e0 nettoyer, facile \u00e0 laver \u00e0 la main et au lave-vaisselle, et n'est pas facile \u00e0 tacher et \u00e0 sentir, ce qui est pratique pour l'entretien quotidien et maintient la vaisselle hygi\u00e9nique et belle.<\/li>\n<\/ul>\n<\/div>\n\n\n\n<div class=\"wp-block-column is-vertically-aligned-center is-layout-flow wp-block-column-is-layout-flow\"><div class=\"wp-block-image\">\n<figure class=\"aligncenter size-full\"><img fetchpriority=\"high\" decoding=\"async\" width=\"800\" height=\"800\" src=\"https:\/\/www.yongjianceramic.com\/wp-content\/uploads\/2024\/08\/Retro-Dinnerware-Plates-Wholesale-Blue-Ceramic-Bowl-Plate-4.webp\" alt=\"Retro Dinnerware Plates Wholesale, Blue Ceramic Bowl &amp; Plate-4\" class=\"wp-image-3101\" srcset=\"https:\/\/www.yongjianceramic.com\/wp-content\/uploads\/2024\/08\/Retro-Dinnerware-Plates-Wholesale-Blue-Ceramic-Bowl-Plate-4.webp 800w, https:\/\/www.yongjianceramic.com\/wp-content\/uploads\/2024\/08\/Retro-Dinnerware-Plates-Wholesale-Blue-Ceramic-Bowl-Plate-4-300x300.webp 300w, https:\/\/www.yongjianceramic.com\/wp-content\/uploads\/2024\/08\/Retro-Dinnerware-Plates-Wholesale-Blue-Ceramic-Bowl-Plate-4-150x150.webp 150w, https:\/\/www.yongjianceramic.com\/wp-content\/uploads\/2024\/08\/Retro-Dinnerware-Plates-Wholesale-Blue-Ceramic-Bowl-Plate-4-768x768.webp 768w, https:\/\/www.yongjianceramic.com\/wp-content\/uploads\/2024\/08\/Retro-Dinnerware-Plates-Wholesale-Blue-Ceramic-Bowl-Plate-4-12x12.webp 12w, https:\/\/www.yongjianceramic.com\/wp-content\/uploads\/2024\/08\/Retro-Dinnerware-Plates-Wholesale-Blue-Ceramic-Bowl-Plate-4-285x285.webp 285w, https:\/\/www.yongjianceramic.com\/wp-content\/uploads\/2024\/08\/Retro-Dinnerware-Plates-Wholesale-Blue-Ceramic-Bowl-Plate-4-270x270.webp 270w, https:\/\/www.yongjianceramic.com\/wp-content\/uploads\/2024\/08\/Retro-Dinnerware-Plates-Wholesale-Blue-Ceramic-Bowl-Plate-4-540x540.webp 540w, https:\/\/www.yongjianceramic.com\/wp-content\/uploads\/2024\/08\/Retro-Dinnerware-Plates-Wholesale-Blue-Ceramic-Bowl-Plate-4-660x660.webp 660w\" sizes=\"(max-width: 800px) 100vw, 800px\" \/><\/figure>\n<\/div><\/div>\n<\/div>","protected":false},"excerpt":{"rendered":"<p>Bienvenue sur le site d'achat de vaisselle en gros. Ces assiettes et bols r\u00e9tro en gros offrent des options \u00e0 la fois esth\u00e9tiques et fonctionnelles pour diverses occasions de d\u00eener. Faciles \u00e0 nettoyer et durables, elles sont id\u00e9ales pour les restaurants et les m\u00e9nages.<\/p>\n<table style=\"border-collapse: collapse; width: 309.02pt;\" border=\"0\" width=\"309\" cellspacing=\"0\" cellpadding=\"0\">\n<tbody>\n<tr style=\"height: 17.60pt;\">\n<td class=\"et3\" style=\"height: 17.60pt; width: 120.25pt;\" width=\"120\" height=\"17\">Fabricant<\/td>\n<td class=\"et3\" style=\"width: 189.25pt;\" width=\"189\">Yongjian<\/td>\n<\/tr>\n<tr style=\"height: 18.00pt;\">\n<td class=\"et3\" style=\"height: 18.00pt;\" height=\"18\">Num\u00e9ro de mod\u00e8le<\/td>\n<td class=\"et4\" style=\"width: 189.25pt;\" width=\"189\">YJ-053<\/td>\n<\/tr>\n<tr style=\"height: 18.00pt;\">\n<td class=\"et5\" style=\"height: 18.00pt; width: 120.25pt;\" width=\"120\" height=\"18\">Type de vaisselle<\/td>\n<td class=\"et5\" style=\"width: 189.25pt;\" width=\"189\">Plateaux, assiettes, bols<\/td>\n<\/tr>\n<tr style=\"height: 17.60pt;\">\n<td class=\"et3\" style=\"height: 17.60pt;\" height=\"17\">Technique<\/td>\n<td class=\"et3\">Effet de gla\u00e7age au four<\/td>\n<\/tr>\n<tr style=\"height: 17.60pt;\">\n<td class=\"et3\" style=\"height: 17.60pt;\" height=\"17\">Mat\u00e9riau<\/td>\n<td class=\"et3\">Porcelaine<\/td>\n<\/tr>\n<tr style=\"height: 36.00pt;\">\n<td class=\"et6\" style=\"height: 36.00pt;\" height=\"36\">Applicable<\/td>\n<td class=\"et5\" style=\"width: 189.25pt;\" width=\"189\">St\u00e9rilisateur, lave-vaisselle, four, micro-ondes<\/td>\n<\/tr>\n<tr style=\"height: 17.60pt;\">\n<td class=\"et3\" style=\"height: 17.60pt;\" height=\"17\">Dimension<\/td>\n<td class=\"et3\">En tant qu'image<\/td>\n<\/tr>\n<tr style=\"height: 17.60pt;\">\n<td class=\"et3\" style=\"height: 17.60pt;\" height=\"17\">MOQ<\/td>\n<td class=\"et3\">500pcs<\/td>\n<\/tr>\n<tr style=\"height: 17.60pt;\">\n<td class=\"et3\" style=\"height: 17.60pt;\" height=\"17\">Sur mesure<\/td>\n<td class=\"et3\">Couleur\/Taille\/Logo\/Emballage<\/td>\n<\/tr>\n<\/tbody>\n<\/table>","protected":false},"featured_media":3099,"comment_status":"closed","ping_status":"closed","template":"","meta":{"_acf_changed":false},"product_brand":[],"product_cat":[64,83],"product_tag":[84],"class_list":{"0":"post-2653","1":"product","2":"type-product","3":"status-publish","4":"has-post-thumbnail","6":"product_cat-dinnerware-sets","7":"product_cat-dinner-sets-wholesale","8":"product_tag-retro-design-dinnerware-wholesale","10":"first","11":"instock","12":"shipping-taxable","13":"product-type-simple"},"acf":[],"_links":{"self":[{"href":"https:\/\/www.yongjianceramic.com\/fr\/wp-json\/wp\/v2\/product\/2653","targetHints":{"allow":["GET"]}}],"collection":[{"href":"https:\/\/www.yongjianceramic.com\/fr\/wp-json\/wp\/v2\/product"}],"about":[{"href":"https:\/\/www.yongjianceramic.com\/fr\/wp-json\/wp\/v2\/types\/product"}],"replies":[{"embeddable":true,"href":"https:\/\/www.yongjianceramic.com\/fr\/wp-json\/wp\/v2\/comments?post=2653"}],"wp:featuredmedia":[{"embeddable":true,"href":"https:\/\/www.yongjianceramic.com\/fr\/wp-json\/wp\/v2\/media\/3099"}],"wp:attachment":[{"href":"https:\/\/www.yongjianceramic.com\/fr\/wp-json\/wp\/v2\/media?parent=2653"}],"wp:term":[{"taxonomy":"product_brand","embeddable":true,"href":"https:\/\/www.yongjianceramic.com\/fr\/wp-json\/wp\/v2\/product_brand?post=2653"},{"taxonomy":"product_cat","embeddable":true,"href":"https:\/\/www.yongjianceramic.com\/fr\/wp-json\/wp\/v2\/product_cat?post=2653"},{"taxonomy":"product_tag","embeddable":true,"href":"https:\/\/www.yongjianceramic.com\/fr\/wp-json\/wp\/v2\/product_tag?post=2653"}],"curies":[{"name":"wp","href":"https:\/\/api.w.org\/{rel}","templated":true}]}}