{"id":2666,"date":"2024-08-29T02:55:48","date_gmt":"2024-08-29T02:55:48","guid":{"rendered":"https:\/\/www.yongjianceramic.com\/?post_type=product&#038;p=2666"},"modified":"2025-03-01T17:55:21","modified_gmt":"2025-03-01T09:55:21","slug":"oriental-wholesale-dinnerware-set","status":"publish","type":"product","link":"https:\/\/www.yongjianceramic.com\/fr\/produit\/oriental-wholesale-dinnerware-set\/","title":{"rendered":"Service de vaisselle orientale en gros, bol et assiette en forme de feuille de lotus"},"content":{"rendered":"<div class=\"wp-block-columns is-layout-flex wp-container-core-columns-is-layout-9d6595d7 wp-block-columns-is-layout-flex\">\n<div class=\"wp-block-column is-layout-flow wp-block-column-is-layout-flow\">\n<h2 class=\"wp-block-heading\">Service de vaisselle oriental en gros de premi\u00e8re qualit\u00e9 Caract\u00e9ristiques :<\/h2>\n\n\n\n<ul class=\"wp-block-list\">\n<li><strong>Design oriental : <\/strong>Ce service de vaisselle orientale en gros applique un nouveau style de design en forme de feuille de lotus, qui s'inspire du monde naturel de la culture orientale, et donne une apparence \u00e9l\u00e9gante et \u00e0 la mode.<\/li>\n\n\n\n<li><strong>D\u00e9licatement travaill\u00e9 : <\/strong>Chaque assiette et chaque bol de notre service de vaisselle en gros est d\u00e9licatement fabriqu\u00e9 en utilisant de la c\u00e9ramique de haute qualit\u00e9, qui est r\u00e9sistante \u00e0 l'usure et dure, poss\u00e8de une excellente r\u00e9sistance aux rayures et \u00e0 la chaleur, et peut donc \u00eatre durable et conserver sa beaut\u00e9 et son utilit\u00e9 pendant une utilisation \u00e0 long terme.<\/li>\n\n\n\n<li><strong>Combinaison parfaite de vaisselle :<\/strong> Notre service de vaisselle orientale en gros comprend des bols et des assiettes en forme de feuille de lotus, qui conviennent parfaitement pour servir de nombreux plats vari\u00e9s, des soupes aux salades en passant par les plats. Gr\u00e2ce \u00e0 sa grande polyvalence, il convient parfaitement aux banquets, aux repas au restaurant et aux d\u00eeners en famille.<\/li>\n\n\n\n<li><strong>Facile \u00e0 nettoyer : <\/strong>La surface lisse en c\u00e9ramique de cette vaisselle est facile \u00e0 nettoyer, ne laisse pas de r\u00e9sidus alimentaires et peut \u00eatre lav\u00e9e \u00e0 la main ou au lave-vaisselle, ce qui permet d'\u00e9conomiser du temps et de l'\u00e9nergie et de pr\u00e9server la propret\u00e9 et la beaut\u00e9 de la vaisselle.<\/li>\n<\/ul>\n<\/div>\n\n\n\n<div class=\"wp-block-column is-vertically-aligned-center is-layout-flow wp-block-column-is-layout-flow\"><div class=\"wp-block-image\">\n<figure class=\"aligncenter size-full\"><img fetchpriority=\"high\" decoding=\"async\" width=\"800\" height=\"800\" src=\"https:\/\/www.yongjianceramic.com\/wp-content\/uploads\/2024\/08\/Oriental-Wholesale-Dinnerware-Set-Lotus-Leaf-Shape-Bowl-Plate-5.webp\" alt=\"Service de vaisselle orientale en gros, bol et assiette en forme de feuille de lotus-5\" class=\"wp-image-3108\" srcset=\"https:\/\/www.yongjianceramic.com\/wp-content\/uploads\/2024\/08\/Oriental-Wholesale-Dinnerware-Set-Lotus-Leaf-Shape-Bowl-Plate-5.webp 800w, https:\/\/www.yongjianceramic.com\/wp-content\/uploads\/2024\/08\/Oriental-Wholesale-Dinnerware-Set-Lotus-Leaf-Shape-Bowl-Plate-5-300x300.webp 300w, https:\/\/www.yongjianceramic.com\/wp-content\/uploads\/2024\/08\/Oriental-Wholesale-Dinnerware-Set-Lotus-Leaf-Shape-Bowl-Plate-5-150x150.webp 150w, https:\/\/www.yongjianceramic.com\/wp-content\/uploads\/2024\/08\/Oriental-Wholesale-Dinnerware-Set-Lotus-Leaf-Shape-Bowl-Plate-5-768x768.webp 768w, https:\/\/www.yongjianceramic.com\/wp-content\/uploads\/2024\/08\/Oriental-Wholesale-Dinnerware-Set-Lotus-Leaf-Shape-Bowl-Plate-5-12x12.webp 12w, https:\/\/www.yongjianceramic.com\/wp-content\/uploads\/2024\/08\/Oriental-Wholesale-Dinnerware-Set-Lotus-Leaf-Shape-Bowl-Plate-5-285x285.webp 285w, https:\/\/www.yongjianceramic.com\/wp-content\/uploads\/2024\/08\/Oriental-Wholesale-Dinnerware-Set-Lotus-Leaf-Shape-Bowl-Plate-5-270x270.webp 270w, https:\/\/www.yongjianceramic.com\/wp-content\/uploads\/2024\/08\/Oriental-Wholesale-Dinnerware-Set-Lotus-Leaf-Shape-Bowl-Plate-5-540x540.webp 540w, https:\/\/www.yongjianceramic.com\/wp-content\/uploads\/2024\/08\/Oriental-Wholesale-Dinnerware-Set-Lotus-Leaf-Shape-Bowl-Plate-5-660x660.webp 660w\" sizes=\"(max-width: 800px) 100vw, 800px\" \/><\/figure>\n<\/div><\/div>\n<\/div>","protected":false},"excerpt":{"rendered":"<p>Bienvenue pour acheter de la vaisselle en gros. Ce service de vaisselle orientale en gros pr\u00e9sente un design en forme de feuille de lotus, fusionnant les \u00e9l\u00e9ments naturels avec l'artisanat contemporain, offrant ainsi une exp\u00e9rience culinaire \u00e0 la fois fonctionnelle et esth\u00e9tique.<\/p>\n<table style=\"border-collapse: collapse; width: 309.02pt;\" border=\"0\" width=\"309\" cellspacing=\"0\" cellpadding=\"0\">\n<tbody>\n<tr style=\"height: 17.60pt;\">\n<td class=\"et3\" style=\"height: 17.60pt; width: 120.25pt;\" width=\"120\" height=\"17\">Fabricant<\/td>\n<td class=\"et3\" style=\"width: 189.25pt;\" width=\"189\">Yongjian<\/td>\n<\/tr>\n<tr style=\"height: 18.00pt;\">\n<td class=\"et3\" style=\"height: 18.00pt;\" height=\"18\">Num\u00e9ro de mod\u00e8le<\/td>\n<td class=\"et4\" style=\"width: 189.25pt;\" width=\"189\">YJ-054<\/td>\n<\/tr>\n<tr style=\"height: 18.00pt;\">\n<td class=\"et5\" style=\"height: 18.00pt; width: 120.25pt;\" width=\"120\" height=\"18\">Type de vaisselle<\/td>\n<td class=\"et5\" style=\"width: 189.25pt;\" width=\"189\">Plateaux, assiettes, bols<\/td>\n<\/tr>\n<tr style=\"height: 17.60pt;\">\n<td class=\"et3\" style=\"height: 17.60pt;\" height=\"17\">Technique<\/td>\n<td class=\"et3\">Effet de gla\u00e7age au four<\/td>\n<\/tr>\n<tr style=\"height: 17.60pt;\">\n<td class=\"et3\" style=\"height: 17.60pt;\" height=\"17\">Mat\u00e9riau<\/td>\n<td class=\"et3\">Porcelaine<\/td>\n<\/tr>\n<tr style=\"height: 36.00pt;\">\n<td class=\"et6\" style=\"height: 36.00pt;\" height=\"36\">Applicable<\/td>\n<td class=\"et5\" style=\"width: 189.25pt;\" width=\"189\">St\u00e9rilisateur, lave-vaisselle, four, micro-ondes<\/td>\n<\/tr>\n<tr style=\"height: 17.60pt;\">\n<td class=\"et3\" style=\"height: 17.60pt;\" height=\"17\">Dimension<\/td>\n<td class=\"et3\">En tant qu'image<\/td>\n<\/tr>\n<tr style=\"height: 17.60pt;\">\n<td class=\"et3\" style=\"height: 17.60pt;\" height=\"17\">MOQ<\/td>\n<td class=\"et3\">500pcs<\/td>\n<\/tr>\n<tr style=\"height: 17.60pt;\">\n<td class=\"et3\" style=\"height: 17.60pt;\" height=\"17\">Sur mesure<\/td>\n<td class=\"et3\">Couleur\/Taille\/Logo\/Emballage<\/td>\n<\/tr>\n<\/tbody>\n<\/table>","protected":false},"featured_media":3104,"comment_status":"closed","ping_status":"closed","template":"","meta":{"_acf_changed":false},"product_brand":[],"product_cat":[64,85],"product_tag":[86],"class_list":{"0":"post-2666","1":"product","2":"type-product","3":"status-publish","4":"has-post-thumbnail","6":"product_cat-dinnerware-sets","7":"product_cat-wholesale-dinnerware-sets","8":"product_tag-oriental-style-dinnerware-wholesale","10":"first","11":"instock","12":"shipping-taxable","13":"product-type-simple"},"acf":[],"_links":{"self":[{"href":"https:\/\/www.yongjianceramic.com\/fr\/wp-json\/wp\/v2\/product\/2666","targetHints":{"allow":["GET"]}}],"collection":[{"href":"https:\/\/www.yongjianceramic.com\/fr\/wp-json\/wp\/v2\/product"}],"about":[{"href":"https:\/\/www.yongjianceramic.com\/fr\/wp-json\/wp\/v2\/types\/product"}],"replies":[{"embeddable":true,"href":"https:\/\/www.yongjianceramic.com\/fr\/wp-json\/wp\/v2\/comments?post=2666"}],"wp:featuredmedia":[{"embeddable":true,"href":"https:\/\/www.yongjianceramic.com\/fr\/wp-json\/wp\/v2\/media\/3104"}],"wp:attachment":[{"href":"https:\/\/www.yongjianceramic.com\/fr\/wp-json\/wp\/v2\/media?parent=2666"}],"wp:term":[{"taxonomy":"product_brand","embeddable":true,"href":"https:\/\/www.yongjianceramic.com\/fr\/wp-json\/wp\/v2\/product_brand?post=2666"},{"taxonomy":"product_cat","embeddable":true,"href":"https:\/\/www.yongjianceramic.com\/fr\/wp-json\/wp\/v2\/product_cat?post=2666"},{"taxonomy":"product_tag","embeddable":true,"href":"https:\/\/www.yongjianceramic.com\/fr\/wp-json\/wp\/v2\/product_tag?post=2666"}],"curies":[{"name":"wp","href":"https:\/\/api.w.org\/{rel}","templated":true}]}}