{"id":3215,"date":"2024-09-07T01:24:01","date_gmt":"2024-09-07T01:24:01","guid":{"rendered":"https:\/\/www.yongjianceramic.com\/?post_type=product&#038;p=3215"},"modified":"2025-11-04T16:38:40","modified_gmt":"2025-11-04T08:38:40","slug":"rice-bowls-wholesale","status":"publish","type":"product","link":"https:\/\/www.yongjianceramic.com\/fr\/produit\/rice-bowls-wholesale\/","title":{"rendered":"4.75-Inch Restaurant Rice Bowls Wholesale, Custom Soup Bowls (bols \u00e0 soupe personnalis\u00e9s)"},"content":{"rendered":"<div class=\"wp-block-columns is-layout-flex wp-container-core-columns-is-layout-9d6595d7 wp-block-columns-is-layout-flex\">\n<div class=\"wp-block-column is-layout-flow wp-block-column-is-layout-flow\">\n<h2 class=\"wp-block-heading\">Bols \u00e0 riz de qualit\u00e9 sup\u00e9rieure Caract\u00e9ristiques de la vente en gros :<\/h2>\n\n\n\n<ul class=\"wp-block-list\">\n<li><strong>Conception unique : <\/strong>Le design de nos bols \u00e0 riz en gros s'inspire de la feuille de lotus dans la nature. La forme est distincte et sophistiqu\u00e9e, et la complexit\u00e9 de l'artisanat met en valeur les d\u00e9tails m\u00e9ticuleux, cr\u00e9ant un sentiment d'art sur la table.<\/li>\n\n\n\n<li><strong>Taille mod\u00e9r\u00e9e : <\/strong>Le corps de ces bols \u00e0 soupe de restaurant en vrac est de taille mod\u00e9r\u00e9e et convient pour le riz, les soupes, les plats d'accompagnement et d'autres aliments. Ils conviennent \u00e0 un usage familial quotidien et sont \u00e9galement parfaits pour la vaisselle des restaurants et des h\u00f4tels.<\/li>\n\n\n\n<li><strong>S\u00fbr et durable : <\/strong>Nos bols \u00e0 riz en gros sont cuits \u00e0 haute temp\u00e9rature, ils sont r\u00e9sistants \u00e0 la chaleur et \u00e0 l'usure, ne se rayent pas facilement et n'absorbent pas les odeurs, ce qui garantit une utilisation s\u00fbre, et sont faciles \u00e0 nettoyer, ce qui permet de les garder comme neufs pendant longtemps.<\/li>\n\n\n\n<li><strong>\u00c9conomique et abordable :<\/strong> Yongjian fournit aux grossistes et aux soci\u00e9t\u00e9s de restauration des prix de gros comp\u00e9titifs pour les bols \u00e0 soupe de restaurant en vrac, et la quantit\u00e9 est importante et le prix est favorable. Il s'agit d'un choix id\u00e9al pour ceux qui recherchent un rapport co\u00fbt-efficacit\u00e9 \u00e9lev\u00e9 et r\u00e9pondent \u00e0 des besoins d'achat diversifi\u00e9s.<\/li>\n<\/ul>\n<\/div>\n\n\n\n<div class=\"wp-block-column is-vertically-aligned-center is-layout-flow wp-block-column-is-layout-flow\"><div class=\"wp-block-image\">\n<figure class=\"aligncenter size-full\"><img fetchpriority=\"high\" decoding=\"async\" width=\"800\" height=\"800\" src=\"https:\/\/www.yongjianceramic.com\/wp-content\/uploads\/2024\/09\/4.75-Inch-Ceramic-Rice-Bowls-Wholesale-with-Lotus-Leaf-Shape-5.webp\" alt=\"4.75-Inch Ceramic Rice Bowls Wholesale with Lotus Leaf Shape-5 (bols \u00e0 riz en c\u00e9ramique en forme de feuille de lotus)\" class=\"wp-image-3220\" srcset=\"https:\/\/www.yongjianceramic.com\/wp-content\/uploads\/2024\/09\/4.75-Inch-Ceramic-Rice-Bowls-Wholesale-with-Lotus-Leaf-Shape-5.webp 800w, https:\/\/www.yongjianceramic.com\/wp-content\/uploads\/2024\/09\/4.75-Inch-Ceramic-Rice-Bowls-Wholesale-with-Lotus-Leaf-Shape-5-300x300.webp 300w, https:\/\/www.yongjianceramic.com\/wp-content\/uploads\/2024\/09\/4.75-Inch-Ceramic-Rice-Bowls-Wholesale-with-Lotus-Leaf-Shape-5-150x150.webp 150w, https:\/\/www.yongjianceramic.com\/wp-content\/uploads\/2024\/09\/4.75-Inch-Ceramic-Rice-Bowls-Wholesale-with-Lotus-Leaf-Shape-5-768x768.webp 768w, https:\/\/www.yongjianceramic.com\/wp-content\/uploads\/2024\/09\/4.75-Inch-Ceramic-Rice-Bowls-Wholesale-with-Lotus-Leaf-Shape-5-12x12.webp 12w, https:\/\/www.yongjianceramic.com\/wp-content\/uploads\/2024\/09\/4.75-Inch-Ceramic-Rice-Bowls-Wholesale-with-Lotus-Leaf-Shape-5-285x285.webp 285w, https:\/\/www.yongjianceramic.com\/wp-content\/uploads\/2024\/09\/4.75-Inch-Ceramic-Rice-Bowls-Wholesale-with-Lotus-Leaf-Shape-5-270x270.webp 270w, https:\/\/www.yongjianceramic.com\/wp-content\/uploads\/2024\/09\/4.75-Inch-Ceramic-Rice-Bowls-Wholesale-with-Lotus-Leaf-Shape-5-540x540.webp 540w, https:\/\/www.yongjianceramic.com\/wp-content\/uploads\/2024\/09\/4.75-Inch-Ceramic-Rice-Bowls-Wholesale-with-Lotus-Leaf-Shape-5-660x660.webp 660w\" sizes=\"(max-width: 800px) 100vw, 800px\" \/><\/figure>\n<\/div><\/div>\n<\/div>","protected":false},"excerpt":{"rendered":"<p>Nous vous invitons \u00e0 acheter des bols \u00e0 soupe de restaurant en vrac. Nos bols \u00e0 riz en c\u00e9ramique de 4,75 pouces en gros adoptent un design unique en forme de feuille de lotus, qui non seulement montre la beaut\u00e9 naturelle, mais a \u00e9galement une large gamme de fonctionnalit\u00e9s. Ils conviennent \u00e0 une vari\u00e9t\u00e9 d'aliments tels que le riz et les soupes, et constituent un choix id\u00e9al pour les restaurateurs et les d\u00e9taillants qui recherchent la rentabilit\u00e9.<\/p>\n<table style=\"border-collapse: collapse; width: 309.02pt;\" border=\"0\" width=\"309\" cellspacing=\"0\" cellpadding=\"0\">\n<tbody>\n<tr style=\"height: 17.60pt;\">\n<td class=\"et3\" style=\"height: 17.60pt; width: 120.25pt;\" width=\"120\" height=\"17\">Fabricant<\/td>\n<td class=\"et3\" style=\"width: 189.25pt;\" width=\"189\">Yongjian<\/td>\n<\/tr>\n<tr style=\"height: 18.00pt;\">\n<td class=\"et3\" style=\"height: 18.00pt;\" height=\"18\">Num\u00e9ro de mod\u00e8le<\/td>\n<td class=\"et4\" style=\"width: 189.25pt;\" width=\"189\">YJ-007<\/td>\n<\/tr>\n<tr style=\"height: 17.60pt;\">\n<td class=\"et3\" style=\"height: 17.60pt;\" height=\"17\">Type de produit<\/td>\n<td class=\"et3\">Bol de riz<\/td>\n<\/tr>\n<tr style=\"height: 17.60pt;\">\n<td class=\"et3\" style=\"height: 17.60pt;\" height=\"17\">Mat\u00e9riau<\/td>\n<td class=\"et3\">Porcelaine<\/td>\n<\/tr>\n<tr style=\"height: 17.60pt;\">\n<td class=\"et5\" style=\"height: 17.60pt;\" height=\"17\">Couleur<\/td>\n<td class=\"et3\">Blanc\/ Noir<\/td>\n<\/tr>\n<tr style=\"height: 17.60pt;\">\n<td class=\"et3\" style=\"height: 17.60pt;\" height=\"17\">Dimension<\/td>\n<td class=\"et3\">12.5*12.5*6\uff0c400ml<\/td>\n<\/tr>\n<tr style=\"height: 17.60pt;\">\n<td class=\"et3\" style=\"height: 17.60pt;\" height=\"17\">MOQ<\/td>\n<td class=\"et3\">500pcs<\/td>\n<\/tr>\n<tr style=\"height: 17.60pt;\">\n<td class=\"et3\" style=\"height: 17.60pt;\" height=\"17\">Sur mesure<\/td>\n<td class=\"et3\">Couleur\/Taille\/Logo\/Emballage<\/td>\n<\/tr>\n<\/tbody>\n<\/table>","protected":false},"featured_media":3217,"comment_status":"closed","ping_status":"closed","template":"","meta":{"_acf_changed":false},"product_brand":[],"product_cat":[72,63],"product_tag":[96],"class_list":{"0":"post-3215","1":"product","2":"type-product","3":"status-publish","4":"has-post-thumbnail","6":"product_cat-rice-bowls-bulk","7":"product_cat-wholesale-bowls","8":"product_tag-black-white-dinnerware-wholesale","10":"first","11":"instock","12":"shipping-taxable","13":"product-type-simple"},"acf":[],"_links":{"self":[{"href":"https:\/\/www.yongjianceramic.com\/fr\/wp-json\/wp\/v2\/product\/3215","targetHints":{"allow":["GET"]}}],"collection":[{"href":"https:\/\/www.yongjianceramic.com\/fr\/wp-json\/wp\/v2\/product"}],"about":[{"href":"https:\/\/www.yongjianceramic.com\/fr\/wp-json\/wp\/v2\/types\/product"}],"replies":[{"embeddable":true,"href":"https:\/\/www.yongjianceramic.com\/fr\/wp-json\/wp\/v2\/comments?post=3215"}],"wp:featuredmedia":[{"embeddable":true,"href":"https:\/\/www.yongjianceramic.com\/fr\/wp-json\/wp\/v2\/media\/3217"}],"wp:attachment":[{"href":"https:\/\/www.yongjianceramic.com\/fr\/wp-json\/wp\/v2\/media?parent=3215"}],"wp:term":[{"taxonomy":"product_brand","embeddable":true,"href":"https:\/\/www.yongjianceramic.com\/fr\/wp-json\/wp\/v2\/product_brand?post=3215"},{"taxonomy":"product_cat","embeddable":true,"href":"https:\/\/www.yongjianceramic.com\/fr\/wp-json\/wp\/v2\/product_cat?post=3215"},{"taxonomy":"product_tag","embeddable":true,"href":"https:\/\/www.yongjianceramic.com\/fr\/wp-json\/wp\/v2\/product_tag?post=3215"}],"curies":[{"name":"wp","href":"https:\/\/api.w.org\/{rel}","templated":true}]}}