{"id":3223,"date":"2024-09-07T01:43:56","date_gmt":"2024-09-07T01:43:56","guid":{"rendered":"https:\/\/www.yongjianceramic.com\/?post_type=product&#038;p=3223"},"modified":"2024-09-20T09:13:32","modified_gmt":"2024-09-20T09:13:32","slug":"ceramic-rice-bowls-bulk","status":"publish","type":"product","link":"https:\/\/www.yongjianceramic.com\/fr\/produit\/ceramic-rice-bowls-bulk\/","title":{"rendered":"Bols \u00e0 riz en c\u00e9ramique de 6 pouces avec design en forme de feuille de lotus"},"content":{"rendered":"<div class=\"wp-block-columns is-layout-flex wp-container-core-columns-is-layout-9d6595d7 wp-block-columns-is-layout-flex\">\n<div class=\"wp-block-column is-layout-flow wp-block-column-is-layout-flow\">\n<h2 class=\"wp-block-heading\">Bols \u00e0 riz en c\u00e9ramique de qualit\u00e9 sup\u00e9rieure Caract\u00e9ristiques en vrac :<\/h2>\n\n\n\n<ul class=\"wp-block-list\">\n<li><strong>Motif de feuilles de lotus : <\/strong>Le bord de ces bols \u00e0 riz en c\u00e9ramique adopte une forme unique imitant les feuilles de lotus, pleine de beaut\u00e9 naturelle, ajoutant une atmosph\u00e8re artistique \u00e0 la vaisselle, convenant aux occasions qui recherchent une exp\u00e9rience gastronomique raffin\u00e9e.<\/li>\n\n\n\n<li><strong>Multifonctionnel et pratique : <\/strong>Par rapport aux bols \u00e0 riz traditionnels, nos bols de 6 pouces ont une plus grande capacit\u00e9 et conviennent \u00e0 une vari\u00e9t\u00e9 d'aliments tels que le riz, les nouilles, les soupes, etc., r\u00e9pondant ainsi aux besoins de diff\u00e9rentes occasions.<\/li>\n\n\n\n<li><strong>Durable et sain :<\/strong> S\u00e9lectionn\u00e9s en c\u00e9ramique de haute qualit\u00e9, cuits \u00e0 haute temp\u00e9rature, nos bols \u00e0 riz en c\u00e9ramique en vrac garantissent la durabilit\u00e9 et la s\u00e9curit\u00e9 du produit. R\u00e9sistants \u00e0 la chaleur et aux rayures, ils conviennent \u00e0 un usage fr\u00e9quent et sont faciles \u00e0 nettoyer.<\/li>\n\n\n\n<li><strong>Avantage de prix : <\/strong>Convient pour les achats en grandes quantit\u00e9s par les soci\u00e9t\u00e9s de restauration et les d\u00e9taillants, offrant des prix de gros attractifs pour les bols de riz en vrac afin de r\u00e9pondre \u00e0 la demande de produits rentables.<\/li>\n<\/ul>\n<\/div>\n\n\n\n<div class=\"wp-block-column is-vertically-aligned-center is-layout-flow wp-block-column-is-layout-flow\"><div class=\"wp-block-image\">\n<figure class=\"aligncenter size-full\"><img fetchpriority=\"high\" decoding=\"async\" width=\"1200\" height=\"1200\" src=\"https:\/\/www.yongjianceramic.com\/wp-content\/uploads\/2024\/09\/6-Inch-Ceramic-Rice-Bowls-Bulk-With-Lotus-Leaf-Shape-Design-5.webp\" alt=\"Bols \u00e0 riz en c\u00e9ramique de 6 pouces en vrac avec forme de feuille de lotus design-5\" class=\"wp-image-3227\" srcset=\"https:\/\/www.yongjianceramic.com\/wp-content\/uploads\/2024\/09\/6-Inch-Ceramic-Rice-Bowls-Bulk-With-Lotus-Leaf-Shape-Design-5.webp 1200w, https:\/\/www.yongjianceramic.com\/wp-content\/uploads\/2024\/09\/6-Inch-Ceramic-Rice-Bowls-Bulk-With-Lotus-Leaf-Shape-Design-5-300x300.webp 300w, https:\/\/www.yongjianceramic.com\/wp-content\/uploads\/2024\/09\/6-Inch-Ceramic-Rice-Bowls-Bulk-With-Lotus-Leaf-Shape-Design-5-150x150.webp 150w, https:\/\/www.yongjianceramic.com\/wp-content\/uploads\/2024\/09\/6-Inch-Ceramic-Rice-Bowls-Bulk-With-Lotus-Leaf-Shape-Design-5-768x768.webp 768w, https:\/\/www.yongjianceramic.com\/wp-content\/uploads\/2024\/09\/6-Inch-Ceramic-Rice-Bowls-Bulk-With-Lotus-Leaf-Shape-Design-5-12x12.webp 12w, https:\/\/www.yongjianceramic.com\/wp-content\/uploads\/2024\/09\/6-Inch-Ceramic-Rice-Bowls-Bulk-With-Lotus-Leaf-Shape-Design-5-285x285.webp 285w, https:\/\/www.yongjianceramic.com\/wp-content\/uploads\/2024\/09\/6-Inch-Ceramic-Rice-Bowls-Bulk-With-Lotus-Leaf-Shape-Design-5-270x270.webp 270w, https:\/\/www.yongjianceramic.com\/wp-content\/uploads\/2024\/09\/6-Inch-Ceramic-Rice-Bowls-Bulk-With-Lotus-Leaf-Shape-Design-5-540x540.webp 540w, https:\/\/www.yongjianceramic.com\/wp-content\/uploads\/2024\/09\/6-Inch-Ceramic-Rice-Bowls-Bulk-With-Lotus-Leaf-Shape-Design-5-660x660.webp 660w\" sizes=\"(max-width: 1200px) 100vw, 1200px\" \/><\/figure>\n<\/div><\/div>\n<\/div>","protected":false},"excerpt":{"rendered":"<p>Nous vous invitons \u00e0 acheter des bols \u00e0 riz en c\u00e9ramique en gros. Ce bol \u00e0 riz en c\u00e9ramique de 6 pouces en gros a un design unique et pr\u00e9sente une forme de feuille de lotus. Il est non seulement beau et g\u00e9n\u00e9reux, mais il pr\u00e9sente \u00e9galement les avantages pratiques d'une grande capacit\u00e9 et d'une grande durabilit\u00e9. Il convient \u00e0 une vari\u00e9t\u00e9 d'occasions de restauration et est un choix id\u00e9al pour les achats en gros.<\/p>\n<table style=\"border-collapse: collapse; width: 309.02pt;\" border=\"0\" width=\"309\" cellspacing=\"0\" cellpadding=\"0\">\n<tbody>\n<tr style=\"height: 17.60pt;\">\n<td class=\"et3\" style=\"height: 17.60pt; width: 120.25pt;\" width=\"120\" height=\"17\">Fabricant<\/td>\n<td class=\"et3\" style=\"width: 189.25pt;\" width=\"189\">Yongjian<\/td>\n<\/tr>\n<tr style=\"height: 18.00pt;\">\n<td class=\"et3\" style=\"height: 18.00pt;\" height=\"18\">Num\u00e9ro de mod\u00e8le<\/td>\n<td class=\"et4\" style=\"width: 189.25pt;\" width=\"189\">YJ-008<\/td>\n<\/tr>\n<tr style=\"height: 17.60pt;\">\n<td class=\"et3\" style=\"height: 17.60pt;\" height=\"17\">Type de produit<\/td>\n<td class=\"et3\">Bol de riz<\/td>\n<\/tr>\n<tr style=\"height: 17.60pt;\">\n<td class=\"et3\" style=\"height: 17.60pt;\" height=\"17\">Mat\u00e9riau<\/td>\n<td class=\"et3\">Porcelaine<\/td>\n<\/tr>\n<tr style=\"height: 17.60pt;\">\n<td class=\"et5\" style=\"height: 17.60pt;\" height=\"17\">Couleur<\/td>\n<td class=\"et3\">Blanc\/ Noir<\/td>\n<\/tr>\n<tr style=\"height: 17.60pt;\">\n<td class=\"et3\" style=\"height: 17.60pt;\" height=\"17\">Dimension<\/td>\n<td class=\"et3\">14.7*14.7*6.8\uff0c600ml<\/td>\n<\/tr>\n<tr style=\"height: 17.60pt;\">\n<td class=\"et3\" style=\"height: 17.60pt;\" height=\"17\">MOQ<\/td>\n<td class=\"et3\">500pcs<\/td>\n<\/tr>\n<tr style=\"height: 17.60pt;\">\n<td class=\"et3\" style=\"height: 17.60pt;\" height=\"17\">Sur mesure<\/td>\n<td class=\"et3\">Couleur\/Taille\/Logo\/Emballage<\/td>\n<\/tr>\n<\/tbody>\n<\/table>","protected":false},"featured_media":3226,"comment_status":"closed","ping_status":"closed","template":"","meta":{"_acf_changed":false},"product_brand":[],"product_cat":[72,63],"product_tag":[96],"class_list":{"0":"post-3223","1":"product","2":"type-product","3":"status-publish","4":"has-post-thumbnail","6":"product_cat-rice-bowls-bulk","7":"product_cat-wholesale-bowls","8":"product_tag-black-white-dinnerware-wholesale","10":"first","11":"instock","12":"shipping-taxable","13":"product-type-simple"},"acf":[],"_links":{"self":[{"href":"https:\/\/www.yongjianceramic.com\/fr\/wp-json\/wp\/v2\/product\/3223","targetHints":{"allow":["GET"]}}],"collection":[{"href":"https:\/\/www.yongjianceramic.com\/fr\/wp-json\/wp\/v2\/product"}],"about":[{"href":"https:\/\/www.yongjianceramic.com\/fr\/wp-json\/wp\/v2\/types\/product"}],"replies":[{"embeddable":true,"href":"https:\/\/www.yongjianceramic.com\/fr\/wp-json\/wp\/v2\/comments?post=3223"}],"wp:featuredmedia":[{"embeddable":true,"href":"https:\/\/www.yongjianceramic.com\/fr\/wp-json\/wp\/v2\/media\/3226"}],"wp:attachment":[{"href":"https:\/\/www.yongjianceramic.com\/fr\/wp-json\/wp\/v2\/media?parent=3223"}],"wp:term":[{"taxonomy":"product_brand","embeddable":true,"href":"https:\/\/www.yongjianceramic.com\/fr\/wp-json\/wp\/v2\/product_brand?post=3223"},{"taxonomy":"product_cat","embeddable":true,"href":"https:\/\/www.yongjianceramic.com\/fr\/wp-json\/wp\/v2\/product_cat?post=3223"},{"taxonomy":"product_tag","embeddable":true,"href":"https:\/\/www.yongjianceramic.com\/fr\/wp-json\/wp\/v2\/product_tag?post=3223"}],"curies":[{"name":"wp","href":"https:\/\/api.w.org\/{rel}","templated":true}]}}