{"id":3231,"date":"2024-09-07T02:06:20","date_gmt":"2024-09-07T02:06:20","guid":{"rendered":"https:\/\/www.yongjianceramic.com\/?post_type=product&#038;p=3231"},"modified":"2024-09-20T09:13:28","modified_gmt":"2024-09-20T09:13:28","slug":"rice-bowls-bulk","status":"publish","type":"product","link":"https:\/\/www.yongjianceramic.com\/fr\/produit\/rice-bowls-bulk\/","title":{"rendered":"4.5-Inch Ceramic Rice Bowls Bulk With Vintage Texture Design"},"content":{"rendered":"<div class=\"wp-block-columns is-layout-flex wp-container-core-columns-is-layout-9d6595d7 wp-block-columns-is-layout-flex\">\n<div class=\"wp-block-column is-layout-flow wp-block-column-is-layout-flow\">\n<h2 class=\"wp-block-heading\">Bols \u00e0 riz de qualit\u00e9 sup\u00e9rieure Caract\u00e9ristiques en vrac :<\/h2>\n\n\n\n<ul class=\"wp-block-list\">\n<li><strong>Texture r\u00e9tro : <\/strong>La surface de ces bols \u00e0 riz en c\u00e9ramique adopte un design r\u00e9tro classique, une texture riche, une \u00e9l\u00e9gance et une beaut\u00e9 visuelles, et peut rehausser le style et le go\u00fbt de la table \u00e0 manger.<\/li>\n\n\n\n<li><strong>Capacit\u00e9 mod\u00e9r\u00e9e : <\/strong>La taille de ce bol en gros est tr\u00e8s mod\u00e9r\u00e9e et peut \u00eatre utilis\u00e9e pour le riz, les snacks, les soupes, etc. Il est pratique et convient \u00e0 une large utilisation dans la famille et dans l'industrie de la restauration.<\/li>\n\n\n\n<li><strong>Durable et sain : <\/strong>Nos bols \u00e0 riz en vrac sont fabriqu\u00e9s en c\u00e9ramique de haute qualit\u00e9, ils sont r\u00e9sistants aux temp\u00e9ratures \u00e9lev\u00e9es, durables et exempts de substances nocives, ce qui garantit une utilisation s\u00fbre et fiable, adapt\u00e9e \u00e0 un usage fr\u00e9quent \u00e0 long terme.<\/li>\n\n\n\n<li><strong>Rentable : <\/strong>Nous proposons des bols de riz en gros aux d\u00e9taillants et aux soci\u00e9t\u00e9s de restauration, \u00e0 des prix tr\u00e8s comp\u00e9titifs afin de r\u00e9pondre \u00e0 la demande des clients pour des produits rentables.<\/li>\n<\/ul>\n<\/div>\n\n\n\n<div class=\"wp-block-column is-vertically-aligned-center is-layout-flow wp-block-column-is-layout-flow\"><div class=\"wp-block-image\">\n<figure class=\"aligncenter size-full\"><img fetchpriority=\"high\" decoding=\"async\" width=\"750\" height=\"750\" src=\"https:\/\/www.yongjianceramic.com\/wp-content\/uploads\/2024\/09\/4.5-Inch-Ceramic-Rice-Bowls-Bulk-With-Vintage-Texture-Design-7.png\" alt=\"4.5-Inch Ceramic Rice Bowls Bulk With Vintage Texture Design-7 (bols \u00e0 riz en c\u00e9ramique en vrac avec une texture vintage)\" class=\"wp-image-3238\" srcset=\"https:\/\/www.yongjianceramic.com\/wp-content\/uploads\/2024\/09\/4.5-Inch-Ceramic-Rice-Bowls-Bulk-With-Vintage-Texture-Design-7.png 750w, https:\/\/www.yongjianceramic.com\/wp-content\/uploads\/2024\/09\/4.5-Inch-Ceramic-Rice-Bowls-Bulk-With-Vintage-Texture-Design-7-300x300.png 300w, https:\/\/www.yongjianceramic.com\/wp-content\/uploads\/2024\/09\/4.5-Inch-Ceramic-Rice-Bowls-Bulk-With-Vintage-Texture-Design-7-150x150.png 150w, https:\/\/www.yongjianceramic.com\/wp-content\/uploads\/2024\/09\/4.5-Inch-Ceramic-Rice-Bowls-Bulk-With-Vintage-Texture-Design-7-12x12.png 12w, https:\/\/www.yongjianceramic.com\/wp-content\/uploads\/2024\/09\/4.5-Inch-Ceramic-Rice-Bowls-Bulk-With-Vintage-Texture-Design-7-285x285.png 285w, https:\/\/www.yongjianceramic.com\/wp-content\/uploads\/2024\/09\/4.5-Inch-Ceramic-Rice-Bowls-Bulk-With-Vintage-Texture-Design-7-270x270.png 270w, https:\/\/www.yongjianceramic.com\/wp-content\/uploads\/2024\/09\/4.5-Inch-Ceramic-Rice-Bowls-Bulk-With-Vintage-Texture-Design-7-540x540.png 540w, https:\/\/www.yongjianceramic.com\/wp-content\/uploads\/2024\/09\/4.5-Inch-Ceramic-Rice-Bowls-Bulk-With-Vintage-Texture-Design-7-660x660.png 660w\" sizes=\"(max-width: 750px) 100vw, 750px\" \/><\/figure>\n<\/div><\/div>\n<\/div>","protected":false},"excerpt":{"rendered":"<p>Nous vous invitons \u00e0 acheter des bols \u00e0 riz en gros. Nos bols \u00e0 riz en c\u00e9ramique de 4,5 pouces en vrac adoptent un design de texture r\u00e9tro, \u00e9l\u00e9gant et beau, convenant au riz, aux snacks et \u00e0 d'autres usages. Les mat\u00e9riaux c\u00e9ramiques de haute qualit\u00e9 garantissent la sant\u00e9 et la durabilit\u00e9, un rapport qualit\u00e9-prix \u00e9lev\u00e9, et sont id\u00e9aux pour les achats en gros.<\/p>\n<table style=\"border-collapse: collapse; width: 309.02pt;\" border=\"0\" width=\"309\" cellspacing=\"0\" cellpadding=\"0\">\n<tbody>\n<tr style=\"height: 17.60pt;\">\n<td class=\"et3\" style=\"height: 17.60pt; width: 120.25pt;\" width=\"120\" height=\"17\">Fabricant<\/td>\n<td class=\"et3\" style=\"width: 189.25pt;\" width=\"189\">Yongjian<\/td>\n<\/tr>\n<tr style=\"height: 18.00pt;\">\n<td class=\"et3\" style=\"height: 18.00pt;\" height=\"18\">Num\u00e9ro de mod\u00e8le<\/td>\n<td class=\"et4\" style=\"width: 189.25pt;\" width=\"189\">YJ-008<\/td>\n<\/tr>\n<tr style=\"height: 17.60pt;\">\n<td class=\"et3\" style=\"height: 17.60pt;\" height=\"17\">Type de produit<\/td>\n<td class=\"et3\">Bol de riz<\/td>\n<\/tr>\n<tr style=\"height: 17.60pt;\">\n<td class=\"et3\" style=\"height: 17.60pt;\" height=\"17\">Mat\u00e9riau<\/td>\n<td class=\"et3\">Porcelaine<\/td>\n<\/tr>\n<tr style=\"height: 17.60pt;\">\n<td class=\"et5\" style=\"height: 17.60pt;\" height=\"17\">Couleur<\/td>\n<td class=\"et3\">Blanc\/ Noir<\/td>\n<\/tr>\n<tr style=\"height: 17.60pt;\">\n<td class=\"et3\" style=\"height: 17.60pt;\" height=\"17\">Dimension<\/td>\n<td class=\"et3\">14.7*14.7*6.8\uff0c600ml<\/td>\n<\/tr>\n<tr style=\"height: 17.60pt;\">\n<td class=\"et3\" style=\"height: 17.60pt;\" height=\"17\">MOQ<\/td>\n<td class=\"et3\">500pcs<\/td>\n<\/tr>\n<tr style=\"height: 17.60pt;\">\n<td class=\"et3\" style=\"height: 17.60pt;\" height=\"17\">Sur mesure<\/td>\n<td class=\"et3\">Couleur\/Taille\/Logo\/Emballage<\/td>\n<\/tr>\n<\/tbody>\n<\/table>","protected":false},"featured_media":3235,"comment_status":"closed","ping_status":"closed","template":"","meta":{"_acf_changed":false},"product_brand":[],"product_cat":[72,63],"product_tag":[96],"class_list":{"0":"post-3231","1":"product","2":"type-product","3":"status-publish","4":"has-post-thumbnail","6":"product_cat-rice-bowls-bulk","7":"product_cat-wholesale-bowls","8":"product_tag-black-white-dinnerware-wholesale","10":"first","11":"instock","12":"shipping-taxable","13":"product-type-simple"},"acf":[],"_links":{"self":[{"href":"https:\/\/www.yongjianceramic.com\/fr\/wp-json\/wp\/v2\/product\/3231","targetHints":{"allow":["GET"]}}],"collection":[{"href":"https:\/\/www.yongjianceramic.com\/fr\/wp-json\/wp\/v2\/product"}],"about":[{"href":"https:\/\/www.yongjianceramic.com\/fr\/wp-json\/wp\/v2\/types\/product"}],"replies":[{"embeddable":true,"href":"https:\/\/www.yongjianceramic.com\/fr\/wp-json\/wp\/v2\/comments?post=3231"}],"wp:featuredmedia":[{"embeddable":true,"href":"https:\/\/www.yongjianceramic.com\/fr\/wp-json\/wp\/v2\/media\/3235"}],"wp:attachment":[{"href":"https:\/\/www.yongjianceramic.com\/fr\/wp-json\/wp\/v2\/media?parent=3231"}],"wp:term":[{"taxonomy":"product_brand","embeddable":true,"href":"https:\/\/www.yongjianceramic.com\/fr\/wp-json\/wp\/v2\/product_brand?post=3231"},{"taxonomy":"product_cat","embeddable":true,"href":"https:\/\/www.yongjianceramic.com\/fr\/wp-json\/wp\/v2\/product_cat?post=3231"},{"taxonomy":"product_tag","embeddable":true,"href":"https:\/\/www.yongjianceramic.com\/fr\/wp-json\/wp\/v2\/product_tag?post=3231"}],"curies":[{"name":"wp","href":"https:\/\/api.w.org\/{rel}","templated":true}]}}