{"id":3239,"date":"2024-09-07T02:30:48","date_gmt":"2024-09-07T02:30:48","guid":{"rendered":"https:\/\/www.yongjianceramic.com\/?post_type=product&#038;p=3239"},"modified":"2025-11-04T16:49:28","modified_gmt":"2025-11-04T08:49:28","slug":"wholesale-ceramic-rice-bowls","status":"publish","type":"product","link":"https:\/\/www.yongjianceramic.com\/fr\/produit\/wholesale-ceramic-rice-bowls\/","title":{"rendered":"Vente en gros de bols \u00e0 riz en c\u00e9ramique en 3 tailles, bols \u00e0 ramen en vrac"},"content":{"rendered":"<div class=\"wp-block-columns is-layout-flex wp-container-core-columns-is-layout-9d6595d7 wp-block-columns-is-layout-flex\">\n<div class=\"wp-block-column is-layout-flow wp-block-column-is-layout-flow\">\n<h2 class=\"wp-block-heading\">Bols \u00e0 riz en c\u00e9ramique Premium Wholesale Caract\u00e9ristiques :<\/h2>\n\n\n\n<ul class=\"wp-block-list\">\n<li><strong>Texture sp\u00e9ciale :<\/strong> L'ext\u00e9rieur de nos bols \u00e0 riz en c\u00e9ramique a un design de texture rocheuse, qui est plein d'une beaut\u00e9 brute naturelle et d'une sensation sp\u00e9ciale, ajoutant un style personnalis\u00e9 \u00e0 la table, charmant et unique.<\/li>\n\n\n\n<li><strong>Durable : <\/strong>S\u00e9lectionn\u00e9s en c\u00e9ramique de haute qualit\u00e9, nos bols \u00e0 ramen en vrac pr\u00e9sentent une bonne r\u00e9sistance \u00e0 l'usure et \u00e0 la chaleur, peuvent supporter des aliments \u00e0 haute temp\u00e9rature ou un chauffage au micro-ondes et garantissent une longue dur\u00e9e de vie du bol.<\/li>\n\n\n\n<li><strong>Application courante : <\/strong>Qu'il s'agisse de riz, de salade ou de soupe, nos bols \u00e0 riz en c\u00e9ramique ont une taille parfaite qui leur permet d'\u00eatre utilis\u00e9s plusieurs fois et de r\u00e9pondre aux besoins vari\u00e9s des familles ou des entreprises de restauration.<\/li>\n\n\n\n<li><strong>\u00c9conomique : <\/strong>Offrir aux traiteurs et aux d\u00e9taillants des prix de gros avantageux pour les bols \u00e0 ramen et les bols \u00e0 riz en c\u00e9ramique en vrac, ce qui leur permettra de b\u00e9n\u00e9ficier d'un rapport co\u00fbt-efficacit\u00e9 \u00e9lev\u00e9 \u00e0 l'achat et, partant, de r\u00e9aliser des \u00e9conomies pour les entreprises.<\/li>\n<\/ul>\n<\/div>\n\n\n\n<div class=\"wp-block-column is-vertically-aligned-center is-layout-flow wp-block-column-is-layout-flow\"><div class=\"wp-block-image\">\n<figure class=\"aligncenter size-full\"><img fetchpriority=\"high\" decoding=\"async\" width=\"750\" height=\"750\" src=\"https:\/\/www.yongjianceramic.com\/wp-content\/uploads\/2024\/09\/Wholesale-Ceramic-Rice-Bowls-With-Rock-Texture-Design-3.webp\" alt=\"Grossiste Bols \u00e0 riz en c\u00e9ramique avec texture rocheuse Design-3\" class=\"wp-image-3242\" srcset=\"https:\/\/www.yongjianceramic.com\/wp-content\/uploads\/2024\/09\/Wholesale-Ceramic-Rice-Bowls-With-Rock-Texture-Design-3.webp 750w, https:\/\/www.yongjianceramic.com\/wp-content\/uploads\/2024\/09\/Wholesale-Ceramic-Rice-Bowls-With-Rock-Texture-Design-3-300x300.webp 300w, https:\/\/www.yongjianceramic.com\/wp-content\/uploads\/2024\/09\/Wholesale-Ceramic-Rice-Bowls-With-Rock-Texture-Design-3-150x150.webp 150w, https:\/\/www.yongjianceramic.com\/wp-content\/uploads\/2024\/09\/Wholesale-Ceramic-Rice-Bowls-With-Rock-Texture-Design-3-12x12.webp 12w, https:\/\/www.yongjianceramic.com\/wp-content\/uploads\/2024\/09\/Wholesale-Ceramic-Rice-Bowls-With-Rock-Texture-Design-3-285x285.webp 285w, https:\/\/www.yongjianceramic.com\/wp-content\/uploads\/2024\/09\/Wholesale-Ceramic-Rice-Bowls-With-Rock-Texture-Design-3-270x270.webp 270w, https:\/\/www.yongjianceramic.com\/wp-content\/uploads\/2024\/09\/Wholesale-Ceramic-Rice-Bowls-With-Rock-Texture-Design-3-540x540.webp 540w, https:\/\/www.yongjianceramic.com\/wp-content\/uploads\/2024\/09\/Wholesale-Ceramic-Rice-Bowls-With-Rock-Texture-Design-3-660x660.webp 660w\" sizes=\"(max-width: 750px) 100vw, 750px\" \/><\/figure>\n<\/div><\/div>\n<\/div>","protected":false},"excerpt":{"rendered":"<p>Nous vous invitons \u00e0 acheter des bols \u00e0 ramen en vrac. Nos bols \u00e0 riz en gros en c\u00e9ramique sont dot\u00e9s d'un motif de texture rocheuse, alliant beaut\u00e9 naturelle et facilit\u00e9 d'utilisation, ce qui permet de les adapter \u00e0 divers usages. Les mat\u00e9riaux durables de haute qualit\u00e9 assurent sa durabilit\u00e9, ce qui en fait votre meilleur choix pour l'achat en gros avec un excellent rapport qualit\u00e9-prix.<\/p>\n<table width=\"309\">\n<tbody>\n<tr>\n<td width=\"120\">Fabricant<\/td>\n<td width=\"189\">Yongjian<\/td>\n<\/tr>\n<tr>\n<td>Num\u00e9ro de mod\u00e8le<\/td>\n<td width=\"189\">YJ-031, 4,5 pouces <br \/>YJ-032, 5 pouces <br \/>YJ-033, 6 pouces\u00a0<\/td>\n<\/tr>\n<tr>\n<td>Type de produit<\/td>\n<td>Bol de riz<\/td>\n<\/tr>\n<tr>\n<td>Mat\u00e9riau<\/td>\n<td>Porcelaine<\/td>\n<\/tr>\n<tr>\n<td>Couleur<\/td>\n<td>Blanc\/ Noir<\/td>\n<\/tr>\n<tr>\n<td>Dimension<\/td>\n<td width=\"189\">11.5*11.5*5.5\uff0c200ml<br \/>12.8*12.8*6\uff0c400ml<br \/>15*15*7.5\uff0c650ml<\/td>\n<\/tr>\n<tr>\n<td>MOQ<\/td>\n<td>500pcs<\/td>\n<\/tr>\n<tr>\n<td>Sur mesure<\/td>\n<td>Couleur\/Taille\/Logo\/Emballage<\/td>\n<\/tr>\n<\/tbody>\n<\/table>","protected":false},"featured_media":3244,"comment_status":"closed","ping_status":"closed","template":"","meta":{"_acf_changed":false},"product_brand":[],"product_cat":[72,63],"product_tag":[96],"class_list":{"0":"post-3239","1":"product","2":"type-product","3":"status-publish","4":"has-post-thumbnail","6":"product_cat-rice-bowls-bulk","7":"product_cat-wholesale-bowls","8":"product_tag-black-white-dinnerware-wholesale","10":"first","11":"instock","12":"shipping-taxable","13":"product-type-simple"},"acf":[],"_links":{"self":[{"href":"https:\/\/www.yongjianceramic.com\/fr\/wp-json\/wp\/v2\/product\/3239","targetHints":{"allow":["GET"]}}],"collection":[{"href":"https:\/\/www.yongjianceramic.com\/fr\/wp-json\/wp\/v2\/product"}],"about":[{"href":"https:\/\/www.yongjianceramic.com\/fr\/wp-json\/wp\/v2\/types\/product"}],"replies":[{"embeddable":true,"href":"https:\/\/www.yongjianceramic.com\/fr\/wp-json\/wp\/v2\/comments?post=3239"}],"wp:featuredmedia":[{"embeddable":true,"href":"https:\/\/www.yongjianceramic.com\/fr\/wp-json\/wp\/v2\/media\/3244"}],"wp:attachment":[{"href":"https:\/\/www.yongjianceramic.com\/fr\/wp-json\/wp\/v2\/media?parent=3239"}],"wp:term":[{"taxonomy":"product_brand","embeddable":true,"href":"https:\/\/www.yongjianceramic.com\/fr\/wp-json\/wp\/v2\/product_brand?post=3239"},{"taxonomy":"product_cat","embeddable":true,"href":"https:\/\/www.yongjianceramic.com\/fr\/wp-json\/wp\/v2\/product_cat?post=3239"},{"taxonomy":"product_tag","embeddable":true,"href":"https:\/\/www.yongjianceramic.com\/fr\/wp-json\/wp\/v2\/product_tag?post=3239"}],"curies":[{"name":"wp","href":"https:\/\/api.w.org\/{rel}","templated":true}]}}