{"id":3250,"date":"2024-09-07T02:53:33","date_gmt":"2024-09-07T02:53:33","guid":{"rendered":"https:\/\/www.yongjianceramic.com\/?post_type=product&#038;p=3250"},"modified":"2025-11-04T17:19:45","modified_gmt":"2025-11-04T09:19:45","slug":"porcelain-rice-bowls-wholesale","status":"publish","type":"product","link":"https:\/\/www.yongjianceramic.com\/fr\/produit\/porcelain-rice-bowls-wholesale\/","title":{"rendered":"Bols \u00e0 riz en porcelaine de 4.5 pouces Wholesale"},"content":{"rendered":"<div class=\"wp-block-columns is-layout-flex wp-container-core-columns-is-layout-9d6595d7 wp-block-columns-is-layout-flex\">\n<div class=\"wp-block-column is-layout-flow wp-block-column-is-layout-flow\">\n<h2 class=\"wp-block-heading\">Bols \u00e0 riz en porcelaine de qualit\u00e9 sup\u00e9rieure Caract\u00e9ristiques :<\/h2>\n\n\n\n<ul class=\"wp-block-list\">\n<li><strong>Texture de la roche : <\/strong>Ces bols \u00e0 riz en porcelaine adoptent un design imitant la texture de la roche, qui a une touche d\u00e9licate, montrant la combinaison des styles naturel et moderne, ajoutant un effet visuel unique \u00e0 la table \u00e0 manger.<\/li>\n\n\n\n<li><strong>Taille de 4,5 pouces : <\/strong>Ces petits bols ronds en vrac ont un diam\u00e8tre de 4,5 pouces, ce qui est une taille mod\u00e9r\u00e9e, convenant pour contenir du riz, des salades, des desserts et d'autres aliments, et s'adaptant aux diff\u00e9rents besoins de l'utilisation quotidienne \u00e0 la maison et au restaurant.<\/li>\n\n\n\n<li><strong>Porcelaine de premi\u00e8re qualit\u00e9 :<\/strong> Nos bols \u00e0 riz en porcelaine sont cuits \u00e0 haute temp\u00e9rature, ont une excellente r\u00e9sistance \u00e0 la chaleur et aux rayures, n'absorbent pas facilement les odeurs et les taches, et garantissent une exp\u00e9rience culinaire saine et sans danger.<\/li>\n\n\n\n<li><strong>Un rapport co\u00fbt-efficacit\u00e9 exceptionnel : <\/strong>Nous proposons des services de personnalisation pour ces petits bols ronds en gros, en grandes quantit\u00e9s et \u00e0 des prix abordables. Ils constituent un choix \u00e9conomique pour ceux qui recherchent de la vaisselle de haute qualit\u00e9.<\/li>\n<\/ul>\n<\/div>\n\n\n\n<div class=\"wp-block-column is-vertically-aligned-center is-layout-flow wp-block-column-is-layout-flow\"><div class=\"wp-block-image\">\n<figure class=\"aligncenter size-full\"><img fetchpriority=\"high\" decoding=\"async\" width=\"800\" height=\"800\" src=\"https:\/\/www.yongjianceramic.com\/wp-content\/uploads\/2024\/09\/4.5-Inch-Porcelain-Rice-Bowls-Wholesale-With-Rock-Texture-4.webp\" alt=\"4.5-Inch Porcelain Rice Bowls Wholesale With Rock Texture-4\" class=\"wp-image-3254\" srcset=\"https:\/\/www.yongjianceramic.com\/wp-content\/uploads\/2024\/09\/4.5-Inch-Porcelain-Rice-Bowls-Wholesale-With-Rock-Texture-4.webp 800w, https:\/\/www.yongjianceramic.com\/wp-content\/uploads\/2024\/09\/4.5-Inch-Porcelain-Rice-Bowls-Wholesale-With-Rock-Texture-4-300x300.webp 300w, https:\/\/www.yongjianceramic.com\/wp-content\/uploads\/2024\/09\/4.5-Inch-Porcelain-Rice-Bowls-Wholesale-With-Rock-Texture-4-150x150.webp 150w, https:\/\/www.yongjianceramic.com\/wp-content\/uploads\/2024\/09\/4.5-Inch-Porcelain-Rice-Bowls-Wholesale-With-Rock-Texture-4-768x768.webp 768w, https:\/\/www.yongjianceramic.com\/wp-content\/uploads\/2024\/09\/4.5-Inch-Porcelain-Rice-Bowls-Wholesale-With-Rock-Texture-4-12x12.webp 12w, https:\/\/www.yongjianceramic.com\/wp-content\/uploads\/2024\/09\/4.5-Inch-Porcelain-Rice-Bowls-Wholesale-With-Rock-Texture-4-285x285.webp 285w, https:\/\/www.yongjianceramic.com\/wp-content\/uploads\/2024\/09\/4.5-Inch-Porcelain-Rice-Bowls-Wholesale-With-Rock-Texture-4-270x270.webp 270w, https:\/\/www.yongjianceramic.com\/wp-content\/uploads\/2024\/09\/4.5-Inch-Porcelain-Rice-Bowls-Wholesale-With-Rock-Texture-4-540x540.webp 540w, https:\/\/www.yongjianceramic.com\/wp-content\/uploads\/2024\/09\/4.5-Inch-Porcelain-Rice-Bowls-Wholesale-With-Rock-Texture-4-660x660.webp 660w\" sizes=\"(max-width: 800px) 100vw, 800px\" \/><\/figure>\n<\/div><\/div>\n<\/div>","protected":false},"excerpt":{"rendered":"<p>Bienvenue pour l'achat en gros de petits bols ronds. Nos bols \u00e0 riz en porcelaine de 4,5 pouces sont dot\u00e9s d'une texture rocheuse, \u00e0 la fois \u00e9l\u00e9gante et durable. Ils conviennent \u00e0 une grande vari\u00e9t\u00e9 de besoins de restauration et constituent un choix id\u00e9al pour les achats en gros avec un rapport qualit\u00e9-prix \u00e9lev\u00e9.<\/p>\n<table style=\"border-collapse: collapse; width: 309.02pt;\" border=\"0\" width=\"309\" cellspacing=\"0\" cellpadding=\"0\">\n<tbody>\n<tr style=\"height: 17.60pt;\">\n<td class=\"et3\" style=\"height: 17.60pt; width: 120.25pt;\" width=\"120\" height=\"17\">Fabricant<\/td>\n<td class=\"et3\" style=\"width: 189.25pt;\" width=\"189\">Yongjian<\/td>\n<\/tr>\n<tr style=\"height: 18.00pt;\">\n<td class=\"et3\" style=\"height: 18.00pt;\" height=\"18\">Num\u00e9ro de mod\u00e8le<\/td>\n<td class=\"et4\" style=\"width: 189.25pt;\" width=\"189\">YJ-028<\/td>\n<\/tr>\n<tr style=\"height: 17.60pt;\">\n<td class=\"et3\" style=\"height: 17.60pt;\" height=\"17\">Type de produit<\/td>\n<td class=\"et3\">Bol de riz<\/td>\n<\/tr>\n<tr style=\"height: 17.60pt;\">\n<td class=\"et3\" style=\"height: 17.60pt;\" height=\"17\">Mat\u00e9riau<\/td>\n<td class=\"et3\">Porcelaine<\/td>\n<\/tr>\n<tr style=\"height: 17.60pt;\">\n<td class=\"et5\" style=\"height: 17.60pt;\" height=\"17\">Couleur<\/td>\n<td class=\"et3\">Blanc\/ Noir<\/td>\n<\/tr>\n<tr style=\"height: 18.00pt;\">\n<td class=\"et3\" style=\"height: 18.00pt;\" height=\"18\">Dimension<\/td>\n<td class=\"et6\" style=\"width: 189.25pt;\" width=\"189\">11.5*11.5*5.5\uff0c280ml<\/td>\n<\/tr>\n<tr style=\"height: 17.60pt;\">\n<td class=\"et3\" style=\"height: 17.60pt;\" height=\"17\">MOQ<\/td>\n<td class=\"et3\">500pcs<\/td>\n<\/tr>\n<tr style=\"height: 17.60pt;\">\n<td class=\"et3\" style=\"height: 17.60pt;\" height=\"17\">Sur mesure<\/td>\n<td class=\"et3\">Couleur\/Taille\/Logo\/Emballage<\/td>\n<\/tr>\n<\/tbody>\n<\/table>","protected":false},"featured_media":3256,"comment_status":"closed","ping_status":"closed","template":"","meta":{"_acf_changed":false},"product_brand":[],"product_cat":[72,63],"product_tag":[96],"class_list":{"0":"post-3250","1":"product","2":"type-product","3":"status-publish","4":"has-post-thumbnail","6":"product_cat-rice-bowls-bulk","7":"product_cat-wholesale-bowls","8":"product_tag-black-white-dinnerware-wholesale","10":"first","11":"instock","12":"shipping-taxable","13":"product-type-simple"},"acf":[],"_links":{"self":[{"href":"https:\/\/www.yongjianceramic.com\/fr\/wp-json\/wp\/v2\/product\/3250","targetHints":{"allow":["GET"]}}],"collection":[{"href":"https:\/\/www.yongjianceramic.com\/fr\/wp-json\/wp\/v2\/product"}],"about":[{"href":"https:\/\/www.yongjianceramic.com\/fr\/wp-json\/wp\/v2\/types\/product"}],"replies":[{"embeddable":true,"href":"https:\/\/www.yongjianceramic.com\/fr\/wp-json\/wp\/v2\/comments?post=3250"}],"wp:featuredmedia":[{"embeddable":true,"href":"https:\/\/www.yongjianceramic.com\/fr\/wp-json\/wp\/v2\/media\/3256"}],"wp:attachment":[{"href":"https:\/\/www.yongjianceramic.com\/fr\/wp-json\/wp\/v2\/media?parent=3250"}],"wp:term":[{"taxonomy":"product_brand","embeddable":true,"href":"https:\/\/www.yongjianceramic.com\/fr\/wp-json\/wp\/v2\/product_brand?post=3250"},{"taxonomy":"product_cat","embeddable":true,"href":"https:\/\/www.yongjianceramic.com\/fr\/wp-json\/wp\/v2\/product_cat?post=3250"},{"taxonomy":"product_tag","embeddable":true,"href":"https:\/\/www.yongjianceramic.com\/fr\/wp-json\/wp\/v2\/product_tag?post=3250"}],"curies":[{"name":"wp","href":"https:\/\/api.w.org\/{rel}","templated":true}]}}