{"id":3264,"date":"2024-09-07T03:19:40","date_gmt":"2024-09-07T03:19:40","guid":{"rendered":"https:\/\/www.yongjianceramic.com\/?post_type=product&#038;p=3264"},"modified":"2024-09-20T09:13:21","modified_gmt":"2024-09-20T09:13:21","slug":"salad-bowls-wholesale","status":"publish","type":"product","link":"https:\/\/www.yongjianceramic.com\/fr\/produit\/salad-bowls-wholesale\/","title":{"rendered":"Bol \u00e0 salade 7 pouces Wholesale, \u00e9l\u00e9gant bol en c\u00e9ramique \u00e0 bord ondul\u00e9"},"content":{"rendered":"<div class=\"wp-block-columns is-layout-flex wp-container-core-columns-is-layout-9d6595d7 wp-block-columns-is-layout-flex\">\n<div class=\"wp-block-column is-layout-flow wp-block-column-is-layout-flow\">\n<h2 class=\"wp-block-heading\">Bols \u00e0 salade de qualit\u00e9 sup\u00e9rieure Caract\u00e9ristiques de la vente en gros :<\/h2>\n\n\n\n<ul class=\"wp-block-list\">\n<li><strong>Design \u00e9l\u00e9gant : <\/strong>Ces saladiers de 7 pouces en gros sont dot\u00e9s d'un bord ondul\u00e9 unique, qui leur conf\u00e8re une \u00e9l\u00e9gance visuelle et am\u00e9liore l'exp\u00e9rience culinaire.<\/li>\n\n\n\n<li><strong>Haute qualit\u00e9 : <\/strong>Fabriqu\u00e9s en c\u00e9ramique de haute qualit\u00e9, nos bols de service en gros sont r\u00e9sistants aux temp\u00e9ratures \u00e9lev\u00e9es et \u00e0 l'usure, garantissant une utilisation \u00e0 long terme, et ne se d\u00e9forment pas facilement.<\/li>\n\n\n\n<li><strong>Utilisation polyvalente :<\/strong> Adapt\u00e9s \u00e0 diverses occasions, nos saladiers en c\u00e9ramique peuvent non seulement contenir des salades, mais aussi \u00eatre utilis\u00e9s comme bol \u00e0 fruits, \u00e0 dessert ou \u00e0 en-cas pour r\u00e9pondre \u00e0 diff\u00e9rents besoins.<\/li>\n\n\n\n<li><strong>Facile \u00e0 nettoyer : <\/strong>Le gla\u00e7age lisse de ces saladiers en gros rend le nettoyage plus pratique et ne facilite pas les taches, ce qui garantit la propret\u00e9 et l'hygi\u00e8ne apr\u00e8s chaque utilisation.<\/li>\n<\/ul>\n<\/div>\n\n\n\n<div class=\"wp-block-column is-vertically-aligned-center is-layout-flow wp-block-column-is-layout-flow\"><div class=\"wp-block-image\">\n<figure class=\"aligncenter size-full\"><img fetchpriority=\"high\" decoding=\"async\" width=\"750\" height=\"750\" src=\"https:\/\/www.yongjianceramic.com\/wp-content\/uploads\/2024\/09\/7-Inch-Salad-Bowls-Wholesale-Elegant-Wavy-Edge-Ceramic-Bowl-3.webp\" alt=\"Bol \u00e0 salade 7 pouces grossiste, \u00e9l\u00e9gant bol en c\u00e9ramique \u00e0 bord ondul\u00e9-3\" class=\"wp-image-3267\" srcset=\"https:\/\/www.yongjianceramic.com\/wp-content\/uploads\/2024\/09\/7-Inch-Salad-Bowls-Wholesale-Elegant-Wavy-Edge-Ceramic-Bowl-3.webp 750w, https:\/\/www.yongjianceramic.com\/wp-content\/uploads\/2024\/09\/7-Inch-Salad-Bowls-Wholesale-Elegant-Wavy-Edge-Ceramic-Bowl-3-300x300.webp 300w, https:\/\/www.yongjianceramic.com\/wp-content\/uploads\/2024\/09\/7-Inch-Salad-Bowls-Wholesale-Elegant-Wavy-Edge-Ceramic-Bowl-3-150x150.webp 150w, https:\/\/www.yongjianceramic.com\/wp-content\/uploads\/2024\/09\/7-Inch-Salad-Bowls-Wholesale-Elegant-Wavy-Edge-Ceramic-Bowl-3-12x12.webp 12w, https:\/\/www.yongjianceramic.com\/wp-content\/uploads\/2024\/09\/7-Inch-Salad-Bowls-Wholesale-Elegant-Wavy-Edge-Ceramic-Bowl-3-285x285.webp 285w, https:\/\/www.yongjianceramic.com\/wp-content\/uploads\/2024\/09\/7-Inch-Salad-Bowls-Wholesale-Elegant-Wavy-Edge-Ceramic-Bowl-3-270x270.webp 270w, https:\/\/www.yongjianceramic.com\/wp-content\/uploads\/2024\/09\/7-Inch-Salad-Bowls-Wholesale-Elegant-Wavy-Edge-Ceramic-Bowl-3-540x540.webp 540w, https:\/\/www.yongjianceramic.com\/wp-content\/uploads\/2024\/09\/7-Inch-Salad-Bowls-Wholesale-Elegant-Wavy-Edge-Ceramic-Bowl-3-660x660.webp 660w\" sizes=\"(max-width: 750px) 100vw, 750px\" \/><\/figure>\n<\/div><\/div>\n<\/div>","protected":false},"excerpt":{"rendered":"<p>Nous vous invitons \u00e0 acheter des saladiers en c\u00e9ramique en vrac. Nos saladiers de 7 pouces en gros se distinguent par leur design \u00e9l\u00e9gant \u00e0 bords ondul\u00e9s. Son utilisation multifonctionnelle ne se limite pas \u00e0 contenir des salades, mais peut \u00e9galement \u00eatre utilis\u00e9e comme bol \u00e0 fruits et \u00e0 collation. Le gla\u00e7age lisse est facile \u00e0 nettoyer et convient \u00e0 de nombreuses occasions de repas.<\/p>\n<table style=\"border-collapse: collapse; width: 309.02pt;\" border=\"0\" width=\"309\" cellspacing=\"0\" cellpadding=\"0\">\n<tbody>\n<tr style=\"height: 17.60pt;\">\n<td class=\"et3\" style=\"height: 17.60pt; width: 120.25pt;\" width=\"120\" height=\"17\">Fabricant<\/td>\n<td class=\"et3\" style=\"width: 189.25pt;\" width=\"189\">Yongjian<\/td>\n<\/tr>\n<tr style=\"height: 18.00pt;\">\n<td class=\"et3\" style=\"height: 18.00pt;\" height=\"18\">Num\u00e9ro de mod\u00e8le<\/td>\n<td class=\"et4\" style=\"width: 189.25pt;\" width=\"189\">YJ-055<\/td>\n<\/tr>\n<tr style=\"height: 17.60pt;\">\n<td class=\"et3\" style=\"height: 17.60pt;\" height=\"17\">Type de produit<\/td>\n<td class=\"et2\">Saladiers et bols \u00e0 salade<\/td>\n<\/tr>\n<tr style=\"height: 17.60pt;\">\n<td class=\"et3\" style=\"height: 17.60pt;\" height=\"17\">Mat\u00e9riau<\/td>\n<td class=\"et3\">Porcelaine<\/td>\n<\/tr>\n<tr style=\"height: 17.60pt;\">\n<td class=\"et5\" style=\"height: 17.60pt;\" height=\"17\">Couleur<\/td>\n<td class=\"et3\">Blanc\/ Noir<\/td>\n<\/tr>\n<tr style=\"height: 18.00pt;\">\n<td class=\"et3\" style=\"height: 18.00pt;\" height=\"18\">Dimension<\/td>\n<td class=\"et6\" style=\"width: 189.25pt;\" width=\"189\">17*17*4.5<\/td>\n<\/tr>\n<tr style=\"height: 17.60pt;\">\n<td class=\"et3\" style=\"height: 17.60pt;\" height=\"17\">MOQ<\/td>\n<td class=\"et3\">500pcs<\/td>\n<\/tr>\n<tr style=\"height: 17.60pt;\">\n<td class=\"et3\" style=\"height: 17.60pt;\" height=\"17\">Sur mesure<\/td>\n<td class=\"et3\">Couleur\/Taille\/Logo\/Emballage<\/td>\n<\/tr>\n<\/tbody>\n<\/table>","protected":false},"featured_media":3272,"comment_status":"closed","ping_status":"closed","template":"","meta":{"_acf_changed":false},"product_brand":[],"product_cat":[74,63],"product_tag":[96],"class_list":{"0":"post-3264","1":"product","2":"type-product","3":"status-publish","4":"has-post-thumbnail","6":"product_cat-bulk-serving-bowls","7":"product_cat-wholesale-bowls","8":"product_tag-black-white-dinnerware-wholesale","10":"first","11":"instock","12":"shipping-taxable","13":"product-type-simple"},"acf":[],"_links":{"self":[{"href":"https:\/\/www.yongjianceramic.com\/fr\/wp-json\/wp\/v2\/product\/3264","targetHints":{"allow":["GET"]}}],"collection":[{"href":"https:\/\/www.yongjianceramic.com\/fr\/wp-json\/wp\/v2\/product"}],"about":[{"href":"https:\/\/www.yongjianceramic.com\/fr\/wp-json\/wp\/v2\/types\/product"}],"replies":[{"embeddable":true,"href":"https:\/\/www.yongjianceramic.com\/fr\/wp-json\/wp\/v2\/comments?post=3264"}],"wp:featuredmedia":[{"embeddable":true,"href":"https:\/\/www.yongjianceramic.com\/fr\/wp-json\/wp\/v2\/media\/3272"}],"wp:attachment":[{"href":"https:\/\/www.yongjianceramic.com\/fr\/wp-json\/wp\/v2\/media?parent=3264"}],"wp:term":[{"taxonomy":"product_brand","embeddable":true,"href":"https:\/\/www.yongjianceramic.com\/fr\/wp-json\/wp\/v2\/product_brand?post=3264"},{"taxonomy":"product_cat","embeddable":true,"href":"https:\/\/www.yongjianceramic.com\/fr\/wp-json\/wp\/v2\/product_cat?post=3264"},{"taxonomy":"product_tag","embeddable":true,"href":"https:\/\/www.yongjianceramic.com\/fr\/wp-json\/wp\/v2\/product_tag?post=3264"}],"curies":[{"name":"wp","href":"https:\/\/api.w.org\/{rel}","templated":true}]}}