{"id":3292,"date":"2024-09-07T05:11:20","date_gmt":"2024-09-07T05:11:20","guid":{"rendered":"https:\/\/www.yongjianceramic.com\/?post_type=product&#038;p=3292"},"modified":"2025-11-04T17:53:32","modified_gmt":"2025-11-04T09:53:32","slug":"ceramic-ramen-bowls-bulk","status":"publish","type":"product","link":"https:\/\/www.yongjianceramic.com\/fr\/produit\/ceramic-ramen-bowls-bulk\/","title":{"rendered":"8-Inch Ceramic Ramen Bowls Bulk, Factory Direct Soup Bowls (bols \u00e0 soupe en c\u00e9ramique en vrac)"},"content":{"rendered":"<div class=\"wp-block-columns is-layout-flex wp-container-core-columns-is-layout-9d6595d7 wp-block-columns-is-layout-flex\">\n<div class=\"wp-block-column is-layout-flow wp-block-column-is-layout-flow\">\n<h2 class=\"wp-block-heading\">Bols \u00e0 Ramen en c\u00e9ramique de premi\u00e8re qualit\u00e9 Caract\u00e9ristiques en vrac :<\/h2>\n\n\n\n<ul class=\"wp-block-list\">\n<li><strong>Conception de la surface des vagues : <\/strong>Nos bols \u00e0 ramen en c\u00e9ramique sont dot\u00e9s d'un design de surface unique en forme de vague, qui ajoute \u00e0 la beaut\u00e9 de l'image.<\/li>\n\n\n\n<li><strong>Taille mod\u00e9r\u00e9e :<\/strong> La taille de 8 pouces de ces bols \u00e0 ramen en gros convient parfaitement pour contenir des aliments de base tels que les ramen et les nouilles de soupe pour r\u00e9pondre aux besoins quotidiens en mati\u00e8re de repas.<\/li>\n\n\n\n<li><strong>Longue dur\u00e9e de vie : <\/strong>Nos bols \u00e0 ramen en c\u00e9ramique sont fabriqu\u00e9s en c\u00e9ramique de haute qualit\u00e9, r\u00e9sistante aux temp\u00e9ratures \u00e9lev\u00e9es et \u00e0 l'usure, ce qui garantit la solidit\u00e9 et la durabilit\u00e9 du corps du bol, ainsi que sa longue dur\u00e9e de vie.<\/li>\n\n\n\n<li><strong>Remise sur les achats en gros : <\/strong>Nous soutenons les achats en gros, en particulier pour l'industrie de la restauration ou les utilisateurs qui ont besoin d'acheter en grandes quantit\u00e9s, nous fournissons des prix plus comp\u00e9titifs pour les bols de ramen en gros.<\/li>\n<\/ul>\n<\/div>\n\n\n\n<div class=\"wp-block-column is-vertically-aligned-center is-layout-flow wp-block-column-is-layout-flow\"><div class=\"wp-block-image\">\n<figure class=\"aligncenter size-full\"><img fetchpriority=\"high\" decoding=\"async\" width=\"800\" height=\"800\" src=\"https:\/\/www.yongjianceramic.com\/wp-content\/uploads\/2024\/09\/8-Inch-Ceramic-Ramen-Bowls-Bulk-With-Wavy-Surface-Design-3.webp\" alt=\"8-Inch Ceramic Ramen Bowls Bulk With Wavy Surface Design-3 (bols \u00e0 ramen en c\u00e9ramique en vrac avec surface ondul\u00e9e)\" class=\"wp-image-3295\" srcset=\"https:\/\/www.yongjianceramic.com\/wp-content\/uploads\/2024\/09\/8-Inch-Ceramic-Ramen-Bowls-Bulk-With-Wavy-Surface-Design-3.webp 800w, https:\/\/www.yongjianceramic.com\/wp-content\/uploads\/2024\/09\/8-Inch-Ceramic-Ramen-Bowls-Bulk-With-Wavy-Surface-Design-3-300x300.webp 300w, https:\/\/www.yongjianceramic.com\/wp-content\/uploads\/2024\/09\/8-Inch-Ceramic-Ramen-Bowls-Bulk-With-Wavy-Surface-Design-3-150x150.webp 150w, https:\/\/www.yongjianceramic.com\/wp-content\/uploads\/2024\/09\/8-Inch-Ceramic-Ramen-Bowls-Bulk-With-Wavy-Surface-Design-3-768x768.webp 768w, https:\/\/www.yongjianceramic.com\/wp-content\/uploads\/2024\/09\/8-Inch-Ceramic-Ramen-Bowls-Bulk-With-Wavy-Surface-Design-3-12x12.webp 12w, https:\/\/www.yongjianceramic.com\/wp-content\/uploads\/2024\/09\/8-Inch-Ceramic-Ramen-Bowls-Bulk-With-Wavy-Surface-Design-3-285x285.webp 285w, https:\/\/www.yongjianceramic.com\/wp-content\/uploads\/2024\/09\/8-Inch-Ceramic-Ramen-Bowls-Bulk-With-Wavy-Surface-Design-3-270x270.webp 270w, https:\/\/www.yongjianceramic.com\/wp-content\/uploads\/2024\/09\/8-Inch-Ceramic-Ramen-Bowls-Bulk-With-Wavy-Surface-Design-3-540x540.webp 540w, https:\/\/www.yongjianceramic.com\/wp-content\/uploads\/2024\/09\/8-Inch-Ceramic-Ramen-Bowls-Bulk-With-Wavy-Surface-Design-3-660x660.webp 660w\" sizes=\"(max-width: 800px) 100vw, 800px\" \/><\/figure>\n<\/div><\/div>\n<\/div>","protected":false},"excerpt":{"rendered":"<p>Nous vous invitons \u00e0 acheter en gros des bols \u00e0 ramen en vrac. Ces bols \u00e0 ramen en c\u00e9ramique de 8 pouces en vrac pr\u00e9sentent un motif de surface ondul\u00e9 et sont fabriqu\u00e9s \u00e0 partir d'un mat\u00e9riau en c\u00e9ramique durable et magnifique. Ces bols de taille moyenne conviennent \u00e0 de nombreux types d'aliments de base et constituent un bon choix pour les restaurants et les commerces.<\/p>\n<table style=\"border-collapse: collapse; width: 309.02pt;\" border=\"0\" width=\"309\" cellspacing=\"0\" cellpadding=\"0\">\n<tbody>\n<tr style=\"height: 17.60pt;\">\n<td class=\"et3\" style=\"height: 17.60pt; width: 120.25pt;\" width=\"120\" height=\"17\">Fabricant<\/td>\n<td class=\"et3\" style=\"width: 189.25pt;\" width=\"189\">Yongjian<\/td>\n<\/tr>\n<tr style=\"height: 18.00pt;\">\n<td class=\"et3\" style=\"height: 18.00pt;\" height=\"18\">Num\u00e9ro de mod\u00e8le<\/td>\n<td class=\"et4\" style=\"width: 189.25pt;\" width=\"189\">YJ-016<\/td>\n<\/tr>\n<tr style=\"height: 17.60pt;\">\n<td class=\"et3\" style=\"height: 17.60pt;\" height=\"17\">Type de produit<\/td>\n<td class=\"et3\">Bols de soupe et de ramen<\/td>\n<\/tr>\n<tr style=\"height: 17.60pt;\">\n<td class=\"et3\" style=\"height: 17.60pt;\" height=\"17\">Mat\u00e9riau<\/td>\n<td class=\"et3\">Porcelaine<\/td>\n<\/tr>\n<tr style=\"height: 17.60pt;\">\n<td class=\"et6\" style=\"height: 17.60pt;\" height=\"17\">Couleur<\/td>\n<td class=\"et3\">Blanc\/ Noir<\/td>\n<\/tr>\n<tr style=\"height: 18.00pt;\">\n<td class=\"et3\" style=\"height: 18.00pt;\" height=\"18\">Dimension<\/td>\n<td class=\"et7\" style=\"width: 189.25pt;\" width=\"189\">19.8*19.8*8.4 1000ml<\/td>\n<\/tr>\n<tr style=\"height: 17.60pt;\">\n<td class=\"et3\" style=\"height: 17.60pt;\" height=\"17\">MOQ<\/td>\n<td class=\"et3\">500pcs<\/td>\n<\/tr>\n<tr style=\"height: 17.60pt;\">\n<td class=\"et3\" style=\"height: 17.60pt;\" height=\"17\">Sur mesure<\/td>\n<td class=\"et3\">Couleur\/Taille\/Logo\/Emballage<\/td>\n<\/tr>\n<\/tbody>\n<\/table>","protected":false},"featured_media":3299,"comment_status":"closed","ping_status":"closed","template":"","meta":{"_acf_changed":false},"product_brand":[],"product_cat":[73,63],"product_tag":[96],"class_list":{"0":"post-3292","1":"product","2":"type-product","3":"status-publish","4":"has-post-thumbnail","6":"product_cat-bulk-soup-bowls","7":"product_cat-wholesale-bowls","8":"product_tag-black-white-dinnerware-wholesale","10":"first","11":"instock","12":"shipping-taxable","13":"product-type-simple"},"acf":[],"_links":{"self":[{"href":"https:\/\/www.yongjianceramic.com\/fr\/wp-json\/wp\/v2\/product\/3292","targetHints":{"allow":["GET"]}}],"collection":[{"href":"https:\/\/www.yongjianceramic.com\/fr\/wp-json\/wp\/v2\/product"}],"about":[{"href":"https:\/\/www.yongjianceramic.com\/fr\/wp-json\/wp\/v2\/types\/product"}],"replies":[{"embeddable":true,"href":"https:\/\/www.yongjianceramic.com\/fr\/wp-json\/wp\/v2\/comments?post=3292"}],"wp:featuredmedia":[{"embeddable":true,"href":"https:\/\/www.yongjianceramic.com\/fr\/wp-json\/wp\/v2\/media\/3299"}],"wp:attachment":[{"href":"https:\/\/www.yongjianceramic.com\/fr\/wp-json\/wp\/v2\/media?parent=3292"}],"wp:term":[{"taxonomy":"product_brand","embeddable":true,"href":"https:\/\/www.yongjianceramic.com\/fr\/wp-json\/wp\/v2\/product_brand?post=3292"},{"taxonomy":"product_cat","embeddable":true,"href":"https:\/\/www.yongjianceramic.com\/fr\/wp-json\/wp\/v2\/product_cat?post=3292"},{"taxonomy":"product_tag","embeddable":true,"href":"https:\/\/www.yongjianceramic.com\/fr\/wp-json\/wp\/v2\/product_tag?post=3292"}],"curies":[{"name":"wp","href":"https:\/\/api.w.org\/{rel}","templated":true}]}}