{"id":3300,"date":"2024-09-07T05:25:45","date_gmt":"2024-09-07T05:25:45","guid":{"rendered":"https:\/\/www.yongjianceramic.com\/?post_type=product&#038;p=3300"},"modified":"2025-11-04T18:01:49","modified_gmt":"2025-11-04T10:01:49","slug":"ceramic-ramen-bowls-wholesale-2","status":"publish","type":"product","link":"https:\/\/www.yongjianceramic.com\/fr\/produit\/ceramic-ramen-bowls-wholesale-2\/","title":{"rendered":"Bols \u00e0 Ramen en c\u00e9ramique 9 pouces Wholesale for Restaurant Supply"},"content":{"rendered":"<div class=\"wp-block-columns is-layout-flex wp-container-core-columns-is-layout-9d6595d7 wp-block-columns-is-layout-flex\">\n<div class=\"wp-block-column is-layout-flow wp-block-column-is-layout-flow\">\n<h2 class=\"wp-block-heading\">Bols \u00e0 Ramen en c\u00e9ramique de premi\u00e8re qualit\u00e9 Caract\u00e9ristiques en gros :<\/h2>\n\n\n\n<ul class=\"wp-block-list\">\n<li><strong>Bord irr\u00e9gulier du bol :<\/strong> Ces bols \u00e0 ramen en gros ont une grande capacit\u00e9, parfaite pour contenir divers ramen, nouilles de soupe et autres aliments de base pour r\u00e9pondre aux besoins d'un repas nourrissant.<\/li>\n\n\n\n<li><strong>Grande capacit\u00e9 : <\/strong>Fabriqu\u00e9s en c\u00e9ramique de haute qualit\u00e9, nos bols \u00e0 ramen en c\u00e9ramique en vrac sont r\u00e9sistants \u00e0 l'usure et peuvent supporter une chaleur \u00e9lev\u00e9e, de sorte qu'ils restent en bon \u00e9tat apr\u00e8s une longue p\u00e9riode d'utilisation.<\/li>\n\n\n\n<li><strong>Mat\u00e9riaux c\u00e9ramiques de haute qualit\u00e9 : <\/strong>Fabriqu\u00e9s en c\u00e9ramique de haute qualit\u00e9, nos bols \u00e0 ramen en c\u00e9ramique sont r\u00e9sistants \u00e0 l'usure et peuvent supporter une chaleur \u00e9lev\u00e9e, de sorte qu'ils restent en bon \u00e9tat apr\u00e8s une longue p\u00e9riode d'utilisation.<\/li>\n\n\n\n<li><strong>Avantages de l'achat en gros : <\/strong>Nous soutenons les achats en gros de ces bols de ramen, qui conviennent aux achats \u00e0 grande \u00e9chelle dans les lieux commerciaux tels que les restaurants et les h\u00f4tels, et le prix est plus favorable.<\/li>\n<\/ul>\n<\/div>\n\n\n\n<div class=\"wp-block-column is-vertically-aligned-center is-layout-flow wp-block-column-is-layout-flow\"><div class=\"wp-block-image\">\n<figure class=\"aligncenter size-full\"><img fetchpriority=\"high\" decoding=\"async\" width=\"750\" height=\"750\" src=\"https:\/\/www.yongjianceramic.com\/wp-content\/uploads\/2024\/09\/9-Inch-Ceramic-Ramen-Bowls-Wholesale-With-Wavy-Surface-Design-2.webp\" alt=\"Bols \u00e0 Ramen en c\u00e9ramique de 9 pouces avec surface ondul\u00e9e - 2\" class=\"wp-image-3302\" srcset=\"https:\/\/www.yongjianceramic.com\/wp-content\/uploads\/2024\/09\/9-Inch-Ceramic-Ramen-Bowls-Wholesale-With-Wavy-Surface-Design-2.webp 750w, https:\/\/www.yongjianceramic.com\/wp-content\/uploads\/2024\/09\/9-Inch-Ceramic-Ramen-Bowls-Wholesale-With-Wavy-Surface-Design-2-300x300.webp 300w, https:\/\/www.yongjianceramic.com\/wp-content\/uploads\/2024\/09\/9-Inch-Ceramic-Ramen-Bowls-Wholesale-With-Wavy-Surface-Design-2-150x150.webp 150w, https:\/\/www.yongjianceramic.com\/wp-content\/uploads\/2024\/09\/9-Inch-Ceramic-Ramen-Bowls-Wholesale-With-Wavy-Surface-Design-2-12x12.webp 12w, https:\/\/www.yongjianceramic.com\/wp-content\/uploads\/2024\/09\/9-Inch-Ceramic-Ramen-Bowls-Wholesale-With-Wavy-Surface-Design-2-285x285.webp 285w, https:\/\/www.yongjianceramic.com\/wp-content\/uploads\/2024\/09\/9-Inch-Ceramic-Ramen-Bowls-Wholesale-With-Wavy-Surface-Design-2-270x270.webp 270w, https:\/\/www.yongjianceramic.com\/wp-content\/uploads\/2024\/09\/9-Inch-Ceramic-Ramen-Bowls-Wholesale-With-Wavy-Surface-Design-2-540x540.webp 540w, https:\/\/www.yongjianceramic.com\/wp-content\/uploads\/2024\/09\/9-Inch-Ceramic-Ramen-Bowls-Wholesale-With-Wavy-Surface-Design-2-660x660.webp 660w\" sizes=\"(max-width: 750px) 100vw, 750px\" \/><\/figure>\n<\/div><\/div>\n<\/div>","protected":false},"excerpt":{"rendered":"<p>Nous vous invitons \u00e0 acheter des bols \u00e0 ramen en c\u00e9ramique en gros. Nos bols \u00e0 ramen en c\u00e9ramique de 9 pouces sont dot\u00e9s d'un bord en forme de vague et d'un mat\u00e9riau en c\u00e9ramique de premi\u00e8re qualit\u00e9, ce qui leur conf\u00e8re beaut\u00e9 et durabilit\u00e9. Sa grande capacit\u00e9 est parfaite pour contenir diff\u00e9rents types de nouilles et c'est une tr\u00e8s bonne option pour la restauration et l'utilisation commerciale.<\/p>\n<table style=\"border-collapse: collapse; width: 309.02pt;\" border=\"0\" width=\"309\" cellspacing=\"0\" cellpadding=\"0\">\n<tbody>\n<tr style=\"height: 17.60pt;\">\n<td class=\"et3\" style=\"height: 17.60pt; width: 120.25pt;\" width=\"120\" height=\"17\">Fabricant<\/td>\n<td class=\"et3\" style=\"width: 189.25pt;\" width=\"189\">Yongjian<\/td>\n<\/tr>\n<tr style=\"height: 18.00pt;\">\n<td class=\"et3\" style=\"height: 18.00pt;\" height=\"18\">Num\u00e9ro de mod\u00e8le<\/td>\n<td class=\"et4\" style=\"width: 189.25pt;\" width=\"189\">YJ-017<\/td>\n<\/tr>\n<tr style=\"height: 17.60pt;\">\n<td class=\"et3\" style=\"height: 17.60pt;\" height=\"17\">Type de produit<\/td>\n<td class=\"et3\">Bols de soupe et de ramen<\/td>\n<\/tr>\n<tr style=\"height: 17.60pt;\">\n<td class=\"et3\" style=\"height: 17.60pt;\" height=\"17\">Mat\u00e9riau<\/td>\n<td class=\"et3\">Porcelaine<\/td>\n<\/tr>\n<tr style=\"height: 17.60pt;\">\n<td class=\"et6\" style=\"height: 17.60pt;\" height=\"17\">Couleur<\/td>\n<td class=\"et3\">Blanc\/ Noir<\/td>\n<\/tr>\n<tr style=\"height: 18.00pt;\">\n<td class=\"et3\" style=\"height: 18.00pt;\" height=\"18\">Dimension<\/td>\n<td class=\"et7\" style=\"width: 189.25pt;\" width=\"189\">22.4*22.4*9, 1600ml<\/td>\n<\/tr>\n<tr style=\"height: 17.60pt;\">\n<td class=\"et3\" style=\"height: 17.60pt;\" height=\"17\">MOQ<\/td>\n<td class=\"et3\">500pcs<\/td>\n<\/tr>\n<tr style=\"height: 17.60pt;\">\n<td class=\"et3\" style=\"height: 17.60pt;\" height=\"17\">Sur mesure<\/td>\n<td class=\"et3\">Couleur\/Taille\/Logo\/Emballage<\/td>\n<\/tr>\n<\/tbody>\n<\/table>","protected":false},"featured_media":3305,"comment_status":"closed","ping_status":"closed","template":"","meta":{"_acf_changed":false},"product_brand":[],"product_cat":[73,63],"product_tag":[96],"class_list":{"0":"post-3300","1":"product","2":"type-product","3":"status-publish","4":"has-post-thumbnail","6":"product_cat-bulk-soup-bowls","7":"product_cat-wholesale-bowls","8":"product_tag-black-white-dinnerware-wholesale","10":"first","11":"instock","12":"shipping-taxable","13":"product-type-simple"},"acf":[],"_links":{"self":[{"href":"https:\/\/www.yongjianceramic.com\/fr\/wp-json\/wp\/v2\/product\/3300","targetHints":{"allow":["GET"]}}],"collection":[{"href":"https:\/\/www.yongjianceramic.com\/fr\/wp-json\/wp\/v2\/product"}],"about":[{"href":"https:\/\/www.yongjianceramic.com\/fr\/wp-json\/wp\/v2\/types\/product"}],"replies":[{"embeddable":true,"href":"https:\/\/www.yongjianceramic.com\/fr\/wp-json\/wp\/v2\/comments?post=3300"}],"wp:featuredmedia":[{"embeddable":true,"href":"https:\/\/www.yongjianceramic.com\/fr\/wp-json\/wp\/v2\/media\/3305"}],"wp:attachment":[{"href":"https:\/\/www.yongjianceramic.com\/fr\/wp-json\/wp\/v2\/media?parent=3300"}],"wp:term":[{"taxonomy":"product_brand","embeddable":true,"href":"https:\/\/www.yongjianceramic.com\/fr\/wp-json\/wp\/v2\/product_brand?post=3300"},{"taxonomy":"product_cat","embeddable":true,"href":"https:\/\/www.yongjianceramic.com\/fr\/wp-json\/wp\/v2\/product_cat?post=3300"},{"taxonomy":"product_tag","embeddable":true,"href":"https:\/\/www.yongjianceramic.com\/fr\/wp-json\/wp\/v2\/product_tag?post=3300"}],"curies":[{"name":"wp","href":"https:\/\/api.w.org\/{rel}","templated":true}]}}