{"id":3309,"date":"2024-09-07T05:47:32","date_gmt":"2024-09-07T05:47:32","guid":{"rendered":"https:\/\/www.yongjianceramic.com\/?post_type=product&#038;p=3309"},"modified":"2024-09-20T09:13:18","modified_gmt":"2024-09-20T09:13:18","slug":"white-ramen-bowls-bulk","status":"publish","type":"product","link":"https:\/\/www.yongjianceramic.com\/fr\/produit\/white-ramen-bowls-bulk\/","title":{"rendered":"8-Inch Pure White Ramen Bowls Bulk With Exquisite Texture (Bols \u00e0 Ramen de 8 pouces, blanc pur, en vrac, avec une texture exquise)"},"content":{"rendered":"<div class=\"wp-block-columns is-layout-flex wp-container-core-columns-is-layout-9d6595d7 wp-block-columns-is-layout-flex\">\n<div class=\"wp-block-column is-layout-flow wp-block-column-is-layout-flow\">\n<h2 class=\"wp-block-heading\">Bols de Ramen blancs de premi\u00e8re qualit\u00e9 Caract\u00e9ristiques en vrac :<\/h2>\n\n\n\n<ul class=\"wp-block-list\">\n<li><strong>Texture exquise : <\/strong>Nos bols \u00e0 ramen blanc pur en vrac pr\u00e9sentent une texture exquise, simple et \u00e9l\u00e9gante, qui rehausse la beaut\u00e9 de la table \u00e0 manger.<\/li>\n\n\n\n<li><strong>Taille mod\u00e9r\u00e9e : <\/strong>Ces bols \u00e0 ramen en gros ont une taille de 8 pouces et conviennent pour contenir des ramen, des nouilles, des salades et d'autres aliments de base. Ils conviennent pour les repas \u00e0 la maison ou dans les commerces.<\/li>\n\n\n\n<li><strong>C\u00e9ramique de haute qualit\u00e9 : <\/strong>Fabriqu\u00e9s en c\u00e9ramique blanche de haute qualit\u00e9, nos bols \u00e0 ramen blancs en vrac sont r\u00e9sistants aux temp\u00e9ratures \u00e9lev\u00e9es, inodores et faciles \u00e0 nettoyer, ce qui garantit qu'ils restent aussi brillants que neufs apr\u00e8s une utilisation prolong\u00e9e.<\/li>\n\n\n\n<li><strong>Remise sur les achats en gros : <\/strong>Con\u00e7us pour la vente en gros, nos bols \u00e0 ramen conviennent aux supermarch\u00e9s, restaurants, h\u00f4tels et autres entreprises qui ont besoin de grandes quantit\u00e9s de vaisselle, et le prix est plus comp\u00e9titif.<\/li>\n<\/ul>\n<\/div>\n\n\n\n<div class=\"wp-block-column is-vertically-aligned-center is-layout-flow wp-block-column-is-layout-flow\"><div class=\"wp-block-image\">\n<figure class=\"aligncenter size-full\"><img fetchpriority=\"high\" decoding=\"async\" width=\"624\" height=\"624\" src=\"https:\/\/www.yongjianceramic.com\/wp-content\/uploads\/2024\/09\/8-Inch-Pure-White-Ramen-Bowls-Bulk-With-Exquisite-Texture-4.webp\" alt=\"8-Inch Pure White Ramen Bowls Bulk With Exquisite Texture-4\" class=\"wp-image-3312\" srcset=\"https:\/\/www.yongjianceramic.com\/wp-content\/uploads\/2024\/09\/8-Inch-Pure-White-Ramen-Bowls-Bulk-With-Exquisite-Texture-4.webp 624w, https:\/\/www.yongjianceramic.com\/wp-content\/uploads\/2024\/09\/8-Inch-Pure-White-Ramen-Bowls-Bulk-With-Exquisite-Texture-4-300x300.webp 300w, https:\/\/www.yongjianceramic.com\/wp-content\/uploads\/2024\/09\/8-Inch-Pure-White-Ramen-Bowls-Bulk-With-Exquisite-Texture-4-150x150.webp 150w, https:\/\/www.yongjianceramic.com\/wp-content\/uploads\/2024\/09\/8-Inch-Pure-White-Ramen-Bowls-Bulk-With-Exquisite-Texture-4-12x12.webp 12w, https:\/\/www.yongjianceramic.com\/wp-content\/uploads\/2024\/09\/8-Inch-Pure-White-Ramen-Bowls-Bulk-With-Exquisite-Texture-4-285x285.webp 285w, https:\/\/www.yongjianceramic.com\/wp-content\/uploads\/2024\/09\/8-Inch-Pure-White-Ramen-Bowls-Bulk-With-Exquisite-Texture-4-270x270.webp 270w, https:\/\/www.yongjianceramic.com\/wp-content\/uploads\/2024\/09\/8-Inch-Pure-White-Ramen-Bowls-Bulk-With-Exquisite-Texture-4-540x540.webp 540w\" sizes=\"(max-width: 624px) 100vw, 624px\" \/><\/figure>\n<\/div><\/div>\n<\/div>","protected":false},"excerpt":{"rendered":"<p>Nous vous invitons \u00e0 acheter des bols \u00e0 ramen en vrac. Ces bols \u00e0 ramen de 8 pouces blanc pur en vrac pr\u00e9sentent une texture exquise et un mat\u00e9riau c\u00e9ramique de haute qualit\u00e9, combin\u00e9s \u00e0 une capacit\u00e9 mod\u00e9r\u00e9e et \u00e0 une apparence \u00e9l\u00e9gante. Ils conviennent aux repas quotidiens et commerciaux, et les prix d'achat en vrac sont pr\u00e9f\u00e9rentiels.<\/p>\n<table style=\"border-collapse: collapse; width: 309.02pt;\" border=\"0\" width=\"309\" cellspacing=\"0\" cellpadding=\"0\">\n<tbody>\n<tr style=\"height: 17.60pt;\">\n<td class=\"et3\" style=\"height: 17.60pt; width: 120.25pt;\" width=\"120\" height=\"17\">Fabricant<\/td>\n<td class=\"et3\" style=\"width: 189.25pt;\" width=\"189\">Yongjian<\/td>\n<\/tr>\n<tr style=\"height: 18.00pt;\">\n<td class=\"et3\" style=\"height: 18.00pt;\" height=\"18\">Num\u00e9ro de mod\u00e8le<\/td>\n<td class=\"et4\" style=\"width: 189.25pt;\" width=\"189\">YJ-024<\/td>\n<\/tr>\n<tr style=\"height: 17.60pt;\">\n<td class=\"et3\" style=\"height: 17.60pt;\" height=\"17\">Type de produit<\/td>\n<td class=\"et3\">Bols de soupe et de ramen<\/td>\n<\/tr>\n<tr style=\"height: 17.60pt;\">\n<td class=\"et3\" style=\"height: 17.60pt;\" height=\"17\">Mat\u00e9riau<\/td>\n<td class=\"et3\">Porcelaine<\/td>\n<\/tr>\n<tr style=\"height: 17.60pt;\">\n<td class=\"et6\" style=\"height: 17.60pt;\" height=\"17\">Couleur<\/td>\n<td class=\"et3\">Blanc\/ Noir<\/td>\n<\/tr>\n<tr style=\"height: 18.00pt;\">\n<td class=\"et3\" style=\"height: 18.00pt;\" height=\"18\">Dimension<\/td>\n<td class=\"et7\" style=\"width: 189.25pt;\" width=\"189\">20*20*5.5, 600ml<\/td>\n<\/tr>\n<tr style=\"height: 17.60pt;\">\n<td class=\"et3\" style=\"height: 17.60pt;\" height=\"17\">MOQ<\/td>\n<td class=\"et3\">500pcs<\/td>\n<\/tr>\n<tr style=\"height: 17.60pt;\">\n<td class=\"et3\" style=\"height: 17.60pt;\" height=\"17\">Sur mesure<\/td>\n<td class=\"et3\">Couleur\/Taille\/Logo\/Emballage<\/td>\n<\/tr>\n<\/tbody>\n<\/table>","protected":false},"featured_media":3313,"comment_status":"closed","ping_status":"closed","template":"","meta":{"_acf_changed":false},"product_brand":[],"product_cat":[73,63],"product_tag":[96],"class_list":{"0":"post-3309","1":"product","2":"type-product","3":"status-publish","4":"has-post-thumbnail","6":"product_cat-bulk-soup-bowls","7":"product_cat-wholesale-bowls","8":"product_tag-black-white-dinnerware-wholesale","10":"first","11":"instock","12":"shipping-taxable","13":"product-type-simple"},"acf":[],"_links":{"self":[{"href":"https:\/\/www.yongjianceramic.com\/fr\/wp-json\/wp\/v2\/product\/3309","targetHints":{"allow":["GET"]}}],"collection":[{"href":"https:\/\/www.yongjianceramic.com\/fr\/wp-json\/wp\/v2\/product"}],"about":[{"href":"https:\/\/www.yongjianceramic.com\/fr\/wp-json\/wp\/v2\/types\/product"}],"replies":[{"embeddable":true,"href":"https:\/\/www.yongjianceramic.com\/fr\/wp-json\/wp\/v2\/comments?post=3309"}],"wp:featuredmedia":[{"embeddable":true,"href":"https:\/\/www.yongjianceramic.com\/fr\/wp-json\/wp\/v2\/media\/3313"}],"wp:attachment":[{"href":"https:\/\/www.yongjianceramic.com\/fr\/wp-json\/wp\/v2\/media?parent=3309"}],"wp:term":[{"taxonomy":"product_brand","embeddable":true,"href":"https:\/\/www.yongjianceramic.com\/fr\/wp-json\/wp\/v2\/product_brand?post=3309"},{"taxonomy":"product_cat","embeddable":true,"href":"https:\/\/www.yongjianceramic.com\/fr\/wp-json\/wp\/v2\/product_cat?post=3309"},{"taxonomy":"product_tag","embeddable":true,"href":"https:\/\/www.yongjianceramic.com\/fr\/wp-json\/wp\/v2\/product_tag?post=3309"}],"curies":[{"name":"wp","href":"https:\/\/api.w.org\/{rel}","templated":true}]}}