{"id":3314,"date":"2024-09-07T05:58:49","date_gmt":"2024-09-07T05:58:49","guid":{"rendered":"https:\/\/www.yongjianceramic.com\/?post_type=product&#038;p=3314"},"modified":"2024-09-20T09:12:30","modified_gmt":"2024-09-20T09:12:30","slug":"large-ramen-bowls-bulk","status":"publish","type":"product","link":"https:\/\/www.yongjianceramic.com\/fr\/produit\/large-ramen-bowls-bulk\/","title":{"rendered":"10-Inch Large Ramen Bowls Bulk, Irregular Edge Design Soup Bowls (bols \u00e0 soupe \u00e0 bords irr\u00e9guliers)"},"content":{"rendered":"<div class=\"wp-block-columns is-layout-flex wp-container-core-columns-is-layout-9d6595d7 wp-block-columns-is-layout-flex\">\n<div class=\"wp-block-column is-layout-flow wp-block-column-is-layout-flow\">\n<h2 class=\"wp-block-heading\">Bols \u00e0 ramen de grande taille Premium Caract\u00e9ristiques en vrac :<\/h2>\n\n\n\n<ul class=\"wp-block-list\">\n<li><strong>Bordure irr\u00e9guli\u00e8re : <\/strong>Nos grands bols \u00e0 ramen de 10 pouces sont dot\u00e9s d'un bord irr\u00e9gulier unique, ce qui leur conf\u00e8re un aspect moderne et personnalis\u00e9 et am\u00e9liore l'exp\u00e9rience globale du repas.<\/li>\n\n\n\n<li><strong>Convient \u00e0 une utilisation polyvalente : <\/strong>Ces bols de grande taille conviennent parfaitement pour contenir des ramen, des nouilles, des rago\u00fbts et d'autres aliments. Ils conviennent \u00e0 diff\u00e9rentes occasions, par exemple \u00e0 la maison ou au restaurant.<\/li>\n\n\n\n<li><strong>Mat\u00e9riau c\u00e9ramique de haute qualit\u00e9 : <\/strong>Ces grands bols \u00e0 ramen en vrac sont fabriqu\u00e9s en c\u00e9ramique de haute qualit\u00e9, r\u00e9sistante aux temp\u00e9ratures \u00e9lev\u00e9es et \u00e0 l'usure, ce qui garantit que le bol est solide et durable et qu'il reste beau apr\u00e8s une utilisation de longue dur\u00e9e.<\/li>\n\n\n\n<li><strong>Remise sur les achats en gros : <\/strong>Nos bols de ramen en gros peuvent \u00eatre command\u00e9s en gros, ce qui convient au secteur de la restauration et aux clients en gros, et permet d'obtenir des prix plus comp\u00e9titifs.<\/li>\n<\/ul>\n<\/div>\n\n\n\n<div class=\"wp-block-column is-vertically-aligned-center is-layout-flow wp-block-column-is-layout-flow\"><div class=\"wp-block-image\">\n<figure class=\"aligncenter size-full\"><img fetchpriority=\"high\" decoding=\"async\" width=\"800\" height=\"800\" src=\"https:\/\/www.yongjianceramic.com\/wp-content\/uploads\/2024\/09\/Large-Ramen-Bowls-Bulk-Irregular-Edge-Design-Soup-Bowls-5.webp\" alt=\"Grands bols \u00e0 Ramen en vrac, bols \u00e0 soupe \u00e0 bord irr\u00e9gulier-5\" class=\"wp-image-3319\" srcset=\"https:\/\/www.yongjianceramic.com\/wp-content\/uploads\/2024\/09\/Large-Ramen-Bowls-Bulk-Irregular-Edge-Design-Soup-Bowls-5.webp 800w, https:\/\/www.yongjianceramic.com\/wp-content\/uploads\/2024\/09\/Large-Ramen-Bowls-Bulk-Irregular-Edge-Design-Soup-Bowls-5-300x300.webp 300w, https:\/\/www.yongjianceramic.com\/wp-content\/uploads\/2024\/09\/Large-Ramen-Bowls-Bulk-Irregular-Edge-Design-Soup-Bowls-5-150x150.webp 150w, https:\/\/www.yongjianceramic.com\/wp-content\/uploads\/2024\/09\/Large-Ramen-Bowls-Bulk-Irregular-Edge-Design-Soup-Bowls-5-768x768.webp 768w, https:\/\/www.yongjianceramic.com\/wp-content\/uploads\/2024\/09\/Large-Ramen-Bowls-Bulk-Irregular-Edge-Design-Soup-Bowls-5-12x12.webp 12w, https:\/\/www.yongjianceramic.com\/wp-content\/uploads\/2024\/09\/Large-Ramen-Bowls-Bulk-Irregular-Edge-Design-Soup-Bowls-5-285x285.webp 285w, https:\/\/www.yongjianceramic.com\/wp-content\/uploads\/2024\/09\/Large-Ramen-Bowls-Bulk-Irregular-Edge-Design-Soup-Bowls-5-270x270.webp 270w, https:\/\/www.yongjianceramic.com\/wp-content\/uploads\/2024\/09\/Large-Ramen-Bowls-Bulk-Irregular-Edge-Design-Soup-Bowls-5-540x540.webp 540w, https:\/\/www.yongjianceramic.com\/wp-content\/uploads\/2024\/09\/Large-Ramen-Bowls-Bulk-Irregular-Edge-Design-Soup-Bowls-5-660x660.webp 660w\" sizes=\"(max-width: 800px) 100vw, 800px\" \/><\/figure>\n<\/div><\/div>\n<\/div>","protected":false},"excerpt":{"rendered":"<p>Nous vous invitons \u00e0 acheter des bols \u00e0 ramen en c\u00e9ramique en vrac. Ces grands bols \u00e0 ramen en vrac sont dot\u00e9s d'un bord irr\u00e9gulier, \u00e9l\u00e9gant et personnalis\u00e9, et conviennent pour contenir une vari\u00e9t\u00e9 d'aliments de base. Le mat\u00e9riau c\u00e9ramique de haute qualit\u00e9 garantit la durabilit\u00e9 et constitue un choix id\u00e9al pour les supermarch\u00e9s et les industries de la restauration.<\/p>\n<table style=\"border-collapse: collapse; width: 309.02pt;\" border=\"0\" width=\"309\" cellspacing=\"0\" cellpadding=\"0\">\n<tbody>\n<tr style=\"height: 17.60pt;\">\n<td class=\"et3\" style=\"height: 17.60pt; width: 120.25pt;\" width=\"120\" height=\"17\">Fabricant<\/td>\n<td class=\"et3\" style=\"width: 189.25pt;\" width=\"189\">Yongjian<\/td>\n<\/tr>\n<tr style=\"height: 18.00pt;\">\n<td class=\"et3\" style=\"height: 18.00pt;\" height=\"18\">Num\u00e9ro de mod\u00e8le<\/td>\n<td class=\"et4\" style=\"width: 189.25pt;\" width=\"189\">YJ-025<\/td>\n<\/tr>\n<tr style=\"height: 17.60pt;\">\n<td class=\"et3\" style=\"height: 17.60pt;\" height=\"17\">Type de produit<\/td>\n<td class=\"et3\">Bols de soupe et de ramen<\/td>\n<\/tr>\n<tr style=\"height: 17.60pt;\">\n<td class=\"et3\" style=\"height: 17.60pt;\" height=\"17\">Mat\u00e9riau<\/td>\n<td class=\"et3\">Porcelaine<\/td>\n<\/tr>\n<tr style=\"height: 17.60pt;\">\n<td class=\"et6\" style=\"height: 17.60pt;\" height=\"17\">Couleur<\/td>\n<td class=\"et3\">Blanc\/ Noir<\/td>\n<\/tr>\n<tr style=\"height: 18.00pt;\">\n<td class=\"et3\" style=\"height: 18.00pt;\" height=\"18\">Dimension<\/td>\n<td class=\"et7\" style=\"width: 189.25pt;\" width=\"189\">25*25*6.5, 1400ml<\/td>\n<\/tr>\n<tr style=\"height: 17.60pt;\">\n<td class=\"et3\" style=\"height: 17.60pt;\" height=\"17\">MOQ<\/td>\n<td class=\"et3\">500pcs<\/td>\n<\/tr>\n<tr style=\"height: 17.60pt;\">\n<td class=\"et3\" style=\"height: 17.60pt;\" height=\"17\">Sur mesure<\/td>\n<td class=\"et3\">Couleur\/Taille\/Logo\/Emballage<\/td>\n<\/tr>\n<\/tbody>\n<\/table>","protected":false},"featured_media":3317,"comment_status":"closed","ping_status":"closed","template":"","meta":{"_acf_changed":false},"product_brand":[],"product_cat":[73,63],"product_tag":[96],"class_list":{"0":"post-3314","1":"product","2":"type-product","3":"status-publish","4":"has-post-thumbnail","6":"product_cat-bulk-soup-bowls","7":"product_cat-wholesale-bowls","8":"product_tag-black-white-dinnerware-wholesale","10":"first","11":"instock","12":"shipping-taxable","13":"product-type-simple"},"acf":[],"_links":{"self":[{"href":"https:\/\/www.yongjianceramic.com\/fr\/wp-json\/wp\/v2\/product\/3314","targetHints":{"allow":["GET"]}}],"collection":[{"href":"https:\/\/www.yongjianceramic.com\/fr\/wp-json\/wp\/v2\/product"}],"about":[{"href":"https:\/\/www.yongjianceramic.com\/fr\/wp-json\/wp\/v2\/types\/product"}],"replies":[{"embeddable":true,"href":"https:\/\/www.yongjianceramic.com\/fr\/wp-json\/wp\/v2\/comments?post=3314"}],"wp:featuredmedia":[{"embeddable":true,"href":"https:\/\/www.yongjianceramic.com\/fr\/wp-json\/wp\/v2\/media\/3317"}],"wp:attachment":[{"href":"https:\/\/www.yongjianceramic.com\/fr\/wp-json\/wp\/v2\/media?parent=3314"}],"wp:term":[{"taxonomy":"product_brand","embeddable":true,"href":"https:\/\/www.yongjianceramic.com\/fr\/wp-json\/wp\/v2\/product_brand?post=3314"},{"taxonomy":"product_cat","embeddable":true,"href":"https:\/\/www.yongjianceramic.com\/fr\/wp-json\/wp\/v2\/product_cat?post=3314"},{"taxonomy":"product_tag","embeddable":true,"href":"https:\/\/www.yongjianceramic.com\/fr\/wp-json\/wp\/v2\/product_tag?post=3314"}],"curies":[{"name":"wp","href":"https:\/\/api.w.org\/{rel}","templated":true}]}}