{"id":3322,"date":"2024-09-09T02:58:47","date_gmt":"2024-09-09T02:58:47","guid":{"rendered":"https:\/\/www.yongjianceramic.com\/?post_type=product&#038;p=3322"},"modified":"2024-09-20T09:12:30","modified_gmt":"2024-09-20T09:12:30","slug":"ceramic-dipping-bowls-wholesale","status":"publish","type":"product","link":"https:\/\/www.yongjianceramic.com\/fr\/produit\/ceramic-dipping-bowls-wholesale\/","title":{"rendered":"Bols \u00e0 tremper en c\u00e9ramique Wholesale, Petits plats en vrac pour \u00e9v\u00e9nements"},"content":{"rendered":"<div class=\"wp-block-columns is-layout-flex wp-container-core-columns-is-layout-9d6595d7 wp-block-columns-is-layout-flex\">\n<div class=\"wp-block-column is-layout-flow wp-block-column-is-layout-flow\">\n<h2 class=\"wp-block-heading\">Bols \u00e0 tremper en c\u00e9ramique de premi\u00e8re qualit\u00e9 Caract\u00e9ristiques en gros :<\/h2>\n\n\n\n<ul class=\"wp-block-list\">\n<li><strong>Design simple et \u00e9l\u00e9gant : <\/strong>Ces bols \u00e0 tremper en c\u00e9ramique ont deux couleurs classiques, noir et blanc, avec un design simple et moderne, convenant \u00e0 une vari\u00e9t\u00e9 de styles de table, et rehaussant la beaut\u00e9 g\u00e9n\u00e9rale de la table.<\/li>\n\n\n\n<li><strong>Polyvalent : <\/strong>Nos petits plats en vrac conviennent pour divers assaisonnements, trempettes, entr\u00e9es, petites portions de desserts, etc., afin de r\u00e9pondre aux divers besoins de la maison, du restaurant ou du banquet.<\/li>\n\n\n\n<li><strong>Mat\u00e9riau c\u00e9ramique de haute qualit\u00e9 : <\/strong>Fabriqu\u00e9s en c\u00e9ramique de haute qualit\u00e9, ces bols \u00e0 tremper en gros ont des surfaces lisses, sont durables et faciles \u00e0 nettoyer, ont une forte r\u00e9sistance \u00e0 la chaleur et conviennent \u00e0 un usage quotidien et au lavage au lave-vaisselle.<\/li>\n\n\n\n<li><strong>Flexibilit\u00e9 des achats en gros : <\/strong>Nos petits plats en vrac permettent des achats en gros, adapt\u00e9s aux traiteurs, aux d\u00e9taillants et aux fournisseurs de cadeaux, garantissant un approvisionnement suffisant et des prix pr\u00e9f\u00e9rentiels.<\/li>\n<\/ul>\n<\/div>\n\n\n\n<div class=\"wp-block-column is-vertically-aligned-center is-layout-flow wp-block-column-is-layout-flow\"><div class=\"wp-block-image\">\n<figure class=\"aligncenter size-full\"><img fetchpriority=\"high\" decoding=\"async\" width=\"800\" height=\"800\" src=\"https:\/\/www.yongjianceramic.com\/wp-content\/uploads\/2024\/09\/Ceramic-Dipping-Bowls-Wholesale-Small-Ceramic-Dishes-Bulk-1.webp\" alt=\"Bols \u00e0 tremper en c\u00e9ramique Wholesale, Petits plats en c\u00e9ramique Bulk-1\" class=\"wp-image-3323\" srcset=\"https:\/\/www.yongjianceramic.com\/wp-content\/uploads\/2024\/09\/Ceramic-Dipping-Bowls-Wholesale-Small-Ceramic-Dishes-Bulk-1.webp 800w, https:\/\/www.yongjianceramic.com\/wp-content\/uploads\/2024\/09\/Ceramic-Dipping-Bowls-Wholesale-Small-Ceramic-Dishes-Bulk-1-300x300.webp 300w, https:\/\/www.yongjianceramic.com\/wp-content\/uploads\/2024\/09\/Ceramic-Dipping-Bowls-Wholesale-Small-Ceramic-Dishes-Bulk-1-150x150.webp 150w, https:\/\/www.yongjianceramic.com\/wp-content\/uploads\/2024\/09\/Ceramic-Dipping-Bowls-Wholesale-Small-Ceramic-Dishes-Bulk-1-768x768.webp 768w, https:\/\/www.yongjianceramic.com\/wp-content\/uploads\/2024\/09\/Ceramic-Dipping-Bowls-Wholesale-Small-Ceramic-Dishes-Bulk-1-12x12.webp 12w, https:\/\/www.yongjianceramic.com\/wp-content\/uploads\/2024\/09\/Ceramic-Dipping-Bowls-Wholesale-Small-Ceramic-Dishes-Bulk-1-285x285.webp 285w, https:\/\/www.yongjianceramic.com\/wp-content\/uploads\/2024\/09\/Ceramic-Dipping-Bowls-Wholesale-Small-Ceramic-Dishes-Bulk-1-270x270.webp 270w, https:\/\/www.yongjianceramic.com\/wp-content\/uploads\/2024\/09\/Ceramic-Dipping-Bowls-Wholesale-Small-Ceramic-Dishes-Bulk-1-540x540.webp 540w, https:\/\/www.yongjianceramic.com\/wp-content\/uploads\/2024\/09\/Ceramic-Dipping-Bowls-Wholesale-Small-Ceramic-Dishes-Bulk-1-660x660.webp 660w\" sizes=\"(max-width: 800px) 100vw, 800px\" \/><\/figure>\n<\/div><\/div>\n<\/div>","protected":false},"excerpt":{"rendered":"<p>Bienvenue pour l'achat de petits plats en vrac. Nos bols \u00e0 tremper en c\u00e9ramique ont deux couleurs, noir et blanc, avec un design simple et \u00e9l\u00e9gant, convenant pour les trempettes, les sauces et les petites portions de nourriture. Le mat\u00e9riau c\u00e9ramique de haute qualit\u00e9 garantit la durabilit\u00e9 et la facilit\u00e9 de nettoyage, ce qui en fait un choix id\u00e9al pour la maison et les lieux de restauration.<\/p>\n<table style=\"border-collapse: collapse; width: 309.02pt;\" border=\"0\" width=\"309\" cellspacing=\"0\" cellpadding=\"0\">\n<tbody>\n<tr style=\"height: 17.60pt;\">\n<td class=\"et3\" style=\"height: 17.60pt; width: 120.25pt;\" width=\"120\" height=\"17\">Fabricant<\/td>\n<td class=\"et3\" style=\"width: 189.25pt;\" width=\"189\">Yongjian<\/td>\n<\/tr>\n<tr style=\"height: 18.00pt;\">\n<td class=\"et3\" style=\"height: 18.00pt;\" height=\"18\">Num\u00e9ro de mod\u00e8le<\/td>\n<td class=\"et4\" style=\"width: 189.25pt;\" width=\"189\">YJ-026<\/td>\n<\/tr>\n<tr style=\"height: 17.60pt;\">\n<td class=\"et3\" style=\"height: 17.60pt;\" height=\"17\">Type de produit<\/td>\n<td class=\"et3\">Petit plat<\/td>\n<\/tr>\n<tr style=\"height: 17.60pt;\">\n<td class=\"et3\" style=\"height: 17.60pt;\" height=\"17\">Mat\u00e9riau<\/td>\n<td class=\"et3\">Porcelaine<\/td>\n<\/tr>\n<tr style=\"height: 17.60pt;\">\n<td class=\"et5\" style=\"height: 17.60pt;\" height=\"17\">Couleur<\/td>\n<td class=\"et3\">Blanc\/ Noir<\/td>\n<\/tr>\n<tr style=\"height: 17.60pt;\">\n<td class=\"et3\" style=\"height: 17.60pt;\" height=\"17\">Dimension<\/td>\n<td class=\"et3\">8*8*2.5<\/td>\n<\/tr>\n<tr style=\"height: 17.60pt;\">\n<td class=\"et3\" style=\"height: 17.60pt;\" height=\"17\">MOQ<\/td>\n<td class=\"et3\">500pcs<\/td>\n<\/tr>\n<tr style=\"height: 17.60pt;\">\n<td class=\"et3\" style=\"height: 17.60pt;\" height=\"17\">Sur mesure<\/td>\n<td class=\"et3\">Couleur\/Taille\/Logo\/Emballage<\/td>\n<\/tr>\n<\/tbody>\n<\/table>","protected":false},"featured_media":3324,"comment_status":"closed","ping_status":"closed","template":"","meta":{"_acf_changed":false},"product_brand":[],"product_cat":[92,62],"product_tag":[96],"class_list":{"0":"post-3322","1":"product","2":"type-product","3":"status-publish","4":"has-post-thumbnail","6":"product_cat-small-dishes-wholesale","7":"product_cat-ceramic-plates-wholesale","8":"product_tag-black-white-dinnerware-wholesale","10":"first","11":"instock","12":"shipping-taxable","13":"product-type-simple"},"acf":[],"_links":{"self":[{"href":"https:\/\/www.yongjianceramic.com\/fr\/wp-json\/wp\/v2\/product\/3322","targetHints":{"allow":["GET"]}}],"collection":[{"href":"https:\/\/www.yongjianceramic.com\/fr\/wp-json\/wp\/v2\/product"}],"about":[{"href":"https:\/\/www.yongjianceramic.com\/fr\/wp-json\/wp\/v2\/types\/product"}],"replies":[{"embeddable":true,"href":"https:\/\/www.yongjianceramic.com\/fr\/wp-json\/wp\/v2\/comments?post=3322"}],"wp:featuredmedia":[{"embeddable":true,"href":"https:\/\/www.yongjianceramic.com\/fr\/wp-json\/wp\/v2\/media\/3324"}],"wp:attachment":[{"href":"https:\/\/www.yongjianceramic.com\/fr\/wp-json\/wp\/v2\/media?parent=3322"}],"wp:term":[{"taxonomy":"product_brand","embeddable":true,"href":"https:\/\/www.yongjianceramic.com\/fr\/wp-json\/wp\/v2\/product_brand?post=3322"},{"taxonomy":"product_cat","embeddable":true,"href":"https:\/\/www.yongjianceramic.com\/fr\/wp-json\/wp\/v2\/product_cat?post=3322"},{"taxonomy":"product_tag","embeddable":true,"href":"https:\/\/www.yongjianceramic.com\/fr\/wp-json\/wp\/v2\/product_tag?post=3322"}],"curies":[{"name":"wp","href":"https:\/\/api.w.org\/{rel}","templated":true}]}}