{"id":3329,"date":"2024-09-09T03:27:43","date_gmt":"2024-09-09T03:27:43","guid":{"rendered":"https:\/\/www.yongjianceramic.com\/?post_type=product&#038;p=3329"},"modified":"2025-11-05T17:28:14","modified_gmt":"2025-11-05T09:28:14","slug":"ceramic-dip-bowls-wholesale","status":"publish","type":"product","link":"https:\/\/www.yongjianceramic.com\/fr\/produit\/ceramic-dip-bowls-wholesale\/","title":{"rendered":"Bols \u00e0 tremper en c\u00e9ramique Wholesale, Bulk Small Dishes For Sauces"},"content":{"rendered":"<div class=\"wp-block-columns is-layout-flex wp-container-core-columns-is-layout-9d6595d7 wp-block-columns-is-layout-flex\">\n<div class=\"wp-block-column is-layout-flow wp-block-column-is-layout-flow\">\n<h2 class=\"wp-block-heading\">Bols \u00e0 tremper en c\u00e9ramique de premi\u00e8re qualit\u00e9 Caract\u00e9ristiques en gros :<\/h2>\n\n\n\n<ul class=\"wp-block-list\">\n<li><strong>Design unique de la surface ondul\u00e9e : <\/strong>La surface ondul\u00e9e de ces bols \u00e0 tremper en c\u00e9ramique de gros cr\u00e9e une texture et un effet visuel particuliers pour le produit et rehausse le sens de la mode pour la table \u00e0 manger.<\/li>\n\n\n\n<li><strong>Choix classique de deux couleurs :<\/strong> Notre vaisselle en vrac offre deux couleurs classiques, le noir et le blanc, avec un design minimaliste et moderne, s'adaptant \u00e0 une vari\u00e9t\u00e9 de styles de table et de festivit\u00e9s, non seulement pour afficher un temp\u00e9rament \u00e9l\u00e9gant, mais aussi pour \u00eatre diversifi\u00e9 avec une vari\u00e9t\u00e9 de combinaisons d'articles de table.<\/li>\n\n\n\n<li><strong>Convient \u00e0 une utilisation polyvalente :<\/strong> Nos petits bols \u00e0 tremper en c\u00e9ramique conviennent parfaitement \u00e0 la conservation de sauces, d'assaisonnements, de trempettes ou de minuscules portions d'aliments. Ils conviennent \u00e0 diverses occasions telles que la maison, les restaurants et les banquets, et sont pratiques et commodes.<\/li>\n\n\n\n<li><strong>Mat\u00e9riau c\u00e9ramique de haute qualit\u00e9 : <\/strong>Ces petits plats en vrac sont fabriqu\u00e9s en c\u00e9ramique de haute qualit\u00e9, solide, avec une surface lisse et facile \u00e0 nettoyer, une bonne r\u00e9sistance \u00e0 la chaleur, au micro-ondes et au lave-vaisselle, et conviennent aux besoins de la vie quotidienne.<\/li>\n<\/ul>\n<\/div>\n\n\n\n<div class=\"wp-block-column is-vertically-aligned-center is-layout-flow wp-block-column-is-layout-flow\"><div class=\"wp-block-image\">\n<figure class=\"aligncenter size-full\"><img fetchpriority=\"high\" decoding=\"async\" width=\"800\" height=\"800\" src=\"https:\/\/www.yongjianceramic.com\/wp-content\/uploads\/2024\/09\/Ceramic-Dip-Bowls-Wholesale-Small-Dishes-Bulk-For-Sauces-1.webp\" alt=\"Bols \u00e0 tremper en c\u00e9ramique grossiste, Petits plats en vrac pour sauces-1\" class=\"wp-image-3330\" srcset=\"https:\/\/www.yongjianceramic.com\/wp-content\/uploads\/2024\/09\/Ceramic-Dip-Bowls-Wholesale-Small-Dishes-Bulk-For-Sauces-1.webp 800w, https:\/\/www.yongjianceramic.com\/wp-content\/uploads\/2024\/09\/Ceramic-Dip-Bowls-Wholesale-Small-Dishes-Bulk-For-Sauces-1-300x300.webp 300w, https:\/\/www.yongjianceramic.com\/wp-content\/uploads\/2024\/09\/Ceramic-Dip-Bowls-Wholesale-Small-Dishes-Bulk-For-Sauces-1-150x150.webp 150w, https:\/\/www.yongjianceramic.com\/wp-content\/uploads\/2024\/09\/Ceramic-Dip-Bowls-Wholesale-Small-Dishes-Bulk-For-Sauces-1-768x768.webp 768w, https:\/\/www.yongjianceramic.com\/wp-content\/uploads\/2024\/09\/Ceramic-Dip-Bowls-Wholesale-Small-Dishes-Bulk-For-Sauces-1-12x12.webp 12w, https:\/\/www.yongjianceramic.com\/wp-content\/uploads\/2024\/09\/Ceramic-Dip-Bowls-Wholesale-Small-Dishes-Bulk-For-Sauces-1-285x285.webp 285w, https:\/\/www.yongjianceramic.com\/wp-content\/uploads\/2024\/09\/Ceramic-Dip-Bowls-Wholesale-Small-Dishes-Bulk-For-Sauces-1-270x270.webp 270w, https:\/\/www.yongjianceramic.com\/wp-content\/uploads\/2024\/09\/Ceramic-Dip-Bowls-Wholesale-Small-Dishes-Bulk-For-Sauces-1-540x540.webp 540w, https:\/\/www.yongjianceramic.com\/wp-content\/uploads\/2024\/09\/Ceramic-Dip-Bowls-Wholesale-Small-Dishes-Bulk-For-Sauces-1-660x660.webp 660w\" sizes=\"(max-width: 800px) 100vw, 800px\" \/><\/figure>\n<\/div><\/div>\n<\/div>","protected":false},"excerpt":{"rendered":"<p>Nous vous invitons \u00e0 acheter des petits plats en c\u00e9ramique en vrac. Nos bols \u00e0 tremper en c\u00e9ramique en gros pr\u00e9sentent un motif de surface ondul\u00e9 et offrent deux combinaisons de couleurs classiques, noir et blanc, qui sont \u00e9l\u00e9gantes et fonctionnelles. Ils conviennent \u00e0 toutes sortes d'assaisonnements et de sauces, sont antid\u00e9rapants et faciles \u00e0 nettoyer, et constituent un choix id\u00e9al pour les restaurants et les cuisines familiales.<\/p>\n<table style=\"border-collapse: collapse; width: 309.02pt;\" border=\"0\" width=\"309\" cellspacing=\"0\" cellpadding=\"0\">\n<tbody>\n<tr style=\"height: 17.60pt;\">\n<td class=\"et3\" style=\"height: 17.60pt; width: 120.25pt;\" width=\"120\" height=\"17\">Fabricant<\/td>\n<td class=\"et3\" style=\"width: 189.25pt;\" width=\"189\">Yongjian<\/td>\n<\/tr>\n<tr style=\"height: 18.00pt;\">\n<td class=\"et3\" style=\"height: 18.00pt;\" height=\"18\">Num\u00e9ro de mod\u00e8le<\/td>\n<td class=\"et4\" style=\"width: 189.25pt;\" width=\"189\">YJ-027<\/td>\n<\/tr>\n<tr style=\"height: 17.60pt;\">\n<td class=\"et3\" style=\"height: 17.60pt;\" height=\"17\">Type de produit<\/td>\n<td class=\"et3\">Petit plat<\/td>\n<\/tr>\n<tr style=\"height: 17.60pt;\">\n<td class=\"et3\" style=\"height: 17.60pt;\" height=\"17\">Mat\u00e9riau<\/td>\n<td class=\"et3\">Porcelaine<\/td>\n<\/tr>\n<tr style=\"height: 17.60pt;\">\n<td class=\"et5\" style=\"height: 17.60pt;\" height=\"17\">Couleur<\/td>\n<td class=\"et3\">Blanc\/ Noir<\/td>\n<\/tr>\n<tr style=\"height: 17.60pt;\">\n<td class=\"et3\" style=\"height: 17.60pt;\" height=\"17\">Dimension<\/td>\n<td class=\"et3\">9.5*9.5*3<\/td>\n<\/tr>\n<tr style=\"height: 17.60pt;\">\n<td class=\"et3\" style=\"height: 17.60pt;\" height=\"17\">MOQ<\/td>\n<td class=\"et3\">500pcs<\/td>\n<\/tr>\n<tr style=\"height: 17.60pt;\">\n<td class=\"et3\" style=\"height: 17.60pt;\" height=\"17\">Sur mesure<\/td>\n<td class=\"et3\">Couleur\/Taille\/Logo\/Emballage<\/td>\n<\/tr>\n<\/tbody>\n<\/table>","protected":false},"featured_media":3331,"comment_status":"closed","ping_status":"closed","template":"","meta":{"_acf_changed":false},"product_brand":[],"product_cat":[92,62],"product_tag":[96],"class_list":{"0":"post-3329","1":"product","2":"type-product","3":"status-publish","4":"has-post-thumbnail","6":"product_cat-small-dishes-wholesale","7":"product_cat-ceramic-plates-wholesale","8":"product_tag-black-white-dinnerware-wholesale","10":"first","11":"instock","12":"shipping-taxable","13":"product-type-simple"},"acf":[],"_links":{"self":[{"href":"https:\/\/www.yongjianceramic.com\/fr\/wp-json\/wp\/v2\/product\/3329","targetHints":{"allow":["GET"]}}],"collection":[{"href":"https:\/\/www.yongjianceramic.com\/fr\/wp-json\/wp\/v2\/product"}],"about":[{"href":"https:\/\/www.yongjianceramic.com\/fr\/wp-json\/wp\/v2\/types\/product"}],"replies":[{"embeddable":true,"href":"https:\/\/www.yongjianceramic.com\/fr\/wp-json\/wp\/v2\/comments?post=3329"}],"wp:featuredmedia":[{"embeddable":true,"href":"https:\/\/www.yongjianceramic.com\/fr\/wp-json\/wp\/v2\/media\/3331"}],"wp:attachment":[{"href":"https:\/\/www.yongjianceramic.com\/fr\/wp-json\/wp\/v2\/media?parent=3329"}],"wp:term":[{"taxonomy":"product_brand","embeddable":true,"href":"https:\/\/www.yongjianceramic.com\/fr\/wp-json\/wp\/v2\/product_brand?post=3329"},{"taxonomy":"product_cat","embeddable":true,"href":"https:\/\/www.yongjianceramic.com\/fr\/wp-json\/wp\/v2\/product_cat?post=3329"},{"taxonomy":"product_tag","embeddable":true,"href":"https:\/\/www.yongjianceramic.com\/fr\/wp-json\/wp\/v2\/product_tag?post=3329"}],"curies":[{"name":"wp","href":"https:\/\/api.w.org\/{rel}","templated":true}]}}