{"id":3335,"date":"2024-09-09T03:41:46","date_gmt":"2024-09-09T03:41:46","guid":{"rendered":"https:\/\/www.yongjianceramic.com\/?post_type=product&#038;p=3335"},"modified":"2025-11-19T11:53:56","modified_gmt":"2025-11-19T03:53:56","slug":"wholesale-small-plates","status":"publish","type":"product","link":"https:\/\/www.yongjianceramic.com\/fr\/produit\/wholesale-small-plates\/","title":{"rendered":"6-Inch Wholesale Small Plates, Round Ceramic Dishes Supply"},"content":{"rendered":"<div class=\"wp-block-columns is-layout-flex wp-container-core-columns-is-layout-9d6595d7 wp-block-columns-is-layout-flex\">\n<div class=\"wp-block-column is-layout-flow wp-block-column-is-layout-flow\">\n<h2 class=\"wp-block-heading\">Premium Wholesale Small Plates Caract\u00e9ristiques :<\/h2>\n\n\n\n<ul class=\"wp-block-list\">\n<li><strong>Texture givr\u00e9e :<\/strong> Ces petites assiettes de gros de 6 pouces sont dot\u00e9es d'une surface textur\u00e9e givr\u00e9e, qui a une touche unique et ne glisse pas facilement, ce qui renforce le caract\u00e8re haut de gamme et pratique du produit.<\/li>\n\n\n\n<li><strong>Utilisation multifonctionnelle : <\/strong>La petite assiette en vrac peut \u00eatre utilis\u00e9e pour cracher les os et placer les restes de nourriture. On peut aussi l'utiliser comme accompagnement, \u00e9pices ou portion de nourriture. Elle peut \u00eatre utilis\u00e9e \u00e0 diverses occasions, notamment dans les foyers, les restaurants et les banquets.<\/li>\n\n\n\n<li><strong>Mat\u00e9riau c\u00e9ramique de haute qualit\u00e9 : <\/strong>Fabriqu\u00e9es en c\u00e9ramique durable, nos petites assiettes de gros sont con\u00e7ues pour durer longtemps et r\u00e9sister \u00e0 la chaleur. Elles passent au four \u00e0 micro-ondes et au lave-vaisselle. Elles sont extr\u00eamement faciles \u00e0 nettoyer et \u00e0 entretenir.<\/li>\n\n\n\n<li><strong>Taille et couleur classiques : <\/strong>La taille pratique de 6 pouces et l'aspect simple et \u00e9l\u00e9gant de notre petite assiette en vrac la rendent compatible avec l'ensemble de la vaisselle. Diff\u00e9rentes couleurs sont disponibles et peuvent \u00eatre appliqu\u00e9es \u00e0 la vie quotidienne et aux festivals.<\/li>\n<\/ul>\n<\/div>\n\n\n\n<div class=\"wp-block-column is-vertically-aligned-center is-layout-flow wp-block-column-is-layout-flow\"><div class=\"wp-block-image\">\n<figure class=\"aligncenter size-full\"><img fetchpriority=\"high\" decoding=\"async\" width=\"800\" height=\"800\" src=\"https:\/\/www.yongjianceramic.com\/wp-content\/uploads\/2024\/09\/Premium-6-Inch-Wholesale-Small-Plates-For-Discarding-Bones-4.webp\" alt=\"Petites assiettes en gros de 6 pouces pour \u00e9liminer les os - 4\" class=\"wp-image-3339\" srcset=\"https:\/\/www.yongjianceramic.com\/wp-content\/uploads\/2024\/09\/Premium-6-Inch-Wholesale-Small-Plates-For-Discarding-Bones-4.webp 800w, https:\/\/www.yongjianceramic.com\/wp-content\/uploads\/2024\/09\/Premium-6-Inch-Wholesale-Small-Plates-For-Discarding-Bones-4-300x300.webp 300w, https:\/\/www.yongjianceramic.com\/wp-content\/uploads\/2024\/09\/Premium-6-Inch-Wholesale-Small-Plates-For-Discarding-Bones-4-150x150.webp 150w, https:\/\/www.yongjianceramic.com\/wp-content\/uploads\/2024\/09\/Premium-6-Inch-Wholesale-Small-Plates-For-Discarding-Bones-4-768x768.webp 768w, https:\/\/www.yongjianceramic.com\/wp-content\/uploads\/2024\/09\/Premium-6-Inch-Wholesale-Small-Plates-For-Discarding-Bones-4-12x12.webp 12w, https:\/\/www.yongjianceramic.com\/wp-content\/uploads\/2024\/09\/Premium-6-Inch-Wholesale-Small-Plates-For-Discarding-Bones-4-285x285.webp 285w, https:\/\/www.yongjianceramic.com\/wp-content\/uploads\/2024\/09\/Premium-6-Inch-Wholesale-Small-Plates-For-Discarding-Bones-4-270x270.webp 270w, https:\/\/www.yongjianceramic.com\/wp-content\/uploads\/2024\/09\/Premium-6-Inch-Wholesale-Small-Plates-For-Discarding-Bones-4-540x540.webp 540w, https:\/\/www.yongjianceramic.com\/wp-content\/uploads\/2024\/09\/Premium-6-Inch-Wholesale-Small-Plates-For-Discarding-Bones-4-660x660.webp 660w\" sizes=\"(max-width: 800px) 100vw, 800px\" \/><\/figure>\n<\/div><\/div>\n<\/div>","protected":false},"excerpt":{"rendered":"<p>Bienvenue pour acheter nos petites assiettes en c\u00e9ramique en gros. Nos petites assiettes de 15 cm vendues en gros ont une surface textur\u00e9e givr\u00e9e, id\u00e9ale pour cracher les os ou les restes de nourriture, et sont polyvalentes. Elles sont fabriqu\u00e9es \u00e0 partir de c\u00e9ramique de haute qualit\u00e9, r\u00e9sistantes \u00e0 l'usure et faciles \u00e0 nettoyer, ce qui en fait un excellent choix pour les familles et les \u00e9tablissements de restauration.<\/p>\n<table style=\"border-collapse: collapse; width: 309.02pt;\" border=\"0\" width=\"309\" cellspacing=\"0\" cellpadding=\"0\">\n<tbody>\n<tr style=\"height: 17.60pt;\">\n<td class=\"et3\" style=\"height: 17.60pt; width: 120.25pt;\" width=\"120\" height=\"17\">Fabricant<\/td>\n<td class=\"et3\" style=\"width: 189.25pt;\" width=\"189\">Yongjian<\/td>\n<\/tr>\n<tr style=\"height: 18.00pt;\">\n<td class=\"et3\" style=\"height: 18.00pt;\" height=\"18\">Num\u00e9ro de mod\u00e8le<\/td>\n<td class=\"et4\" style=\"width: 189.25pt;\" width=\"189\">YJ-030<\/td>\n<\/tr>\n<tr style=\"height: 17.60pt;\">\n<td class=\"et3\" style=\"height: 17.60pt;\" height=\"17\">Type de produit<\/td>\n<td class=\"et3\">Petit plat<\/td>\n<\/tr>\n<tr style=\"height: 17.60pt;\">\n<td class=\"et3\" style=\"height: 17.60pt;\" height=\"17\">Mat\u00e9riau<\/td>\n<td class=\"et3\">Porcelaine<\/td>\n<\/tr>\n<tr style=\"height: 17.60pt;\">\n<td class=\"et5\" style=\"height: 17.60pt;\" height=\"17\">Couleur<\/td>\n<td class=\"et3\">Blanc\/ Noir<\/td>\n<\/tr>\n<tr style=\"height: 17.60pt;\">\n<td class=\"et3\" style=\"height: 17.60pt;\" height=\"17\">Dimension<\/td>\n<td class=\"et3\">15.8*15.8*1.5<\/td>\n<\/tr>\n<tr style=\"height: 17.60pt;\">\n<td class=\"et3\" style=\"height: 17.60pt;\" height=\"17\">MOQ<\/td>\n<td class=\"et3\">500pcs<\/td>\n<\/tr>\n<tr style=\"height: 17.60pt;\">\n<td class=\"et3\" style=\"height: 17.60pt;\" height=\"17\">Sur mesure<\/td>\n<td class=\"et3\">Couleur\/Taille\/Logo\/Emballage<\/td>\n<\/tr>\n<\/tbody>\n<\/table>","protected":false},"featured_media":3337,"comment_status":"closed","ping_status":"closed","template":"","meta":{"_acf_changed":false},"product_brand":[],"product_cat":[92,93,62],"product_tag":[96],"class_list":{"0":"post-3335","1":"product","2":"type-product","3":"status-publish","4":"has-post-thumbnail","6":"product_cat-small-dishes-wholesale","7":"product_cat-bulk-dinner-plates","8":"product_cat-ceramic-plates-wholesale","9":"product_tag-black-white-dinnerware-wholesale","11":"first","12":"instock","13":"shipping-taxable","14":"product-type-simple"},"acf":[],"_links":{"self":[{"href":"https:\/\/www.yongjianceramic.com\/fr\/wp-json\/wp\/v2\/product\/3335","targetHints":{"allow":["GET"]}}],"collection":[{"href":"https:\/\/www.yongjianceramic.com\/fr\/wp-json\/wp\/v2\/product"}],"about":[{"href":"https:\/\/www.yongjianceramic.com\/fr\/wp-json\/wp\/v2\/types\/product"}],"replies":[{"embeddable":true,"href":"https:\/\/www.yongjianceramic.com\/fr\/wp-json\/wp\/v2\/comments?post=3335"}],"wp:featuredmedia":[{"embeddable":true,"href":"https:\/\/www.yongjianceramic.com\/fr\/wp-json\/wp\/v2\/media\/3337"}],"wp:attachment":[{"href":"https:\/\/www.yongjianceramic.com\/fr\/wp-json\/wp\/v2\/media?parent=3335"}],"wp:term":[{"taxonomy":"product_brand","embeddable":true,"href":"https:\/\/www.yongjianceramic.com\/fr\/wp-json\/wp\/v2\/product_brand?post=3335"},{"taxonomy":"product_cat","embeddable":true,"href":"https:\/\/www.yongjianceramic.com\/fr\/wp-json\/wp\/v2\/product_cat?post=3335"},{"taxonomy":"product_tag","embeddable":true,"href":"https:\/\/www.yongjianceramic.com\/fr\/wp-json\/wp\/v2\/product_tag?post=3335"}],"curies":[{"name":"wp","href":"https:\/\/api.w.org\/{rel}","templated":true}]}}