{"id":3342,"date":"2024-09-09T03:56:52","date_gmt":"2024-09-09T03:56:52","guid":{"rendered":"https:\/\/www.yongjianceramic.com\/?post_type=product&#038;p=3342"},"modified":"2025-04-20T14:19:53","modified_gmt":"2025-04-20T06:19:53","slug":"olive-oil-dipping-dishes-wholesale","status":"publish","type":"product","link":"https:\/\/www.yongjianceramic.com\/fr\/produit\/olive-oil-dipping-dishes-wholesale\/","title":{"rendered":"Plats \u00e0 tremper dans l'huile d'olive Wholesale, Premium And Stylish Dish"},"content":{"rendered":"<div class=\"wp-block-columns is-layout-flex wp-container-core-columns-is-layout-9d6595d7 wp-block-columns-is-layout-flex\">\n<div class=\"wp-block-column is-layout-flow wp-block-column-is-layout-flow\">\n<h2 class=\"wp-block-heading\">Plats \u00e0 tremper \u00e0 l'huile d'olive de premi\u00e8re qualit\u00e9 Caract\u00e9ristiques en gros :<\/h2>\n\n\n\n<ul class=\"wp-block-list\">\n<li><strong>Technologie unique de changement de four : <\/strong>Nos plats \u00e0 tremper dans l'huile d'olive en gros sont fabriqu\u00e9s \u00e0 l'aide d'une technologie de changement de four, et la couleur et la texture changent naturellement, ce qui donne \u00e0 chaque plat une texture artistique et artisanale unique.<\/li>\n\n\n\n<li><strong>Plusieurs options de couleurs : <\/strong>Ces bols \u00e0 tremper en gros offrent une grande vari\u00e9t\u00e9 de couleurs, des tons chauds et neutres aux couleurs vives, qui s'accordent parfaitement avec diff\u00e9rents styles de table et s'adaptent \u00e0 diff\u00e9rentes occasions et pr\u00e9f\u00e9rences.<\/li>\n\n\n\n<li><strong>Mat\u00e9riau c\u00e9ramique de haute qualit\u00e9 : <\/strong>Nos trempettes \u00e0 huile d'olive en gros sont fabriqu\u00e9es en c\u00e9ramique de haute qualit\u00e9, qui a une excellente durabilit\u00e9 et r\u00e9sistance \u00e0 la chaleur, et la surface est lisse et facile \u00e0 nettoyer, convenant \u00e0 un usage quotidien.<\/li>\n\n\n\n<li><strong>Pratique et beau : <\/strong>Ces bols \u00e0 tremper en gros sont de petites assiettes con\u00e7ues pour l'huile d'olive, les condiments et les trempettes. Ils sont \u00e0 la fois pratiques et peuvent rehausser le style de la table. Elles sont id\u00e9ales pour les salles \u00e0 manger et les cuisines domestiques.<\/li>\n<\/ul>\n<\/div>\n\n\n\n<div class=\"wp-block-column is-vertically-aligned-center is-layout-flow wp-block-column-is-layout-flow\"><div class=\"wp-block-image\">\n<figure class=\"aligncenter size-full\"><img fetchpriority=\"high\" decoding=\"async\" width=\"800\" height=\"800\" src=\"https:\/\/www.yongjianceramic.com\/wp-content\/uploads\/2024\/09\/Olive-Oil-Dipping-Dishes-Wholesale-Premium-And-Stylish-Dish-5.webp\" alt=\"Plats \u00e0 tremper dans l&#039;huile d&#039;olive Wholesale, Premium And Stylish Dish-5\" class=\"wp-image-3347\" srcset=\"https:\/\/www.yongjianceramic.com\/wp-content\/uploads\/2024\/09\/Olive-Oil-Dipping-Dishes-Wholesale-Premium-And-Stylish-Dish-5.webp 800w, https:\/\/www.yongjianceramic.com\/wp-content\/uploads\/2024\/09\/Olive-Oil-Dipping-Dishes-Wholesale-Premium-And-Stylish-Dish-5-300x300.webp 300w, https:\/\/www.yongjianceramic.com\/wp-content\/uploads\/2024\/09\/Olive-Oil-Dipping-Dishes-Wholesale-Premium-And-Stylish-Dish-5-150x150.webp 150w, https:\/\/www.yongjianceramic.com\/wp-content\/uploads\/2024\/09\/Olive-Oil-Dipping-Dishes-Wholesale-Premium-And-Stylish-Dish-5-768x768.webp 768w, https:\/\/www.yongjianceramic.com\/wp-content\/uploads\/2024\/09\/Olive-Oil-Dipping-Dishes-Wholesale-Premium-And-Stylish-Dish-5-12x12.webp 12w, https:\/\/www.yongjianceramic.com\/wp-content\/uploads\/2024\/09\/Olive-Oil-Dipping-Dishes-Wholesale-Premium-And-Stylish-Dish-5-285x285.webp 285w, https:\/\/www.yongjianceramic.com\/wp-content\/uploads\/2024\/09\/Olive-Oil-Dipping-Dishes-Wholesale-Premium-And-Stylish-Dish-5-270x270.webp 270w, https:\/\/www.yongjianceramic.com\/wp-content\/uploads\/2024\/09\/Olive-Oil-Dipping-Dishes-Wholesale-Premium-And-Stylish-Dish-5-540x540.webp 540w, https:\/\/www.yongjianceramic.com\/wp-content\/uploads\/2024\/09\/Olive-Oil-Dipping-Dishes-Wholesale-Premium-And-Stylish-Dish-5-660x660.webp 660w\" sizes=\"(max-width: 800px) 100vw, 800px\" \/><\/figure>\n<\/div><\/div>\n<\/div>","protected":false},"excerpt":{"rendered":"<p>Bienvenue pour acheter des bols \u00e0 tremper en gros. Nos coupelles \u00e0 huile d'olive en gros sont fabriqu\u00e9es avec une technologie unique de changement de four, offrant une vari\u00e9t\u00e9 d'options de couleurs, une texture riche et un sens artistique. Ils sont non seulement pratiques et durables, mais aussi un excellent choix pour rehausser la beaut\u00e9 de la table, et conviennent parfaitement \u00e0 l'approvisionnement en gros.<\/p>\n<table style=\"border-collapse: collapse; width: 309.02pt;\" border=\"0\" width=\"309\" cellspacing=\"0\" cellpadding=\"0\">\n<tbody>\n<tr style=\"height: 17.60pt;\">\n<td class=\"et3\" style=\"height: 17.60pt; width: 120.25pt;\" width=\"120\" height=\"17\">Fabricant<\/td>\n<td class=\"et3\" style=\"width: 189.25pt;\" width=\"189\">Yongjian<\/td>\n<\/tr>\n<tr style=\"height: 18.00pt;\">\n<td class=\"et3\" style=\"height: 18.00pt;\" height=\"18\">Num\u00e9ro de mod\u00e8le<\/td>\n<td class=\"et4\" style=\"width: 189.25pt;\" width=\"189\">YJ-030<\/td>\n<\/tr>\n<tr style=\"height: 17.60pt;\">\n<td class=\"et3\" style=\"height: 17.60pt;\" height=\"17\">Type de produit<\/td>\n<td class=\"et3\">Petit plat<\/td>\n<\/tr>\n<tr style=\"height: 17.60pt;\">\n<td class=\"et3\" style=\"height: 17.60pt;\" height=\"17\">Mat\u00e9riau<\/td>\n<td class=\"et3\">Porcelaine<\/td>\n<\/tr>\n<tr style=\"height: 17.60pt;\">\n<td class=\"et5\" style=\"height: 17.60pt;\" height=\"17\">Couleur<\/td>\n<td class=\"et3\">En tant qu'image<\/td>\n<\/tr>\n<tr style=\"height: 17.60pt;\">\n<td class=\"et3\" style=\"height: 17.60pt;\" height=\"17\">Dimension<\/td>\n<td class=\"et3\">15.8*15.8*1.5<\/td>\n<\/tr>\n<tr style=\"height: 17.60pt;\">\n<td class=\"et3\" style=\"height: 17.60pt;\" height=\"17\">MOQ<\/td>\n<td class=\"et3\">500pcs<\/td>\n<\/tr>\n<tr style=\"height: 17.60pt;\">\n<td class=\"et3\" style=\"height: 17.60pt;\" height=\"17\">Sur mesure<\/td>\n<td class=\"et3\">Couleur\/Taille\/Logo\/Emballage<\/td>\n<\/tr>\n<\/tbody>\n<\/table>","protected":false},"featured_media":3343,"comment_status":"closed","ping_status":"closed","template":"","meta":{"_acf_changed":false},"product_brand":[],"product_cat":[92,62],"product_tag":[88],"class_list":{"0":"post-3342","1":"product","2":"type-product","3":"status-publish","4":"has-post-thumbnail","6":"product_cat-small-dishes-wholesale","7":"product_cat-ceramic-plates-wholesale","8":"product_tag-japanese-style-dinnerware-set-wholesale","10":"first","11":"instock","12":"shipping-taxable","13":"product-type-simple"},"acf":[],"_links":{"self":[{"href":"https:\/\/www.yongjianceramic.com\/fr\/wp-json\/wp\/v2\/product\/3342","targetHints":{"allow":["GET"]}}],"collection":[{"href":"https:\/\/www.yongjianceramic.com\/fr\/wp-json\/wp\/v2\/product"}],"about":[{"href":"https:\/\/www.yongjianceramic.com\/fr\/wp-json\/wp\/v2\/types\/product"}],"replies":[{"embeddable":true,"href":"https:\/\/www.yongjianceramic.com\/fr\/wp-json\/wp\/v2\/comments?post=3342"}],"wp:featuredmedia":[{"embeddable":true,"href":"https:\/\/www.yongjianceramic.com\/fr\/wp-json\/wp\/v2\/media\/3343"}],"wp:attachment":[{"href":"https:\/\/www.yongjianceramic.com\/fr\/wp-json\/wp\/v2\/media?parent=3342"}],"wp:term":[{"taxonomy":"product_brand","embeddable":true,"href":"https:\/\/www.yongjianceramic.com\/fr\/wp-json\/wp\/v2\/product_brand?post=3342"},{"taxonomy":"product_cat","embeddable":true,"href":"https:\/\/www.yongjianceramic.com\/fr\/wp-json\/wp\/v2\/product_cat?post=3342"},{"taxonomy":"product_tag","embeddable":true,"href":"https:\/\/www.yongjianceramic.com\/fr\/wp-json\/wp\/v2\/product_tag?post=3342"}],"curies":[{"name":"wp","href":"https:\/\/api.w.org\/{rel}","templated":true}]}}