{"id":3357,"date":"2024-09-09T05:58:47","date_gmt":"2024-09-09T05:58:47","guid":{"rendered":"https:\/\/www.yongjianceramic.com\/?post_type=product&#038;p=3357"},"modified":"2025-04-20T14:19:45","modified_gmt":"2025-04-20T06:19:45","slug":"olive-oil-dipping-bowls-wholesale","status":"publish","type":"product","link":"https:\/\/www.yongjianceramic.com\/fr\/produit\/olive-oil-dipping-bowls-wholesale\/","title":{"rendered":"Bols \u00e0 tremper pour l'huile d'olive Wholesale, Petits plats en c\u00e9ramique"},"content":{"rendered":"<div class=\"wp-block-columns is-layout-flex wp-container-core-columns-is-layout-9d6595d7 wp-block-columns-is-layout-flex\">\n<div class=\"wp-block-column is-layout-flow wp-block-column-is-layout-flow\">\n<h2 class=\"wp-block-heading\">Bols \u00e0 tremper dans l'huile d'olive de premi\u00e8re qualit\u00e9 Caract\u00e9ristiques en gros :<\/h2>\n\n\n\n<ul class=\"wp-block-list\">\n<li><strong>Technologie de changement de four : <\/strong>Nos bols \u00e0 tremper l'huile d'olive en gros adoptent une technologie unique de changement de four. Chaque bol \u00e0 huile d'olive pr\u00e9sente une couleur et une texture uniques, ajoutant une texture artisanale et une valeur artistique, rendant la table plus belle.<\/li>\n\n\n\n<li><strong>Plusieurs options de couleurs : <\/strong>Ces plats en c\u00e9ramique de gros sont disponibles dans une vari\u00e9t\u00e9 de combinaisons de couleurs pour r\u00e9pondre aux besoins des diff\u00e9rents styles de tables. Ils peuvent \u00eatre facilement assortis \u00e0 d'autres articles de table et conviennent \u00e0 diverses occasions.<\/li>\n\n\n\n<li><strong>C\u00e9ramique de haute qualit\u00e9 :<\/strong> Nos bols \u00e0 huile d'olive sont fabriqu\u00e9s en c\u00e9ramique de haute qualit\u00e9, durable et robuste, r\u00e9sistante aux temp\u00e9ratures \u00e9lev\u00e9es, adapt\u00e9e \u00e0 un usage fr\u00e9quent et au lavage au lave-vaisselle, et restent lisses et brillants pendant longtemps.<\/li>\n\n\n\n<li><strong>Utilisation multifonctionnelle : <\/strong>Ces plats en c\u00e9ramique de gros conviennent non seulement pour l'huile d'olive et les sauces d'assaisonnement, mais aussi pour d'autres petites portions de nourriture. Ils sont \u00e0 la fois pratiques et esth\u00e9tiques et conviennent aux achats en gros pour les familles et la restauration.<\/li>\n<\/ul>\n<\/div>\n\n\n\n<div class=\"wp-block-column is-vertically-aligned-center is-layout-flow wp-block-column-is-layout-flow\"><div class=\"wp-block-image\">\n<figure class=\"aligncenter size-full\"><img fetchpriority=\"high\" decoding=\"async\" width=\"800\" height=\"800\" src=\"https:\/\/www.yongjianceramic.com\/wp-content\/uploads\/2024\/09\/Stylish-Olive-Oil-Dipping-Bowls-Wholesale-Small-Ceramic-Dishes-5.webp\" alt=\"Bols \u00e0 tremper l&#039;huile d&#039;olive Wholesale, Petits plats en c\u00e9ramique-5\" class=\"wp-image-3362\" srcset=\"https:\/\/www.yongjianceramic.com\/wp-content\/uploads\/2024\/09\/Stylish-Olive-Oil-Dipping-Bowls-Wholesale-Small-Ceramic-Dishes-5.webp 800w, https:\/\/www.yongjianceramic.com\/wp-content\/uploads\/2024\/09\/Stylish-Olive-Oil-Dipping-Bowls-Wholesale-Small-Ceramic-Dishes-5-300x300.webp 300w, https:\/\/www.yongjianceramic.com\/wp-content\/uploads\/2024\/09\/Stylish-Olive-Oil-Dipping-Bowls-Wholesale-Small-Ceramic-Dishes-5-150x150.webp 150w, https:\/\/www.yongjianceramic.com\/wp-content\/uploads\/2024\/09\/Stylish-Olive-Oil-Dipping-Bowls-Wholesale-Small-Ceramic-Dishes-5-768x768.webp 768w, https:\/\/www.yongjianceramic.com\/wp-content\/uploads\/2024\/09\/Stylish-Olive-Oil-Dipping-Bowls-Wholesale-Small-Ceramic-Dishes-5-12x12.webp 12w, https:\/\/www.yongjianceramic.com\/wp-content\/uploads\/2024\/09\/Stylish-Olive-Oil-Dipping-Bowls-Wholesale-Small-Ceramic-Dishes-5-285x285.webp 285w, https:\/\/www.yongjianceramic.com\/wp-content\/uploads\/2024\/09\/Stylish-Olive-Oil-Dipping-Bowls-Wholesale-Small-Ceramic-Dishes-5-270x270.webp 270w, https:\/\/www.yongjianceramic.com\/wp-content\/uploads\/2024\/09\/Stylish-Olive-Oil-Dipping-Bowls-Wholesale-Small-Ceramic-Dishes-5-540x540.webp 540w, https:\/\/www.yongjianceramic.com\/wp-content\/uploads\/2024\/09\/Stylish-Olive-Oil-Dipping-Bowls-Wholesale-Small-Ceramic-Dishes-5-660x660.webp 660w\" sizes=\"(max-width: 800px) 100vw, 800px\" \/><\/figure>\n<\/div><\/div>\n<\/div>","protected":false},"excerpt":{"rendered":"<p>Nous vous invitons \u00e0 acheter en gros des plats en c\u00e9ramique. Nos bols \u00e0 huile d'olive en gros adoptent une technologie unique de changement de four et sont disponibles dans une vari\u00e9t\u00e9 de couleurs. Ils sont dot\u00e9s d'un sens artistique \u00e9l\u00e9gant et d'un mat\u00e9riau c\u00e9ramique de haute qualit\u00e9. Il convient \u00e0 une utilisation sur la table pour une vari\u00e9t\u00e9 d'occasions et est un choix id\u00e9al pour les familles et les restaurants.<\/p>\n<table style=\"border-collapse: collapse; width: 309.02pt;\" border=\"0\" width=\"309\" cellspacing=\"0\" cellpadding=\"0\">\n<tbody>\n<tr style=\"height: 17.60pt;\">\n<td class=\"et3\" style=\"height: 17.60pt; width: 120.25pt;\" width=\"120\" height=\"17\">Fabricant<\/td>\n<td class=\"et3\" style=\"width: 189.25pt;\" width=\"189\">Yongjian<\/td>\n<\/tr>\n<tr style=\"height: 18.00pt;\">\n<td class=\"et3\" style=\"height: 18.00pt;\" height=\"18\">Num\u00e9ro de mod\u00e8le<\/td>\n<td class=\"et4\" style=\"width: 189.25pt;\" width=\"189\">YJ-030<\/td>\n<\/tr>\n<tr style=\"height: 17.60pt;\">\n<td class=\"et3\" style=\"height: 17.60pt;\" height=\"17\">Type de produit<\/td>\n<td class=\"et3\">Petit plat<\/td>\n<\/tr>\n<tr style=\"height: 17.60pt;\">\n<td class=\"et3\" style=\"height: 17.60pt;\" height=\"17\">Mat\u00e9riau<\/td>\n<td class=\"et3\">Porcelaine<\/td>\n<\/tr>\n<tr style=\"height: 17.60pt;\">\n<td class=\"et5\" style=\"height: 17.60pt;\" height=\"17\">Couleur<\/td>\n<td class=\"et3\">En tant qu'image<\/td>\n<\/tr>\n<tr style=\"height: 17.60pt;\">\n<td class=\"et3\" style=\"height: 17.60pt;\" height=\"17\">Dimension<\/td>\n<td class=\"et3\">15.8*15.8*1.5<\/td>\n<\/tr>\n<tr style=\"height: 17.60pt;\">\n<td class=\"et3\" style=\"height: 17.60pt;\" height=\"17\">MOQ<\/td>\n<td class=\"et3\">500pcs<\/td>\n<\/tr>\n<tr style=\"height: 17.60pt;\">\n<td class=\"et3\" style=\"height: 17.60pt;\" height=\"17\">Sur mesure<\/td>\n<td class=\"et3\">Couleur\/Taille\/Logo\/Emballage<\/td>\n<\/tr>\n<\/tbody>\n<\/table>","protected":false},"featured_media":3358,"comment_status":"closed","ping_status":"closed","template":"","meta":{"_acf_changed":false},"product_brand":[],"product_cat":[92,62],"product_tag":[88],"class_list":{"0":"post-3357","1":"product","2":"type-product","3":"status-publish","4":"has-post-thumbnail","6":"product_cat-small-dishes-wholesale","7":"product_cat-ceramic-plates-wholesale","8":"product_tag-japanese-style-dinnerware-set-wholesale","10":"first","11":"instock","12":"shipping-taxable","13":"product-type-simple"},"acf":[],"_links":{"self":[{"href":"https:\/\/www.yongjianceramic.com\/fr\/wp-json\/wp\/v2\/product\/3357","targetHints":{"allow":["GET"]}}],"collection":[{"href":"https:\/\/www.yongjianceramic.com\/fr\/wp-json\/wp\/v2\/product"}],"about":[{"href":"https:\/\/www.yongjianceramic.com\/fr\/wp-json\/wp\/v2\/types\/product"}],"replies":[{"embeddable":true,"href":"https:\/\/www.yongjianceramic.com\/fr\/wp-json\/wp\/v2\/comments?post=3357"}],"wp:featuredmedia":[{"embeddable":true,"href":"https:\/\/www.yongjianceramic.com\/fr\/wp-json\/wp\/v2\/media\/3358"}],"wp:attachment":[{"href":"https:\/\/www.yongjianceramic.com\/fr\/wp-json\/wp\/v2\/media?parent=3357"}],"wp:term":[{"taxonomy":"product_brand","embeddable":true,"href":"https:\/\/www.yongjianceramic.com\/fr\/wp-json\/wp\/v2\/product_brand?post=3357"},{"taxonomy":"product_cat","embeddable":true,"href":"https:\/\/www.yongjianceramic.com\/fr\/wp-json\/wp\/v2\/product_cat?post=3357"},{"taxonomy":"product_tag","embeddable":true,"href":"https:\/\/www.yongjianceramic.com\/fr\/wp-json\/wp\/v2\/product_tag?post=3357"}],"curies":[{"name":"wp","href":"https:\/\/api.w.org\/{rel}","templated":true}]}}