{"id":3365,"date":"2024-09-09T06:18:55","date_gmt":"2024-09-09T06:18:55","guid":{"rendered":"https:\/\/www.yongjianceramic.com\/?post_type=product&#038;p=3365"},"modified":"2025-11-05T18:32:16","modified_gmt":"2025-11-05T10:32:16","slug":"charger-plates-wholesale","status":"publish","type":"product","link":"https:\/\/www.yongjianceramic.com\/fr\/produit\/charger-plates-wholesale\/","title":{"rendered":"8-Inch Charger Plates Wholesale, Bulk Dinner Plates Flower Shaped"},"content":{"rendered":"<div class=\"wp-block-columns is-layout-flex wp-container-core-columns-is-layout-9d6595d7 wp-block-columns-is-layout-flex\">\n<div class=\"wp-block-column is-layout-flow wp-block-column-is-layout-flow\">\n<h2 class=\"wp-block-heading\">Plaques de chargeur Premium Wholesale Caract\u00e9ristiques :<\/h2>\n\n\n\n<ul class=\"wp-block-list\">\n<li><strong>Design \u00e9l\u00e9gant en forme de fleur :<\/strong> Nos assiettes de pr\u00e9sentation en gros sont con\u00e7ues de mani\u00e8re unique avec des bords en forme de fleurs, elles sont moelleuses et magnifiques, et ajoutent du raffinement \u00e0 votre pr\u00e9sentation de table. Faites-vous remarquer par vos invit\u00e9s lors de votre restauration, d'un mariage ou d'un \u00e9tablissement gastronomique gr\u00e2ce \u00e0 nos magnifiques assiettes \u00e0 fleurs !<\/li>\n\n\n\n<li><strong>Options de couleur en noir et blanc : <\/strong>Ces assiettes sont propos\u00e9es dans les couleurs classiques noir et blanc, intemporelles par nature, et dans une palette tr\u00e8s simple et polyvalente ; elles peuvent facilement se marier avec un certain nombre de styles de vaisselle et de d\u00e9cors de table pour toute occasion de d\u00eener.<\/li>\n\n\n\n<li><strong>Diff\u00e9rentes tailles au choix :<\/strong> Nos assiettes de pr\u00e9sentation sont disponibles en deux tailles - 8\u2033 et 10\u2033 - pour accueillir de nombreux plats diff\u00e9rents dans toutes les situations. Des repas d\u00e9contract\u00e9s aux banquets formels, elles peuvent \u00eatre utilis\u00e9es en toute occasion et sont tr\u00e8s pratiques.<\/li>\n\n\n\n<li><strong>Mat\u00e9riau c\u00e9ramique de qualit\u00e9 : <\/strong>Nos assiettes en c\u00e9ramique sont fabriqu\u00e9es dans un mat\u00e9riau c\u00e9ramique de qualit\u00e9, r\u00e9sistant \u00e0 la chaleur et \u00e0 l'usure et facile \u00e0 laver. Ces chargeurs peuvent \u00eatre utilis\u00e9s quotidiennement et r\u00e9sisteront \u00e0 l'\u00e9preuve du temps et de la beaut\u00e9 !<\/li>\n<\/ul>\n<\/div>\n\n\n\n<div class=\"wp-block-column is-vertically-aligned-center is-layout-flow wp-block-column-is-layout-flow\"><div class=\"wp-block-image\">\n<figure class=\"aligncenter size-full\"><img fetchpriority=\"high\" decoding=\"async\" width=\"1200\" height=\"1200\" src=\"https:\/\/www.yongjianceramic.com\/wp-content\/uploads\/2024\/09\/Flower-Shaped-Charger-Plates-Wholesale-Dinner-Plates-Bulk-4.webp\" alt=\"Assiettes de pr\u00e9sentation en forme de fleur Wholesale, Assiettes \u00e0 d\u00eener Bulk-4\" class=\"wp-image-3369\" srcset=\"https:\/\/www.yongjianceramic.com\/wp-content\/uploads\/2024\/09\/Flower-Shaped-Charger-Plates-Wholesale-Dinner-Plates-Bulk-4.webp 1200w, https:\/\/www.yongjianceramic.com\/wp-content\/uploads\/2024\/09\/Flower-Shaped-Charger-Plates-Wholesale-Dinner-Plates-Bulk-4-300x300.webp 300w, https:\/\/www.yongjianceramic.com\/wp-content\/uploads\/2024\/09\/Flower-Shaped-Charger-Plates-Wholesale-Dinner-Plates-Bulk-4-150x150.webp 150w, https:\/\/www.yongjianceramic.com\/wp-content\/uploads\/2024\/09\/Flower-Shaped-Charger-Plates-Wholesale-Dinner-Plates-Bulk-4-768x768.webp 768w, https:\/\/www.yongjianceramic.com\/wp-content\/uploads\/2024\/09\/Flower-Shaped-Charger-Plates-Wholesale-Dinner-Plates-Bulk-4-12x12.webp 12w, https:\/\/www.yongjianceramic.com\/wp-content\/uploads\/2024\/09\/Flower-Shaped-Charger-Plates-Wholesale-Dinner-Plates-Bulk-4-285x285.webp 285w, https:\/\/www.yongjianceramic.com\/wp-content\/uploads\/2024\/09\/Flower-Shaped-Charger-Plates-Wholesale-Dinner-Plates-Bulk-4-270x270.webp 270w, https:\/\/www.yongjianceramic.com\/wp-content\/uploads\/2024\/09\/Flower-Shaped-Charger-Plates-Wholesale-Dinner-Plates-Bulk-4-540x540.webp 540w, https:\/\/www.yongjianceramic.com\/wp-content\/uploads\/2024\/09\/Flower-Shaped-Charger-Plates-Wholesale-Dinner-Plates-Bulk-4-660x660.webp 660w\" sizes=\"(max-width: 1200px) 100vw, 1200px\" \/><\/figure>\n<\/div><\/div>\n<\/div>","protected":false},"excerpt":{"rendered":"<p>Nous vous invitons \u00e0 acheter des assiettes \u00e0 d\u00eener en gros. Nos assiettes plateaux en forme de fleur ont un design sophistiqu\u00e9 et sont disponibles en noir et blanc ainsi qu'en 8 pouces et 10 pouces. Elles sont \u00e0 la fois belles et utiles pour divers \u00e9v\u00e9nements, qu'il s'agisse de d\u00eeners en famille, de banquets ou de restaurants.<\/p>\n<table style=\"border-collapse: collapse; width: 365.02pt;\" border=\"0\" width=\"365\" cellspacing=\"0\" cellpadding=\"0\">\n<tbody>\n<tr style=\"height: 17.60pt;\">\n<td class=\"et3\" style=\"height: 17.60pt; width: 120.25pt;\" width=\"120\" height=\"17\">Fabricant<\/td>\n<td class=\"et3\" style=\"width: 245.25pt;\" width=\"245\">Yongjian<\/td>\n<\/tr>\n<tr style=\"height: 18.00pt;\">\n<td class=\"et3\" style=\"height: 18.00pt;\" height=\"18\">Num\u00e9ro de mod\u00e8le<\/td>\n<td class=\"et4\" style=\"width: 245.25pt;\" width=\"245\">YJ-009<\/td>\n<\/tr>\n<tr style=\"height: 18.00pt;\">\n<td class=\"et3\" style=\"height: 18.00pt;\" height=\"18\">Type de produit<\/td>\n<td class=\"et4\" style=\"width: 245.25pt;\" width=\"245\">Assiettes \u00e0 d\u00eener, Plateaux de service<\/td>\n<\/tr>\n<tr style=\"height: 17.60pt;\">\n<td class=\"et3\" style=\"height: 17.60pt;\" height=\"17\">Mat\u00e9riau<\/td>\n<td class=\"et3\">Porcelaine<\/td>\n<\/tr>\n<tr style=\"height: 17.60pt;\">\n<td class=\"et5\" style=\"height: 17.60pt;\" height=\"17\">Couleur<\/td>\n<td class=\"et3\">Blanc\/ Noir<\/td>\n<\/tr>\n<tr style=\"height: 18.00pt;\">\n<td class=\"et3\" style=\"height: 18.00pt;\" height=\"18\">Dimension<\/td>\n<td class=\"et4\" style=\"width: 245.25pt;\" width=\"245\">20.5*20.5*2.3<\/td>\n<\/tr>\n<tr style=\"height: 17.60pt;\">\n<td class=\"et3\" style=\"height: 17.60pt;\" height=\"17\">MOQ<\/td>\n<td class=\"et3\">500pcs<\/td>\n<\/tr>\n<tr style=\"height: 17.60pt;\">\n<td class=\"et3\" style=\"height: 17.60pt;\" height=\"17\">Sur mesure<\/td>\n<td class=\"et3\">Couleur\/Taille\/Logo\/Emballage<\/td>\n<\/tr>\n<\/tbody>\n<\/table>","protected":false},"featured_media":3366,"comment_status":"closed","ping_status":"closed","template":"","meta":{"_acf_changed":false},"product_brand":[],"product_cat":[93,62,76],"product_tag":[96],"class_list":{"0":"post-3365","1":"product","2":"type-product","3":"status-publish","4":"has-post-thumbnail","6":"product_cat-bulk-dinner-plates","7":"product_cat-ceramic-plates-wholesale","8":"product_cat-wholesale-serving-platters","9":"product_tag-black-white-dinnerware-wholesale","11":"first","12":"instock","13":"shipping-taxable","14":"product-type-simple"},"acf":[],"_links":{"self":[{"href":"https:\/\/www.yongjianceramic.com\/fr\/wp-json\/wp\/v2\/product\/3365","targetHints":{"allow":["GET"]}}],"collection":[{"href":"https:\/\/www.yongjianceramic.com\/fr\/wp-json\/wp\/v2\/product"}],"about":[{"href":"https:\/\/www.yongjianceramic.com\/fr\/wp-json\/wp\/v2\/types\/product"}],"replies":[{"embeddable":true,"href":"https:\/\/www.yongjianceramic.com\/fr\/wp-json\/wp\/v2\/comments?post=3365"}],"wp:featuredmedia":[{"embeddable":true,"href":"https:\/\/www.yongjianceramic.com\/fr\/wp-json\/wp\/v2\/media\/3366"}],"wp:attachment":[{"href":"https:\/\/www.yongjianceramic.com\/fr\/wp-json\/wp\/v2\/media?parent=3365"}],"wp:term":[{"taxonomy":"product_brand","embeddable":true,"href":"https:\/\/www.yongjianceramic.com\/fr\/wp-json\/wp\/v2\/product_brand?post=3365"},{"taxonomy":"product_cat","embeddable":true,"href":"https:\/\/www.yongjianceramic.com\/fr\/wp-json\/wp\/v2\/product_cat?post=3365"},{"taxonomy":"product_tag","embeddable":true,"href":"https:\/\/www.yongjianceramic.com\/fr\/wp-json\/wp\/v2\/product_tag?post=3365"}],"curies":[{"name":"wp","href":"https:\/\/api.w.org\/{rel}","templated":true}]}}