{"id":3390,"date":"2024-09-09T07:30:19","date_gmt":"2024-09-09T07:30:19","guid":{"rendered":"https:\/\/www.yongjianceramic.com\/?post_type=product&#038;p=3390"},"modified":"2025-03-01T16:10:01","modified_gmt":"2025-03-01T08:10:01","slug":"dinner-plates-wholesale","status":"publish","type":"product","link":"https:\/\/www.yongjianceramic.com\/fr\/produit\/dinner-plates-wholesale\/","title":{"rendered":"8-Inch Matte Glazed White &amp; Black Dinner Plates Wholesale For Events"},"content":{"rendered":"<div class=\"wp-block-columns is-layout-flex wp-container-core-columns-is-layout-9d6595d7 wp-block-columns-is-layout-flex\">\n<div class=\"wp-block-column is-layout-flow wp-block-column-is-layout-flow\">\n<h2 class=\"wp-block-heading\">Assiettes \u00e0 d\u00eener de qualit\u00e9 sup\u00e9rieure Caract\u00e9ristiques :<\/h2>\n\n\n\n<ul class=\"wp-block-list\">\n<li><strong>\u00c9l\u00e9gante gla\u00e7ure mate : <\/strong>Ces assiettes \u00e0 d\u00eener en vrac rappellent les finitions modernes \u00e0 gla\u00e7ure mate et offrent un aspect et un toucher nets et avanc\u00e9s qui transforment les repas en un v\u00e9ritable d\u00e9lice culinaire.<\/li>\n\n\n\n<li><strong>Deux options de taille : <\/strong>Nos assiettes \u00e0 d\u00eener en gros ont 2 options de couleur, sont capables de r\u00e9pondre \u00e0 diff\u00e9rentes demandes de restauration, que ce soit pour le plat principal ou un plat d'accompagnement, vous pouvez choisir l'assiette correspondante.<\/li>\n\n\n\n<li><strong>Avantage de l'achat en gros : <\/strong>Ces assiettes \u00e0 d\u00eener en vrac sont con\u00e7ues pour les grandes r\u00e9ceptions et conviennent \u00e0 l'achat en vrac. Elles sont parfaites pour les banquets, les mariages, les r\u00e9ceptions d'entreprise et autres \u00e9v\u00e9nements.<\/li>\n\n\n\n<li><strong>Durable et facile \u00e0 nettoyer : <\/strong>Nos assiettes en gros sont fabriqu\u00e9es \u00e0 partir de mat\u00e9riaux de haute qualit\u00e9, faciles \u00e0 nettoyer et durables. Elles sont non seulement r\u00e9sistantes \u00e0 l'usure, mais conservent \u00e9galement leur beaut\u00e9 \u00e0 long terme et peuvent \u00eatre utilis\u00e9es \u00e0 plusieurs reprises.<\/li>\n<\/ul>\n<\/div>\n\n\n\n<div class=\"wp-block-column is-vertically-aligned-center is-layout-flow wp-block-column-is-layout-flow\"><div class=\"wp-block-image\">\n<figure class=\"aligncenter size-full\"><img fetchpriority=\"high\" decoding=\"async\" width=\"750\" height=\"750\" src=\"https:\/\/www.yongjianceramic.com\/wp-content\/uploads\/2024\/09\/Matte-Glaze-White-Black-Dinner-Plates-Wholesale-For-Events-4.webp\" alt=\"Assiettes \u00e0 d\u00eener blanches et noires \u00e0 gla\u00e7age mat Wholesale For Events-4\" class=\"wp-image-3394\" srcset=\"https:\/\/www.yongjianceramic.com\/wp-content\/uploads\/2024\/09\/Matte-Glaze-White-Black-Dinner-Plates-Wholesale-For-Events-4.webp 750w, https:\/\/www.yongjianceramic.com\/wp-content\/uploads\/2024\/09\/Matte-Glaze-White-Black-Dinner-Plates-Wholesale-For-Events-4-300x300.webp 300w, https:\/\/www.yongjianceramic.com\/wp-content\/uploads\/2024\/09\/Matte-Glaze-White-Black-Dinner-Plates-Wholesale-For-Events-4-150x150.webp 150w, https:\/\/www.yongjianceramic.com\/wp-content\/uploads\/2024\/09\/Matte-Glaze-White-Black-Dinner-Plates-Wholesale-For-Events-4-12x12.webp 12w, https:\/\/www.yongjianceramic.com\/wp-content\/uploads\/2024\/09\/Matte-Glaze-White-Black-Dinner-Plates-Wholesale-For-Events-4-285x285.webp 285w, https:\/\/www.yongjianceramic.com\/wp-content\/uploads\/2024\/09\/Matte-Glaze-White-Black-Dinner-Plates-Wholesale-For-Events-4-270x270.webp 270w, https:\/\/www.yongjianceramic.com\/wp-content\/uploads\/2024\/09\/Matte-Glaze-White-Black-Dinner-Plates-Wholesale-For-Events-4-540x540.webp 540w, https:\/\/www.yongjianceramic.com\/wp-content\/uploads\/2024\/09\/Matte-Glaze-White-Black-Dinner-Plates-Wholesale-For-Events-4-660x660.webp 660w\" sizes=\"(max-width: 750px) 100vw, 750px\" \/><\/figure>\n<\/div><\/div>\n<\/div>","protected":false},"excerpt":{"rendered":"<p>Bienvenue dans l'achat d'assiettes \u00e0 d\u00eener en vrac. Ces assiettes \u00e0 d\u00eener blanc et noir glac\u00e9 mat en gros apportent \u00e0 votre \u00e9v\u00e9nement une touche d'\u00e9l\u00e9gance et de style contemporain. Elles sont produites en deux tailles pour r\u00e9pondre aux diff\u00e9rentes demandes de restauration. Elles sont id\u00e9ales pour les \u00e9v\u00e9nements grandioses tels que les mariages et les banquets.<\/p>\n<table style=\"border-collapse: collapse; width: 365.02pt;\" border=\"0\" width=\"365\" cellspacing=\"0\" cellpadding=\"0\">\n<tbody>\n<tr style=\"height: 17.60pt;\">\n<td class=\"et3\" style=\"height: 17.60pt; width: 120.25pt;\" width=\"120\" height=\"17\">Fabricant<\/td>\n<td class=\"et3\" style=\"width: 245.25pt;\" width=\"245\">Yongjian<\/td>\n<\/tr>\n<tr style=\"height: 18.00pt;\">\n<td class=\"et3\" style=\"height: 18.00pt;\" height=\"18\">Num\u00e9ro de mod\u00e8le<\/td>\n<td class=\"et4\" style=\"width: 245.25pt;\" width=\"245\">YJ-018<\/td>\n<\/tr>\n<tr style=\"height: 18.00pt;\">\n<td class=\"et3\" style=\"height: 18.00pt;\" height=\"18\">Type de produit<\/td>\n<td class=\"et4\" style=\"width: 245.25pt;\" width=\"245\">Assiettes plates<\/td>\n<\/tr>\n<tr style=\"height: 17.60pt;\">\n<td class=\"et3\" style=\"height: 17.60pt;\" height=\"17\">Mat\u00e9riau<\/td>\n<td class=\"et3\">Porcelaine<\/td>\n<\/tr>\n<tr style=\"height: 17.60pt;\">\n<td class=\"et5\" style=\"height: 17.60pt;\" height=\"17\">Couleur<\/td>\n<td class=\"et3\">Blanc\/ Noir<\/td>\n<\/tr>\n<tr style=\"height: 18.00pt;\">\n<td class=\"et3\" style=\"height: 18.00pt;\" height=\"18\">Dimension<\/td>\n<td class=\"et4\" style=\"width: 245.25pt;\" width=\"245\">21*21*2.5<\/td>\n<\/tr>\n<tr style=\"height: 17.60pt;\">\n<td class=\"et3\" style=\"height: 17.60pt;\" height=\"17\">MOQ<\/td>\n<td class=\"et3\">500pcs<\/td>\n<\/tr>\n<tr style=\"height: 17.60pt;\">\n<td class=\"et3\" style=\"height: 17.60pt;\" height=\"17\">Sur mesure<\/td>\n<td class=\"et3\">Couleur\/Taille\/Logo\/Emballage<\/td>\n<\/tr>\n<\/tbody>\n<\/table>","protected":false},"featured_media":3393,"comment_status":"closed","ping_status":"closed","template":"","meta":{"_acf_changed":false},"product_brand":[],"product_cat":[93,62],"product_tag":[96],"class_list":{"0":"post-3390","1":"product","2":"type-product","3":"status-publish","4":"has-post-thumbnail","6":"product_cat-bulk-dinner-plates","7":"product_cat-ceramic-plates-wholesale","8":"product_tag-black-white-dinnerware-wholesale","10":"first","11":"instock","12":"shipping-taxable","13":"product-type-simple"},"acf":[],"_links":{"self":[{"href":"https:\/\/www.yongjianceramic.com\/fr\/wp-json\/wp\/v2\/product\/3390","targetHints":{"allow":["GET"]}}],"collection":[{"href":"https:\/\/www.yongjianceramic.com\/fr\/wp-json\/wp\/v2\/product"}],"about":[{"href":"https:\/\/www.yongjianceramic.com\/fr\/wp-json\/wp\/v2\/types\/product"}],"replies":[{"embeddable":true,"href":"https:\/\/www.yongjianceramic.com\/fr\/wp-json\/wp\/v2\/comments?post=3390"}],"wp:featuredmedia":[{"embeddable":true,"href":"https:\/\/www.yongjianceramic.com\/fr\/wp-json\/wp\/v2\/media\/3393"}],"wp:attachment":[{"href":"https:\/\/www.yongjianceramic.com\/fr\/wp-json\/wp\/v2\/media?parent=3390"}],"wp:term":[{"taxonomy":"product_brand","embeddable":true,"href":"https:\/\/www.yongjianceramic.com\/fr\/wp-json\/wp\/v2\/product_brand?post=3390"},{"taxonomy":"product_cat","embeddable":true,"href":"https:\/\/www.yongjianceramic.com\/fr\/wp-json\/wp\/v2\/product_cat?post=3390"},{"taxonomy":"product_tag","embeddable":true,"href":"https:\/\/www.yongjianceramic.com\/fr\/wp-json\/wp\/v2\/product_tag?post=3390"}],"curies":[{"name":"wp","href":"https:\/\/api.w.org\/{rel}","templated":true}]}}