{"id":3412,"date":"2024-09-09T09:42:51","date_gmt":"2024-09-09T09:42:51","guid":{"rendered":"https:\/\/www.yongjianceramic.com\/?post_type=product&#038;p=3412"},"modified":"2025-03-01T17:25:52","modified_gmt":"2025-03-01T09:25:52","slug":"plates-in-bulk","status":"publish","type":"product","link":"https:\/\/www.yongjianceramic.com\/fr\/produit\/plates-in-bulk\/","title":{"rendered":"Assiettes de restaurant en vrac, Plateaux de service en gros pour la restauration"},"content":{"rendered":"<div class=\"wp-block-columns is-layout-flex wp-container-core-columns-is-layout-9d6595d7 wp-block-columns-is-layout-flex\">\n<div class=\"wp-block-column is-layout-flow wp-block-column-is-layout-flow\">\n<h2 class=\"wp-block-heading\">Assiettes de qualit\u00e9 sup\u00e9rieure en vrac Caract\u00e9ristiques :<\/h2>\n\n\n\n<ul class=\"wp-block-list\">\n<li><strong>Design en forme de vague : <\/strong>Nos assiettes en c\u00e9ramique en vrac pr\u00e9sentent un design unique \u00e0 bords ondul\u00e9s, avec une touche contemporaine et un int\u00e9r\u00eat visuel, cr\u00e9ant une pi\u00e8ce ma\u00eetresse spectaculaire dans une grande vari\u00e9t\u00e9 d'environnements de restauration.<\/li>\n\n\n\n<li><strong>Diverses options de couleurs : <\/strong>Ces plateaux de service en gros sont disponibles en plusieurs couleurs, dont le noir et le blanc classiques. Ces couleurs s'accordent facilement avec tous les d\u00e9cors de table et permettent de r\u00e9pondre aux besoins d'un large \u00e9ventail de clients.<\/li>\n\n\n\n<li><strong>Peut \u00eatre mis au four \u00e0 micro-ondes et au lave-vaisselle : <\/strong>Nos assiettes en c\u00e9ramique en vrac sont non seulement parfaites pour le micro-ondes, mais elles peuvent \u00e9galement \u00eatre nettoy\u00e9es au lave-vaisselle, ce qui est pratique et rapide pour les environnements de restauration tr\u00e8s fr\u00e9quent\u00e9s.<\/li>\n\n\n\n<li><strong>Mat\u00e9riau durable : <\/strong>Ces plats de service en gros sont fabriqu\u00e9s en c\u00e9ramique de haute qualit\u00e9, de sorte qu'ils r\u00e9sistent bien \u00e0 une utilisation intensive, aux rayures et ne se d\u00e9forment pas facilement, et qu'ils peuvent \u00eatre utilis\u00e9s dans des sc\u00e9narios d'utilisation intensive.<\/li>\n<\/ul>\n<\/div>\n\n\n\n<div class=\"wp-block-column is-vertically-aligned-center is-layout-flow wp-block-column-is-layout-flow\"><div class=\"wp-block-image\">\n<figure class=\"aligncenter size-full\"><img fetchpriority=\"high\" decoding=\"async\" width=\"750\" height=\"750\" src=\"https:\/\/www.yongjianceramic.com\/wp-content\/uploads\/2024\/09\/Restaurant-Plates-In-Bulk-Wholesale-Serving-Platters-For-Catering-3.webp\" alt=\"Assiettes de restaurant en vrac, Assiettes de service en gros pour la restauration-3\" class=\"wp-image-3415\" srcset=\"https:\/\/www.yongjianceramic.com\/wp-content\/uploads\/2024\/09\/Restaurant-Plates-In-Bulk-Wholesale-Serving-Platters-For-Catering-3.webp 750w, https:\/\/www.yongjianceramic.com\/wp-content\/uploads\/2024\/09\/Restaurant-Plates-In-Bulk-Wholesale-Serving-Platters-For-Catering-3-300x300.webp 300w, https:\/\/www.yongjianceramic.com\/wp-content\/uploads\/2024\/09\/Restaurant-Plates-In-Bulk-Wholesale-Serving-Platters-For-Catering-3-150x150.webp 150w, https:\/\/www.yongjianceramic.com\/wp-content\/uploads\/2024\/09\/Restaurant-Plates-In-Bulk-Wholesale-Serving-Platters-For-Catering-3-12x12.webp 12w, https:\/\/www.yongjianceramic.com\/wp-content\/uploads\/2024\/09\/Restaurant-Plates-In-Bulk-Wholesale-Serving-Platters-For-Catering-3-285x285.webp 285w, https:\/\/www.yongjianceramic.com\/wp-content\/uploads\/2024\/09\/Restaurant-Plates-In-Bulk-Wholesale-Serving-Platters-For-Catering-3-270x270.webp 270w, https:\/\/www.yongjianceramic.com\/wp-content\/uploads\/2024\/09\/Restaurant-Plates-In-Bulk-Wholesale-Serving-Platters-For-Catering-3-540x540.webp 540w, https:\/\/www.yongjianceramic.com\/wp-content\/uploads\/2024\/09\/Restaurant-Plates-In-Bulk-Wholesale-Serving-Platters-For-Catering-3-660x660.webp 660w\" sizes=\"(max-width: 750px) 100vw, 750px\" \/><\/figure>\n<\/div><\/div>\n<\/div>","protected":false},"excerpt":{"rendered":"<p>Bienvenue sur le site d'achat en gros de plateaux de service. Nos assiettes \u00e0 bord ondul\u00e9 en vrac offrent un design unique et une vaste s\u00e9lection pour les soci\u00e9t\u00e9s de restauration. Adapt\u00e9s au micro-ondes et au lave-vaisselle, faciles \u00e0 chauffer et \u00e0 laver, ils r\u00e9pondent aux besoins d'un service de restauration efficace.<\/p>\n<table style=\"border-collapse: collapse; width: 309.02pt;\" border=\"0\" width=\"309\" cellspacing=\"0\" cellpadding=\"0\">\n<tbody>\n<tr style=\"height: 17.60pt;\">\n<td class=\"et3\" style=\"height: 17.60pt; width: 120.25pt;\" width=\"120\" height=\"17\">Fabricant<\/td>\n<td class=\"et3\" style=\"width: 189.25pt;\" width=\"189\">Yongjian<\/td>\n<\/tr>\n<tr style=\"height: 18.00pt;\">\n<td class=\"et3\" style=\"height: 18.00pt;\" height=\"18\">Num\u00e9ro de mod\u00e8le<\/td>\n<td class=\"et4\" style=\"width: 189.25pt;\" width=\"189\">YJ-021<\/td>\n<\/tr>\n<tr style=\"height: 17.60pt;\">\n<td class=\"et3\" style=\"height: 17.60pt;\" height=\"17\">Type de produit<\/td>\n<td class=\"et3\">Plat de service<\/td>\n<\/tr>\n<tr style=\"height: 17.60pt;\">\n<td class=\"et3\" style=\"height: 17.60pt;\" height=\"17\">Mat\u00e9riau<\/td>\n<td class=\"et3\">Porcelaine<\/td>\n<\/tr>\n<tr style=\"height: 17.60pt;\">\n<td class=\"et5\" style=\"height: 17.60pt;\" height=\"17\">Couleur<\/td>\n<td class=\"et3\">Blanc\/ Noir<\/td>\n<\/tr>\n<tr style=\"height: 18.00pt;\">\n<td class=\"et3\" style=\"height: 18.00pt;\" height=\"18\">Dimension<\/td>\n<td class=\"et6\" style=\"width: 189.25pt;\" width=\"189\">30.5*18*4<\/td>\n<\/tr>\n<tr style=\"height: 17.60pt;\">\n<td class=\"et3\" style=\"height: 17.60pt;\" height=\"17\">MOQ<\/td>\n<td class=\"et3\">500pcs<\/td>\n<\/tr>\n<tr style=\"height: 17.60pt;\">\n<td class=\"et3\" style=\"height: 17.60pt;\" height=\"17\">Sur mesure<\/td>\n<td class=\"et3\">Couleur\/Taille\/Logo\/Emballage<\/td>\n<\/tr>\n<\/tbody>\n<\/table>\n<p>&nbsp;<\/p>","protected":false},"featured_media":3413,"comment_status":"closed","ping_status":"closed","template":"","meta":{"_acf_changed":false},"product_brand":[],"product_cat":[62,76],"product_tag":[96],"class_list":{"0":"post-3412","1":"product","2":"type-product","3":"status-publish","4":"has-post-thumbnail","6":"product_cat-ceramic-plates-wholesale","7":"product_cat-wholesale-serving-platters","8":"product_tag-black-white-dinnerware-wholesale","10":"first","11":"instock","12":"shipping-taxable","13":"product-type-simple"},"acf":[],"_links":{"self":[{"href":"https:\/\/www.yongjianceramic.com\/fr\/wp-json\/wp\/v2\/product\/3412","targetHints":{"allow":["GET"]}}],"collection":[{"href":"https:\/\/www.yongjianceramic.com\/fr\/wp-json\/wp\/v2\/product"}],"about":[{"href":"https:\/\/www.yongjianceramic.com\/fr\/wp-json\/wp\/v2\/types\/product"}],"replies":[{"embeddable":true,"href":"https:\/\/www.yongjianceramic.com\/fr\/wp-json\/wp\/v2\/comments?post=3412"}],"wp:featuredmedia":[{"embeddable":true,"href":"https:\/\/www.yongjianceramic.com\/fr\/wp-json\/wp\/v2\/media\/3413"}],"wp:attachment":[{"href":"https:\/\/www.yongjianceramic.com\/fr\/wp-json\/wp\/v2\/media?parent=3412"}],"wp:term":[{"taxonomy":"product_brand","embeddable":true,"href":"https:\/\/www.yongjianceramic.com\/fr\/wp-json\/wp\/v2\/product_brand?post=3412"},{"taxonomy":"product_cat","embeddable":true,"href":"https:\/\/www.yongjianceramic.com\/fr\/wp-json\/wp\/v2\/product_cat?post=3412"},{"taxonomy":"product_tag","embeddable":true,"href":"https:\/\/www.yongjianceramic.com\/fr\/wp-json\/wp\/v2\/product_tag?post=3412"}],"curies":[{"name":"wp","href":"https:\/\/api.w.org\/{rel}","templated":true}]}}