{"id":3422,"date":"2024-09-12T01:29:43","date_gmt":"2024-09-12T01:29:43","guid":{"rendered":"https:\/\/www.yongjianceramic.com\/?post_type=product&#038;p=3422"},"modified":"2024-09-20T09:12:20","modified_gmt":"2024-09-20T09:12:20","slug":"bulk-ramen-bowls-and-dinner-plates","status":"publish","type":"product","link":"https:\/\/www.yongjianceramic.com\/fr\/produit\/bulk-ramen-bowls-and-dinner-plates\/","title":{"rendered":"Bols de ramen en vrac et assiettes \u00e0 d\u00eener au style minimaliste"},"content":{"rendered":"<div class=\"wp-block-columns is-layout-flex wp-container-core-columns-is-layout-9d6595d7 wp-block-columns-is-layout-flex\">\n<div class=\"wp-block-column is-layout-flow wp-block-column-is-layout-flow\">\n<h2 class=\"wp-block-heading\">Premium Bulk Ramen Bowls and Dinner Plates Features :<\/h2>\n\n\n\n<ul class=\"wp-block-list\">\n<li><strong>Design minimaliste<\/strong>: Ce produit de bols \u00e0 ramen et d'assiettes \u00e0 d\u00eener en vrac combine les caract\u00e9ristiques d'un bol \u00e0 ramen et d'une assiette \u00e0 d\u00eener. La profondeur du bol convient aux aliments liquides tels que les nouilles de soupe, tandis que la largeur de l'assiette convient aux plats principaux et aux accompagnements. L'aspect simple convient \u00e0 une vari\u00e9t\u00e9 de styles de repas, rendant chaque repas confortable et exquis.<\/li>\n\n\n\n<li><strong>Disponible en noir et blanc :<\/strong> Ces assiettes et bols en gros sont disponibles en deux couleurs classiques : noir et blanc. La version blanche est simple et lumineuse, cr\u00e9ant un environnement de repas frais et \u00e9l\u00e9gant ; la version noire est discr\u00e8te et stable, ajoutant un sentiment de modernit\u00e9 et de luxe.<\/li>\n\n\n\n<li><strong>Mat\u00e9riaux de haute qualit\u00e9, \u00e0 la fois beaux et pratiques : <\/strong>L'utilisation de c\u00e9ramiques de haute qualit\u00e9 pour les bols \u00e0 ramen en vrac et les assiettes \u00e0 d\u00eener garantit la solidit\u00e9 et la r\u00e9sistance aux rayures des bols et des assiettes, qui conviennent \u00e0 un usage quotidien et peuvent \u00e9galement r\u00e9pondre aux exigences d'utilisation d'\u00e9quipements tels que les fours \u00e0 micro-ondes et les lave-vaisselle, en faisant preuve d'une beaut\u00e9 et d'une fonctionnalit\u00e9 \u00e0 long terme.<\/li>\n\n\n\n<li><strong>Facile \u00e0 nettoyer et \u00e0 ranger :<\/strong> Le gla\u00e7age lisse des assiettes et des bols en gros facilite le nettoyage, que ce soit \u00e0 la main ou en machine. En outre, les bols et les assiettes peuvent \u00eatre empil\u00e9s pour \u00eatre rang\u00e9s, ce qui permet de gagner de l'espace dans la cuisine et de faciliter le rangement.<\/li>\n<\/ul>\n<\/div>\n\n\n\n<div class=\"wp-block-column is-vertically-aligned-center is-layout-flow wp-block-column-is-layout-flow\"><div class=\"wp-block-image\">\n<figure class=\"aligncenter size-full\"><img fetchpriority=\"high\" decoding=\"async\" width=\"800\" height=\"800\" src=\"https:\/\/www.yongjianceramic.com\/wp-content\/uploads\/2024\/09\/Bulk-Ramen-Bowls-Dinner-Plates-With-Minimalist-Style-4.webp\" alt=\"Bols \u00e0 ramen et assiettes \u00e0 d\u00eener en vrac au style minimaliste 4\" class=\"wp-image-3426\" srcset=\"https:\/\/www.yongjianceramic.com\/wp-content\/uploads\/2024\/09\/Bulk-Ramen-Bowls-Dinner-Plates-With-Minimalist-Style-4.webp 800w, https:\/\/www.yongjianceramic.com\/wp-content\/uploads\/2024\/09\/Bulk-Ramen-Bowls-Dinner-Plates-With-Minimalist-Style-4-300x300.webp 300w, https:\/\/www.yongjianceramic.com\/wp-content\/uploads\/2024\/09\/Bulk-Ramen-Bowls-Dinner-Plates-With-Minimalist-Style-4-150x150.webp 150w, https:\/\/www.yongjianceramic.com\/wp-content\/uploads\/2024\/09\/Bulk-Ramen-Bowls-Dinner-Plates-With-Minimalist-Style-4-768x768.webp 768w, https:\/\/www.yongjianceramic.com\/wp-content\/uploads\/2024\/09\/Bulk-Ramen-Bowls-Dinner-Plates-With-Minimalist-Style-4-12x12.webp 12w, https:\/\/www.yongjianceramic.com\/wp-content\/uploads\/2024\/09\/Bulk-Ramen-Bowls-Dinner-Plates-With-Minimalist-Style-4-285x285.webp 285w, https:\/\/www.yongjianceramic.com\/wp-content\/uploads\/2024\/09\/Bulk-Ramen-Bowls-Dinner-Plates-With-Minimalist-Style-4-270x270.webp 270w, https:\/\/www.yongjianceramic.com\/wp-content\/uploads\/2024\/09\/Bulk-Ramen-Bowls-Dinner-Plates-With-Minimalist-Style-4-540x540.webp 540w, https:\/\/www.yongjianceramic.com\/wp-content\/uploads\/2024\/09\/Bulk-Ramen-Bowls-Dinner-Plates-With-Minimalist-Style-4-660x660.webp 660w\" sizes=\"(max-width: 800px) 100vw, 800px\" \/><\/figure>\n<\/div><\/div>\n<\/div>","protected":false},"excerpt":{"rendered":"<p>Bienvenue sur notre site d'achat d'assiettes et de bols en gros. Nos bols \u00e0 ramen et assiettes \u00e0 d\u00eener en vrac permettent de servir des nouilles \u00e0 la soupe ou de d\u00e9guster \u00e9l\u00e9gamment le plat principal lors d'un repas. La combinaison de mat\u00e9riaux de haute qualit\u00e9 et d'un design simple convient \u00e0 de nombreuses occasions familiales ou \u00e0 des banquets formels. Il est \u00e0 la fois beau et pratique, ajoutant une touche moderne unique \u00e0 la table \u00e0 manger.<\/p>\n<table style=\"border-collapse: collapse; width: 325.02pt;\" border=\"0\" width=\"325\" cellspacing=\"0\" cellpadding=\"0\">\n<tbody>\n<tr style=\"height: 17.60pt;\">\n<td class=\"et3\" style=\"height: 17.60pt; width: 120.25pt;\" width=\"120\" height=\"17\">Fabricant<\/td>\n<td class=\"et3\" style=\"width: 204.75pt;\" width=\"204\">Yongjian<\/td>\n<\/tr>\n<tr style=\"height: 18.00pt;\">\n<td class=\"et3\" style=\"height: 18.00pt;\" height=\"18\">Num\u00e9ro de mod\u00e8le<\/td>\n<td class=\"et4\" style=\"width: 204.75pt;\" width=\"204\">YJ-034<\/td>\n<\/tr>\n<tr style=\"height: 17.60pt;\">\n<td class=\"et3\" style=\"height: 17.60pt;\" height=\"17\">Type de produit<\/td>\n<td class=\"et3\">Bols \u00e0 soupe et \u00e0 ramen, Assiette \u00e0 d\u00eener<\/td>\n<\/tr>\n<tr style=\"height: 17.60pt;\">\n<td class=\"et3\" style=\"height: 17.60pt;\" height=\"17\">Mat\u00e9riau<\/td>\n<td class=\"et3\">Porcelaine<\/td>\n<\/tr>\n<tr style=\"height: 17.60pt;\">\n<td class=\"et5\" style=\"height: 17.60pt;\" height=\"17\">Couleur<\/td>\n<td class=\"et3\">Blanc\/ Noir<\/td>\n<\/tr>\n<tr style=\"height: 36.00pt;\">\n<td class=\"et3\" style=\"height: 36.00pt;\" height=\"36\">Dimension<\/td>\n<td class=\"et6\" style=\"width: 204.75pt;\" width=\"204\">bol : 16*16*6.5<br \/>plat : 16*16*2.5<\/td>\n<\/tr>\n<tr style=\"height: 17.60pt;\">\n<td class=\"et3\" style=\"height: 17.60pt;\" height=\"17\">MOQ<\/td>\n<td class=\"et3\">500pcs<\/td>\n<\/tr>\n<tr style=\"height: 17.60pt;\">\n<td class=\"et3\" style=\"height: 17.60pt;\" height=\"17\">Sur mesure<\/td>\n<td class=\"et3\">Couleur\/Taille\/Logo\/Emballage<\/td>\n<\/tr>\n<\/tbody>\n<\/table>","protected":false},"featured_media":3427,"comment_status":"closed","ping_status":"closed","template":"","meta":{"_acf_changed":false},"product_brand":[],"product_cat":[73,63,93,62],"product_tag":[96],"class_list":{"0":"post-3422","1":"product","2":"type-product","3":"status-publish","4":"has-post-thumbnail","6":"product_cat-bulk-soup-bowls","7":"product_cat-wholesale-bowls","8":"product_cat-bulk-dinner-plates","9":"product_cat-ceramic-plates-wholesale","10":"product_tag-black-white-dinnerware-wholesale","12":"first","13":"instock","14":"shipping-taxable","15":"product-type-simple"},"acf":[],"_links":{"self":[{"href":"https:\/\/www.yongjianceramic.com\/fr\/wp-json\/wp\/v2\/product\/3422","targetHints":{"allow":["GET"]}}],"collection":[{"href":"https:\/\/www.yongjianceramic.com\/fr\/wp-json\/wp\/v2\/product"}],"about":[{"href":"https:\/\/www.yongjianceramic.com\/fr\/wp-json\/wp\/v2\/types\/product"}],"replies":[{"embeddable":true,"href":"https:\/\/www.yongjianceramic.com\/fr\/wp-json\/wp\/v2\/comments?post=3422"}],"wp:featuredmedia":[{"embeddable":true,"href":"https:\/\/www.yongjianceramic.com\/fr\/wp-json\/wp\/v2\/media\/3427"}],"wp:attachment":[{"href":"https:\/\/www.yongjianceramic.com\/fr\/wp-json\/wp\/v2\/media?parent=3422"}],"wp:term":[{"taxonomy":"product_brand","embeddable":true,"href":"https:\/\/www.yongjianceramic.com\/fr\/wp-json\/wp\/v2\/product_brand?post=3422"},{"taxonomy":"product_cat","embeddable":true,"href":"https:\/\/www.yongjianceramic.com\/fr\/wp-json\/wp\/v2\/product_cat?post=3422"},{"taxonomy":"product_tag","embeddable":true,"href":"https:\/\/www.yongjianceramic.com\/fr\/wp-json\/wp\/v2\/product_tag?post=3422"}],"curies":[{"name":"wp","href":"https:\/\/api.w.org\/{rel}","templated":true}]}}