{"id":3430,"date":"2024-09-12T02:29:25","date_gmt":"2024-09-12T02:29:25","guid":{"rendered":"https:\/\/www.yongjianceramic.com\/?post_type=product&#038;p=3430"},"modified":"2024-12-05T11:46:35","modified_gmt":"2024-12-05T03:46:35","slug":"exquisite-steak-plates-wholesale","status":"publish","type":"product","link":"https:\/\/www.yongjianceramic.com\/fr\/produit\/exquisite-steak-plates-wholesale\/","title":{"rendered":"Assiettes \u00e0 steak exquises en gros, Assiettes \u00e0 d\u00eener de 8 et 10 pouces en vrac"},"content":{"rendered":"<div class=\"wp-block-columns is-layout-flex wp-container-core-columns-is-layout-9d6595d7 wp-block-columns-is-layout-flex\">\n<div class=\"wp-block-column is-layout-flow wp-block-column-is-layout-flow\">\n<h2 class=\"wp-block-heading\">Assiettes \u00e0 steak de qualit\u00e9 sup\u00e9rieure Wholesale Caract\u00e9ristiques :<\/h2>\n\n\n\n<ul class=\"wp-block-list\">\n<li><strong>Le design exquis rehausse l'exp\u00e9rience gastronomique :<\/strong> Nos assiettes \u00e0 steak exquises en gros sont d\u00e9licatement con\u00e7ues avec des lignes lisses, adapt\u00e9es pour placer des steaks, des p\u00e2tes ou d'autres plats principaux, ce qui non seulement am\u00e9liore l'effet visuel de la nourriture, mais ajoute \u00e9galement une atmosph\u00e8re \u00e9l\u00e9gante \u00e0 la table. Quel que soit le type de banquet, elles rendront chaque repas plus exquis.<\/li>\n\n\n\n<li><strong>Options de couleurs noir et blanc :<\/strong> Le noir est solennel et \u00e9l\u00e9gant, et le blanc est pur et \u00e9l\u00e9gant. Ces deux couleurs s'accordent parfaitement avec n'importe quel d\u00e9cor de table, renforcent l'effet visuel des aliments et am\u00e9liorent l'exp\u00e9rience gastronomique.<\/li>\n\n\n\n<li><strong>Une vari\u00e9t\u00e9 de tailles pour r\u00e9pondre \u00e0 diff\u00e9rents besoins :<\/strong> Disponibles en 8 et 10 pouces, ces assiettes \u00e0 steak en gros conviennent \u00e0 toutes sortes d'occasions. La petite assiette de 8 pouces convient \u00e0 la pr\u00e9sentation d\u00e9licate des steaks, ce qui permet de mettre en valeur la beaut\u00e9 des aliments, tandis que l'assiette de 10 pouces convient aux plats copieux du d\u00eener, r\u00e9pondant ainsi aux besoins de diff\u00e9rentes occasions.<\/li>\n\n\n\n<li><strong>Achat en vrac, rentabilit\u00e9 :<\/strong> Nos assiettes \u00e0 steak en gros offrent un plan de vente en vrac qui garantit le maintien d'une qualit\u00e9 \u00e9lev\u00e9e tout en r\u00e9duisant le co\u00fbt unitaire lors de l'achat en grandes quantit\u00e9s. Qu'il s'agisse d'un restaurant, d'un h\u00f4tel ou d'un banquet de mariage, cette assiette est un choix d'un excellent rapport qualit\u00e9-prix.<\/li>\n<\/ul>\n<\/div>\n\n\n\n<div class=\"wp-block-column is-vertically-aligned-center is-layout-flow wp-block-column-is-layout-flow\"><div class=\"wp-block-image\">\n<figure class=\"aligncenter size-full\"><img fetchpriority=\"high\" decoding=\"async\" width=\"750\" height=\"750\" src=\"https:\/\/www.yongjianceramic.com\/wp-content\/uploads\/2024\/09\/Exquisite-Steak-Plates-Wholesale-8-Inch-10-Inch-Dinner-Plates-In-Bulk-5.webp\" alt=\"Assiettes \u00e0 steak exquises en gros, Assiettes \u00e0 d\u00eener de 8 et 10 pouces en vrac 5\" class=\"wp-image-3435\" srcset=\"https:\/\/www.yongjianceramic.com\/wp-content\/uploads\/2024\/09\/Exquisite-Steak-Plates-Wholesale-8-Inch-10-Inch-Dinner-Plates-In-Bulk-5.webp 750w, https:\/\/www.yongjianceramic.com\/wp-content\/uploads\/2024\/09\/Exquisite-Steak-Plates-Wholesale-8-Inch-10-Inch-Dinner-Plates-In-Bulk-5-300x300.webp 300w, https:\/\/www.yongjianceramic.com\/wp-content\/uploads\/2024\/09\/Exquisite-Steak-Plates-Wholesale-8-Inch-10-Inch-Dinner-Plates-In-Bulk-5-150x150.webp 150w, https:\/\/www.yongjianceramic.com\/wp-content\/uploads\/2024\/09\/Exquisite-Steak-Plates-Wholesale-8-Inch-10-Inch-Dinner-Plates-In-Bulk-5-12x12.webp 12w, https:\/\/www.yongjianceramic.com\/wp-content\/uploads\/2024\/09\/Exquisite-Steak-Plates-Wholesale-8-Inch-10-Inch-Dinner-Plates-In-Bulk-5-285x285.webp 285w, https:\/\/www.yongjianceramic.com\/wp-content\/uploads\/2024\/09\/Exquisite-Steak-Plates-Wholesale-8-Inch-10-Inch-Dinner-Plates-In-Bulk-5-270x270.webp 270w, https:\/\/www.yongjianceramic.com\/wp-content\/uploads\/2024\/09\/Exquisite-Steak-Plates-Wholesale-8-Inch-10-Inch-Dinner-Plates-In-Bulk-5-540x540.webp 540w, https:\/\/www.yongjianceramic.com\/wp-content\/uploads\/2024\/09\/Exquisite-Steak-Plates-Wholesale-8-Inch-10-Inch-Dinner-Plates-In-Bulk-5-660x660.webp 660w\" sizes=\"(max-width: 750px) 100vw, 750px\" \/><\/figure>\n<\/div><\/div>\n<\/div>","protected":false},"excerpt":{"rendered":"<p>Bienvenue \u00e0 l'achat d'assiettes \u00e0 d\u00eener. Nos assiettes \u00e0 steak exquises en gros offrent des assiettes \u00e0 d\u00eener de 8 pouces et de 10 pouces, fabriqu\u00e9es \u00e0 partir de mat\u00e9riaux de haute qualit\u00e9, durables et magnifiques. Une vari\u00e9t\u00e9 de tailles pour r\u00e9pondre \u00e0 diff\u00e9rents besoins de repas, des couleurs noires et blanches pour s'adapter \u00e0 n'importe quel d\u00e9cor de table, et des remises sur les achats en gros vous permettent d'obtenir des produits de haute qualit\u00e9 \u00e0 un prix bas. Design raisonnable, facile \u00e0 nettoyer et \u00e0 ranger, c'est un choix id\u00e9al pour les restaurants, les h\u00f4tels et les salles de banquet.<\/p>\n<table style=\"border-collapse: collapse; width: 325.02pt;\" border=\"0\" width=\"325\" cellspacing=\"0\" cellpadding=\"0\">\n<tbody>\n<tr style=\"height: 17.60pt;\">\n<td class=\"et3\" style=\"height: 17.60pt; width: 120.25pt;\" width=\"120\" height=\"17\">Fabricant<\/td>\n<td class=\"et3\" style=\"width: 204.75pt;\" width=\"204\">Yongjian<\/td>\n<\/tr>\n<tr style=\"height: 36.00pt;\">\n<td class=\"et3\" style=\"height: 36.00pt;\" height=\"36\">Num\u00e9ro de mod\u00e8le<\/td>\n<td class=\"et4\" style=\"width: 204.75pt;\" width=\"204\">YJ-035, 8 pouces<br \/>YJ-036, 10 pouces<\/td>\n<\/tr>\n<tr style=\"height: 17.60pt;\">\n<td class=\"et3\" style=\"height: 17.60pt;\" height=\"17\">Type de produit<\/td>\n<td class=\"et3\">Assiette plate<\/td>\n<\/tr>\n<tr style=\"height: 17.60pt;\">\n<td class=\"et3\" style=\"height: 17.60pt;\" height=\"17\">Mat\u00e9riau<\/td>\n<td class=\"et3\">Porcelaine<\/td>\n<\/tr>\n<tr style=\"height: 17.60pt;\">\n<td class=\"et5\" style=\"height: 17.60pt;\" height=\"17\">Couleur<\/td>\n<td class=\"et3\">Blanc\/ Noir<\/td>\n<\/tr>\n<tr style=\"height: 36.00pt;\">\n<td class=\"et3\" style=\"height: 36.00pt;\" height=\"36\">Dimension<\/td>\n<td class=\"et6\" style=\"width: 204.75pt;\" width=\"204\">20*20*2.3<br \/>25.3*25.3*2.4<\/td>\n<\/tr>\n<tr style=\"height: 17.60pt;\">\n<td class=\"et3\" style=\"height: 17.60pt;\" height=\"17\">MOQ<\/td>\n<td class=\"et3\">500pcs<\/td>\n<\/tr>\n<tr style=\"height: 17.60pt;\">\n<td class=\"et3\" style=\"height: 17.60pt;\" height=\"17\">Sur mesure<\/td>\n<td class=\"et3\">Couleur\/Taille\/Logo\/Emballage<\/td>\n<\/tr>\n<\/tbody>\n<\/table>","protected":false},"featured_media":3433,"comment_status":"closed","ping_status":"closed","template":"","meta":{"_acf_changed":false},"product_brand":[],"product_cat":[93,62],"product_tag":[96],"class_list":{"0":"post-3430","1":"product","2":"type-product","3":"status-publish","4":"has-post-thumbnail","6":"product_cat-bulk-dinner-plates","7":"product_cat-ceramic-plates-wholesale","8":"product_tag-black-white-dinnerware-wholesale","10":"first","11":"instock","12":"shipping-taxable","13":"product-type-simple"},"acf":[],"_links":{"self":[{"href":"https:\/\/www.yongjianceramic.com\/fr\/wp-json\/wp\/v2\/product\/3430","targetHints":{"allow":["GET"]}}],"collection":[{"href":"https:\/\/www.yongjianceramic.com\/fr\/wp-json\/wp\/v2\/product"}],"about":[{"href":"https:\/\/www.yongjianceramic.com\/fr\/wp-json\/wp\/v2\/types\/product"}],"replies":[{"embeddable":true,"href":"https:\/\/www.yongjianceramic.com\/fr\/wp-json\/wp\/v2\/comments?post=3430"}],"wp:featuredmedia":[{"embeddable":true,"href":"https:\/\/www.yongjianceramic.com\/fr\/wp-json\/wp\/v2\/media\/3433"}],"wp:attachment":[{"href":"https:\/\/www.yongjianceramic.com\/fr\/wp-json\/wp\/v2\/media?parent=3430"}],"wp:term":[{"taxonomy":"product_brand","embeddable":true,"href":"https:\/\/www.yongjianceramic.com\/fr\/wp-json\/wp\/v2\/product_brand?post=3430"},{"taxonomy":"product_cat","embeddable":true,"href":"https:\/\/www.yongjianceramic.com\/fr\/wp-json\/wp\/v2\/product_cat?post=3430"},{"taxonomy":"product_tag","embeddable":true,"href":"https:\/\/www.yongjianceramic.com\/fr\/wp-json\/wp\/v2\/product_tag?post=3430"}],"curies":[{"name":"wp","href":"https:\/\/api.w.org\/{rel}","templated":true}]}}