{"id":3440,"date":"2024-09-12T03:42:36","date_gmt":"2024-09-12T03:42:36","guid":{"rendered":"https:\/\/www.yongjianceramic.com\/?post_type=product&#038;p=3440"},"modified":"2025-11-19T15:48:06","modified_gmt":"2025-11-19T07:48:06","slug":"wholesale-porcelain-plates","status":"publish","type":"product","link":"https:\/\/www.yongjianceramic.com\/fr\/produit\/wholesale-porcelain-plates\/","title":{"rendered":"Factory Wholesale Porcelain Plates With Frosted Texture (Assiettes en porcelaine \u00e0 texture givr\u00e9e)"},"content":{"rendered":"<div class=\"wp-block-columns is-layout-flex wp-container-core-columns-is-layout-9d6595d7 wp-block-columns-is-layout-flex\">\n<div class=\"wp-block-column is-layout-flow wp-block-column-is-layout-flow\">\n<h2 class=\"wp-block-heading\">Assiettes en porcelaine de premi\u00e8re qualit\u00e9 en gros Caract\u00e9ristiques :<\/h2>\n\n\n\n<ul class=\"wp-block-list\">\n<li><strong>Texture givr\u00e9e, design moderne et simple :<\/strong> Nos assiettes en porcelaine de gros sont dot\u00e9es d'une texture givr\u00e9e exclusive qui leur conf\u00e8re un toucher chaleureux et un aspect charmant. Elles combinent des concepts de design modernes et simples et apportent une touche plus \u00e9l\u00e9gante et plus tendance \u00e0 votre table.<\/li>\n\n\n\n<li><strong>Disponible en noir et blanc :<\/strong> Nos assiettes en vrac se d\u00e9clinent sur toutes les tables en noir et en blanc. Le noir cr\u00e9e une impression d'\u00e9l\u00e9gance et de sophistication, tandis que les assiettes blanches sont habill\u00e9es d'un raffinement pur qui convient \u00e0 toutes les tables et \u00e0 toutes les exp\u00e9riences gastronomiques.<\/li>\n\n\n\n<li><strong>Porcelaine de haute qualit\u00e9, robuste et durable :<\/strong> Ces assiettes en porcelaine de qualit\u00e9 sup\u00e9rieure pr\u00e9sentent un \u00e9clat \u00e9l\u00e9gant tout en \u00e9tant extr\u00eamement durables. Les surfaces attrayantes, lisses et translucides cr\u00e9ent une impression de raffinement et offrent une excellente r\u00e9sistance aux rayures et aux chocs. Elles conviennent aussi bien aux repas quotidiens qu'aux banquets formels et rehaussent l'exp\u00e9rience gastronomique.<\/li>\n\n\n\n<li><strong>Achat en gros, \u00e9conomique et abordable :<\/strong> Approvisionnement en gros d'assiettes en porcelaine de 8 et 10 pouces, adapt\u00e9es \u00e0 diff\u00e9rents groupes de clients tels que les familles, les restaurants ou les h\u00f4tels. L'achat en gros garantit non seulement une grande rentabilit\u00e9 des produits, mais constitue \u00e9galement une solution \u00e9conomique pour les grandes occasions telles que les banquets de mariage, les \u00e9v\u00e9nements ou l'industrie de la restauration.<\/li>\n<\/ul>\n<\/div>\n\n\n\n<div class=\"wp-block-column is-vertically-aligned-center is-layout-flow wp-block-column-is-layout-flow\"><div class=\"wp-block-image\">\n<figure class=\"aligncenter size-full\"><img fetchpriority=\"high\" decoding=\"async\" width=\"750\" height=\"750\" src=\"https:\/\/www.yongjianceramic.com\/wp-content\/uploads\/2024\/09\/Wholesale-Porcelain-Plates-8-Inch-10-Inch-Dinner-Plates-With-Frosted-Texture-5.webp\" alt=\"Wholesale Porcelain Plates, 8-Inch &amp; 10-Inch Dinner Plates With Frosted Texture 5\" class=\"wp-image-3445\" srcset=\"https:\/\/www.yongjianceramic.com\/wp-content\/uploads\/2024\/09\/Wholesale-Porcelain-Plates-8-Inch-10-Inch-Dinner-Plates-With-Frosted-Texture-5.webp 750w, https:\/\/www.yongjianceramic.com\/wp-content\/uploads\/2024\/09\/Wholesale-Porcelain-Plates-8-Inch-10-Inch-Dinner-Plates-With-Frosted-Texture-5-300x300.webp 300w, https:\/\/www.yongjianceramic.com\/wp-content\/uploads\/2024\/09\/Wholesale-Porcelain-Plates-8-Inch-10-Inch-Dinner-Plates-With-Frosted-Texture-5-150x150.webp 150w, https:\/\/www.yongjianceramic.com\/wp-content\/uploads\/2024\/09\/Wholesale-Porcelain-Plates-8-Inch-10-Inch-Dinner-Plates-With-Frosted-Texture-5-12x12.webp 12w, https:\/\/www.yongjianceramic.com\/wp-content\/uploads\/2024\/09\/Wholesale-Porcelain-Plates-8-Inch-10-Inch-Dinner-Plates-With-Frosted-Texture-5-285x285.webp 285w, https:\/\/www.yongjianceramic.com\/wp-content\/uploads\/2024\/09\/Wholesale-Porcelain-Plates-8-Inch-10-Inch-Dinner-Plates-With-Frosted-Texture-5-270x270.webp 270w, https:\/\/www.yongjianceramic.com\/wp-content\/uploads\/2024\/09\/Wholesale-Porcelain-Plates-8-Inch-10-Inch-Dinner-Plates-With-Frosted-Texture-5-540x540.webp 540w, https:\/\/www.yongjianceramic.com\/wp-content\/uploads\/2024\/09\/Wholesale-Porcelain-Plates-8-Inch-10-Inch-Dinner-Plates-With-Frosted-Texture-5-660x660.webp 660w\" sizes=\"(max-width: 750px) 100vw, 750px\" \/><\/figure>\n<\/div><\/div>\n<\/div>","protected":false},"excerpt":{"rendered":"<p>Nos assiettes \u00e0 d\u00eener en porcelaine sont dot\u00e9es d'une texture givr\u00e9e unique qui ajoute une touche de sophistication \u00e0 la table. Elles sont disponibles dans les tailles 8 pouces et 10 pouces. La porcelaine de haute qualit\u00e9 est durable et \u00e9l\u00e9gante pour les repas de tous les jours et les occasions sp\u00e9ciales. Les diff\u00e9rentes tailles s'adaptent aux diff\u00e9rents types de repas et garantissent une pr\u00e9sentation parfaite de chaque plat.<\/p>\n<table style=\"border-collapse: collapse; width: 325.02pt;\" border=\"0\" width=\"325\" cellspacing=\"0\" cellpadding=\"0\">\n<tbody>\n<tr style=\"height: 17.60pt;\">\n<td class=\"et3\" style=\"height: 17.60pt; width: 120.25pt;\" width=\"120\" height=\"17\">Fabricant<\/td>\n<td class=\"et3\" style=\"width: 204.75pt;\" width=\"204\">Yongjian<\/td>\n<\/tr>\n<tr style=\"height: 36.00pt;\">\n<td class=\"et3\" style=\"height: 36.00pt;\" height=\"36\">Num\u00e9ro de mod\u00e8le<\/td>\n<td class=\"et4\" style=\"width: 204.75pt;\" width=\"204\">YJ-037, 8 pouces<br \/>YJ-038, 10 pouces<\/td>\n<\/tr>\n<tr style=\"height: 17.60pt;\">\n<td class=\"et3\" style=\"height: 17.60pt;\" height=\"17\">Type de produit<\/td>\n<td class=\"et3\">Assiette plate<\/td>\n<\/tr>\n<tr style=\"height: 17.60pt;\">\n<td class=\"et3\" style=\"height: 17.60pt;\" height=\"17\">Mat\u00e9riau<\/td>\n<td class=\"et3\">Porcelaine<\/td>\n<\/tr>\n<tr style=\"height: 17.60pt;\">\n<td class=\"et5\" style=\"height: 17.60pt;\" height=\"17\">Couleur<\/td>\n<td class=\"et3\">Blanc\/ Noir<\/td>\n<\/tr>\n<tr style=\"height: 36.00pt;\">\n<td class=\"et3\" style=\"height: 36.00pt;\" height=\"36\">Dimension<\/td>\n<td class=\"et6\" style=\"width: 204.75pt;\" width=\"204\">20*20*3.5<br \/>25.5*25.5*4<\/td>\n<\/tr>\n<tr style=\"height: 17.60pt;\">\n<td class=\"et3\" style=\"height: 17.60pt;\" height=\"17\">MOQ<\/td>\n<td class=\"et3\">500pcs<\/td>\n<\/tr>\n<tr style=\"height: 17.60pt;\">\n<td class=\"et3\" style=\"height: 17.60pt;\" height=\"17\">Sur mesure<\/td>\n<td class=\"et3\">Couleur\/Taille\/Logo\/Emballage<\/td>\n<\/tr>\n<\/tbody>\n<\/table>","protected":false},"featured_media":3446,"comment_status":"closed","ping_status":"closed","template":"","meta":{"_acf_changed":false},"product_brand":[],"product_cat":[93,62],"product_tag":[96],"class_list":{"0":"post-3440","1":"product","2":"type-product","3":"status-publish","4":"has-post-thumbnail","6":"product_cat-bulk-dinner-plates","7":"product_cat-ceramic-plates-wholesale","8":"product_tag-black-white-dinnerware-wholesale","10":"first","11":"instock","12":"shipping-taxable","13":"product-type-simple"},"acf":[],"_links":{"self":[{"href":"https:\/\/www.yongjianceramic.com\/fr\/wp-json\/wp\/v2\/product\/3440","targetHints":{"allow":["GET"]}}],"collection":[{"href":"https:\/\/www.yongjianceramic.com\/fr\/wp-json\/wp\/v2\/product"}],"about":[{"href":"https:\/\/www.yongjianceramic.com\/fr\/wp-json\/wp\/v2\/types\/product"}],"replies":[{"embeddable":true,"href":"https:\/\/www.yongjianceramic.com\/fr\/wp-json\/wp\/v2\/comments?post=3440"}],"wp:featuredmedia":[{"embeddable":true,"href":"https:\/\/www.yongjianceramic.com\/fr\/wp-json\/wp\/v2\/media\/3446"}],"wp:attachment":[{"href":"https:\/\/www.yongjianceramic.com\/fr\/wp-json\/wp\/v2\/media?parent=3440"}],"wp:term":[{"taxonomy":"product_brand","embeddable":true,"href":"https:\/\/www.yongjianceramic.com\/fr\/wp-json\/wp\/v2\/product_brand?post=3440"},{"taxonomy":"product_cat","embeddable":true,"href":"https:\/\/www.yongjianceramic.com\/fr\/wp-json\/wp\/v2\/product_cat?post=3440"},{"taxonomy":"product_tag","embeddable":true,"href":"https:\/\/www.yongjianceramic.com\/fr\/wp-json\/wp\/v2\/product_tag?post=3440"}],"curies":[{"name":"wp","href":"https:\/\/api.w.org\/{rel}","templated":true}]}}