{"id":3451,"date":"2024-09-18T06:52:08","date_gmt":"2024-09-18T06:52:08","guid":{"rendered":"https:\/\/www.yongjianceramic.com\/?post_type=product&#038;p=3451"},"modified":"2025-11-19T15:28:07","modified_gmt":"2025-11-19T07:28:07","slug":"factory-supply-serving-platters","status":"publish","type":"product","link":"https:\/\/www.yongjianceramic.com\/fr\/produit\/factory-supply-serving-platters\/","title":{"rendered":"Plateaux de service, assiettes de restauration ovales en vrac"},"content":{"rendered":"<div class=\"wp-block-columns is-layout-flex wp-container-core-columns-is-layout-9d6595d7 wp-block-columns-is-layout-flex\">\n<div class=\"wp-block-column is-layout-flow wp-block-column-is-layout-flow\">\n<h2 class=\"wp-block-heading\">Premium Factory Supply Serving Platters Bulk (plateaux de service en vrac) Caract\u00e9ristiques :<\/h2>\n\n\n\n<ul class=\"wp-block-list\">\n<li><strong>Mat\u00e9riau c\u00e9ramique de haute qualit\u00e9 : <\/strong>L'usine fournit en gros des plateaux de service en c\u00e9ramique de haute qualit\u00e9, tr\u00e8s r\u00e9sistants et r\u00e9sistants \u00e0 la chaleur, qui peuvent \u00eatre utilis\u00e9s en toute s\u00e9curit\u00e9 dans des conditions chaudes. Ce mat\u00e9riau c\u00e9ramique a une texture agr\u00e9able, lisse et d\u00e9licate, et ne se d\u00e9colore pas et ne s'ab\u00eeme pas facilement au fil des ans.<\/li>\n\n\n\n<li><strong>Belle forme ovale classique : <\/strong>Les plateaux de restauration en vrac pr\u00e9sentent une forme ovale originale qui allie une \u00e9l\u00e9gance intemporelle \u00e0 un style tendance pour rehausser la beaut\u00e9 et le raffinement de votre table. Leur attrait et leur style mettront en valeur les plats servis, que ce soit lors d'un banquet ou pour un plat mijot\u00e9 \u00e0 la maison. Ils offrent une esth\u00e9tique visuelle qui durera longtemps.<\/li>\n\n\n\n<li><strong>Deux couleurs classiques et des tailles mod\u00e9r\u00e9es : <\/strong>Nos plateaux de service en vrac sont disponibles en deux couleurs classiques, noir et blanc, et peuvent s'adapter \u00e0 diff\u00e9rents styles de tables \u00e0 manger et \u00e0 diff\u00e9rentes occasions. La taille de 12 pouces est adapt\u00e9e \u00e0 la pr\u00e9sentation de divers plats.<\/li>\n\n\n\n<li><strong>R\u00e9sistance aux rayures et grande durabilit\u00e9 :<\/strong> La surface de nos plateaux de service en vrac est sp\u00e9cialement trait\u00e9e pour r\u00e9sister aux rayures et \u00e0 l'usure. Le plat de service peut rester brillant et neuf m\u00eame lors de repas fr\u00e9quents.<\/li>\n<\/ul>\n<\/div>\n\n\n\n<div class=\"wp-block-column is-vertically-aligned-center is-layout-flow wp-block-column-is-layout-flow\"><div class=\"wp-block-image\">\n<figure class=\"aligncenter size-full is-resized\"><img fetchpriority=\"high\" decoding=\"async\" width=\"800\" height=\"800\" src=\"https:\/\/www.yongjianceramic.com\/wp-content\/uploads\/2024\/09\/Factory-Supply-Serving-Platter-For-Catering-With-Oval-Shape-2.webp\" alt=\"Factory Supply Serving Platters For Catering, With Oval Shape 2 (plateaux de service pour la restauration, de forme ovale)\" class=\"wp-image-3453\" style=\"width:404px;height:auto\" srcset=\"https:\/\/www.yongjianceramic.com\/wp-content\/uploads\/2024\/09\/Factory-Supply-Serving-Platter-For-Catering-With-Oval-Shape-2.webp 800w, https:\/\/www.yongjianceramic.com\/wp-content\/uploads\/2024\/09\/Factory-Supply-Serving-Platter-For-Catering-With-Oval-Shape-2-300x300.webp 300w, https:\/\/www.yongjianceramic.com\/wp-content\/uploads\/2024\/09\/Factory-Supply-Serving-Platter-For-Catering-With-Oval-Shape-2-150x150.webp 150w, https:\/\/www.yongjianceramic.com\/wp-content\/uploads\/2024\/09\/Factory-Supply-Serving-Platter-For-Catering-With-Oval-Shape-2-768x768.webp 768w, https:\/\/www.yongjianceramic.com\/wp-content\/uploads\/2024\/09\/Factory-Supply-Serving-Platter-For-Catering-With-Oval-Shape-2-12x12.webp 12w, https:\/\/www.yongjianceramic.com\/wp-content\/uploads\/2024\/09\/Factory-Supply-Serving-Platter-For-Catering-With-Oval-Shape-2-285x285.webp 285w, https:\/\/www.yongjianceramic.com\/wp-content\/uploads\/2024\/09\/Factory-Supply-Serving-Platter-For-Catering-With-Oval-Shape-2-270x270.webp 270w, https:\/\/www.yongjianceramic.com\/wp-content\/uploads\/2024\/09\/Factory-Supply-Serving-Platter-For-Catering-With-Oval-Shape-2-540x540.webp 540w, https:\/\/www.yongjianceramic.com\/wp-content\/uploads\/2024\/09\/Factory-Supply-Serving-Platter-For-Catering-With-Oval-Shape-2-660x660.webp 660w\" sizes=\"(max-width: 800px) 100vw, 800px\" \/><\/figure>\n<\/div><\/div>\n<\/div>\n\n\n\n<p><\/p>","protected":false},"excerpt":{"rendered":"<p>Nous vous invitons \u00e0 acheter des plateaux de service en vrac. Nos plateaux de service sont con\u00e7us pour les repas haut de gamme et sont disponibles en deux couleurs classiques : noir et blanc, pour convenir \u00e0 une vari\u00e9t\u00e9 d'occasions et de styles de d\u00e9coration. Le mat\u00e9riau c\u00e9ramique de haute qualit\u00e9 est non seulement r\u00e9sistant \u00e0 la chaleur et durable, mais aussi parfait pour toutes les occasions.<\/p>\n<table style=\"border-collapse: collapse; width: 325.02pt;\" border=\"0\" width=\"325\" cellspacing=\"0\" cellpadding=\"0\">\n<tbody>\n<tr style=\"height: 17.60pt;\">\n<td class=\"et3\" style=\"height: 17.60pt; width: 120.25pt;\" width=\"120\" height=\"17\">Fabricant<\/td>\n<td class=\"et3\" style=\"width: 204.75pt;\" width=\"204\">Yongjian<\/td>\n<\/tr>\n<tr style=\"height: 18.00pt;\">\n<td class=\"et3\" style=\"height: 18.00pt;\" height=\"18\">Num\u00e9ro de mod\u00e8le<\/td>\n<td class=\"et4\" style=\"width: 204.75pt;\" width=\"204\">YJ-039<\/td>\n<\/tr>\n<tr style=\"height: 17.60pt;\">\n<td class=\"et3\" style=\"height: 17.60pt;\" height=\"17\">Type de produit<\/td>\n<td class=\"et3\">Plat de service<\/td>\n<\/tr>\n<tr style=\"height: 17.60pt;\">\n<td class=\"et3\" style=\"height: 17.60pt;\" height=\"17\">Mat\u00e9riau<\/td>\n<td class=\"et3\">Porcelaine<\/td>\n<\/tr>\n<tr style=\"height: 17.60pt;\">\n<td class=\"et5\" style=\"height: 17.60pt;\" height=\"17\">Couleur<\/td>\n<td class=\"et3\">Blanc\/ Noir<\/td>\n<\/tr>\n<tr style=\"height: 18.00pt;\">\n<td class=\"et3\" style=\"height: 18.00pt;\" height=\"18\">Dimension<\/td>\n<td class=\"et6\" style=\"width: 204.75pt;\" width=\"204\">30.5*16.5*2.8<\/td>\n<\/tr>\n<tr style=\"height: 17.60pt;\">\n<td class=\"et3\" style=\"height: 17.60pt;\" height=\"17\">MOQ<\/td>\n<td class=\"et3\">500pcs<\/td>\n<\/tr>\n<tr style=\"height: 17.60pt;\">\n<td class=\"et3\" style=\"height: 17.60pt;\" height=\"17\">Sur mesure<\/td>\n<td class=\"et3\">Couleur\/Taille\/Logo\/Emballage<\/td>\n<\/tr>\n<\/tbody>\n<\/table>","protected":false},"featured_media":3455,"comment_status":"closed","ping_status":"closed","template":"","meta":{"_acf_changed":false},"product_brand":[],"product_cat":[76,62],"product_tag":[96],"class_list":{"0":"post-3451","1":"product","2":"type-product","3":"status-publish","4":"has-post-thumbnail","6":"product_cat-wholesale-serving-platters","7":"product_cat-ceramic-plates-wholesale","8":"product_tag-black-white-dinnerware-wholesale","10":"first","11":"instock","12":"shipping-taxable","13":"product-type-simple"},"acf":[],"_links":{"self":[{"href":"https:\/\/www.yongjianceramic.com\/fr\/wp-json\/wp\/v2\/product\/3451","targetHints":{"allow":["GET"]}}],"collection":[{"href":"https:\/\/www.yongjianceramic.com\/fr\/wp-json\/wp\/v2\/product"}],"about":[{"href":"https:\/\/www.yongjianceramic.com\/fr\/wp-json\/wp\/v2\/types\/product"}],"replies":[{"embeddable":true,"href":"https:\/\/www.yongjianceramic.com\/fr\/wp-json\/wp\/v2\/comments?post=3451"}],"wp:featuredmedia":[{"embeddable":true,"href":"https:\/\/www.yongjianceramic.com\/fr\/wp-json\/wp\/v2\/media\/3455"}],"wp:attachment":[{"href":"https:\/\/www.yongjianceramic.com\/fr\/wp-json\/wp\/v2\/media?parent=3451"}],"wp:term":[{"taxonomy":"product_brand","embeddable":true,"href":"https:\/\/www.yongjianceramic.com\/fr\/wp-json\/wp\/v2\/product_brand?post=3451"},{"taxonomy":"product_cat","embeddable":true,"href":"https:\/\/www.yongjianceramic.com\/fr\/wp-json\/wp\/v2\/product_cat?post=3451"},{"taxonomy":"product_tag","embeddable":true,"href":"https:\/\/www.yongjianceramic.com\/fr\/wp-json\/wp\/v2\/product_tag?post=3451"}],"curies":[{"name":"wp","href":"https:\/\/api.w.org\/{rel}","templated":true}]}}