{"id":3458,"date":"2024-09-18T07:41:35","date_gmt":"2024-09-18T07:41:35","guid":{"rendered":"https:\/\/www.yongjianceramic.com\/?post_type=product&#038;p=3458"},"modified":"2025-11-19T15:10:29","modified_gmt":"2025-11-19T07:10:29","slug":"porcelain-plates-wholesale","status":"publish","type":"product","link":"https:\/\/www.yongjianceramic.com\/fr\/produit\/porcelain-plates-wholesale\/","title":{"rendered":"Assiettes en porcelaine noire Wholesale, Assiettes \u00e0 d\u00eener carr\u00e9es Bulk"},"content":{"rendered":"<div class=\"wp-block-columns is-layout-flex wp-container-core-columns-is-layout-9d6595d7 wp-block-columns-is-layout-flex\">\n<div class=\"wp-block-column is-layout-flow wp-block-column-is-layout-flow\">\n<h2 class=\"wp-block-heading\">Assiettes en porcelaine de qualit\u00e9 sup\u00e9rieure Caract\u00e9ristiques :<\/h2>\n\n\n\n<ul class=\"wp-block-list\">\n<li><strong>Mat\u00e9riau en porcelaine de haute qualit\u00e9 : <\/strong>Nos assiettes en porcelaine noire en gros sont fabriqu\u00e9es \u00e0 partir de porcelaine de haute qualit\u00e9, ces assiettes noires et blanches en gros sont r\u00e9sistantes aux temp\u00e9ratures extr\u00eamement \u00e9lev\u00e9es et aux rayures, et durent longtemps. Le mat\u00e9riau est non toxique et sans danger pour les aliments.<\/li>\n\n\n\n<li><strong>Design moderne et carr\u00e9 : <\/strong>Ces assiettes \u00e0 d\u00eener en porcelaine ont un aspect carr\u00e9 unique et des lignes simples qui conf\u00e8rent \u00e0 la table un aspect moderne et sophistiqu\u00e9. Les motifs carr\u00e9s am\u00e9liorent non seulement la pr\u00e9sentation visuelle des assiettes, mais cr\u00e9ent \u00e9galement une impression individuelle et attachante sur la table et conviennent aux occasions de d\u00eener haut de gamme.<\/li>\n\n\n\n<li><strong>Plusieurs options de taille pour r\u00e9pondre \u00e0 diff\u00e9rents besoins : <\/strong>Nos assiettes en porcelaine sont disponibles en gros dans les tailles 9 pouces et 11 pouces. Gr\u00e2ce \u00e0 leur polyvalence et \u00e0 leur taille variable, elles conviennent au service de repas dans diverses occasions et pour r\u00e9pondre \u00e0 diff\u00e9rentes exigences en mati\u00e8re de pr\u00e9sentation de plats vari\u00e9s.<\/li>\n\n\n\n<li><strong>Les combinaisons de couleurs noir et blanc : <\/strong>Nos assiettes en c\u00e9ramique noire sont disponibles dans les couleurs classiques noir et blanc, qui peuvent \u00eatre combin\u00e9es avec diff\u00e9rents designs de d\u00e9coration de table. Qu'il s'agisse d'une simple occasion moderne ou d'une occasion luxueuse et \u00e9l\u00e9gante, ces deux couleurs peuvent \u00eatre facilement utilis\u00e9es pour d\u00e9corer la table.<\/li>\n<\/ul>\n<\/div>\n\n\n\n<div class=\"wp-block-column is-vertically-aligned-center is-layout-flow wp-block-column-is-layout-flow\"><div class=\"wp-block-image\">\n<figure class=\"aligncenter size-full\"><img fetchpriority=\"high\" decoding=\"async\" width=\"750\" height=\"750\" src=\"https:\/\/www.yongjianceramic.com\/wp-content\/uploads\/2024\/09\/Square-Shaped-Porcelain-Plates-Wholesale-9-Inch-11-Inch-Dinner-Plates-Bulk-3.webp\" alt=\"Assiettes en porcelaine de forme carr\u00e9e Wholesale, Assiettes \u00e0 d\u00eener 9-Inch &amp; 11-Inch Bulk 3-Matte Black Dinnerware\" class=\"wp-image-3461\" srcset=\"https:\/\/www.yongjianceramic.com\/wp-content\/uploads\/2024\/09\/Square-Shaped-Porcelain-Plates-Wholesale-9-Inch-11-Inch-Dinner-Plates-Bulk-3.webp 750w, https:\/\/www.yongjianceramic.com\/wp-content\/uploads\/2024\/09\/Square-Shaped-Porcelain-Plates-Wholesale-9-Inch-11-Inch-Dinner-Plates-Bulk-3-300x300.webp 300w, https:\/\/www.yongjianceramic.com\/wp-content\/uploads\/2024\/09\/Square-Shaped-Porcelain-Plates-Wholesale-9-Inch-11-Inch-Dinner-Plates-Bulk-3-150x150.webp 150w, https:\/\/www.yongjianceramic.com\/wp-content\/uploads\/2024\/09\/Square-Shaped-Porcelain-Plates-Wholesale-9-Inch-11-Inch-Dinner-Plates-Bulk-3-12x12.webp 12w, https:\/\/www.yongjianceramic.com\/wp-content\/uploads\/2024\/09\/Square-Shaped-Porcelain-Plates-Wholesale-9-Inch-11-Inch-Dinner-Plates-Bulk-3-285x285.webp 285w, https:\/\/www.yongjianceramic.com\/wp-content\/uploads\/2024\/09\/Square-Shaped-Porcelain-Plates-Wholesale-9-Inch-11-Inch-Dinner-Plates-Bulk-3-270x270.webp 270w, https:\/\/www.yongjianceramic.com\/wp-content\/uploads\/2024\/09\/Square-Shaped-Porcelain-Plates-Wholesale-9-Inch-11-Inch-Dinner-Plates-Bulk-3-540x540.webp 540w, https:\/\/www.yongjianceramic.com\/wp-content\/uploads\/2024\/09\/Square-Shaped-Porcelain-Plates-Wholesale-9-Inch-11-Inch-Dinner-Plates-Bulk-3-660x660.webp 660w\" sizes=\"(max-width: 750px) 100vw, 750px\" \/><\/figure>\n<\/div><\/div>\n<\/div>","protected":false},"excerpt":{"rendered":"<p>Nous vous invitons \u00e0 acheter des assiettes \u00e0 d\u00eener en vrac. Nos assiettes carr\u00e9es en porcelaine adoptent un design \u00e9l\u00e9gant et sont disponibles en noir et blanc et dans les tailles 9 pouces et 11 pouces. Elles sont \u00e0 la fois belles et pratiques et conviennent \u00e0 de nombreuses occasions.<\/p>\n<table style=\"border-collapse: collapse; width: 325.02pt;\" border=\"0\" width=\"325\" cellspacing=\"0\" cellpadding=\"0\">\n<tbody>\n<tr style=\"height: 17.60pt;\">\n<td class=\"et3\" style=\"height: 17.60pt; width: 120.25pt;\" width=\"120\" height=\"17\">Fabricant<\/td>\n<td class=\"et3\" style=\"width: 204.75pt;\" width=\"204\">Yongjian<\/td>\n<\/tr>\n<tr style=\"height: 36.00pt;\">\n<td class=\"et3\" style=\"height: 36.00pt;\" height=\"36\">Num\u00e9ro de mod\u00e8le<\/td>\n<td class=\"et4\" style=\"width: 204.75pt;\" width=\"204\">YJ-040, 9 pouces<br \/>YJ-041, 11 pouces<\/td>\n<\/tr>\n<tr style=\"height: 17.60pt;\">\n<td class=\"et3\" style=\"height: 17.60pt;\" height=\"17\">Type de produit<\/td>\n<td class=\"et3\">Assiette plate<\/td>\n<\/tr>\n<tr style=\"height: 17.60pt;\">\n<td class=\"et3\" style=\"height: 17.60pt;\" height=\"17\">Mat\u00e9riau<\/td>\n<td class=\"et3\">Porcelaine<\/td>\n<\/tr>\n<tr style=\"height: 17.60pt;\">\n<td class=\"et5\" style=\"height: 17.60pt;\" height=\"17\">Couleur<\/td>\n<td class=\"et3\">Blanc\/ Noir<\/td>\n<\/tr>\n<tr style=\"height: 36.00pt;\">\n<td class=\"et3\" style=\"height: 36.00pt;\" height=\"36\">Dimension<\/td>\n<td class=\"et6\" style=\"width: 204.75pt;\" width=\"204\">23*23*2.3<br \/>28*28*2.3<\/td>\n<\/tr>\n<tr style=\"height: 17.60pt;\">\n<td class=\"et3\" style=\"height: 17.60pt;\" height=\"17\">MOQ<\/td>\n<td class=\"et3\">500pcs<\/td>\n<\/tr>\n<tr style=\"height: 17.60pt;\">\n<td class=\"et3\" style=\"height: 17.60pt;\" height=\"17\">Sur mesure<\/td>\n<td class=\"et3\">Couleur\/Taille\/Logo\/Emballage<\/td>\n<\/tr>\n<\/tbody>\n<\/table>","protected":false},"featured_media":3463,"comment_status":"closed","ping_status":"closed","template":"","meta":{"_acf_changed":false},"product_brand":[],"product_cat":[93,62],"product_tag":[96],"class_list":{"0":"post-3458","1":"product","2":"type-product","3":"status-publish","4":"has-post-thumbnail","6":"product_cat-bulk-dinner-plates","7":"product_cat-ceramic-plates-wholesale","8":"product_tag-black-white-dinnerware-wholesale","10":"first","11":"instock","12":"shipping-taxable","13":"product-type-simple"},"acf":[],"_links":{"self":[{"href":"https:\/\/www.yongjianceramic.com\/fr\/wp-json\/wp\/v2\/product\/3458","targetHints":{"allow":["GET"]}}],"collection":[{"href":"https:\/\/www.yongjianceramic.com\/fr\/wp-json\/wp\/v2\/product"}],"about":[{"href":"https:\/\/www.yongjianceramic.com\/fr\/wp-json\/wp\/v2\/types\/product"}],"replies":[{"embeddable":true,"href":"https:\/\/www.yongjianceramic.com\/fr\/wp-json\/wp\/v2\/comments?post=3458"}],"wp:featuredmedia":[{"embeddable":true,"href":"https:\/\/www.yongjianceramic.com\/fr\/wp-json\/wp\/v2\/media\/3463"}],"wp:attachment":[{"href":"https:\/\/www.yongjianceramic.com\/fr\/wp-json\/wp\/v2\/media?parent=3458"}],"wp:term":[{"taxonomy":"product_brand","embeddable":true,"href":"https:\/\/www.yongjianceramic.com\/fr\/wp-json\/wp\/v2\/product_brand?post=3458"},{"taxonomy":"product_cat","embeddable":true,"href":"https:\/\/www.yongjianceramic.com\/fr\/wp-json\/wp\/v2\/product_cat?post=3458"},{"taxonomy":"product_tag","embeddable":true,"href":"https:\/\/www.yongjianceramic.com\/fr\/wp-json\/wp\/v2\/product_tag?post=3458"}],"curies":[{"name":"wp","href":"https:\/\/api.w.org\/{rel}","templated":true}]}}