{"id":3467,"date":"2024-09-18T08:40:13","date_gmt":"2024-09-18T08:40:13","guid":{"rendered":"https:\/\/www.yongjianceramic.com\/?post_type=product&#038;p=3467"},"modified":"2024-09-20T09:11:24","modified_gmt":"2024-09-20T09:11:24","slug":"bulk-serving-bowls","status":"publish","type":"product","link":"https:\/\/www.yongjianceramic.com\/fr\/produit\/bulk-serving-bowls\/","title":{"rendered":"10-Inch Bulk Serving Bowls For Stew, Ceramic Soup Bowls Wholesale (bols \u00e0 soupe en c\u00e9ramique)"},"content":{"rendered":"<div class=\"wp-block-columns is-layout-flex wp-container-core-columns-is-layout-9d6595d7 wp-block-columns-is-layout-flex\">\n<div class=\"wp-block-column is-layout-flow wp-block-column-is-layout-flow\">\n<h2 class=\"wp-block-heading\">Bols de service en vrac de qualit\u00e9 sup\u00e9rieure Caract\u00e9ristiques :<\/h2>\n\n\n\n<ul class=\"wp-block-list\">\n<li><strong>Convient \u00e0 un large \u00e9ventail de plats :<\/strong> Nos bols de service en vrac offrent suffisamment d'espace pour une vari\u00e9t\u00e9 de plats souples, tels que la soupe de poisson au chou marin\u00e9, etc., afin de r\u00e9pondre aux divers besoins des restaurants et des particuliers.<\/li>\n\n\n\n<li><strong>Options bicolores pour r\u00e9pondre \u00e0 des besoins divers :<\/strong> Nos bols \u00e0 soupe en c\u00e9ramique sont disponibles en deux couleurs classiques : blanc et noir. Les bols blancs en gros sont simples et \u00e9l\u00e9gants, mettant en valeur la couleur et la texture des aliments eux-m\u00eames, et les assiettes noires en gros donnent \u00e0 la vaisselle un aspect moderne et haut de gamme, qui convient particuli\u00e8rement aux occasions de d\u00eener haut de gamme ou \u00e0 la pr\u00e9sentation d'une cuisine cr\u00e9ative.<\/li>\n\n\n\n<li><strong>Facile \u00e0 nettoyer et \u00e0 entretenir :<\/strong> Ces bols de service en vrac ont une surface lisse et plate, ne se tachent pas facilement et sont tr\u00e8s faciles \u00e0 nettoyer, ce qui am\u00e9liore grandement l'efficacit\u00e9 du travail et r\u00e9duit le temps et l'\u00e9nergie n\u00e9cessaires au nettoyage manuel.<\/li>\n\n\n\n<li><strong>Mat\u00e9riaux de haute qualit\u00e9, durables :<\/strong> Nos bols \u00e0 soupe en c\u00e9ramique sont soigneusement fabriqu\u00e9s \u00e0 partir d'argile porcelaine de haute qualit\u00e9. Un tel mat\u00e9riau assure non seulement la solidit\u00e9 de l'assiette, mais lui conf\u00e8re \u00e9galement une bonne stabilit\u00e9 thermique. Elle ne se d\u00e9formera pas et ne d\u00e9gagera pas d'odeur m\u00eame si elle est utilis\u00e9e \u00e0 des temp\u00e9ratures \u00e9lev\u00e9es pendant une longue p\u00e9riode.<\/li>\n<\/ul>\n<\/div>\n\n\n\n<div class=\"wp-block-column is-vertically-aligned-center is-layout-flow wp-block-column-is-layout-flow\"><div class=\"wp-block-image\">\n<figure class=\"aligncenter size-full\"><img fetchpriority=\"high\" decoding=\"async\" width=\"750\" height=\"750\" src=\"https:\/\/www.yongjianceramic.com\/wp-content\/uploads\/2024\/09\/10-Inch-Bulk-Serving-Bowls-For-Stew-Ceramic-Soup-Bowls-wholesale-2.webp\" alt=\"Bols de service en vrac de 10 pouces pour le rago\u00fbt, bols \u00e0 soupe en c\u00e9ramique wholesale-2\" class=\"wp-image-3502\" srcset=\"https:\/\/www.yongjianceramic.com\/wp-content\/uploads\/2024\/09\/10-Inch-Bulk-Serving-Bowls-For-Stew-Ceramic-Soup-Bowls-wholesale-2.webp 750w, https:\/\/www.yongjianceramic.com\/wp-content\/uploads\/2024\/09\/10-Inch-Bulk-Serving-Bowls-For-Stew-Ceramic-Soup-Bowls-wholesale-2-300x300.webp 300w, https:\/\/www.yongjianceramic.com\/wp-content\/uploads\/2024\/09\/10-Inch-Bulk-Serving-Bowls-For-Stew-Ceramic-Soup-Bowls-wholesale-2-150x150.webp 150w, https:\/\/www.yongjianceramic.com\/wp-content\/uploads\/2024\/09\/10-Inch-Bulk-Serving-Bowls-For-Stew-Ceramic-Soup-Bowls-wholesale-2-12x12.webp 12w, https:\/\/www.yongjianceramic.com\/wp-content\/uploads\/2024\/09\/10-Inch-Bulk-Serving-Bowls-For-Stew-Ceramic-Soup-Bowls-wholesale-2-285x285.webp 285w, https:\/\/www.yongjianceramic.com\/wp-content\/uploads\/2024\/09\/10-Inch-Bulk-Serving-Bowls-For-Stew-Ceramic-Soup-Bowls-wholesale-2-270x270.webp 270w, https:\/\/www.yongjianceramic.com\/wp-content\/uploads\/2024\/09\/10-Inch-Bulk-Serving-Bowls-For-Stew-Ceramic-Soup-Bowls-wholesale-2-540x540.webp 540w, https:\/\/www.yongjianceramic.com\/wp-content\/uploads\/2024\/09\/10-Inch-Bulk-Serving-Bowls-For-Stew-Ceramic-Soup-Bowls-wholesale-2-660x660.webp 660w\" sizes=\"(max-width: 750px) 100vw, 750px\" \/><\/figure>\n<\/div><\/div>\n<\/div>","protected":false},"excerpt":{"rendered":"<p>Nous vous invitons \u00e0 acheter en gros des bols \u00e0 soupe en c\u00e9ramique. Nos bols de service en vrac sont id\u00e9aux pour tous les types de restaurants et peuvent r\u00e9pondre aux besoins de servir divers plats de soupe. Leur design haut de gamme et leur facilit\u00e9 de nettoyage garantissent leur praticit\u00e9 et leur beaut\u00e9. Nous vous invitons \u00e0 nous contacter pour plus d'informations.<\/p>\n<table style=\"border-collapse: collapse; width: 325.02pt;\" border=\"0\" width=\"325\" cellspacing=\"0\" cellpadding=\"0\">\n<tbody>\n<tr style=\"height: 17.60pt;\">\n<td class=\"et3\" style=\"height: 17.60pt; width: 120.25pt;\" width=\"120\" height=\"17\">Fabricant<\/td>\n<td class=\"et3\" style=\"width: 204.75pt;\" width=\"204\">Yongjian<\/td>\n<\/tr>\n<tr style=\"height: 18.00pt;\">\n<td class=\"et3\" style=\"height: 18.00pt;\" height=\"18\">Num\u00e9ro de mod\u00e8le<\/td>\n<td class=\"et4\" style=\"width: 204.75pt;\" width=\"204\">YJ-042<\/td>\n<\/tr>\n<tr style=\"height: 17.60pt;\">\n<td class=\"et3\" style=\"height: 17.60pt;\" height=\"17\">Type de produit<\/td>\n<td class=\"et3\">Assiette creuse, plateau de service<\/td>\n<\/tr>\n<tr style=\"height: 17.60pt;\">\n<td class=\"et3\" style=\"height: 17.60pt;\" height=\"17\">Mat\u00e9riau<\/td>\n<td class=\"et3\">Porcelaine<\/td>\n<\/tr>\n<tr style=\"height: 17.60pt;\">\n<td class=\"et5\" style=\"height: 17.60pt;\" height=\"17\">Couleur<\/td>\n<td class=\"et3\">Blanc\/ Noir<\/td>\n<\/tr>\n<tr style=\"height: 18.00pt;\">\n<td class=\"et3\" style=\"height: 18.00pt;\" height=\"18\">Dimension<\/td>\n<td class=\"et6\" style=\"width: 204.75pt;\" width=\"204\">25.5*25.5*7<\/td>\n<\/tr>\n<tr style=\"height: 17.60pt;\">\n<td class=\"et3\" style=\"height: 17.60pt;\" height=\"17\">MOQ<\/td>\n<td class=\"et3\">500pcs<\/td>\n<\/tr>\n<tr style=\"height: 17.60pt;\">\n<td class=\"et3\" style=\"height: 17.60pt;\" height=\"17\">Sur mesure<\/td>\n<td class=\"et3\">Couleur\/Taille\/Logo\/Emballage<\/td>\n<\/tr>\n<\/tbody>\n<\/table>","protected":false},"featured_media":3505,"comment_status":"closed","ping_status":"closed","template":"","meta":{"_acf_changed":false},"product_brand":[],"product_cat":[74,63],"product_tag":[96],"class_list":{"0":"post-3467","1":"product","2":"type-product","3":"status-publish","4":"has-post-thumbnail","6":"product_cat-bulk-serving-bowls","7":"product_cat-wholesale-bowls","8":"product_tag-black-white-dinnerware-wholesale","10":"first","11":"instock","12":"shipping-taxable","13":"product-type-simple"},"acf":[],"_links":{"self":[{"href":"https:\/\/www.yongjianceramic.com\/fr\/wp-json\/wp\/v2\/product\/3467","targetHints":{"allow":["GET"]}}],"collection":[{"href":"https:\/\/www.yongjianceramic.com\/fr\/wp-json\/wp\/v2\/product"}],"about":[{"href":"https:\/\/www.yongjianceramic.com\/fr\/wp-json\/wp\/v2\/types\/product"}],"replies":[{"embeddable":true,"href":"https:\/\/www.yongjianceramic.com\/fr\/wp-json\/wp\/v2\/comments?post=3467"}],"wp:featuredmedia":[{"embeddable":true,"href":"https:\/\/www.yongjianceramic.com\/fr\/wp-json\/wp\/v2\/media\/3505"}],"wp:attachment":[{"href":"https:\/\/www.yongjianceramic.com\/fr\/wp-json\/wp\/v2\/media?parent=3467"}],"wp:term":[{"taxonomy":"product_brand","embeddable":true,"href":"https:\/\/www.yongjianceramic.com\/fr\/wp-json\/wp\/v2\/product_brand?post=3467"},{"taxonomy":"product_cat","embeddable":true,"href":"https:\/\/www.yongjianceramic.com\/fr\/wp-json\/wp\/v2\/product_cat?post=3467"},{"taxonomy":"product_tag","embeddable":true,"href":"https:\/\/www.yongjianceramic.com\/fr\/wp-json\/wp\/v2\/product_tag?post=3467"}],"curies":[{"name":"wp","href":"https:\/\/api.w.org\/{rel}","templated":true}]}}