{"id":3474,"date":"2024-09-18T09:48:08","date_gmt":"2024-09-18T09:48:08","guid":{"rendered":"https:\/\/www.yongjianceramic.com\/?post_type=product&#038;p=3474"},"modified":"2025-11-19T15:07:29","modified_gmt":"2025-11-19T07:07:29","slug":"charger-plates-bulk","status":"publish","type":"product","link":"https:\/\/www.yongjianceramic.com\/fr\/produit\/charger-plates-bulk\/","title":{"rendered":"Assiettes de pr\u00e9sentation noires en vrac, assiettes de service blanches en gros"},"content":{"rendered":"<div class=\"wp-block-columns is-layout-flex wp-container-core-columns-is-layout-9d6595d7 wp-block-columns-is-layout-flex\">\n<div class=\"wp-block-column is-layout-flow wp-block-column-is-layout-flow\">\n<h2 class=\"wp-block-heading\">Plaques de chargeur de qualit\u00e9 sup\u00e9rieure Caract\u00e9ristiques en vrac :<\/h2>\n\n\n\n<ul class=\"wp-block-list\">\n<li><strong>Un design unique, une arme qui attire l'attention : <\/strong>Nos assiettes de pr\u00e9sentation noires et nos plateaux de service blancs en gros ont un style unique en forme de chapeau de paille qui offre un aspect diff\u00e9rent et original qui attire imm\u00e9diatement les clients. Peu importe qu'il s'agisse d'une r\u00e9union de famille ou d'un d\u00eener d'affaires formel, le style parle de lui-m\u00eame en apportant de la personnalit\u00e9 et de l'int\u00e9r\u00eat \u00e0 la table, am\u00e9liorant ainsi l'exp\u00e9rience culinaire.<\/li>\n\n\n\n<li><strong>Texture givr\u00e9e, texture rocheuse :<\/strong> Le mat\u00e9riau c\u00e9ramique givr\u00e9 utilis\u00e9 pour les grands plats de service a \u00e9t\u00e9 s\u00e9lectionn\u00e9 intentionnellement. La surface int\u00e9rieure pr\u00e9sente un aspect brut naturel qui conf\u00e8re \u00e0 l'assiette un toucher rugueux mais raffin\u00e9. La texture givr\u00e9e rehausse non seulement la beaut\u00e9 de ces assiettes vendues en gros, mais leur donne \u00e9galement un aspect plus artistique, leur conf\u00e9rant une impression haut de gamme et naturelle.<\/li>\n\n\n\n<li><strong>Utilisation polyvalente, pratique et rapide :<\/strong> Nos assiettes de pr\u00e9sentation noires en vrac et nos plateaux de service blancs en gros peuvent non seulement \u00eatre utilis\u00e9s pour le service quotidien, mais conviennent \u00e9galement \u00e0 divers modes de cuisson tels que la cuisson \u00e0 la vapeur, au four et au micro-ondes.<\/li>\n\n\n\n<li><strong>Le noir et le blanc, polyvalents et \u00e0 la mode :<\/strong> Nos plateaux de service en vrac sont disponibles en deux couleurs classiques : blanc et noir. Le blanc est pur et \u00e9l\u00e9gant, tandis que le noir est calme et atmosph\u00e9rique. Les deux couleurs s'accordent tr\u00e8s facilement avec d'autres styles de vaisselle ou de d\u00e9coration et s'int\u00e8grent facilement dans n'importe quel style de restaurant.<\/li>\n<\/ul>\n<\/div>\n\n\n\n<div class=\"wp-block-column is-vertically-aligned-center is-layout-flow wp-block-column-is-layout-flow\"><div class=\"wp-block-image\">\n<figure class=\"aligncenter size-full\"><img fetchpriority=\"high\" decoding=\"async\" width=\"750\" height=\"750\" src=\"https:\/\/www.yongjianceramic.com\/wp-content\/uploads\/2024\/09\/Black-Charger-Plates-Bulk-White-Wholesale-Serving-Platters-2.webp\" alt=\"Assiettes de pr\u00e9sentation noires en vrac, Assiettes de service blanches en gros-2\" class=\"wp-image-3508\" srcset=\"https:\/\/www.yongjianceramic.com\/wp-content\/uploads\/2024\/09\/Black-Charger-Plates-Bulk-White-Wholesale-Serving-Platters-2.webp 750w, https:\/\/www.yongjianceramic.com\/wp-content\/uploads\/2024\/09\/Black-Charger-Plates-Bulk-White-Wholesale-Serving-Platters-2-300x300.webp 300w, https:\/\/www.yongjianceramic.com\/wp-content\/uploads\/2024\/09\/Black-Charger-Plates-Bulk-White-Wholesale-Serving-Platters-2-150x150.webp 150w, https:\/\/www.yongjianceramic.com\/wp-content\/uploads\/2024\/09\/Black-Charger-Plates-Bulk-White-Wholesale-Serving-Platters-2-12x12.webp 12w, https:\/\/www.yongjianceramic.com\/wp-content\/uploads\/2024\/09\/Black-Charger-Plates-Bulk-White-Wholesale-Serving-Platters-2-285x285.webp 285w, https:\/\/www.yongjianceramic.com\/wp-content\/uploads\/2024\/09\/Black-Charger-Plates-Bulk-White-Wholesale-Serving-Platters-2-270x270.webp 270w, https:\/\/www.yongjianceramic.com\/wp-content\/uploads\/2024\/09\/Black-Charger-Plates-Bulk-White-Wholesale-Serving-Platters-2-540x540.webp 540w, https:\/\/www.yongjianceramic.com\/wp-content\/uploads\/2024\/09\/Black-Charger-Plates-Bulk-White-Wholesale-Serving-Platters-2-660x660.webp 660w\" sizes=\"(max-width: 750px) 100vw, 750px\" \/><\/figure>\n<\/div><\/div>\n<\/div>\n\n\n\n<p><\/p>","protected":false},"excerpt":{"rendered":"<p>Bienvenue dans l'achat de plateaux de service en vrac. Nos assiettes de service noires en vrac et nos assiettes de service blanches en gros pr\u00e9sentent un design unique de chapeau de paille. Les finitions mates et en pierre offrent une exp\u00e9rience visuelle et tactile in\u00e9gal\u00e9e. Les assiettes passent au micro-ondes, au four et \u00e0 la vapeur et conviennent \u00e0 diff\u00e9rents modes de cuisson. Le produit est fabriqu\u00e9 en c\u00e9ramique de premi\u00e8re qualit\u00e9 pour garantir sa durabilit\u00e9.<\/p>\n<table style=\"border-collapse: collapse; width: 325.02pt;\" border=\"0\" width=\"325\" cellspacing=\"0\" cellpadding=\"0\">\n<tbody>\n<tr style=\"height: 17.60pt;\">\n<td class=\"et3\" style=\"height: 17.60pt; width: 120.25pt;\" width=\"120\" height=\"17\">Fabricant<\/td>\n<td class=\"et3\" style=\"width: 204.75pt;\" width=\"204\">Yongjian<\/td>\n<\/tr>\n<tr style=\"height: 36.00pt;\">\n<td class=\"et3\" style=\"height: 36.00pt;\" height=\"36\">Num\u00e9ro de mod\u00e8le<\/td>\n<td class=\"et4\" style=\"width: 204.75pt;\" width=\"204\">YJ-045, 8 pouces<br \/>YJ-046, 10 pouces<\/td>\n<\/tr>\n<tr style=\"height: 17.60pt;\">\n<td class=\"et3\" style=\"height: 17.60pt;\" height=\"17\">Type de produit<\/td>\n<td class=\"et3\">Assiette creuse, plateau de service<\/td>\n<\/tr>\n<tr style=\"height: 17.60pt;\">\n<td class=\"et3\" style=\"height: 17.60pt;\" height=\"17\">Mat\u00e9riau<\/td>\n<td class=\"et3\">Porcelaine<\/td>\n<\/tr>\n<tr style=\"height: 17.60pt;\">\n<td class=\"et5\" style=\"height: 17.60pt;\" height=\"17\">Couleur<\/td>\n<td class=\"et3\">Blanc\/ Noir<\/td>\n<\/tr>\n<tr style=\"height: 36.00pt;\">\n<td class=\"et3\" style=\"height: 36.00pt;\" height=\"36\">Dimension<\/td>\n<td class=\"et6\" style=\"width: 204.75pt;\" width=\"204\">20*20*4<br \/>24.5*24.5*4.5<\/td>\n<\/tr>\n<tr style=\"height: 17.60pt;\">\n<td class=\"et3\" style=\"height: 17.60pt;\" height=\"17\">MOQ<\/td>\n<td class=\"et3\">500pcs<\/td>\n<\/tr>\n<tr style=\"height: 17.60pt;\">\n<td class=\"et3\" style=\"height: 17.60pt;\" height=\"17\">Sur mesure<\/td>\n<td class=\"et3\">Couleur\/Taille\/Logo\/Emballage<\/td>\n<\/tr>\n<\/tbody>\n<\/table>\n<p>&nbsp;<\/p>","protected":false},"featured_media":3507,"comment_status":"closed","ping_status":"closed","template":"","meta":{"_acf_changed":false},"product_brand":[],"product_cat":[77,62,76],"product_tag":[96],"class_list":{"0":"post-3474","1":"product","2":"type-product","3":"status-publish","4":"has-post-thumbnail","6":"product_cat-deep-plates-wholesale","7":"product_cat-ceramic-plates-wholesale","8":"product_cat-wholesale-serving-platters","9":"product_tag-black-white-dinnerware-wholesale","11":"first","12":"instock","13":"shipping-taxable","14":"product-type-simple"},"acf":[],"_links":{"self":[{"href":"https:\/\/www.yongjianceramic.com\/fr\/wp-json\/wp\/v2\/product\/3474","targetHints":{"allow":["GET"]}}],"collection":[{"href":"https:\/\/www.yongjianceramic.com\/fr\/wp-json\/wp\/v2\/product"}],"about":[{"href":"https:\/\/www.yongjianceramic.com\/fr\/wp-json\/wp\/v2\/types\/product"}],"replies":[{"embeddable":true,"href":"https:\/\/www.yongjianceramic.com\/fr\/wp-json\/wp\/v2\/comments?post=3474"}],"wp:featuredmedia":[{"embeddable":true,"href":"https:\/\/www.yongjianceramic.com\/fr\/wp-json\/wp\/v2\/media\/3507"}],"wp:attachment":[{"href":"https:\/\/www.yongjianceramic.com\/fr\/wp-json\/wp\/v2\/media?parent=3474"}],"wp:term":[{"taxonomy":"product_brand","embeddable":true,"href":"https:\/\/www.yongjianceramic.com\/fr\/wp-json\/wp\/v2\/product_brand?post=3474"},{"taxonomy":"product_cat","embeddable":true,"href":"https:\/\/www.yongjianceramic.com\/fr\/wp-json\/wp\/v2\/product_cat?post=3474"},{"taxonomy":"product_tag","embeddable":true,"href":"https:\/\/www.yongjianceramic.com\/fr\/wp-json\/wp\/v2\/product_tag?post=3474"}],"curies":[{"name":"wp","href":"https:\/\/api.w.org\/{rel}","templated":true}]}}