{"id":3519,"date":"2024-09-20T09:09:53","date_gmt":"2024-09-20T09:09:53","guid":{"rendered":"https:\/\/www.yongjianceramic.com\/?post_type=product&#038;p=3519"},"modified":"2025-11-19T14:53:34","modified_gmt":"2025-11-19T06:53:34","slug":"bulk-dinnerware-red","status":"publish","type":"product","link":"https:\/\/www.yongjianceramic.com\/fr\/produit\/bulk-dinnerware-red\/","title":{"rendered":"Vaisselle r\u00e9tro en vrac, assiettes et bols en c\u00e9ramique rouge Wholesale"},"content":{"rendered":"<div class=\"wp-block-columns is-layout-flex wp-container-core-columns-is-layout-9d6595d7 wp-block-columns-is-layout-flex\">\n<div class=\"wp-block-column is-layout-flow wp-block-column-is-layout-flow\">\n<h2 class=\"wp-block-heading\">Vaisselle en vrac de qualit\u00e9 sup\u00e9rieure Caract\u00e9ristiques :<\/h2>\n\n\n\n<ul class=\"wp-block-list\">\n<li><strong>Design r\u00e9tro classique : <\/strong>La vaisselle en c\u00e9ramique rouge est con\u00e7ue dans un style r\u00e9tro classique. La couleur rouge vif et la forme unique ajoutent une touche de couleur vive \u00e0 la table, pleine de nostalgie.<\/li>\n\n\n\n<li><strong>Mat\u00e9riau c\u00e9ramique de haute qualit\u00e9 :<\/strong> Chacune de nos assiettes et bols vendus en gros est fabriqu\u00e9e \u00e0 partir de c\u00e9ramique de haute qualit\u00e9 et cuite \u00e0 haute temp\u00e9rature, ce qui permet d'obtenir un produit robuste et durable, facilement r\u00e9sistant \u00e0 la chaleur et aux rayures pour un usage quotidien.<\/li>\n\n\n\n<li><strong>Choix vari\u00e9 de vaisselle : <\/strong>Le service de table complet comprend en moyenne une vari\u00e9t\u00e9 d'assiettes et de bols de diff\u00e9rentes tailles pour r\u00e9pondre \u00e0 divers besoins, que ce soit pour des r\u00e9unions de famille ou pour une utilisation dans un restaurant, il permet de cr\u00e9er une exp\u00e9rience culinaire compl\u00e8te.<\/li>\n\n\n\n<li><strong>Vente en gros et services personnalis\u00e9s : <\/strong>Pour r\u00e9pondre aux besoins des diff\u00e9rents clients, nous proposons des solutions flexibles pour la vente en gros d'assiettes et de bols, ainsi que des services personnalis\u00e9s pour garantir que chaque projet puisse cr\u00e9er un style de vaisselle unique.<\/li>\n<\/ul>\n<\/div>\n\n\n\n<div class=\"wp-block-column is-vertically-aligned-center is-layout-flow wp-block-column-is-layout-flow\"><div class=\"wp-block-image\">\n<figure class=\"aligncenter size-full\"><img fetchpriority=\"high\" decoding=\"async\" width=\"800\" height=\"800\" src=\"https:\/\/www.yongjianceramic.com\/wp-content\/uploads\/2024\/09\/Retro-Style-Bulk-Dinnerware-Red-Ceramic-Plates-Bowls-Set-1.webp\" alt=\"Vaisselle en vrac de style r\u00e9tro, Ensemble d&#039;assiettes et de bols en c\u00e9ramique rouge-1\" class=\"wp-image-3520\" srcset=\"https:\/\/www.yongjianceramic.com\/wp-content\/uploads\/2024\/09\/Retro-Style-Bulk-Dinnerware-Red-Ceramic-Plates-Bowls-Set-1.webp 800w, https:\/\/www.yongjianceramic.com\/wp-content\/uploads\/2024\/09\/Retro-Style-Bulk-Dinnerware-Red-Ceramic-Plates-Bowls-Set-1-300x300.webp 300w, https:\/\/www.yongjianceramic.com\/wp-content\/uploads\/2024\/09\/Retro-Style-Bulk-Dinnerware-Red-Ceramic-Plates-Bowls-Set-1-150x150.webp 150w, https:\/\/www.yongjianceramic.com\/wp-content\/uploads\/2024\/09\/Retro-Style-Bulk-Dinnerware-Red-Ceramic-Plates-Bowls-Set-1-768x768.webp 768w, https:\/\/www.yongjianceramic.com\/wp-content\/uploads\/2024\/09\/Retro-Style-Bulk-Dinnerware-Red-Ceramic-Plates-Bowls-Set-1-12x12.webp 12w, https:\/\/www.yongjianceramic.com\/wp-content\/uploads\/2024\/09\/Retro-Style-Bulk-Dinnerware-Red-Ceramic-Plates-Bowls-Set-1-285x285.webp 285w, https:\/\/www.yongjianceramic.com\/wp-content\/uploads\/2024\/09\/Retro-Style-Bulk-Dinnerware-Red-Ceramic-Plates-Bowls-Set-1-270x270.webp 270w, https:\/\/www.yongjianceramic.com\/wp-content\/uploads\/2024\/09\/Retro-Style-Bulk-Dinnerware-Red-Ceramic-Plates-Bowls-Set-1-540x540.webp 540w, https:\/\/www.yongjianceramic.com\/wp-content\/uploads\/2024\/09\/Retro-Style-Bulk-Dinnerware-Red-Ceramic-Plates-Bowls-Set-1-660x660.webp 660w\" sizes=\"(max-width: 800px) 100vw, 800px\" \/><\/figure>\n<\/div><\/div>\n<\/div>","protected":false},"excerpt":{"rendered":"<p>Bienvenue pour l'achat en gros d'assiettes et de bols. Cet ensemble de vaisselle en c\u00e9ramique rouge de style r\u00e9tro provient d'une p\u00e9riode r\u00e9tro classique et se caract\u00e9rise par des mat\u00e9riaux c\u00e9ramiques de haute qualit\u00e9, une belle finition et une grande qualit\u00e9. Il pourra \u00eatre utilis\u00e9 dans de nombreux contextes diff\u00e9rents \u00e0 table. Le choix parmi plusieurs mod\u00e8les et les services de vente en gros personnalisables le rendent encore plus attrayant pour les restaurants de style r\u00e9tro et l'usage domestique.<\/p>\n<table style=\"border-collapse: collapse; width: 309.02pt;\" border=\"0\" width=\"309\" cellspacing=\"0\" cellpadding=\"0\">\n<tbody>\n<tr style=\"height: 17.60pt;\">\n<td class=\"et3\" style=\"height: 17.60pt; width: 120.25pt;\" width=\"120\" height=\"17\">Fabricant<\/td>\n<td class=\"et3\" style=\"width: 189.25pt;\" width=\"189\">Yongjian<\/td>\n<\/tr>\n<tr style=\"height: 18.00pt;\">\n<td class=\"et3\" style=\"height: 18.00pt;\" height=\"18\">Num\u00e9ro de mod\u00e8le<\/td>\n<td class=\"et4\" style=\"width: 189.25pt;\" width=\"189\">YJ-058<\/td>\n<\/tr>\n<tr style=\"height: 18.00pt;\">\n<td class=\"et5\" style=\"height: 18.00pt; width: 120.25pt;\" width=\"120\" height=\"18\">Type de vaisselle<\/td>\n<td class=\"et5\" style=\"width: 189.25pt;\" width=\"189\">Plateaux, assiettes, bols<\/td>\n<\/tr>\n<tr style=\"height: 17.60pt;\">\n<td class=\"et3\" style=\"height: 17.60pt;\" height=\"17\">Technique<\/td>\n<td class=\"et3\">Effet de gla\u00e7age au four<\/td>\n<\/tr>\n<tr style=\"height: 17.60pt;\">\n<td class=\"et3\" style=\"height: 17.60pt;\" height=\"17\">Mat\u00e9riau<\/td>\n<td class=\"et3\">Porcelaine<\/td>\n<\/tr>\n<tr style=\"height: 36.00pt;\">\n<td class=\"et6\" style=\"height: 36.00pt;\" height=\"36\">Applicable<\/td>\n<td class=\"et5\" style=\"width: 189.25pt;\" width=\"189\">St\u00e9rilisateur, lave-vaisselle, four, micro-ondes<\/td>\n<\/tr>\n<tr style=\"height: 17.60pt;\">\n<td class=\"et3\" style=\"height: 17.60pt;\" height=\"17\">Dimension<\/td>\n<td class=\"et3\">En tant qu'image<\/td>\n<\/tr>\n<tr style=\"height: 17.60pt;\">\n<td class=\"et3\" style=\"height: 17.60pt;\" height=\"17\">MOQ<\/td>\n<td class=\"et3\">500pcs<\/td>\n<\/tr>\n<tr style=\"height: 17.60pt;\">\n<td class=\"et3\" style=\"height: 17.60pt;\" height=\"17\">Sur mesure<\/td>\n<td class=\"et3\">Couleur\/Taille\/Logo\/Emballage<\/td>\n<\/tr>\n<\/tbody>\n<\/table>","protected":false},"featured_media":3527,"comment_status":"closed","ping_status":"closed","template":"","meta":{"_acf_changed":false},"product_brand":[],"product_cat":[64,83],"product_tag":[84],"class_list":{"0":"post-3519","1":"product","2":"type-product","3":"status-publish","4":"has-post-thumbnail","6":"product_cat-dinnerware-sets","7":"product_cat-dinner-sets-wholesale","8":"product_tag-retro-design-dinnerware-wholesale","10":"first","11":"instock","12":"shipping-taxable","13":"product-type-simple"},"acf":[],"_links":{"self":[{"href":"https:\/\/www.yongjianceramic.com\/fr\/wp-json\/wp\/v2\/product\/3519","targetHints":{"allow":["GET"]}}],"collection":[{"href":"https:\/\/www.yongjianceramic.com\/fr\/wp-json\/wp\/v2\/product"}],"about":[{"href":"https:\/\/www.yongjianceramic.com\/fr\/wp-json\/wp\/v2\/types\/product"}],"replies":[{"embeddable":true,"href":"https:\/\/www.yongjianceramic.com\/fr\/wp-json\/wp\/v2\/comments?post=3519"}],"wp:featuredmedia":[{"embeddable":true,"href":"https:\/\/www.yongjianceramic.com\/fr\/wp-json\/wp\/v2\/media\/3527"}],"wp:attachment":[{"href":"https:\/\/www.yongjianceramic.com\/fr\/wp-json\/wp\/v2\/media?parent=3519"}],"wp:term":[{"taxonomy":"product_brand","embeddable":true,"href":"https:\/\/www.yongjianceramic.com\/fr\/wp-json\/wp\/v2\/product_brand?post=3519"},{"taxonomy":"product_cat","embeddable":true,"href":"https:\/\/www.yongjianceramic.com\/fr\/wp-json\/wp\/v2\/product_cat?post=3519"},{"taxonomy":"product_tag","embeddable":true,"href":"https:\/\/www.yongjianceramic.com\/fr\/wp-json\/wp\/v2\/product_tag?post=3519"}],"curies":[{"name":"wp","href":"https:\/\/api.w.org\/{rel}","templated":true}]}}