{"id":3533,"date":"2024-09-20T09:54:55","date_gmt":"2024-09-20T09:54:55","guid":{"rendered":"https:\/\/www.yongjianceramic.com\/?post_type=product&#038;p=3533"},"modified":"2024-09-20T10:06:41","modified_gmt":"2024-09-20T10:06:41","slug":"blue-bulk-crockery","status":"publish","type":"product","link":"https:\/\/www.yongjianceramic.com\/fr\/produit\/blue-bulk-crockery\/","title":{"rendered":"Set de vaisselle en porcelaine bleu r\u00e9tro, vente en gros de vaisselle en porcelaine"},"content":{"rendered":"<div class=\"wp-block-columns is-layout-flex wp-container-core-columns-is-layout-9d6595d7 wp-block-columns-is-layout-flex\">\n<div class=\"wp-block-column is-layout-flow wp-block-column-is-layout-flow\">\n<h2 class=\"wp-block-heading\">Caract\u00e9ristiques de la vaisselle en vrac de qualit\u00e9 sup\u00e9rieure :<\/h2>\n\n\n\n<ul class=\"wp-block-list\">\n<li><strong>Bleu r\u00e9tro \u00e9l\u00e9gant :<\/strong> Ce service de vaisselle en vrac bleu est con\u00e7u dans un style r\u00e9tro classique. L'\u00e9l\u00e9gante combinaison de tons bleus conf\u00e8re \u00e0 la vaisselle un charme r\u00e9tro unique, qui convient aux restaurants haut de gamme et aux familles pour rehausser le go\u00fbt de la table.<\/li>\n\n\n\n<li><strong>Mat\u00e9riau en porcelaine de haute qualit\u00e9 : <\/strong>Chaque pi\u00e8ce de vaisselle en porcelaine utilise une porcelaine de haute qualit\u00e9 cuite \u00e0 haute temp\u00e9rature pour garantir une surface lisse et une excellente durabilit\u00e9. Elle est \u00e9galement r\u00e9sistante \u00e0 la chaleur et aux rayures, et convient \u00e0 une utilisation \u00e0 long terme.<\/li>\n\n\n\n<li><strong>Diverses combinaisons d'ensembles : <\/strong>Nos ensembles de vaisselle en vrac comprennent des bols, des assiettes, des tasses, etc. de diff\u00e9rentes tailles pour r\u00e9pondre aux besoins de diverses occasions de repas. Ils conviennent aussi bien \u00e0 l'usage familial quotidien qu'aux grandes occasions de restauration.<\/li>\n\n\n\n<li><strong>Options de vente en gros et sur mesure :<\/strong> Nous fournissons des services de vente en gros de vaisselle en porcelaine afin de r\u00e9pondre \u00e0 la demande de gros volumes, tout en soutenant la personnalisation afin de rendre le design de la vaisselle du client plus distinctif et de r\u00e9pondre aux exigences de diff\u00e9rents projets.<\/li>\n<\/ul>\n<\/div>\n\n\n\n<div class=\"wp-block-column is-vertically-aligned-center is-layout-flow wp-block-column-is-layout-flow\"><div class=\"wp-block-image\">\n<figure class=\"aligncenter size-full\"><img fetchpriority=\"high\" decoding=\"async\" width=\"800\" height=\"800\" src=\"https:\/\/www.yongjianceramic.com\/wp-content\/uploads\/2024\/09\/Retro-Style-Blue-Bulk-Crockery-Set-Porcelain-Tableware-Wholesale4.webp\" alt=\"Set de vaisselle en porcelaine bleu r\u00e9tro, vente en gros(4)\" class=\"wp-image-3537\" srcset=\"https:\/\/www.yongjianceramic.com\/wp-content\/uploads\/2024\/09\/Retro-Style-Blue-Bulk-Crockery-Set-Porcelain-Tableware-Wholesale4.webp 800w, https:\/\/www.yongjianceramic.com\/wp-content\/uploads\/2024\/09\/Retro-Style-Blue-Bulk-Crockery-Set-Porcelain-Tableware-Wholesale4-300x300.webp 300w, https:\/\/www.yongjianceramic.com\/wp-content\/uploads\/2024\/09\/Retro-Style-Blue-Bulk-Crockery-Set-Porcelain-Tableware-Wholesale4-150x150.webp 150w, https:\/\/www.yongjianceramic.com\/wp-content\/uploads\/2024\/09\/Retro-Style-Blue-Bulk-Crockery-Set-Porcelain-Tableware-Wholesale4-768x768.webp 768w, https:\/\/www.yongjianceramic.com\/wp-content\/uploads\/2024\/09\/Retro-Style-Blue-Bulk-Crockery-Set-Porcelain-Tableware-Wholesale4-12x12.webp 12w, https:\/\/www.yongjianceramic.com\/wp-content\/uploads\/2024\/09\/Retro-Style-Blue-Bulk-Crockery-Set-Porcelain-Tableware-Wholesale4-285x285.webp 285w, https:\/\/www.yongjianceramic.com\/wp-content\/uploads\/2024\/09\/Retro-Style-Blue-Bulk-Crockery-Set-Porcelain-Tableware-Wholesale4-270x270.webp 270w, https:\/\/www.yongjianceramic.com\/wp-content\/uploads\/2024\/09\/Retro-Style-Blue-Bulk-Crockery-Set-Porcelain-Tableware-Wholesale4-540x540.webp 540w, https:\/\/www.yongjianceramic.com\/wp-content\/uploads\/2024\/09\/Retro-Style-Blue-Bulk-Crockery-Set-Porcelain-Tableware-Wholesale4-660x660.webp 660w\" sizes=\"(max-width: 800px) 100vw, 800px\" \/><\/figure>\n<\/div><\/div>\n<\/div>","protected":false},"excerpt":{"rendered":"<p>Bienvenue pour acheter en gros de la vaisselle en porcelaine, notre ensemble de vaisselle en vrac bleu r\u00e9tro combine un design r\u00e9tro classique et des mat\u00e9riaux en porcelaine haut de gamme, qui sont durables et beaux, et conviennent \u00e0 diverses sc\u00e8nes de table. La s\u00e9lection vari\u00e9e de vaisselle et les services de personnalisation en gros en font un choix id\u00e9al pour les restaurants haut de gamme et les familles.<\/p>\n<table style=\"border-collapse: collapse; width: 309.02pt;\" border=\"0\" width=\"309\" cellspacing=\"0\" cellpadding=\"0\">\n<tbody>\n<tr style=\"height: 17.60pt;\">\n<td class=\"et3\" style=\"height: 17.60pt; width: 120.25pt;\" width=\"120\" height=\"17\">Fabricant<\/td>\n<td class=\"et3\" style=\"width: 189.25pt;\" width=\"189\">Yongjian<\/td>\n<\/tr>\n<tr style=\"height: 18.00pt;\">\n<td class=\"et3\" style=\"height: 18.00pt;\" height=\"18\">Num\u00e9ro de mod\u00e8le<\/td>\n<td class=\"et4\" style=\"width: 189.25pt;\" width=\"189\">YJ-059<\/td>\n<\/tr>\n<tr style=\"height: 18.00pt;\">\n<td class=\"et5\" style=\"height: 18.00pt; width: 120.25pt;\" width=\"120\" height=\"18\">Type de vaisselle<\/td>\n<td class=\"et5\" style=\"width: 189.25pt;\" width=\"189\">Plateaux, assiettes, bols<\/td>\n<\/tr>\n<tr style=\"height: 17.60pt;\">\n<td class=\"et3\" style=\"height: 17.60pt;\" height=\"17\">Technique<\/td>\n<td class=\"et3\">Effet de gla\u00e7age au four<\/td>\n<\/tr>\n<tr style=\"height: 17.60pt;\">\n<td class=\"et3\" style=\"height: 17.60pt;\" height=\"17\">Mat\u00e9riau<\/td>\n<td class=\"et3\">Porcelaine<\/td>\n<\/tr>\n<tr style=\"height: 36.00pt;\">\n<td class=\"et6\" style=\"height: 36.00pt;\" height=\"36\">Applicable<\/td>\n<td class=\"et5\" style=\"width: 189.25pt;\" width=\"189\">St\u00e9rilisateur, lave-vaisselle, four, micro-ondes<\/td>\n<\/tr>\n<tr style=\"height: 17.60pt;\">\n<td class=\"et3\" style=\"height: 17.60pt;\" height=\"17\">Dimension<\/td>\n<td class=\"et3\">En tant qu'image<\/td>\n<\/tr>\n<tr style=\"height: 17.60pt;\">\n<td class=\"et3\" style=\"height: 17.60pt;\" height=\"17\">MOQ<\/td>\n<td class=\"et3\">500pcs<\/td>\n<\/tr>\n<tr style=\"height: 17.60pt;\">\n<td class=\"et3\" style=\"height: 17.60pt;\" height=\"17\">Sur mesure<\/td>\n<td class=\"et3\">Couleur\/Taille\/Logo\/Emballage<\/td>\n<\/tr>\n<\/tbody>\n<\/table>","protected":false},"featured_media":3540,"comment_status":"closed","ping_status":"closed","template":"","meta":{"_acf_changed":false},"product_brand":[],"product_cat":[64,83],"product_tag":[84],"class_list":{"0":"post-3533","1":"product","2":"type-product","3":"status-publish","4":"has-post-thumbnail","6":"product_cat-dinnerware-sets","7":"product_cat-dinner-sets-wholesale","8":"product_tag-retro-design-dinnerware-wholesale","10":"first","11":"instock","12":"shipping-taxable","13":"product-type-simple"},"acf":[],"_links":{"self":[{"href":"https:\/\/www.yongjianceramic.com\/fr\/wp-json\/wp\/v2\/product\/3533","targetHints":{"allow":["GET"]}}],"collection":[{"href":"https:\/\/www.yongjianceramic.com\/fr\/wp-json\/wp\/v2\/product"}],"about":[{"href":"https:\/\/www.yongjianceramic.com\/fr\/wp-json\/wp\/v2\/types\/product"}],"replies":[{"embeddable":true,"href":"https:\/\/www.yongjianceramic.com\/fr\/wp-json\/wp\/v2\/comments?post=3533"}],"wp:featuredmedia":[{"embeddable":true,"href":"https:\/\/www.yongjianceramic.com\/fr\/wp-json\/wp\/v2\/media\/3540"}],"wp:attachment":[{"href":"https:\/\/www.yongjianceramic.com\/fr\/wp-json\/wp\/v2\/media?parent=3533"}],"wp:term":[{"taxonomy":"product_brand","embeddable":true,"href":"https:\/\/www.yongjianceramic.com\/fr\/wp-json\/wp\/v2\/product_brand?post=3533"},{"taxonomy":"product_cat","embeddable":true,"href":"https:\/\/www.yongjianceramic.com\/fr\/wp-json\/wp\/v2\/product_cat?post=3533"},{"taxonomy":"product_tag","embeddable":true,"href":"https:\/\/www.yongjianceramic.com\/fr\/wp-json\/wp\/v2\/product_tag?post=3533"}],"curies":[{"name":"wp","href":"https:\/\/api.w.org\/{rel}","templated":true}]}}