{"id":3543,"date":"2024-09-20T10:07:11","date_gmt":"2024-09-20T10:07:11","guid":{"rendered":"https:\/\/www.yongjianceramic.com\/?post_type=product&#038;p=3543"},"modified":"2024-09-20T10:17:28","modified_gmt":"2024-09-20T10:17:28","slug":"green-custom-dinnerware-sets","status":"publish","type":"product","link":"https:\/\/www.yongjianceramic.com\/fr\/produit\/green-custom-dinnerware-sets\/","title":{"rendered":"Vaisselle r\u00e9tro verte personnalis\u00e9e, vaisselle en c\u00e9ramique en vrac"},"content":{"rendered":"<div class=\"wp-block-columns is-layout-flex wp-container-core-columns-is-layout-9d6595d7 wp-block-columns-is-layout-flex\">\n<div class=\"wp-block-column is-layout-flow wp-block-column-is-layout-flow\">\n<h2 class=\"wp-block-heading\">Premium Custom Dinnerware Sets Caract\u00e9ristiques :<\/h2>\n\n\n\n<ul class=\"wp-block-list\">\n<li><strong>Design r\u00e9tro unique : <\/strong>Ce service de vaisselle en gros r\u00e9tro vert personnalis\u00e9 pr\u00e9sente un design r\u00e9tro classique. La teinte vert tendre donne \u00e0 la vaisselle une touche nostalgique unique, qui convient \u00e0 une vari\u00e9t\u00e9 de styles de table, en particulier les occasions \u00e0 th\u00e8me r\u00e9tro et nature.<\/li>\n\n\n\n<li><strong>Fabrication en c\u00e9ramique de haute qualit\u00e9 : <\/strong>Notre vaisselle en c\u00e9ramique en vrac est fabriqu\u00e9e \u00e0 partir de mat\u00e9riaux c\u00e9ramiques de haute qualit\u00e9 et cuite \u00e0 haute temp\u00e9rature pour garantir que la vaisselle est durable et r\u00e9sistante aux rayures, tout en ayant une gla\u00e7ure lisse qui est facile \u00e0 nettoyer et durable.<\/li>\n\n\n\n<li><strong>Service de personnalisation flexible : <\/strong>Cette s\u00e9rie de vaisselle en gros personnalis\u00e9e permet une conception sur mesure. Les clients peuvent choisir la taille, la forme et le motif de la vaisselle en fonction de leurs besoins pour cr\u00e9er une vaisselle personnalis\u00e9e.<\/li>\n\n\n\n<li><strong>Approvisionnement en vrac et qualit\u00e9 stable : <\/strong>Nous proposons des options de vente en gros flexibles pour la vaisselle en c\u00e9ramique en vrac afin de garantir une livraison rapide des grosses commandes. Chaque lot de produits est soumis \u00e0 des contr\u00f4les de qualit\u00e9 stricts afin de garantir une qualit\u00e9 \u00e9lev\u00e9e et constante.<\/li>\n<\/ul>\n<\/div>\n\n\n\n<div class=\"wp-block-column is-vertically-aligned-center is-layout-flow wp-block-column-is-layout-flow\"><div class=\"wp-block-image\">\n<figure class=\"aligncenter size-full\"><img fetchpriority=\"high\" decoding=\"async\" width=\"800\" height=\"800\" src=\"https:\/\/www.yongjianceramic.com\/wp-content\/uploads\/2024\/09\/Retro-Green-Custom-Dinnerware-Sets-Bulk-Ceramic-Tableware-5.webp\" alt=\"Vaisselle r\u00e9tro verte personnalis\u00e9e, vaisselle en c\u00e9ramique en vrac-5\" class=\"wp-image-3548\" srcset=\"https:\/\/www.yongjianceramic.com\/wp-content\/uploads\/2024\/09\/Retro-Green-Custom-Dinnerware-Sets-Bulk-Ceramic-Tableware-5.webp 800w, https:\/\/www.yongjianceramic.com\/wp-content\/uploads\/2024\/09\/Retro-Green-Custom-Dinnerware-Sets-Bulk-Ceramic-Tableware-5-300x300.webp 300w, https:\/\/www.yongjianceramic.com\/wp-content\/uploads\/2024\/09\/Retro-Green-Custom-Dinnerware-Sets-Bulk-Ceramic-Tableware-5-150x150.webp 150w, https:\/\/www.yongjianceramic.com\/wp-content\/uploads\/2024\/09\/Retro-Green-Custom-Dinnerware-Sets-Bulk-Ceramic-Tableware-5-768x768.webp 768w, https:\/\/www.yongjianceramic.com\/wp-content\/uploads\/2024\/09\/Retro-Green-Custom-Dinnerware-Sets-Bulk-Ceramic-Tableware-5-12x12.webp 12w, https:\/\/www.yongjianceramic.com\/wp-content\/uploads\/2024\/09\/Retro-Green-Custom-Dinnerware-Sets-Bulk-Ceramic-Tableware-5-285x285.webp 285w, https:\/\/www.yongjianceramic.com\/wp-content\/uploads\/2024\/09\/Retro-Green-Custom-Dinnerware-Sets-Bulk-Ceramic-Tableware-5-270x270.webp 270w, https:\/\/www.yongjianceramic.com\/wp-content\/uploads\/2024\/09\/Retro-Green-Custom-Dinnerware-Sets-Bulk-Ceramic-Tableware-5-540x540.webp 540w, https:\/\/www.yongjianceramic.com\/wp-content\/uploads\/2024\/09\/Retro-Green-Custom-Dinnerware-Sets-Bulk-Ceramic-Tableware-5-660x660.webp 660w\" sizes=\"(max-width: 800px) 100vw, 800px\" \/><\/figure>\n<\/div><\/div>\n<\/div>","protected":false},"excerpt":{"rendered":"<p>Notre vaisselle r\u00e9tro verte en gros est fabriqu\u00e9e \u00e0 partir de mat\u00e9riaux c\u00e9ramiques de haute qualit\u00e9 et de motifs r\u00e9tro classiques, convenant \u00e0 une vari\u00e9t\u00e9 de styles de table. La personnalisation et la flexibilit\u00e9 des options de vente en gros en font un choix id\u00e9al pour les restaurants, les h\u00f4tels et les projets de marque, ajoutant un charme unique \u00e0 l'exp\u00e9rience gastronomique. Nous vous invitons \u00e0 acheter de la vaisselle en c\u00e9ramique en gros.\u00a0<\/p>\n<table style=\"border-collapse: collapse; width: 309.02pt;\" border=\"0\" width=\"309\" cellspacing=\"0\" cellpadding=\"0\">\n<tbody>\n<tr style=\"height: 17.60pt;\">\n<td class=\"et3\" style=\"height: 17.60pt; width: 120.25pt;\" width=\"120\" height=\"17\">Fabricant<\/td>\n<td class=\"et3\" style=\"width: 189.25pt;\" width=\"189\">Yongjian<\/td>\n<\/tr>\n<tr style=\"height: 18.00pt;\">\n<td class=\"et3\" style=\"height: 18.00pt;\" height=\"18\">Num\u00e9ro de mod\u00e8le<\/td>\n<td class=\"et4\" style=\"width: 189.25pt;\" width=\"189\">YJ-060<\/td>\n<\/tr>\n<tr style=\"height: 18.00pt;\">\n<td class=\"et5\" style=\"height: 18.00pt; width: 120.25pt;\" width=\"120\" height=\"18\">Type de vaisselle<\/td>\n<td class=\"et5\" style=\"width: 189.25pt;\" width=\"189\">Plateaux, assiettes, bols<\/td>\n<\/tr>\n<tr style=\"height: 17.60pt;\">\n<td class=\"et3\" style=\"height: 17.60pt;\" height=\"17\">Technique<\/td>\n<td class=\"et3\">Effet de gla\u00e7age au four<\/td>\n<\/tr>\n<tr style=\"height: 17.60pt;\">\n<td class=\"et3\" style=\"height: 17.60pt;\" height=\"17\">Mat\u00e9riau<\/td>\n<td class=\"et3\">Porcelaine<\/td>\n<\/tr>\n<tr style=\"height: 36.00pt;\">\n<td class=\"et6\" style=\"height: 36.00pt;\" height=\"36\">Applicable<\/td>\n<td class=\"et5\" style=\"width: 189.25pt;\" width=\"189\">St\u00e9rilisateur, lave-vaisselle, four, micro-ondes<\/td>\n<\/tr>\n<tr style=\"height: 17.60pt;\">\n<td class=\"et3\" style=\"height: 17.60pt;\" height=\"17\">Dimension<\/td>\n<td class=\"et3\">En tant qu'image<\/td>\n<\/tr>\n<tr style=\"height: 17.60pt;\">\n<td class=\"et3\" style=\"height: 17.60pt;\" height=\"17\">MOQ<\/td>\n<td class=\"et3\">500pcs<\/td>\n<\/tr>\n<tr style=\"height: 17.60pt;\">\n<td class=\"et3\" style=\"height: 17.60pt;\" height=\"17\">Sur mesure<\/td>\n<td class=\"et3\">Couleur\/Taille\/Logo\/Emballage<\/td>\n<\/tr>\n<\/tbody>\n<\/table>","protected":false},"featured_media":3544,"comment_status":"closed","ping_status":"closed","template":"","meta":{"_acf_changed":false},"product_brand":[],"product_cat":[64,83],"product_tag":[84],"class_list":{"0":"post-3543","1":"product","2":"type-product","3":"status-publish","4":"has-post-thumbnail","6":"product_cat-dinnerware-sets","7":"product_cat-dinner-sets-wholesale","8":"product_tag-retro-design-dinnerware-wholesale","10":"first","11":"instock","12":"shipping-taxable","13":"product-type-simple"},"acf":[],"_links":{"self":[{"href":"https:\/\/www.yongjianceramic.com\/fr\/wp-json\/wp\/v2\/product\/3543","targetHints":{"allow":["GET"]}}],"collection":[{"href":"https:\/\/www.yongjianceramic.com\/fr\/wp-json\/wp\/v2\/product"}],"about":[{"href":"https:\/\/www.yongjianceramic.com\/fr\/wp-json\/wp\/v2\/types\/product"}],"replies":[{"embeddable":true,"href":"https:\/\/www.yongjianceramic.com\/fr\/wp-json\/wp\/v2\/comments?post=3543"}],"wp:featuredmedia":[{"embeddable":true,"href":"https:\/\/www.yongjianceramic.com\/fr\/wp-json\/wp\/v2\/media\/3544"}],"wp:attachment":[{"href":"https:\/\/www.yongjianceramic.com\/fr\/wp-json\/wp\/v2\/media?parent=3543"}],"wp:term":[{"taxonomy":"product_brand","embeddable":true,"href":"https:\/\/www.yongjianceramic.com\/fr\/wp-json\/wp\/v2\/product_brand?post=3543"},{"taxonomy":"product_cat","embeddable":true,"href":"https:\/\/www.yongjianceramic.com\/fr\/wp-json\/wp\/v2\/product_cat?post=3543"},{"taxonomy":"product_tag","embeddable":true,"href":"https:\/\/www.yongjianceramic.com\/fr\/wp-json\/wp\/v2\/product_tag?post=3543"}],"curies":[{"name":"wp","href":"https:\/\/api.w.org\/{rel}","templated":true}]}}