{"id":3561,"date":"2024-09-23T02:34:21","date_gmt":"2024-09-23T02:34:21","guid":{"rendered":"https:\/\/www.yongjianceramic.com\/?post_type=product&#038;p=3561"},"modified":"2024-09-23T03:25:15","modified_gmt":"2024-09-23T03:25:15","slug":"oriental-tableware-wholesale","status":"publish","type":"product","link":"https:\/\/www.yongjianceramic.com\/fr\/produit\/oriental-tableware-wholesale\/","title":{"rendered":"Vaisselle orientale en gros, bols, assiettes et tasses \u00e0 gla\u00e7ure r\u00e9active en vrac"},"content":{"rendered":"<div class=\"wp-block-columns is-layout-flex wp-container-core-columns-is-layout-9d6595d7 wp-block-columns-is-layout-flex\">\n<div class=\"wp-block-column is-layout-flow wp-block-column-is-layout-flow\">\n<h2 class=\"wp-block-heading\">Vaisselle orientale de qualit\u00e9 sup\u00e9rieure (Wholesale) Caract\u00e9ristiques :<\/h2>\n\n\n\n<ul class=\"wp-block-list\">\n<li><strong>Design esth\u00e9tique oriental : <\/strong>Notre s\u00e9rie de vaisselle orientale en gros incorpore des \u00e9l\u00e9ments esth\u00e9tiques orientaux traditionnels et combine un style minimaliste moderne pour cr\u00e9er une \u0153uvre d'art \u00e0 la fois \u00e9l\u00e9gante et pratique.<\/li>\n\n\n\n<li><strong>Technologie de gla\u00e7age par r\u00e9action : <\/strong>Ces bols, assiettes et tasses en gros utilisent un proc\u00e9d\u00e9 unique de gla\u00e7age par r\u00e9action, qui permet \u00e0 chaque article de table de pr\u00e9senter un flux naturel de changements de couleur de gla\u00e7age au cours du processus de cuisson, formant une texture et un effet de couleur uniques.<\/li>\n\n\n\n<li><strong>Diverses options de taille : <\/strong>Notre s\u00e9rie de vaisselle orientale en gros offre une vari\u00e9t\u00e9 de bols, d'assiettes, de tasses et d'autres sp\u00e9cifications, convenant \u00e0 diff\u00e9rents types de plats et d'occasions de d\u00eener. Qu'il s'agisse d'une utilisation quotidienne \u00e0 la maison ou d'une salle \u00e0 manger haut de gamme, elle peut r\u00e9pondre aux besoins des convives.<\/li>\n\n\n\n<li><strong>Mat\u00e9riaux durables et respectueux de l'environnement : <\/strong>Ces bols, assiettes et tasses en gros sont fabriqu\u00e9s \u00e0 partir de mati\u00e8res premi\u00e8res c\u00e9ramiques de haute qualit\u00e9, qui sont extr\u00eamement durables, r\u00e9sistantes aux temp\u00e9ratures \u00e9lev\u00e9es, aux rayures et faciles \u00e0 nettoyer, garantissant une utilisation \u00e0 long terme sans perdre leur \u00e9clat. Le mat\u00e9riau est s\u00fbr et respectueux de l'environnement et r\u00e9pond aux normes de s\u00e9curit\u00e9 alimentaire.<\/li>\n<\/ul>\n<\/div>\n\n\n\n<div class=\"wp-block-column is-vertically-aligned-center is-layout-flow wp-block-column-is-layout-flow\">\n<figure class=\"wp-block-image size-full\"><img fetchpriority=\"high\" decoding=\"async\" width=\"800\" height=\"800\" src=\"https:\/\/www.yongjianceramic.com\/wp-content\/uploads\/2024\/09\/Oriental-Tableware-Wholesale-Reactive-Glaze-Bulk-Bowls-Plates-Cups-01.jpg\" alt=\"Vaisselle orientale en gros, bols, assiettes, tasses en vrac \u00e0 gla\u00e7ure r\u00e9active-01\" class=\"wp-image-3565\" srcset=\"https:\/\/www.yongjianceramic.com\/wp-content\/uploads\/2024\/09\/Oriental-Tableware-Wholesale-Reactive-Glaze-Bulk-Bowls-Plates-Cups-01.jpg 800w, https:\/\/www.yongjianceramic.com\/wp-content\/uploads\/2024\/09\/Oriental-Tableware-Wholesale-Reactive-Glaze-Bulk-Bowls-Plates-Cups-01-300x300.jpg 300w, https:\/\/www.yongjianceramic.com\/wp-content\/uploads\/2024\/09\/Oriental-Tableware-Wholesale-Reactive-Glaze-Bulk-Bowls-Plates-Cups-01-150x150.jpg 150w, https:\/\/www.yongjianceramic.com\/wp-content\/uploads\/2024\/09\/Oriental-Tableware-Wholesale-Reactive-Glaze-Bulk-Bowls-Plates-Cups-01-768x768.jpg 768w, https:\/\/www.yongjianceramic.com\/wp-content\/uploads\/2024\/09\/Oriental-Tableware-Wholesale-Reactive-Glaze-Bulk-Bowls-Plates-Cups-01-12x12.jpg 12w, https:\/\/www.yongjianceramic.com\/wp-content\/uploads\/2024\/09\/Oriental-Tableware-Wholesale-Reactive-Glaze-Bulk-Bowls-Plates-Cups-01-285x285.jpg 285w, https:\/\/www.yongjianceramic.com\/wp-content\/uploads\/2024\/09\/Oriental-Tableware-Wholesale-Reactive-Glaze-Bulk-Bowls-Plates-Cups-01-270x270.jpg 270w, https:\/\/www.yongjianceramic.com\/wp-content\/uploads\/2024\/09\/Oriental-Tableware-Wholesale-Reactive-Glaze-Bulk-Bowls-Plates-Cups-01-540x540.jpg 540w, https:\/\/www.yongjianceramic.com\/wp-content\/uploads\/2024\/09\/Oriental-Tableware-Wholesale-Reactive-Glaze-Bulk-Bowls-Plates-Cups-01-660x660.jpg 660w\" sizes=\"(max-width: 800px) 100vw, 800px\" \/><\/figure>\n<\/div>\n<\/div>","protected":false},"excerpt":{"rendered":"<p>Nous vous invitons \u00e0 acheter en gros des bols, des assiettes et des tasses. Notre s\u00e9rie de vaisselle orientale en gros combine parfaitement l'esth\u00e9tique orientale traditionnelle et le design moderne gr\u00e2ce \u00e0 une technologie d'\u00e9maillage par r\u00e9action exquise. Chaque pi\u00e8ce de vaisselle se distingue par sa couleur et sa texture uniques, ce qui convient aux repas familiaux et ajoute une touche de charme culturel aux salles \u00e0 manger haut de gamme.<\/p>\n<table style=\"border-collapse: collapse; width: 309.02pt;\" border=\"0\" width=\"309\" cellspacing=\"0\" cellpadding=\"0\">\n<tbody>\n<tr style=\"height: 17.60pt;\">\n<td class=\"et3\" style=\"height: 17.60pt; width: 120.25pt;\" width=\"120\" height=\"17\">Fabricant<\/td>\n<td class=\"et3\" style=\"width: 189.25pt;\" width=\"189\">Yongjian<\/td>\n<\/tr>\n<tr style=\"height: 18.00pt;\">\n<td class=\"et3\" style=\"height: 18.00pt;\" height=\"18\">Num\u00e9ro de mod\u00e8le<\/td>\n<td class=\"et4\" style=\"width: 189.25pt;\" width=\"189\">YJ-062<\/td>\n<\/tr>\n<tr style=\"height: 18.00pt;\">\n<td class=\"et5\" style=\"height: 18.00pt; width: 120.25pt;\" width=\"120\" height=\"18\">Type de vaisselle<\/td>\n<td class=\"et5\" style=\"width: 189.25pt;\" width=\"189\">Plateaux, assiettes, bols, tasses<\/td>\n<\/tr>\n<tr style=\"height: 17.60pt;\">\n<td class=\"et3\" style=\"height: 17.60pt;\" height=\"17\">Technique<\/td>\n<td class=\"et3\">Effet de gla\u00e7age au four<\/td>\n<\/tr>\n<tr style=\"height: 17.60pt;\">\n<td class=\"et3\" style=\"height: 17.60pt;\" height=\"17\">Mat\u00e9riau<\/td>\n<td class=\"et3\">Porcelaine<\/td>\n<\/tr>\n<tr style=\"height: 36.00pt;\">\n<td class=\"et6\" style=\"height: 36.00pt;\" height=\"36\">Applicable<\/td>\n<td class=\"et5\" style=\"width: 189.25pt;\" width=\"189\">St\u00e9rilisateur, lave-vaisselle, four, micro-ondes<\/td>\n<\/tr>\n<tr style=\"height: 17.60pt;\">\n<td class=\"et3\" style=\"height: 17.60pt;\" height=\"17\">Dimension<\/td>\n<td class=\"et3\">En tant qu'image<\/td>\n<\/tr>\n<tr style=\"height: 17.60pt;\">\n<td class=\"et3\" style=\"height: 17.60pt;\" height=\"17\">MOQ<\/td>\n<td class=\"et3\">500pcs<\/td>\n<\/tr>\n<tr style=\"height: 17.60pt;\">\n<td class=\"et3\" style=\"height: 17.60pt;\" height=\"17\">Sur mesure<\/td>\n<td class=\"et3\">Couleur\/Taille\/Logo\/Emballage<\/td>\n<\/tr>\n<\/tbody>\n<\/table>","protected":false},"featured_media":3566,"comment_status":"closed","ping_status":"closed","template":"","meta":{"_acf_changed":false},"product_brand":[],"product_cat":[64,85],"product_tag":[86],"class_list":{"0":"post-3561","1":"product","2":"type-product","3":"status-publish","4":"has-post-thumbnail","6":"product_cat-dinnerware-sets","7":"product_cat-wholesale-dinnerware-sets","8":"product_tag-oriental-style-dinnerware-wholesale","10":"first","11":"instock","12":"shipping-taxable","13":"product-type-simple"},"acf":[],"_links":{"self":[{"href":"https:\/\/www.yongjianceramic.com\/fr\/wp-json\/wp\/v2\/product\/3561","targetHints":{"allow":["GET"]}}],"collection":[{"href":"https:\/\/www.yongjianceramic.com\/fr\/wp-json\/wp\/v2\/product"}],"about":[{"href":"https:\/\/www.yongjianceramic.com\/fr\/wp-json\/wp\/v2\/types\/product"}],"replies":[{"embeddable":true,"href":"https:\/\/www.yongjianceramic.com\/fr\/wp-json\/wp\/v2\/comments?post=3561"}],"wp:featuredmedia":[{"embeddable":true,"href":"https:\/\/www.yongjianceramic.com\/fr\/wp-json\/wp\/v2\/media\/3566"}],"wp:attachment":[{"href":"https:\/\/www.yongjianceramic.com\/fr\/wp-json\/wp\/v2\/media?parent=3561"}],"wp:term":[{"taxonomy":"product_brand","embeddable":true,"href":"https:\/\/www.yongjianceramic.com\/fr\/wp-json\/wp\/v2\/product_brand?post=3561"},{"taxonomy":"product_cat","embeddable":true,"href":"https:\/\/www.yongjianceramic.com\/fr\/wp-json\/wp\/v2\/product_cat?post=3561"},{"taxonomy":"product_tag","embeddable":true,"href":"https:\/\/www.yongjianceramic.com\/fr\/wp-json\/wp\/v2\/product_tag?post=3561"}],"curies":[{"name":"wp","href":"https:\/\/api.w.org\/{rel}","templated":true}]}}