{"id":3635,"date":"2024-10-28T08:56:34","date_gmt":"2024-10-28T08:56:34","guid":{"rendered":"https:\/\/www.yongjianceramic.com\/?post_type=product&#038;p=3635"},"modified":"2024-10-28T09:20:14","modified_gmt":"2024-10-28T09:20:14","slug":"bulk-ceramic-plates","status":"publish","type":"product","link":"https:\/\/www.yongjianceramic.com\/fr\/produit\/bulk-ceramic-plates\/","title":{"rendered":"Assiettes en c\u00e9ramique bleues en vrac, Assiettes \u00e0 d\u00eener en c\u00e9ramique en gros"},"content":{"rendered":"<div class=\"wp-block-columns is-layout-flex wp-container-core-columns-is-layout-9d6595d7 wp-block-columns-is-layout-flex\">\n<div class=\"wp-block-column is-layout-flow wp-block-column-is-layout-flow\">\n<h2 class=\"wp-block-heading\">Plaques c\u00e9ramiques en vrac de premi\u00e8re qualit\u00e9 Caract\u00e9ristiques :<\/h2>\n\n\n\n<ul class=\"wp-block-list\">\n<li><strong>Bleu marine \u00e9l\u00e9gant :<\/strong> Ces assiettes \u00e0 d\u00eener en c\u00e9ramique sont d'un bleu marine profond et conviennent \u00e0 une vari\u00e9t\u00e9 de sc\u00e9narios, tels que les restaurants, les h\u00f4tels ou les repas \u00e0 domicile, ajoutant de l'\u00e9l\u00e9gance \u00e0 la table et rehaussant l'exp\u00e9rience culinaire.<\/li>\n\n\n\n<li><strong>Plusieurs options de taille : <\/strong>Nos assiettes en c\u00e9ramique en vrac sont disponibles en 4 tailles (6 pouces, 8 pouces, 10 pouces, 12 pouces), des petites assiettes aux grands plats principaux, pour r\u00e9pondre aux besoins de pr\u00e9sentation de diff\u00e9rents plats, adapt\u00e9s aux divers menus des restaurants.<\/li>\n\n\n\n<li><strong>Grande durabilit\u00e9 : <\/strong>Nos assiettes en c\u00e9ramique sont fabriqu\u00e9es dans un mat\u00e9riau c\u00e9ramique de haute qualit\u00e9, cuit \u00e0 haute temp\u00e9rature, avec une r\u00e9sistance \u00e9lev\u00e9e aux chocs et aux rayures, ce qui garantit que les assiettes restent en parfait \u00e9tat pendant une longue p\u00e9riode dans un environnement de restauration tr\u00e8s fr\u00e9quent\u00e9.<\/li>\n\n\n\n<li><strong>Facile \u00e0 nettoyer :<\/strong> Nos assiettes en c\u00e9ramique en vrac ont une gla\u00e7ure lisse et d\u00e9licate, sont r\u00e9sistantes aux taches et \u00e0 l'huile, faciles \u00e0 nettoyer, et peuvent \u00eatre lav\u00e9es au lave-vaisselle. Elles conviennent \u00e0 une utilisation quotidienne dans le secteur de la restauration, r\u00e9duisant ainsi la difficult\u00e9 du nettoyage et de l'entretien.<\/li>\n<\/ul>\n<\/div>\n\n\n\n<div class=\"wp-block-column is-vertically-aligned-center is-layout-flow wp-block-column-is-layout-flow\"><div class=\"wp-block-image\">\n<figure class=\"aligncenter size-full is-resized\"><img fetchpriority=\"high\" decoding=\"async\" width=\"800\" height=\"800\" src=\"https:\/\/www.yongjianceramic.com\/wp-content\/uploads\/2024\/10\/Blue-Bulk-Ceramic-Plates-Wholesale-Ceramic-Dinner-Plates-03.webp\" alt=\"Assiettes en c\u00e9ramique bleue en vrac, Assiettes \u00e0 d\u00eener en c\u00e9ramique en gros-03\" class=\"wp-image-3638\" style=\"width:404px;height:auto\" srcset=\"https:\/\/www.yongjianceramic.com\/wp-content\/uploads\/2024\/10\/Blue-Bulk-Ceramic-Plates-Wholesale-Ceramic-Dinner-Plates-03.webp 800w, https:\/\/www.yongjianceramic.com\/wp-content\/uploads\/2024\/10\/Blue-Bulk-Ceramic-Plates-Wholesale-Ceramic-Dinner-Plates-03-300x300.webp 300w, https:\/\/www.yongjianceramic.com\/wp-content\/uploads\/2024\/10\/Blue-Bulk-Ceramic-Plates-Wholesale-Ceramic-Dinner-Plates-03-150x150.webp 150w, https:\/\/www.yongjianceramic.com\/wp-content\/uploads\/2024\/10\/Blue-Bulk-Ceramic-Plates-Wholesale-Ceramic-Dinner-Plates-03-768x768.webp 768w, https:\/\/www.yongjianceramic.com\/wp-content\/uploads\/2024\/10\/Blue-Bulk-Ceramic-Plates-Wholesale-Ceramic-Dinner-Plates-03-12x12.webp 12w, https:\/\/www.yongjianceramic.com\/wp-content\/uploads\/2024\/10\/Blue-Bulk-Ceramic-Plates-Wholesale-Ceramic-Dinner-Plates-03-285x285.webp 285w, https:\/\/www.yongjianceramic.com\/wp-content\/uploads\/2024\/10\/Blue-Bulk-Ceramic-Plates-Wholesale-Ceramic-Dinner-Plates-03-270x270.webp 270w, https:\/\/www.yongjianceramic.com\/wp-content\/uploads\/2024\/10\/Blue-Bulk-Ceramic-Plates-Wholesale-Ceramic-Dinner-Plates-03-540x540.webp 540w, https:\/\/www.yongjianceramic.com\/wp-content\/uploads\/2024\/10\/Blue-Bulk-Ceramic-Plates-Wholesale-Ceramic-Dinner-Plates-03-660x660.webp 660w\" sizes=\"(max-width: 800px) 100vw, 800px\" \/><\/figure>\n<\/div><\/div>\n<\/div>","protected":false},"excerpt":{"rendered":"<p>Bienvenue sur le site d'achat en gros d'assiettes en c\u00e9ramique. Nos assiettes en c\u00e9ramique bleu marine en vrac conviennent aux restaurants, aux h\u00f4tels et \u00e0 la maison gr\u00e2ce \u00e0 leurs tons \u00e9l\u00e9gants et \u00e0 leurs 4 options de taille. Le mat\u00e9riau c\u00e9ramique de haute qualit\u00e9 et le design facile \u00e0 nettoyer garantissent qu'elles restent aussi brillantes et propres que neuves, m\u00eame en cas d'utilisation fr\u00e9quente, ce qui en fait un choix id\u00e9al pour les tables \u00e0 manger.<\/p>\n<table style=\"border-collapse: collapse; width: 309.02pt;\" border=\"0\" width=\"309\" cellspacing=\"0\" cellpadding=\"0\">\n<tbody>\n<tr style=\"height: 17.60pt;\">\n<td class=\"et3\" style=\"height: 17.60pt; width: 120.25pt;\" width=\"120\" height=\"17\">Fabricant<\/td>\n<td class=\"et3\" style=\"width: 189.25pt;\" width=\"189\">Yongjian<\/td>\n<\/tr>\n<tr style=\"height: 18.00pt;\">\n<td class=\"et3\" style=\"height: 18.00pt;\" height=\"18\">Num\u00e9ro de mod\u00e8le<\/td>\n<td class=\"et4\" style=\"width: 189.25pt;\" width=\"189\">YJ-064<\/td>\n<\/tr>\n<tr style=\"height: 17.60pt;\">\n<td class=\"et3\" style=\"height: 17.60pt;\" height=\"17\">Type de produit<\/td>\n<td class=\"et3\">Plat de service, assiette \u00e0 d\u00eener<\/td>\n<\/tr>\n<tr style=\"height: 17.60pt;\">\n<td class=\"et3\" style=\"height: 17.60pt;\" height=\"17\">Mat\u00e9riau<\/td>\n<td class=\"et3\">Porcelaine<\/td>\n<\/tr>\n<tr style=\"height: 17.60pt;\">\n<td class=\"et5\" style=\"height: 17.60pt;\" height=\"17\">Couleur<\/td>\n<td class=\"et3\">Bleu<\/td>\n<\/tr>\n<tr style=\"height: 71.00pt;\">\n<td class=\"et3\" style=\"height: 71.00pt;\" height=\"71\">Dimension<\/td>\n<td class=\"et6\" style=\"width: 189.25pt;\" width=\"189\">6'inch : 15.2*15.2*2.5<br \/>8'inch : 20.3*20.3*2.7<br \/>10'inch : 25.2*25.2*2.7<br \/>12'pouces : 30.5*30.5*3.0<\/td>\n<\/tr>\n<tr style=\"height: 17.60pt;\">\n<td class=\"et3\" style=\"height: 17.60pt;\" height=\"17\">MOQ<\/td>\n<td class=\"et3\">500pcs<\/td>\n<\/tr>\n<tr style=\"height: 17.60pt;\">\n<td class=\"et3\" style=\"height: 17.60pt;\" height=\"17\">Sur mesure<\/td>\n<td class=\"et3\">Couleur\/Taille\/Logo\/Emballage<\/td>\n<\/tr>\n<\/tbody>\n<\/table>","protected":false},"featured_media":3639,"comment_status":"closed","ping_status":"closed","template":"","meta":{"_acf_changed":false},"product_brand":[],"product_cat":[93,62],"product_tag":[84],"class_list":{"0":"post-3635","1":"product","2":"type-product","3":"status-publish","4":"has-post-thumbnail","6":"product_cat-bulk-dinner-plates","7":"product_cat-ceramic-plates-wholesale","8":"product_tag-retro-design-dinnerware-wholesale","10":"first","11":"instock","12":"shipping-taxable","13":"product-type-simple"},"acf":[],"_links":{"self":[{"href":"https:\/\/www.yongjianceramic.com\/fr\/wp-json\/wp\/v2\/product\/3635","targetHints":{"allow":["GET"]}}],"collection":[{"href":"https:\/\/www.yongjianceramic.com\/fr\/wp-json\/wp\/v2\/product"}],"about":[{"href":"https:\/\/www.yongjianceramic.com\/fr\/wp-json\/wp\/v2\/types\/product"}],"replies":[{"embeddable":true,"href":"https:\/\/www.yongjianceramic.com\/fr\/wp-json\/wp\/v2\/comments?post=3635"}],"wp:featuredmedia":[{"embeddable":true,"href":"https:\/\/www.yongjianceramic.com\/fr\/wp-json\/wp\/v2\/media\/3639"}],"wp:attachment":[{"href":"https:\/\/www.yongjianceramic.com\/fr\/wp-json\/wp\/v2\/media?parent=3635"}],"wp:term":[{"taxonomy":"product_brand","embeddable":true,"href":"https:\/\/www.yongjianceramic.com\/fr\/wp-json\/wp\/v2\/product_brand?post=3635"},{"taxonomy":"product_cat","embeddable":true,"href":"https:\/\/www.yongjianceramic.com\/fr\/wp-json\/wp\/v2\/product_cat?post=3635"},{"taxonomy":"product_tag","embeddable":true,"href":"https:\/\/www.yongjianceramic.com\/fr\/wp-json\/wp\/v2\/product_tag?post=3635"}],"curies":[{"name":"wp","href":"https:\/\/api.w.org\/{rel}","templated":true}]}}