{"id":3655,"date":"2024-10-28T09:34:39","date_gmt":"2024-10-28T09:34:39","guid":{"rendered":"https:\/\/www.yongjianceramic.com\/?post_type=product&#038;p=3655"},"modified":"2024-10-28T10:17:39","modified_gmt":"2024-10-28T10:17:39","slug":"ceramic-dinner-plates-bulk","status":"publish","type":"product","link":"https:\/\/www.yongjianceramic.com\/fr\/produit\/ceramic-dinner-plates-bulk\/","title":{"rendered":"Assiettes \u00e0 d\u00eener en c\u00e9ramique en vrac, vaisselle en gros noire et blanche"},"content":{"rendered":"<div class=\"wp-block-columns is-layout-flex wp-container-core-columns-is-layout-9d6595d7 wp-block-columns-is-layout-flex\">\n<div class=\"wp-block-column is-layout-flow wp-block-column-is-layout-flow\">\n<h2 class=\"wp-block-heading\">Assiettes \u00e0 d\u00eener en c\u00e9ramique de qualit\u00e9 sup\u00e9rieure Caract\u00e9ristiques en vrac :<\/h2>\n\n\n\n<ul class=\"wp-block-list\">\n<li><strong>Correspondance simple des couleurs en noir et blanc :<\/strong> Cette s\u00e9rie d'assiettes \u00e0 d\u00eener en c\u00e9ramique en vrac est disponible en noir et blanc classique. Elle est \u00e9l\u00e9gante et polyvalente et peut facilement s'int\u00e9grer \u00e0 diff\u00e9rents styles de tables, qu'il s'agisse d'un restaurant moderne ou d'un environnement de restauration traditionnel.<\/li>\n\n\n\n<li><strong>Double format polyvalent : <\/strong>Notre vaisselle en gros est disponible en deux tailles pratiques, 8 pouces et 10 pouces, qui conviennent \u00e0 la fois aux petits plats et aux plats principaux, offrant aux restaurants une plus grande flexibilit\u00e9 et un assortiment pratique de diff\u00e9rents repas.<\/li>\n\n\n\n<li><strong>Mat\u00e9riau c\u00e9ramique de haute qualit\u00e9 : <\/strong>Ces assiettes \u00e0 d\u00eener en c\u00e9ramique en vrac sont fabriqu\u00e9es en c\u00e9ramique de haute qualit\u00e9, durable et r\u00e9sistante aux rayures, ce qui garantit que les assiettes peuvent rester en bon \u00e9tat en cas d'utilisation fr\u00e9quente, et conviennent particuli\u00e8rement \u00e0 un usage commercial.<\/li>\n\n\n\n<li><strong>Facile \u00e0 nettoyer : <\/strong>Cette vaisselle de gros de forme ronde est dot\u00e9e d'un \u00e9mail lisse, facile \u00e0 nettoyer et compatible avec le lavage au lave-vaisselle, ce qui r\u00e9duit consid\u00e9rablement la charge de nettoyage quotidienne des \u00e9tablissements de restauration.<\/li>\n<\/ul>\n<\/div>\n\n\n\n<div class=\"wp-block-column is-vertically-aligned-center is-layout-flow wp-block-column-is-layout-flow\"><div class=\"wp-block-image\">\n<figure class=\"aligncenter size-full\"><img fetchpriority=\"high\" decoding=\"async\" width=\"750\" height=\"750\" src=\"https:\/\/www.yongjianceramic.com\/wp-content\/uploads\/2024\/10\/Ceramic-Dinner-Plates-Bulk-Black-White-Wholesale-Dishware-1.webp\" alt=\"Assiettes \u00e0 d\u00eener en c\u00e9ramique en vrac, vaisselle en gros noire et blanche-1\" class=\"wp-image-3656\" srcset=\"https:\/\/www.yongjianceramic.com\/wp-content\/uploads\/2024\/10\/Ceramic-Dinner-Plates-Bulk-Black-White-Wholesale-Dishware-1.webp 750w, https:\/\/www.yongjianceramic.com\/wp-content\/uploads\/2024\/10\/Ceramic-Dinner-Plates-Bulk-Black-White-Wholesale-Dishware-1-300x300.webp 300w, https:\/\/www.yongjianceramic.com\/wp-content\/uploads\/2024\/10\/Ceramic-Dinner-Plates-Bulk-Black-White-Wholesale-Dishware-1-150x150.webp 150w, https:\/\/www.yongjianceramic.com\/wp-content\/uploads\/2024\/10\/Ceramic-Dinner-Plates-Bulk-Black-White-Wholesale-Dishware-1-12x12.webp 12w, https:\/\/www.yongjianceramic.com\/wp-content\/uploads\/2024\/10\/Ceramic-Dinner-Plates-Bulk-Black-White-Wholesale-Dishware-1-285x285.webp 285w, https:\/\/www.yongjianceramic.com\/wp-content\/uploads\/2024\/10\/Ceramic-Dinner-Plates-Bulk-Black-White-Wholesale-Dishware-1-270x270.webp 270w, https:\/\/www.yongjianceramic.com\/wp-content\/uploads\/2024\/10\/Ceramic-Dinner-Plates-Bulk-Black-White-Wholesale-Dishware-1-540x540.webp 540w, https:\/\/www.yongjianceramic.com\/wp-content\/uploads\/2024\/10\/Ceramic-Dinner-Plates-Bulk-Black-White-Wholesale-Dishware-1-660x660.webp 660w\" sizes=\"(max-width: 750px) 100vw, 750px\" \/><\/figure>\n<\/div><\/div>\n<\/div>\n\n\n\n<p><\/p>","protected":false},"excerpt":{"rendered":"<p>Bienvenue sur le site d'achat de vaisselle en gros. Cette assiette ronde en c\u00e9ramique est disponible en noir et en blanc, et est disponible en 8 pouces et 10 pouces. Elle est simple et g\u00e9n\u00e9reuse, et convient \u00e0 une vari\u00e9t\u00e9 d'occasions telles que les restaurants et les h\u00f4tels. Le mat\u00e9riau c\u00e9ramique de haute qualit\u00e9 est durable et facile \u00e0 nettoyer, ce qui en fait un choix id\u00e9al pour toutes sortes de lieux de restauration.<\/p>\n<table style=\"border-collapse: collapse; width: 309.02pt;\" border=\"0\" width=\"309\" cellspacing=\"0\" cellpadding=\"0\">\n<tbody>\n<tr style=\"height: 17.60pt;\">\n<td class=\"et3\" style=\"height: 17.60pt; width: 120.25pt;\" width=\"120\" height=\"17\">Fabricant<\/td>\n<td class=\"et3\" style=\"width: 189.25pt;\" width=\"189\">Yongjian<\/td>\n<\/tr>\n<tr style=\"height: 36.00pt;\">\n<td class=\"et3\" style=\"height: 36.00pt;\" height=\"36\">Num\u00e9ro de mod\u00e8le<\/td>\n<td class=\"et4\" style=\"width: 189.25pt;\" width=\"189\">\n<p>YJ-067\/YJ-068<\/p>\n<\/td>\n<\/tr>\n<tr style=\"height: 17.60pt;\">\n<td class=\"et3\" style=\"height: 17.60pt;\" height=\"17\">Type de produit<\/td>\n<td class=\"et3\">Plat de service, assiette \u00e0 d\u00eener<\/td>\n<\/tr>\n<tr style=\"height: 17.60pt;\">\n<td class=\"et3\" style=\"height: 17.60pt;\" height=\"17\">Mat\u00e9riau<\/td>\n<td class=\"et3\">Porcelaine<\/td>\n<\/tr>\n<tr style=\"height: 17.60pt;\">\n<td class=\"et5\" style=\"height: 17.60pt;\" height=\"17\">Couleur<\/td>\n<td class=\"et3\">Blanc\/Noir<\/td>\n<\/tr>\n<tr style=\"height: 36.00pt;\">\n<td class=\"et3\" style=\"height: 36.00pt;\" height=\"36\">Dimension<\/td>\n<td class=\"et6\" style=\"width: 189.25pt;\" width=\"189\">8'pouces : 20*20*2<br \/>10'pouces : 25*25*3<\/td>\n<\/tr>\n<tr style=\"height: 17.60pt;\">\n<td class=\"et3\" style=\"height: 17.60pt;\" height=\"17\">MOQ<\/td>\n<td class=\"et3\">500pcs<\/td>\n<\/tr>\n<tr style=\"height: 17.60pt;\">\n<td class=\"et3\" style=\"height: 17.60pt;\" height=\"17\">Sur mesure<\/td>\n<td class=\"et3\">Couleur\/Taille\/Logo\/Emballage<\/td>\n<\/tr>\n<\/tbody>\n<\/table>","protected":false},"featured_media":3658,"comment_status":"closed","ping_status":"closed","template":"","meta":{"_acf_changed":false},"product_brand":[],"product_cat":[93,62],"product_tag":[96],"class_list":{"0":"post-3655","1":"product","2":"type-product","3":"status-publish","4":"has-post-thumbnail","6":"product_cat-bulk-dinner-plates","7":"product_cat-ceramic-plates-wholesale","8":"product_tag-black-white-dinnerware-wholesale","10":"first","11":"instock","12":"shipping-taxable","13":"product-type-simple"},"acf":[],"_links":{"self":[{"href":"https:\/\/www.yongjianceramic.com\/fr\/wp-json\/wp\/v2\/product\/3655","targetHints":{"allow":["GET"]}}],"collection":[{"href":"https:\/\/www.yongjianceramic.com\/fr\/wp-json\/wp\/v2\/product"}],"about":[{"href":"https:\/\/www.yongjianceramic.com\/fr\/wp-json\/wp\/v2\/types\/product"}],"replies":[{"embeddable":true,"href":"https:\/\/www.yongjianceramic.com\/fr\/wp-json\/wp\/v2\/comments?post=3655"}],"wp:featuredmedia":[{"embeddable":true,"href":"https:\/\/www.yongjianceramic.com\/fr\/wp-json\/wp\/v2\/media\/3658"}],"wp:attachment":[{"href":"https:\/\/www.yongjianceramic.com\/fr\/wp-json\/wp\/v2\/media?parent=3655"}],"wp:term":[{"taxonomy":"product_brand","embeddable":true,"href":"https:\/\/www.yongjianceramic.com\/fr\/wp-json\/wp\/v2\/product_brand?post=3655"},{"taxonomy":"product_cat","embeddable":true,"href":"https:\/\/www.yongjianceramic.com\/fr\/wp-json\/wp\/v2\/product_cat?post=3655"},{"taxonomy":"product_tag","embeddable":true,"href":"https:\/\/www.yongjianceramic.com\/fr\/wp-json\/wp\/v2\/product_tag?post=3655"}],"curies":[{"name":"wp","href":"https:\/\/api.w.org\/{rel}","templated":true}]}}