{"id":3672,"date":"2024-10-28T10:01:16","date_gmt":"2024-10-28T10:01:16","guid":{"rendered":"https:\/\/www.yongjianceramic.com\/?post_type=product&#038;p=3672"},"modified":"2024-10-28T10:20:23","modified_gmt":"2024-10-28T10:20:23","slug":"restaurant-dinner-plates-bulk","status":"publish","type":"product","link":"https:\/\/www.yongjianceramic.com\/fr\/produit\/restaurant-dinner-plates-bulk\/","title":{"rendered":"Chic Restaurant Dinner Plates Bulk, Wholesale Ceramic Plates"},"content":{"rendered":"<div class=\"wp-block-columns is-layout-flex wp-container-core-columns-is-layout-9d6595d7 wp-block-columns-is-layout-flex\">\n<div class=\"wp-block-column is-layout-flow wp-block-column-is-layout-flow\">\n<h2 class=\"wp-block-heading\">Assiettes \u00e0 d\u00eener de restaurant de premi\u00e8re qualit\u00e9 en vrac Caract\u00e9ristiques :<\/h2>\n\n\n\n<ul class=\"wp-block-list\">\n<li><strong>Dentelle exquise : <\/strong>Nos assiettes de restaurant en vrac sont dot\u00e9es d'\u00e9l\u00e9gants bords en dentelle blanche, ce qui leur conf\u00e8re une esth\u00e9tique raffin\u00e9e, rend la table plus noble, cr\u00e9e un effet de pr\u00e9sentation unique pour les plats et est parfait pour les services de restauration haut de gamme.<\/li>\n\n\n\n<li><strong>Blanc classique : <\/strong>Le blanc pur de ces assiettes en c\u00e9ramique s'adapte \u00e0 tous les types de tables, qu'il s'agisse d'un restaurant moderne ou d'un banquet traditionnel. Elles t\u00e9moignent d'un temp\u00e9rament \u00e9l\u00e9gant et simple et rehaussent la beaut\u00e9 g\u00e9n\u00e9rale de l'environnement de la table.<\/li>\n\n\n\n<li><strong>Plusieurs options de taille : <\/strong>Nous proposons trois tailles de 8, 10 et 12 pouces pour les assiettes de restaurant en vrac, qui peuvent r\u00e9pondre \u00e0 diff\u00e9rents besoins, des entr\u00e9es aux plats principaux et aux desserts, offrant aux services de restauration des options d'assiettes plus diversifi\u00e9es et s'adaptant mieux \u00e0 une vari\u00e9t\u00e9 de pr\u00e9sentations de plats.<\/li>\n\n\n\n<li><strong>Mat\u00e9riau c\u00e9ramique de haute qualit\u00e9 : <\/strong>Nos assiettes en c\u00e9ramique en gros sont fabriqu\u00e9es en c\u00e9ramique durable de haute qualit\u00e9, qui est \u00e0 la fois r\u00e9sistante aux rayures et durable, et facile \u00e0 nettoyer. Elles peuvent \u00eatre nettoy\u00e9es au lave-vaisselle et conviennent particuli\u00e8rement aux lieux commerciaux tels que les restaurants et les h\u00f4tels o\u00f9 la fr\u00e9quence d'utilisation est \u00e9lev\u00e9e.<\/li>\n<\/ul>\n<\/div>\n\n\n\n<div class=\"wp-block-column is-vertically-aligned-center is-layout-flow wp-block-column-is-layout-flow\"><div class=\"wp-block-image\">\n<figure class=\"aligncenter size-full\"><img fetchpriority=\"high\" decoding=\"async\" width=\"750\" height=\"750\" src=\"https:\/\/www.yongjianceramic.com\/wp-content\/uploads\/2024\/10\/Chic-Restaurant-Dinner-Plates-Bulk-Wholesale-Ceramic-Plates-4.webp\" alt=\"Chic Restaurant Dinner Plates Bulk, Wholesale Ceramic Plates-4\" class=\"wp-image-3676\" srcset=\"https:\/\/www.yongjianceramic.com\/wp-content\/uploads\/2024\/10\/Chic-Restaurant-Dinner-Plates-Bulk-Wholesale-Ceramic-Plates-4.webp 750w, https:\/\/www.yongjianceramic.com\/wp-content\/uploads\/2024\/10\/Chic-Restaurant-Dinner-Plates-Bulk-Wholesale-Ceramic-Plates-4-300x300.webp 300w, https:\/\/www.yongjianceramic.com\/wp-content\/uploads\/2024\/10\/Chic-Restaurant-Dinner-Plates-Bulk-Wholesale-Ceramic-Plates-4-150x150.webp 150w, https:\/\/www.yongjianceramic.com\/wp-content\/uploads\/2024\/10\/Chic-Restaurant-Dinner-Plates-Bulk-Wholesale-Ceramic-Plates-4-12x12.webp 12w, https:\/\/www.yongjianceramic.com\/wp-content\/uploads\/2024\/10\/Chic-Restaurant-Dinner-Plates-Bulk-Wholesale-Ceramic-Plates-4-285x285.webp 285w, https:\/\/www.yongjianceramic.com\/wp-content\/uploads\/2024\/10\/Chic-Restaurant-Dinner-Plates-Bulk-Wholesale-Ceramic-Plates-4-270x270.webp 270w, https:\/\/www.yongjianceramic.com\/wp-content\/uploads\/2024\/10\/Chic-Restaurant-Dinner-Plates-Bulk-Wholesale-Ceramic-Plates-4-540x540.webp 540w, https:\/\/www.yongjianceramic.com\/wp-content\/uploads\/2024\/10\/Chic-Restaurant-Dinner-Plates-Bulk-Wholesale-Ceramic-Plates-4-660x660.webp 660w\" sizes=\"(max-width: 750px) 100vw, 750px\" \/><\/figure>\n<\/div><\/div>\n<\/div>\n\n\n\n<p><\/p>","protected":false},"excerpt":{"rendered":"<p>Nous vous invitons \u00e0 acheter en gros des assiettes en c\u00e9ramique. Disponibles en 3 tailles : 8, 10 et 12 pouces, ces assiettes \u00e0 d\u00eener de restaurant en dentelle blanche en vrac pr\u00e9sentent une forme de fleur. et des tons blancs purs classiques qui rendent chaque plat plus raffin\u00e9 et conviennent \u00e0 tous les types de lieux de restauration. Durables et faciles \u00e0 nettoyer, elles constituent un choix id\u00e9al pour les services de restauration professionnels.<\/p>\n<table width=\"309\">\n<tbody>\n<tr>\n<td width=\"120\">Fabricant<\/td>\n<td width=\"189\">Yongjian<\/td>\n<\/tr>\n<tr>\n<td>Num\u00e9ro de mod\u00e8le<\/td>\n<td>\u00a0YJ-071\/YJ-072\/YJ-073<\/td>\n<\/tr>\n<tr>\n<td>Type de produit<\/td>\n<td>Plat de service, assiette \u00e0 d\u00eener<\/td>\n<\/tr>\n<tr>\n<td>Mat\u00e9riau<\/td>\n<td>Porcelaine<\/td>\n<\/tr>\n<tr>\n<td>Couleur<\/td>\n<td>Blanc\/ Noir<\/td>\n<\/tr>\n<tr>\n<td>Dimension<\/td>\n<td width=\"189\">8'pouces : 20*20*2.8<br \/>10'inch : 25*25*3.0<br \/>12'pouces : 30.5*30.5*3.3<\/td>\n<\/tr>\n<tr>\n<td>MOQ<\/td>\n<td>500pcs<\/td>\n<\/tr>\n<tr>\n<td>Sur mesure<\/td>\n<td>Couleur\/Taille\/Logo\/Emballage<\/td>\n<\/tr>\n<\/tbody>\n<\/table>","protected":false},"featured_media":3675,"comment_status":"closed","ping_status":"closed","template":"","meta":{"_acf_changed":false},"product_brand":[],"product_cat":[93,62],"product_tag":[96],"class_list":{"0":"post-3672","1":"product","2":"type-product","3":"status-publish","4":"has-post-thumbnail","6":"product_cat-bulk-dinner-plates","7":"product_cat-ceramic-plates-wholesale","8":"product_tag-black-white-dinnerware-wholesale","10":"first","11":"instock","12":"shipping-taxable","13":"product-type-simple"},"acf":[],"_links":{"self":[{"href":"https:\/\/www.yongjianceramic.com\/fr\/wp-json\/wp\/v2\/product\/3672","targetHints":{"allow":["GET"]}}],"collection":[{"href":"https:\/\/www.yongjianceramic.com\/fr\/wp-json\/wp\/v2\/product"}],"about":[{"href":"https:\/\/www.yongjianceramic.com\/fr\/wp-json\/wp\/v2\/types\/product"}],"replies":[{"embeddable":true,"href":"https:\/\/www.yongjianceramic.com\/fr\/wp-json\/wp\/v2\/comments?post=3672"}],"wp:featuredmedia":[{"embeddable":true,"href":"https:\/\/www.yongjianceramic.com\/fr\/wp-json\/wp\/v2\/media\/3675"}],"wp:attachment":[{"href":"https:\/\/www.yongjianceramic.com\/fr\/wp-json\/wp\/v2\/media?parent=3672"}],"wp:term":[{"taxonomy":"product_brand","embeddable":true,"href":"https:\/\/www.yongjianceramic.com\/fr\/wp-json\/wp\/v2\/product_brand?post=3672"},{"taxonomy":"product_cat","embeddable":true,"href":"https:\/\/www.yongjianceramic.com\/fr\/wp-json\/wp\/v2\/product_cat?post=3672"},{"taxonomy":"product_tag","embeddable":true,"href":"https:\/\/www.yongjianceramic.com\/fr\/wp-json\/wp\/v2\/product_tag?post=3672"}],"curies":[{"name":"wp","href":"https:\/\/api.w.org\/{rel}","templated":true}]}}